{"id":6338,"date":"2025-03-07T08:45:36","date_gmt":"2025-03-07T08:45:36","guid":{"rendered":"https:\/\/www.ceramicbasin.com\/?post_type=product&#038;p=6338"},"modified":"2025-03-08T08:48:10","modified_gmt":"2025-03-08T08:48:10","slug":"wholesale-above-counter-vessel-sink","status":"publish","type":"product","link":"https:\/\/www.ceramicbasin.com\/fr\/produit\/wholesale-above-counter-vessel-sink\/","title":{"rendered":"Wholesale Above Counter Vessel Sink, Cream White Art Basin"},"content":{"rendered":"<div class=\"wp-block-columns is-layout-flex wp-container-core-columns-is-layout-9d6595d7 wp-block-columns-is-layout-flex\">\n<div class=\"wp-block-column is-layout-flow wp-block-column-is-layout-flow\">\n<h2 class=\"wp-block-heading\">Premium Wholesale Above Counter Vessel Sink Features :<\/h2>\n\n\n\n<ul class=\"wp-block-list\">\n<li><strong>Design blanc cr\u00e8me mat, doux et \u00e9l\u00e9gant : <\/strong>Cet \u00e9vier de gros au-dessus du comptoir adopte un jaune mat chaud et doux, montrant la mode et la sophistication, convenant aux styles de salle de bain moderne, nordique, minimaliste et personnalis\u00e9, rendant l'espace de la salle de bain plus chaleureux et unique.<\/li>\n\n\n\n<li><strong>Mat\u00e9riau solide haut de gamme, robuste et durable : <\/strong>Nos vasques de comptoir blanc cr\u00e8me utilisent un mat\u00e9riau de surface solide de haute qualit\u00e9 avec une structure non poreuse, qui pr\u00e9sente une excellente r\u00e9sistance aux taches, \u00e0 l'eau et aux rayures, ce qui garantit qu'il peut conserver sa beaut\u00e9 et sa durabilit\u00e9 apr\u00e8s une utilisation \u00e0 long terme.<\/li>\n\n\n\n<li><strong>Le design du comptoir est simple et \u00e9l\u00e9gant : <\/strong>Cet \u00e9vier au-dessus du comptoir adopte un design de bassin de comptoir, avec des lignes douces et une installation facile. Il s'int\u00e8gre parfaitement aux diff\u00e9rents plans de travail de la salle de bains, ce qui permet non seulement de rehausser la beaut\u00e9 de l'espace, mais aussi d'offrir une exp\u00e9rience de lavage spacieuse.<\/li>\n\n\n\n<li><strong>La personnalisation est possible, ce qui permet de s'adapter \u00e0 une vari\u00e9t\u00e9 de besoins commerciaux et domestiques :<\/strong> Nos vasques de comptoir en gros blanc cr\u00e8me mat offrent des options personnalis\u00e9es de taille, de couleur et de forme, qui peuvent r\u00e9pondre aux divers besoins des h\u00f4tels haut de gamme, des r\u00e9sidences de charme, des espaces commerciaux et des projets de salle de bains personnalis\u00e9s, cr\u00e9ant ainsi une exp\u00e9rience unique et avanc\u00e9e de la salle de bains.<\/li>\n<\/ul>\n<\/div>\n\n\n\n<div class=\"wp-block-column is-layout-flow wp-block-column-is-layout-flow\">\n<figure class=\"wp-block-image size-full\"><img fetchpriority=\"high\" decoding=\"async\" width=\"827\" height=\"1205\" src=\"https:\/\/www.ceramicbasin.com\/wp-content\/uploads\/2025\/03\/Countertop-Matt-Color-sink-6.webp\" alt=\"Wholesale Above Counter Vessel Sink, Cream White Art Basin-1\" class=\"wp-image-6339\" srcset=\"https:\/\/www.ceramicbasin.com\/wp-content\/uploads\/2025\/03\/Countertop-Matt-Color-sink-6.webp 827w, https:\/\/www.ceramicbasin.com\/wp-content\/uploads\/2025\/03\/Countertop-Matt-Color-sink-6-206x300.webp 206w, https:\/\/www.ceramicbasin.com\/wp-content\/uploads\/2025\/03\/Countertop-Matt-Color-sink-6-768x1119.webp 768w, https:\/\/www.ceramicbasin.com\/wp-content\/uploads\/2025\/03\/Countertop-Matt-Color-sink-6-8x12.webp 8w, https:\/\/www.ceramicbasin.com\/wp-content\/uploads\/2025\/03\/Countertop-Matt-Color-sink-6-285x415.webp 285w, https:\/\/www.ceramicbasin.com\/wp-content\/uploads\/2025\/03\/Countertop-Matt-Color-sink-6-453x660.webp 453w, https:\/\/www.ceramicbasin.com\/wp-content\/uploads\/2025\/03\/Countertop-Matt-Color-sink-6-103x150.webp 103w\" sizes=\"(max-width: 827px) 100vw, 827px\" \/><figcaption class=\"wp-element-caption\">Wholesale Above Counter Vessel Sink, Cream White Art Basin-1<\/figcaption><\/figure>\n<\/div>\n<\/div>","protected":false},"excerpt":{"rendered":"<p>Bienvenue pour l'achat de vasques de comptoir en gros. Notre \u00e9vier \u00e0 poser cr\u00e8me blanc mat est moderne et \u00e9l\u00e9gant. Le mat\u00e9riau est solide, r\u00e9sistant aux rayures et aux taches. L'installation sur le comptoir est facile et \u00e9l\u00e9gante, et permet la personnalisation, s'adaptant bien aux espaces de salle de bains commerciaux et domestiques haut de gamme.<\/p>\n<table style=\"border-collapse: collapse; width: 311.02pt;\" border=\"0\" width=\"311\" cellspacing=\"0\" cellpadding=\"0\">\n<tbody>\n<tr style=\"height: 17.60pt;\">\n<td class=\"et3\" style=\"height: 17.60pt; width: 108.35pt;\" width=\"108\" height=\"17\">Fabricant<\/td>\n<td class=\"et3\" style=\"width: 202.95pt;\" width=\"202\">HanYu<\/td>\n<\/tr>\n<tr style=\"height: 17.60pt;\">\n<td class=\"et3\" style=\"height: 17.60pt;\" height=\"17\">Num\u00e9ro de mod\u00e8le.<\/td>\n<td class=\"et4\">HY-8069PY<\/td>\n<\/tr>\n<tr style=\"height: 17.60pt;\">\n<td class=\"et3\" style=\"height: 17.60pt;\" height=\"17\">Type<\/td>\n<td class=\"et3\">Bassin de comptoir<\/td>\n<\/tr>\n<tr style=\"height: 17.60pt;\">\n<td class=\"et3\" style=\"height: 17.60pt;\" height=\"17\">Forme<\/td>\n<td class=\"et3\">Forme ronde<\/td>\n<\/tr>\n<tr style=\"height: 17.60pt;\">\n<td class=\"et4\" style=\"height: 17.60pt;\" height=\"17\">Couleur<\/td>\n<td class=\"et3\">Jaune<\/td>\n<\/tr>\n<tr style=\"height: 18.00pt;\">\n<td class=\"et3\" style=\"height: 18.00pt;\" height=\"18\">Dimension<\/td>\n<td class=\"et5\" style=\"width: 202.95pt;\" width=\"202\">41.5*41.5*13.5<\/td>\n<\/tr>\n<tr style=\"height: 17.60pt;\">\n<td class=\"et3\" style=\"height: 17.60pt;\" height=\"17\">N.W \/SET<\/td>\n<td class=\"et3\">8KGS\/PCS<\/td>\n<\/tr>\n<tr style=\"height: 17.60pt;\">\n<td class=\"et3\" style=\"height: 17.60pt;\" height=\"17\">MOQ<\/td>\n<td class=\"et3\">20pcs<\/td>\n<\/tr>\n<tr style=\"height: 17.60pt;\">\n<td class=\"et3\" style=\"height: 17.60pt;\" height=\"17\">Option personnalis\u00e9e<\/td>\n<td class=\"et3\">Couleur\/Pattenue\/Taille\/Logo\/Emballage<\/td>\n<\/tr>\n<\/tbody>\n<\/table>","protected":false},"featured_media":6340,"comment_status":"closed","ping_status":"closed","template":"","meta":{"_acf_changed":false},"product_brand":[],"product_cat":[55,50],"product_tag":[],"class_list":{"0":"post-6338","1":"product","2":"type-product","3":"status-publish","4":"has-post-thumbnail","6":"product_cat-wholesale-matte-sinks","7":"product_cat-wholesale-countertop-sinks","9":"first","10":"instock","11":"shipping-taxable","12":"product-type-simple"},"acf":[],"_links":{"self":[{"href":"https:\/\/www.ceramicbasin.com\/fr\/wp-json\/wp\/v2\/product\/6338","targetHints":{"allow":["GET"]}}],"collection":[{"href":"https:\/\/www.ceramicbasin.com\/fr\/wp-json\/wp\/v2\/product"}],"about":[{"href":"https:\/\/www.ceramicbasin.com\/fr\/wp-json\/wp\/v2\/types\/product"}],"replies":[{"embeddable":true,"href":"https:\/\/www.ceramicbasin.com\/fr\/wp-json\/wp\/v2\/comments?post=6338"}],"wp:featuredmedia":[{"embeddable":true,"href":"https:\/\/www.ceramicbasin.com\/fr\/wp-json\/wp\/v2\/media\/6340"}],"wp:attachment":[{"href":"https:\/\/www.ceramicbasin.com\/fr\/wp-json\/wp\/v2\/media?parent=6338"}],"wp:term":[{"taxonomy":"product_brand","embeddable":true,"href":"https:\/\/www.ceramicbasin.com\/fr\/wp-json\/wp\/v2\/product_brand?post=6338"},{"taxonomy":"product_cat","embeddable":true,"href":"https:\/\/www.ceramicbasin.com\/fr\/wp-json\/wp\/v2\/product_cat?post=6338"},{"taxonomy":"product_tag","embeddable":true,"href":"https:\/\/www.ceramicbasin.com\/fr\/wp-json\/wp\/v2\/product_tag?post=6338"}],"curies":[{"name":"wp","href":"https:\/\/api.w.org\/{rel}","templated":true}]}}