{"id":6345,"date":"2025-03-07T08:51:51","date_gmt":"2025-03-07T08:51:51","guid":{"rendered":"https:\/\/www.ceramicbasin.com\/?post_type=product&#038;p=6345"},"modified":"2025-03-08T08:31:43","modified_gmt":"2025-03-08T08:31:43","slug":"above-counter-vessel-sink-wholesale","status":"publish","type":"product","link":"https:\/\/www.ceramicbasin.com\/fr\/produit\/above-counter-vessel-sink-wholesale\/","title":{"rendered":"Lavabo \u00e0 poser Matt Wholesale, Lavender Purple Wash Basin (Lavabo violet)"},"content":{"rendered":"<div class=\"wp-block-columns is-layout-flex wp-container-core-columns-is-layout-9d6595d7 wp-block-columns-is-layout-flex\">\n<div class=\"wp-block-column is-layout-flow wp-block-column-is-layout-flow\">\n<h2 class=\"wp-block-heading\">Premium Above Counter Vessel Sink Wholesale Features :<\/h2>\n\n\n\n<ul class=\"wp-block-list\">\n<li><strong>Un violet lavande frais, qui cr\u00e9e une atmosph\u00e8re confortable : <\/strong>Ce lavabo au-dessus du comptoir utilise un \u00e9mail mat violet lavande doux, pr\u00e9sentant un effet visuel frais et naturel, ajoutant une touche d'\u00e9l\u00e9gance \u00e0 l'espace de la salle de bain commerciale, cr\u00e9ant une atmosph\u00e8re relaxante et confortable, et convient aux designs d'int\u00e9rieur modernes, nordiques et minimalistes.<\/li>\n\n\n\n<li><strong>Texture mate, discr\u00e8te et haut de gamme : <\/strong>Ce lavabo sur mesure utilise un traitement unique de gla\u00e7age mat, qui est d\u00e9licat et chaud, ne refl\u00e8te pas la lumi\u00e8re, peut r\u00e9duire efficacement les empreintes digitales et les taches d'eau, et maintient la propret\u00e9 et la beaut\u00e9 pendant longtemps, montrant une texture discr\u00e8te et luxueuse.<\/li>\n\n\n\n<li><strong>C\u00e9ramique haute r\u00e9sistance, r\u00e9sistante aux taches et durable : <\/strong>Cet \u00e9vier au-dessus du comptoir est fabriqu\u00e9 \u00e0 partir d'un mat\u00e9riau c\u00e9ramique de haute qualit\u00e9 et cuit \u00e0 haute temp\u00e9rature. Il est tr\u00e8s r\u00e9sistant aux taches et aux rayures. Il peut \u00eatre utilis\u00e9 dans des lieux commerciaux \u00e0 haute fr\u00e9quence d'utilisation, tels que les h\u00f4tels, les restaurants, les immeubles de bureaux, les centres commerciaux et autres toilettes publiques, de sorte qu'il peut rester brillant et propre apr\u00e8s une longue utilisation.<\/li>\n\n\n\n<li><strong>Conception personnalisable, adaptable \u00e0 une vari\u00e9t\u00e9 de besoins commerciaux : <\/strong>Notre lavabo violet mat sur mesure prend en charge des solutions personnalis\u00e9es telles que la taille, la forme, la couleur, etc., et peut cr\u00e9er des solutions de salle de bain individuelles en fonction des besoins de diff\u00e9rents sites commerciaux, en combinant la personnalisation et la fonctionnalit\u00e9 pour r\u00e9pondre aux besoins de personnalisation haut de gamme.<\/li>\n<\/ul>\n<\/div>\n\n\n\n<div class=\"wp-block-column is-layout-flow wp-block-column-is-layout-flow\">\n<figure class=\"wp-block-image size-full\"><img fetchpriority=\"high\" decoding=\"async\" width=\"827\" height=\"1225\" src=\"https:\/\/www.ceramicbasin.com\/wp-content\/uploads\/2025\/03\/Hot-sales-Matt-purple-round-sink-6.webp\" alt=\"Cuvette Matt au-dessus du comptoir Wholesale, Lavender Purple Wash Basin-1\" class=\"wp-image-6353\" srcset=\"https:\/\/www.ceramicbasin.com\/wp-content\/uploads\/2025\/03\/Hot-sales-Matt-purple-round-sink-6.webp 827w, https:\/\/www.ceramicbasin.com\/wp-content\/uploads\/2025\/03\/Hot-sales-Matt-purple-round-sink-6-203x300.webp 203w, https:\/\/www.ceramicbasin.com\/wp-content\/uploads\/2025\/03\/Hot-sales-Matt-purple-round-sink-6-768x1138.webp 768w, https:\/\/www.ceramicbasin.com\/wp-content\/uploads\/2025\/03\/Hot-sales-Matt-purple-round-sink-6-8x12.webp 8w, https:\/\/www.ceramicbasin.com\/wp-content\/uploads\/2025\/03\/Hot-sales-Matt-purple-round-sink-6-285x422.webp 285w, https:\/\/www.ceramicbasin.com\/wp-content\/uploads\/2025\/03\/Hot-sales-Matt-purple-round-sink-6-446x660.webp 446w, https:\/\/www.ceramicbasin.com\/wp-content\/uploads\/2025\/03\/Hot-sales-Matt-purple-round-sink-6-101x150.webp 101w\" sizes=\"(max-width: 827px) 100vw, 827px\" \/><\/figure>\n<\/div>\n<\/div>","protected":false},"excerpt":{"rendered":"<p>Bienvenue pour l'achat de lavabos sur mesure. Notre \u00e9vier violet mat au-dessus du comptoir est frais et \u00e9l\u00e9gant, adapt\u00e9 aux espaces commerciaux modernes. La c\u00e9ramique de haute qualit\u00e9 est r\u00e9sistante aux taches et durable, l'\u00e9mail mat est discret et avanc\u00e9, il permet un design personnalis\u00e9 et s'adapte parfaitement \u00e0 tous les types de salles de bains.<\/p>\n<table style=\"border-collapse: collapse; width: 311.02pt;\" border=\"0\" width=\"311\" cellspacing=\"0\" cellpadding=\"0\">\n<tbody>\n<tr style=\"height: 17.60pt;\">\n<td class=\"et3\" style=\"height: 17.60pt; width: 108.35pt;\" width=\"108\" height=\"17\">Fabricant<\/td>\n<td class=\"et3\" style=\"width: 202.95pt;\" width=\"202\">HanYu<\/td>\n<\/tr>\n<tr style=\"height: 17.60pt;\">\n<td class=\"et3\" style=\"height: 17.60pt;\" height=\"17\">Num\u00e9ro de mod\u00e8le.<\/td>\n<td class=\"et4\">HY-8069PP<\/td>\n<\/tr>\n<tr style=\"height: 17.60pt;\">\n<td class=\"et3\" style=\"height: 17.60pt;\" height=\"17\">Type<\/td>\n<td class=\"et3\">Bassin de comptoir<\/td>\n<\/tr>\n<tr style=\"height: 17.60pt;\">\n<td class=\"et3\" style=\"height: 17.60pt;\" height=\"17\">Forme<\/td>\n<td class=\"et3\">Forme ronde<\/td>\n<\/tr>\n<tr style=\"height: 17.60pt;\">\n<td class=\"et4\" style=\"height: 17.60pt;\" height=\"17\">Couleur<\/td>\n<td class=\"et3\">Pourpre<\/td>\n<\/tr>\n<tr style=\"height: 18.00pt;\">\n<td class=\"et3\" style=\"height: 18.00pt;\" height=\"18\">Dimension\u00a0<\/td>\n<td class=\"et5\" style=\"width: 202.95pt;\" width=\"202\">41.5*41.5*13.5<\/td>\n<\/tr>\n<tr style=\"height: 17.60pt;\">\n<td class=\"et3\" style=\"height: 17.60pt;\" height=\"17\">N.W \/SET<\/td>\n<td class=\"et3\">8KGS\/PCS<\/td>\n<\/tr>\n<tr style=\"height: 17.60pt;\">\n<td class=\"et3\" style=\"height: 17.60pt;\" height=\"17\">MOQ<\/td>\n<td class=\"et3\">20pcs<\/td>\n<\/tr>\n<tr style=\"height: 17.60pt;\">\n<td class=\"et3\" style=\"height: 17.60pt;\" height=\"17\">Option personnalis\u00e9e<\/td>\n<td class=\"et3\">Color\/Patten\/Size\/Logo\/Package-<\/td>\n<\/tr>\n<\/tbody>\n<\/table>","protected":false},"featured_media":6355,"comment_status":"closed","ping_status":"closed","template":"","meta":{"_acf_changed":false},"product_brand":[],"product_cat":[50,55],"product_tag":[],"class_list":{"0":"post-6345","1":"product","2":"type-product","3":"status-publish","4":"has-post-thumbnail","6":"product_cat-wholesale-countertop-sinks","7":"product_cat-wholesale-matte-sinks","9":"first","10":"instock","11":"shipping-taxable","12":"product-type-simple"},"acf":[],"_links":{"self":[{"href":"https:\/\/www.ceramicbasin.com\/fr\/wp-json\/wp\/v2\/product\/6345","targetHints":{"allow":["GET"]}}],"collection":[{"href":"https:\/\/www.ceramicbasin.com\/fr\/wp-json\/wp\/v2\/product"}],"about":[{"href":"https:\/\/www.ceramicbasin.com\/fr\/wp-json\/wp\/v2\/types\/product"}],"replies":[{"embeddable":true,"href":"https:\/\/www.ceramicbasin.com\/fr\/wp-json\/wp\/v2\/comments?post=6345"}],"wp:featuredmedia":[{"embeddable":true,"href":"https:\/\/www.ceramicbasin.com\/fr\/wp-json\/wp\/v2\/media\/6355"}],"wp:attachment":[{"href":"https:\/\/www.ceramicbasin.com\/fr\/wp-json\/wp\/v2\/media?parent=6345"}],"wp:term":[{"taxonomy":"product_brand","embeddable":true,"href":"https:\/\/www.ceramicbasin.com\/fr\/wp-json\/wp\/v2\/product_brand?post=6345"},{"taxonomy":"product_cat","embeddable":true,"href":"https:\/\/www.ceramicbasin.com\/fr\/wp-json\/wp\/v2\/product_cat?post=6345"},{"taxonomy":"product_tag","embeddable":true,"href":"https:\/\/www.ceramicbasin.com\/fr\/wp-json\/wp\/v2\/product_tag?post=6345"}],"curies":[{"name":"wp","href":"https:\/\/api.w.org\/{rel}","templated":true}]}}