{"id":6388,"date":"2025-03-12T01:47:47","date_gmt":"2025-03-12T01:47:47","guid":{"rendered":"https:\/\/www.ceramicbasin.com\/?post_type=product&#038;p=6388"},"modified":"2025-03-14T04:33:28","modified_gmt":"2025-03-14T04:33:28","slug":"wholesale-semi-recessed-basin","status":"publish","type":"product","link":"https:\/\/www.ceramicbasin.com\/fr\/produit\/wholesale-semi-recessed-basin\/","title":{"rendered":"Wholesale Semi-recessed Basin, Chic Square Ceramic Washbasin"},"content":{"rendered":"<div class=\"wp-block-columns is-layout-flex wp-container-core-columns-is-layout-9d6595d7 wp-block-columns-is-layout-flex\">\n<div class=\"wp-block-column is-layout-flow wp-block-column-is-layout-flow\">\n<h2 class=\"wp-block-heading\">Bassin semi-encastr\u00e9 Premium Wholesale Caract\u00e9ristiques :<\/h2>\n\n\n\n<ul class=\"wp-block-list\">\n<li><strong>Diff\u00e9rents types de s\u00e9lection :<\/strong> Nous proposons diff\u00e9rents styles, tailles et couleurs de lavabos semi-encastr\u00e9s en gros pour s'adapter \u00e0 divers designs de salles de bains et pour pouvoir \u00eatre facilement incorpor\u00e9s dans divers sch\u00e9mas d\u00e9coratifs.<\/li>\n\n\n\n<li><strong>Mat\u00e9riaux de haute qualit\u00e9 : <\/strong>Nos lavabos en c\u00e9ramique sont fabriqu\u00e9s dans un mat\u00e9riau c\u00e9ramique de qualit\u00e9, tr\u00e8s durable et r\u00e9sistant aux taches. En utilisant ce mat\u00e9riau, nous obtenons non seulement une stabilit\u00e9 \u00e0 long terme, mais aussi une facilit\u00e9 d'entretien et de nettoyage, ce qui est parfait pour les environnements commerciaux tr\u00e8s fr\u00e9quent\u00e9s.<\/li>\n\n\n\n<li><strong>Options personnalisables : <\/strong>Ces bassins semi-encastr\u00e9s en gros sont disponibles en diff\u00e9rentes couleurs, finitions de traitement de surface et ajustements d'emballage en fonction de votre marque et des exigences du march\u00e9.<\/li>\n\n\n\n<li><strong>Pratique \u00e0 installer :<\/strong> Ce lavabo en c\u00e9ramique de gros utilise une conception d'installation simple, adapt\u00e9e \u00e0 divers comptoirs, ce qui peut permettre aux commer\u00e7ants d'\u00e9conomiser du temps et des co\u00fbts d'installation. Une telle disposition permet non seulement d'acc\u00e9l\u00e9rer la construction, mais aussi de garantir la stabilit\u00e9 et la s\u00e9curit\u00e9 lors de l'utilisation.<\/li>\n<\/ul>\n<\/div>\n\n\n\n<div class=\"wp-block-column is-layout-flow wp-block-column-is-layout-flow\">\n<figure class=\"wp-block-image size-full\"><img fetchpriority=\"high\" decoding=\"async\" width=\"800\" height=\"800\" src=\"https:\/\/www.ceramicbasin.com\/wp-content\/uploads\/2025\/03\/Wholesale-semiRecessed-Hand-BasinsFactory-Supply-Wash-BasinCeramic-Sinks6.webp\" alt=\"Wholesale Semi-recovered Basin, Chic Square Ceramic Washbasin-1\" class=\"wp-image-6394\" srcset=\"https:\/\/www.ceramicbasin.com\/wp-content\/uploads\/2025\/03\/Wholesale-semiRecessed-Hand-BasinsFactory-Supply-Wash-BasinCeramic-Sinks6.webp 800w, https:\/\/www.ceramicbasin.com\/wp-content\/uploads\/2025\/03\/Wholesale-semiRecessed-Hand-BasinsFactory-Supply-Wash-BasinCeramic-Sinks6-300x300.webp 300w, https:\/\/www.ceramicbasin.com\/wp-content\/uploads\/2025\/03\/Wholesale-semiRecessed-Hand-BasinsFactory-Supply-Wash-BasinCeramic-Sinks6-150x150.webp 150w, https:\/\/www.ceramicbasin.com\/wp-content\/uploads\/2025\/03\/Wholesale-semiRecessed-Hand-BasinsFactory-Supply-Wash-BasinCeramic-Sinks6-768x768.webp 768w, https:\/\/www.ceramicbasin.com\/wp-content\/uploads\/2025\/03\/Wholesale-semiRecessed-Hand-BasinsFactory-Supply-Wash-BasinCeramic-Sinks6-12x12.webp 12w, https:\/\/www.ceramicbasin.com\/wp-content\/uploads\/2025\/03\/Wholesale-semiRecessed-Hand-BasinsFactory-Supply-Wash-BasinCeramic-Sinks6-285x285.webp 285w, https:\/\/www.ceramicbasin.com\/wp-content\/uploads\/2025\/03\/Wholesale-semiRecessed-Hand-BasinsFactory-Supply-Wash-BasinCeramic-Sinks6-270x270.webp 270w, https:\/\/www.ceramicbasin.com\/wp-content\/uploads\/2025\/03\/Wholesale-semiRecessed-Hand-BasinsFactory-Supply-Wash-BasinCeramic-Sinks6-540x540.webp 540w, https:\/\/www.ceramicbasin.com\/wp-content\/uploads\/2025\/03\/Wholesale-semiRecessed-Hand-BasinsFactory-Supply-Wash-BasinCeramic-Sinks6-660x660.webp 660w\" sizes=\"(max-width: 800px) 100vw, 800px\" \/><\/figure>\n<\/div>\n<\/div>\n\n\n\n<p><\/p>","protected":false},"excerpt":{"rendered":"<p>Nous vous invitons \u00e0 acheter le lavabo en c\u00e9ramique de notre usine. Notre lavabo semi-encastr\u00e9 en gros est produit en utilisant des mat\u00e9riaux c\u00e9ramiques de haute qualit\u00e9, r\u00e9sistants \u00e0 l'usure et aux rayures, solides et durables, garantissant une beaut\u00e9 et une fiabilit\u00e9 \u00e0 long terme.<\/p>\n<table style=\"border-collapse: collapse; width: 358.52pt;\" border=\"0\" width=\"478\" cellspacing=\"0\" cellpadding=\"0\">\n<tbody>\n<tr style=\"height: 17.25pt;\">\n<td class=\"et3\" style=\"height: 17.25pt; width: 125.00pt;\" width=\"166\" height=\"23\">Fabricant<\/td>\n<td class=\"et3\" style=\"width: 234.15pt;\" width=\"312\">HanYu<\/td>\n<\/tr>\n<tr style=\"height: 17.25pt;\">\n<td class=\"et3\" style=\"height: 17.25pt;\" height=\"23\">Num\u00e9ro de mod\u00e8le.<\/td>\n<td class=\"et4\">HY-401F<\/td>\n<\/tr>\n<tr style=\"height: 17.25pt;\">\n<td class=\"et3\" style=\"height: 17.25pt;\" height=\"23\">Type<\/td>\n<td class=\"et5\" style=\"width: 234.15pt;\" width=\"312\">Eviers semi-encastr\u00e9s<\/td>\n<\/tr>\n<tr style=\"height: 18.00pt;\">\n<td class=\"et3\" style=\"height: 18.00pt;\" height=\"24\">Forme<\/td>\n<td class=\"et3\">Forme rectangulaire<\/td>\n<\/tr>\n<tr style=\"height: 34.50pt;\">\n<td class=\"et4\" style=\"height: 34.50pt;\" height=\"46\">Couleur<\/td>\n<td class=\"et5\" style=\"width: 234.15pt;\" width=\"312\">noir\/blanc\/bleu\/gris\/rose\/vert\/marron\/kaki<\/td>\n<\/tr>\n<tr style=\"height: 18.00pt;\">\n<td class=\"et3\" style=\"height: 18.00pt;\" height=\"24\">Dimension<\/td>\n<td class=\"et5\" style=\"width: 234.15pt;\" width=\"312\">59*38*13<\/td>\n<\/tr>\n<tr style=\"height: 17.25pt;\">\n<td class=\"et3\" style=\"height: 17.25pt;\" height=\"23\">N.W \/SET<\/td>\n<td class=\"et3\">15KGS\/PCS<\/td>\n<\/tr>\n<tr style=\"height: 17.25pt;\">\n<td class=\"et3\" style=\"height: 17.25pt;\" height=\"23\">MOQ<\/td>\n<td class=\"et3\">20pcs<\/td>\n<\/tr>\n<tr style=\"height: 17.25pt;\">\n<td class=\"et3\" style=\"height: 17.25pt;\" height=\"23\">Option personnalis\u00e9e<\/td>\n<td class=\"et3\">Couleur\/Pattenue\/Taille\/Logo\/Emballage<\/td>\n<\/tr>\n<\/tbody>\n<\/table>","protected":false},"featured_media":6393,"comment_status":"closed","ping_status":"closed","template":"","meta":{"_acf_changed":false},"product_brand":[],"product_cat":[58],"product_tag":[],"class_list":{"0":"post-6388","1":"product","2":"type-product","3":"status-publish","4":"has-post-thumbnail","6":"product_cat-wholesale-semi-recessed-sinks","8":"first","9":"instock","10":"shipping-taxable","11":"product-type-simple"},"acf":[],"_links":{"self":[{"href":"https:\/\/www.ceramicbasin.com\/fr\/wp-json\/wp\/v2\/product\/6388","targetHints":{"allow":["GET"]}}],"collection":[{"href":"https:\/\/www.ceramicbasin.com\/fr\/wp-json\/wp\/v2\/product"}],"about":[{"href":"https:\/\/www.ceramicbasin.com\/fr\/wp-json\/wp\/v2\/types\/product"}],"replies":[{"embeddable":true,"href":"https:\/\/www.ceramicbasin.com\/fr\/wp-json\/wp\/v2\/comments?post=6388"}],"wp:featuredmedia":[{"embeddable":true,"href":"https:\/\/www.ceramicbasin.com\/fr\/wp-json\/wp\/v2\/media\/6393"}],"wp:attachment":[{"href":"https:\/\/www.ceramicbasin.com\/fr\/wp-json\/wp\/v2\/media?parent=6388"}],"wp:term":[{"taxonomy":"product_brand","embeddable":true,"href":"https:\/\/www.ceramicbasin.com\/fr\/wp-json\/wp\/v2\/product_brand?post=6388"},{"taxonomy":"product_cat","embeddable":true,"href":"https:\/\/www.ceramicbasin.com\/fr\/wp-json\/wp\/v2\/product_cat?post=6388"},{"taxonomy":"product_tag","embeddable":true,"href":"https:\/\/www.ceramicbasin.com\/fr\/wp-json\/wp\/v2\/product_tag?post=6388"}],"curies":[{"name":"wp","href":"https:\/\/api.w.org\/{rel}","templated":true}]}}