{"id":6402,"date":"2025-03-12T08:00:53","date_gmt":"2025-03-12T08:00:53","guid":{"rendered":"https:\/\/www.ceramicbasin.com\/?post_type=product&#038;p=6402"},"modified":"2025-03-14T03:52:50","modified_gmt":"2025-03-14T03:52:50","slug":"wall-mounted-sink-wholesale","status":"publish","type":"product","link":"https:\/\/www.ceramicbasin.com\/fr\/produit\/wall-mounted-sink-wholesale\/","title":{"rendered":"Evier mural Wholesale, Durable Ceramic Vessel Sinks (\u00e9vier de cuve en c\u00e9ramique)"},"content":{"rendered":"<div class=\"wp-block-columns is-layout-flex wp-container-core-columns-is-layout-9d6595d7 wp-block-columns-is-layout-flex\">\n<div class=\"wp-block-column is-layout-flow wp-block-column-is-layout-flow\">\n<h2 class=\"wp-block-heading\">Premium Wall Mounted Sink Wholesale :<\/h2>\n\n\n\n<ul class=\"wp-block-list\">\n<li><strong>Ventes \u00e0 chaud : <\/strong>Cet \u00e9vier mural en c\u00e9ramique est bien accueilli par le march\u00e9 en raison de sa durabilit\u00e9, de sa couleur uniforme, de sa facilit\u00e9 de nettoyage et d'entretien, et de son co\u00fbt \u00e9lev\u00e9.<\/li>\n\n\n\n<li><strong>Montage mural Installation :\u00a0<\/strong>La conception murale de ces \u00e9viers en c\u00e9ramique permet de gagner de la place et est facile \u00e0 nettoyer. Cet \u00e9vier de salle de bains convient particuli\u00e8rement aux salles de bains modernes et compactes, car il rehausse la nettet\u00e9 et la modernit\u00e9 de l'espace.<\/li>\n\n\n\n<li><strong>Forte capacit\u00e9 de production : <\/strong>Notre vaste entrep\u00f4t contient divers types d'\u00e9viers muraux en c\u00e9ramique en gros. Choisissez les articles qui sont en cours de production. Nous avons suffisamment de lavabos blancs pour fabriquer des lavabos de couleur marbre, le d\u00e9lai d'exp\u00e9dition sera donc plus court.<\/li>\n\n\n\n<li><strong>Design \u00e9l\u00e9gant : <\/strong>Notre \u00e9vier en c\u00e9ramique accroch\u00e9 au mur ajoute une touche d'\u00e9l\u00e9gance et de modernit\u00e9 \u00e0 toute salle de bains, en faisant un point focal styl\u00e9. Il y a un espace droit pr\u00e8s du robinet, on peut y mettre du shampoing ou un mobile.<\/li>\n<\/ul>\n<\/div>\n\n\n\n<div class=\"wp-block-column is-layout-flow wp-block-column-is-layout-flow\">\n<figure class=\"wp-block-image size-full\"><img fetchpriority=\"high\" decoding=\"async\" width=\"800\" height=\"800\" src=\"https:\/\/www.ceramicbasin.com\/wp-content\/uploads\/2025\/03\/wall-mount-bathroom-basinceramic-wall-hung-wash-basinwall-hung-sink6.webp\" alt=\"Evier mural Wholesale, Durable Ceramic Vessel Sinks-1\" class=\"wp-image-6408\" srcset=\"https:\/\/www.ceramicbasin.com\/wp-content\/uploads\/2025\/03\/wall-mount-bathroom-basinceramic-wall-hung-wash-basinwall-hung-sink6.webp 800w, https:\/\/www.ceramicbasin.com\/wp-content\/uploads\/2025\/03\/wall-mount-bathroom-basinceramic-wall-hung-wash-basinwall-hung-sink6-300x300.webp 300w, https:\/\/www.ceramicbasin.com\/wp-content\/uploads\/2025\/03\/wall-mount-bathroom-basinceramic-wall-hung-wash-basinwall-hung-sink6-150x150.webp 150w, https:\/\/www.ceramicbasin.com\/wp-content\/uploads\/2025\/03\/wall-mount-bathroom-basinceramic-wall-hung-wash-basinwall-hung-sink6-768x768.webp 768w, https:\/\/www.ceramicbasin.com\/wp-content\/uploads\/2025\/03\/wall-mount-bathroom-basinceramic-wall-hung-wash-basinwall-hung-sink6-12x12.webp 12w, https:\/\/www.ceramicbasin.com\/wp-content\/uploads\/2025\/03\/wall-mount-bathroom-basinceramic-wall-hung-wash-basinwall-hung-sink6-285x285.webp 285w, https:\/\/www.ceramicbasin.com\/wp-content\/uploads\/2025\/03\/wall-mount-bathroom-basinceramic-wall-hung-wash-basinwall-hung-sink6-270x270.webp 270w, https:\/\/www.ceramicbasin.com\/wp-content\/uploads\/2025\/03\/wall-mount-bathroom-basinceramic-wall-hung-wash-basinwall-hung-sink6-540x540.webp 540w, https:\/\/www.ceramicbasin.com\/wp-content\/uploads\/2025\/03\/wall-mount-bathroom-basinceramic-wall-hung-wash-basinwall-hung-sink6-660x660.webp 660w\" sizes=\"(max-width: 800px) 100vw, 800px\" \/><\/figure>\n<\/div>\n<\/div>","protected":false},"excerpt":{"rendered":"<p>Bienvenue sur le site d'achat en gros d'\u00e9vier mural en c\u00e9ramique. Cet \u00e9vier en c\u00e9ramique est particuli\u00e8rement adapt\u00e9 aux petites salles de bains modernes, apportant propret\u00e9 et modernit\u00e9 \u00e0 l'ensemble de l'espace. Ces \u00e9viers de salle de bain en gros sont durables et faciles \u00e0 nettoyer, avec des surfaces lisses et douces.<\/p>\n<table style=\"border-collapse: collapse; width: 311.02pt;\" border=\"0\" width=\"311\" cellspacing=\"0\" cellpadding=\"0\">\n<tbody>\n<tr style=\"height: 17.60pt;\">\n<td class=\"et3\" style=\"height: 17.60pt; width: 108.35pt;\" width=\"108\" height=\"17\">Fabricant<\/td>\n<td class=\"et3\" style=\"width: 202.95pt;\" width=\"202\">HanYu<\/td>\n<\/tr>\n<tr style=\"height: 17.60pt;\">\n<td class=\"et3\" style=\"height: 17.60pt;\" height=\"17\">Num\u00e9ro de mod\u00e8le.<\/td>\n<td class=\"et4\">HY-3087A<\/td>\n<\/tr>\n<tr style=\"height: 17.60pt;\">\n<td class=\"et3\" style=\"height: 17.60pt;\" height=\"17\">Type<\/td>\n<td class=\"et3\">Petits lavabos de salle de bains \/ lavabos muraux<\/td>\n<\/tr>\n<tr style=\"height: 17.60pt;\">\n<td class=\"et3\" style=\"height: 17.60pt;\" height=\"17\">Forme<\/td>\n<td class=\"et3\">\u00a0Forme carr\u00e9e<\/td>\n<\/tr>\n<tr style=\"height: 17.60pt;\">\n<td class=\"et4\" style=\"height: 17.60pt;\" height=\"17\">Couleur<\/td>\n<td class=\"et3\">Blanc<\/td>\n<\/tr>\n<tr style=\"height: 18.00pt;\">\n<td class=\"et3\" style=\"height: 18.00pt;\" height=\"18\">Dimension<\/td>\n<td class=\"et6\" style=\"width: 202.95pt;\" width=\"202\">52*40*12.5<\/td>\n<\/tr>\n<tr style=\"height: 17.60pt;\">\n<td class=\"et3\" style=\"height: 17.60pt;\" height=\"17\">N.W \/SET<\/td>\n<td class=\"et3\">12KGS\/PCS<\/td>\n<\/tr>\n<tr style=\"height: 17.60pt;\">\n<td class=\"et3\" style=\"height: 17.60pt;\" height=\"17\">MOQ<\/td>\n<td class=\"et3\">20pcs<\/td>\n<\/tr>\n<tr style=\"height: 17.60pt;\">\n<td class=\"et3\" style=\"height: 17.60pt;\" height=\"17\">Option personnalis\u00e9e<\/td>\n<td class=\"et3\">Couleur\/Pattenue\/Taille\/Logo\/Emballage<\/td>\n<\/tr>\n<\/tbody>\n<\/table>\n<p>&nbsp;<\/p>","protected":false},"featured_media":6406,"comment_status":"closed","ping_status":"closed","template":"","meta":{"_acf_changed":false},"product_brand":[],"product_cat":[57],"product_tag":[],"class_list":{"0":"post-6402","1":"product","2":"type-product","3":"status-publish","4":"has-post-thumbnail","6":"product_cat-wholesale-wall-mounted-sinks","8":"first","9":"instock","10":"shipping-taxable","11":"product-type-simple"},"acf":[],"_links":{"self":[{"href":"https:\/\/www.ceramicbasin.com\/fr\/wp-json\/wp\/v2\/product\/6402","targetHints":{"allow":["GET"]}}],"collection":[{"href":"https:\/\/www.ceramicbasin.com\/fr\/wp-json\/wp\/v2\/product"}],"about":[{"href":"https:\/\/www.ceramicbasin.com\/fr\/wp-json\/wp\/v2\/types\/product"}],"replies":[{"embeddable":true,"href":"https:\/\/www.ceramicbasin.com\/fr\/wp-json\/wp\/v2\/comments?post=6402"}],"wp:featuredmedia":[{"embeddable":true,"href":"https:\/\/www.ceramicbasin.com\/fr\/wp-json\/wp\/v2\/media\/6406"}],"wp:attachment":[{"href":"https:\/\/www.ceramicbasin.com\/fr\/wp-json\/wp\/v2\/media?parent=6402"}],"wp:term":[{"taxonomy":"product_brand","embeddable":true,"href":"https:\/\/www.ceramicbasin.com\/fr\/wp-json\/wp\/v2\/product_brand?post=6402"},{"taxonomy":"product_cat","embeddable":true,"href":"https:\/\/www.ceramicbasin.com\/fr\/wp-json\/wp\/v2\/product_cat?post=6402"},{"taxonomy":"product_tag","embeddable":true,"href":"https:\/\/www.ceramicbasin.com\/fr\/wp-json\/wp\/v2\/product_tag?post=6402"}],"curies":[{"name":"wp","href":"https:\/\/api.w.org\/{rel}","templated":true}]}}