{"id":6418,"date":"2025-03-20T02:59:20","date_gmt":"2025-03-20T02:59:20","guid":{"rendered":"https:\/\/www.ceramicbasin.com\/?post_type=product&#038;p=6418"},"modified":"2025-03-20T02:59:23","modified_gmt":"2025-03-20T02:59:23","slug":"square-semi-recessed-basin-wholesale","status":"publish","type":"product","link":"https:\/\/www.ceramicbasin.com\/fr\/produit\/square-semi-recessed-basin-wholesale\/","title":{"rendered":"Cuvette carr\u00e9e semi-encastr\u00e9e Wholesale, Glossy Porcelain Sink"},"content":{"rendered":"<div class=\"wp-block-columns is-layout-flex wp-container-core-columns-is-layout-9d6595d7 wp-block-columns-is-layout-flex\">\n<div class=\"wp-block-column is-layout-flow wp-block-column-is-layout-flow\">\n<h2 class=\"wp-block-heading\">Premium Square Semi Recessed Basin Wholesale Features :<\/h2>\n\n\n\n<ul class=\"wp-block-list\">\n<li><strong>Durable et facile \u00e0 nettoyer : <\/strong>Notre bassin carr\u00e9 semi-encastr\u00e9 est fabriqu\u00e9 en c\u00e9ramique durable, ce qui lui conf\u00e8re une longue dur\u00e9e de vie. Il est \u00e9galement facile \u00e0 nettoyer, ce qui lui permet de conserver son aspect neuf.<\/li>\n\n\n\n<li><strong>Avantage de l'achat en gros : <\/strong>En tant que fabricant de lavabos de salle de bain, Hanyu propose des lavabos en porcelaine en gros \u00e0 des prix abordables afin de garantir la valeur de votre argent en profitant des avantages qui viennent avec les achats en gros.<\/li>\n\n\n\n<li><strong>Design \u00e0 la mode :\u00a0<\/strong>Cette vasque carr\u00e9e semi-encastr\u00e9e adopte une nouvelle mode, combinant un style moderne avec une praticit\u00e9 r\u00e9aliste pour cr\u00e9er un effet visuel frais pour la salle de bains.<\/li>\n\n\n\n<li><strong>Approvisionnement rapide : <\/strong>En tant que fabricant exp\u00e9riment\u00e9 de bassins en c\u00e9ramique, HanYu dispose d'une forte capacit\u00e9 de production et peut fournir de grandes quantit\u00e9s d'\u00e9viers en porcelaine en gros \u00e0 un excellent rapport qualit\u00e9-prix pour s'assurer que l'avancement de votre projet n'est pas affect\u00e9.<\/li>\n<\/ul>\n<\/div>\n\n\n\n<div class=\"wp-block-column is-layout-flow wp-block-column-is-layout-flow\">\n<figure class=\"wp-block-image size-full\"><img fetchpriority=\"high\" decoding=\"async\" width=\"1372\" height=\"1372\" src=\"https:\/\/www.ceramicbasin.com\/wp-content\/uploads\/2025\/03\/Semi-Recessed-SinksGlossy-White-Custom-Porcelain-Sink-5.webp\" alt=\"Cuvette carr\u00e9e semi-encastr\u00e9e Wholesale, Glossy Porcelain Sink-1\" class=\"wp-image-6423\" srcset=\"https:\/\/www.ceramicbasin.com\/wp-content\/uploads\/2025\/03\/Semi-Recessed-SinksGlossy-White-Custom-Porcelain-Sink-5.webp 1372w, https:\/\/www.ceramicbasin.com\/wp-content\/uploads\/2025\/03\/Semi-Recessed-SinksGlossy-White-Custom-Porcelain-Sink-5-300x300.webp 300w, https:\/\/www.ceramicbasin.com\/wp-content\/uploads\/2025\/03\/Semi-Recessed-SinksGlossy-White-Custom-Porcelain-Sink-5-150x150.webp 150w, https:\/\/www.ceramicbasin.com\/wp-content\/uploads\/2025\/03\/Semi-Recessed-SinksGlossy-White-Custom-Porcelain-Sink-5-768x768.webp 768w, https:\/\/www.ceramicbasin.com\/wp-content\/uploads\/2025\/03\/Semi-Recessed-SinksGlossy-White-Custom-Porcelain-Sink-5-12x12.webp 12w, https:\/\/www.ceramicbasin.com\/wp-content\/uploads\/2025\/03\/Semi-Recessed-SinksGlossy-White-Custom-Porcelain-Sink-5-285x285.webp 285w, https:\/\/www.ceramicbasin.com\/wp-content\/uploads\/2025\/03\/Semi-Recessed-SinksGlossy-White-Custom-Porcelain-Sink-5-270x270.webp 270w, https:\/\/www.ceramicbasin.com\/wp-content\/uploads\/2025\/03\/Semi-Recessed-SinksGlossy-White-Custom-Porcelain-Sink-5-540x540.webp 540w, https:\/\/www.ceramicbasin.com\/wp-content\/uploads\/2025\/03\/Semi-Recessed-SinksGlossy-White-Custom-Porcelain-Sink-5-660x660.webp 660w\" sizes=\"(max-width: 1372px) 100vw, 1372px\" \/><\/figure>\n<\/div>\n<\/div>\n\n\n\n<p><\/p>","protected":false},"excerpt":{"rendered":"<p>Bienvenue pour l'achat en gros de lavabos en porcelaine. Cette exquise vasque carr\u00e9e semi-encastr\u00e9e est fabriqu\u00e9e \u00e0 partir de mat\u00e9riaux c\u00e9ramiques de haute qualit\u00e9, ce qui en fait un choix id\u00e9al pour la d\u00e9coration de la salle de bains. La conception de l'apparence a\u00e9rodynamique et le traitement des bords arrondis montrent une beaut\u00e9 artistique extraordinaire.<\/p>\n<table style=\"border-collapse: collapse; width: 358.52pt;\" border=\"0\" width=\"478\" cellspacing=\"0\" cellpadding=\"0\">\n<tbody>\n<tr style=\"height: 17.25pt;\">\n<td class=\"et3\" style=\"height: 17.25pt; width: 125.00pt;\" width=\"166\" height=\"23\">Fabricant<\/td>\n<td class=\"et3\" style=\"width: 234.15pt;\" width=\"312\">HanYu<\/td>\n<\/tr>\n<tr style=\"height: 17.25pt;\">\n<td class=\"et3\" style=\"height: 17.25pt;\" height=\"23\">Num\u00e9ro de mod\u00e8le.<\/td>\n<td class=\"et4\">HY-5501<\/td>\n<\/tr>\n<tr style=\"height: 17.25pt;\">\n<td class=\"et3\" style=\"height: 17.25pt;\" height=\"23\">Type<\/td>\n<td class=\"et5\" style=\"width: 234.15pt;\" width=\"312\">Eviers semi-encastr\u00e9s<\/td>\n<\/tr>\n<tr style=\"height: 18.00pt;\">\n<td class=\"et3\" style=\"height: 18.00pt;\" height=\"24\">Forme<\/td>\n<td class=\"et3\">Forme rectangulaire<\/td>\n<\/tr>\n<tr style=\"height: 34.50pt;\">\n<td class=\"et4\" style=\"height: 34.50pt;\" height=\"46\">Couleur<\/td>\n<td class=\"et5\" style=\"width: 234.15pt;\" width=\"312\">noir\/blanc\/bleu\/gris\/rose\/vert\/marron\/kaki<\/td>\n<\/tr>\n<tr style=\"height: 18.00pt;\">\n<td class=\"et3\" style=\"height: 18.00pt;\" height=\"24\">Dimension<\/td>\n<td class=\"et5\" style=\"width: 234.15pt;\" width=\"312\">51*46*16<\/td>\n<\/tr>\n<tr style=\"height: 17.25pt;\">\n<td class=\"et3\" style=\"height: 17.25pt;\" height=\"23\">N.W \/SET<\/td>\n<td class=\"et3\">18KGS\/PCS<\/td>\n<\/tr>\n<tr style=\"height: 17.25pt;\">\n<td class=\"et3\" style=\"height: 17.25pt;\" height=\"23\">MOQ<\/td>\n<td class=\"et3\">20pcs<\/td>\n<\/tr>\n<tr style=\"height: 17.25pt;\">\n<td class=\"et3\" style=\"height: 17.25pt;\" height=\"23\">Option personnalis\u00e9e<\/td>\n<td class=\"et3\">Couleur\/Pattenue\/Taille\/Logo\/Emballage<\/td>\n<\/tr>\n<\/tbody>\n<\/table>","protected":false},"featured_media":6422,"comment_status":"closed","ping_status":"closed","template":"","meta":{"_acf_changed":false},"product_brand":[],"product_cat":[58],"product_tag":[],"class_list":{"0":"post-6418","1":"product","2":"type-product","3":"status-publish","4":"has-post-thumbnail","6":"product_cat-wholesale-semi-recessed-sinks","8":"first","9":"instock","10":"shipping-taxable","11":"product-type-simple"},"acf":[],"_links":{"self":[{"href":"https:\/\/www.ceramicbasin.com\/fr\/wp-json\/wp\/v2\/product\/6418","targetHints":{"allow":["GET"]}}],"collection":[{"href":"https:\/\/www.ceramicbasin.com\/fr\/wp-json\/wp\/v2\/product"}],"about":[{"href":"https:\/\/www.ceramicbasin.com\/fr\/wp-json\/wp\/v2\/types\/product"}],"replies":[{"embeddable":true,"href":"https:\/\/www.ceramicbasin.com\/fr\/wp-json\/wp\/v2\/comments?post=6418"}],"wp:featuredmedia":[{"embeddable":true,"href":"https:\/\/www.ceramicbasin.com\/fr\/wp-json\/wp\/v2\/media\/6422"}],"wp:attachment":[{"href":"https:\/\/www.ceramicbasin.com\/fr\/wp-json\/wp\/v2\/media?parent=6418"}],"wp:term":[{"taxonomy":"product_brand","embeddable":true,"href":"https:\/\/www.ceramicbasin.com\/fr\/wp-json\/wp\/v2\/product_brand?post=6418"},{"taxonomy":"product_cat","embeddable":true,"href":"https:\/\/www.ceramicbasin.com\/fr\/wp-json\/wp\/v2\/product_cat?post=6418"},{"taxonomy":"product_tag","embeddable":true,"href":"https:\/\/www.ceramicbasin.com\/fr\/wp-json\/wp\/v2\/product_tag?post=6418"}],"curies":[{"name":"wp","href":"https:\/\/api.w.org\/{rel}","templated":true}]}}