{"id":6425,"date":"2025-03-20T03:14:11","date_gmt":"2025-03-20T03:14:11","guid":{"rendered":"https:\/\/www.ceramicbasin.com\/?post_type=product&#038;p=6425"},"modified":"2025-10-23T09:50:46","modified_gmt":"2025-10-23T09:50:46","slug":"small-semi-recessed-basin-wholesale","status":"publish","type":"product","link":"https:\/\/www.ceramicbasin.com\/fr\/produit\/small-semi-recessed-basin-wholesale\/","title":{"rendered":"Petit bassin semi-encastr\u00e9 Wholesale, Glossy White Small Sink"},"content":{"rendered":"<div class=\"wp-block-columns is-layout-flex wp-container-core-columns-is-layout-9d6595d7 wp-block-columns-is-layout-flex\">\n<div class=\"wp-block-column is-layout-flow wp-block-column-is-layout-flow\">\n<h2 class=\"wp-block-heading\">Premium Small Semi Recessed Basin Wholesale Caract\u00e9ristiques :<\/h2>\n\n\n\n<ul class=\"wp-block-list\">\n<li><strong>Gla\u00e7age tr\u00e8s brillant, luminosit\u00e9 durable :<\/strong> Nos \u00e9viers en c\u00e9ramique utilisent une technologie avanc\u00e9e de gla\u00e7age \u00e0 haute temp\u00e9rature, la surface est lisse et fragile, anti-t\u00e2ches et facile \u00e0 nettoyer, m\u00eame apr\u00e8s des ann\u00e9es d'utilisation, elle reste brillante comme si elle \u00e9tait neuve.<\/li>\n\n\n\n<li><strong>Gagnez de l'espace et adaptez-vous \u00e0 une grande vari\u00e9t\u00e9 de plans de travail : <\/strong>En plus d'\u00e9conomiser de l'espace sur le plan de travail, notre petite vasque semi-encastr\u00e9e en gros offre \u00e9galement un grand espace pour le lavage, et elle est adapt\u00e9e \u00e0 la conception de petites salles de bains et aux petites salles de bains.<\/li>\n\n\n\n<li><strong>Design simple, adapt\u00e9 \u00e0 une vari\u00e9t\u00e9 de styles : <\/strong>Cette petite vasque semi-encastr\u00e9e est propos\u00e9e en gros dans des designs simples et tendance, qui peuvent \u00eatre harmonieusement associ\u00e9s \u00e0 diff\u00e9rents types de comptoirs de salle de bains ainsi qu'\u00e0 des designs diff\u00e9rents pour am\u00e9liorer la texture g\u00e9n\u00e9rale de la pi\u00e8ce.<\/li>\n\n\n\n<li><strong>C\u00e9ramique durable, solide et r\u00e9sistante aux fissures : <\/strong>Ces lavabos en c\u00e9ramique sont compos\u00e9s de mat\u00e9riaux c\u00e9ramiques de qualit\u00e9 sup\u00e9rieure, poss\u00e9dant une structure solide, une r\u00e9sistance \u00e0 l'usure et une robustesse, ainsi qu'une bonne r\u00e9sistance aux chocs et \u00e0 l'eau, et peuvent \u00eatre utilis\u00e9s pendant une p\u00e9riode prolong\u00e9e dans un \u00e9tat stable.<\/li>\n<\/ul>\n<\/div>\n\n\n\n<div class=\"wp-block-column is-layout-flow wp-block-column-is-layout-flow\">\n<figure class=\"wp-block-image size-full\"><img fetchpriority=\"high\" decoding=\"async\" width=\"1800\" height=\"1800\" src=\"https:\/\/www.ceramicbasin.com\/wp-content\/uploads\/2025\/03\/Wholesale-Semi-recessed-Basin-Glossy-White-Vessel-Sinks-5.webp\" alt=\"Petit bassin semi-encastr\u00e9 Wholesale, Glossy Vanity Sinks-1\" class=\"wp-image-6430\" srcset=\"https:\/\/www.ceramicbasin.com\/wp-content\/uploads\/2025\/03\/Wholesale-Semi-recessed-Basin-Glossy-White-Vessel-Sinks-5.webp 1800w, https:\/\/www.ceramicbasin.com\/wp-content\/uploads\/2025\/03\/Wholesale-Semi-recessed-Basin-Glossy-White-Vessel-Sinks-5-300x300.webp 300w, https:\/\/www.ceramicbasin.com\/wp-content\/uploads\/2025\/03\/Wholesale-Semi-recessed-Basin-Glossy-White-Vessel-Sinks-5-150x150.webp 150w, https:\/\/www.ceramicbasin.com\/wp-content\/uploads\/2025\/03\/Wholesale-Semi-recessed-Basin-Glossy-White-Vessel-Sinks-5-768x768.webp 768w, https:\/\/www.ceramicbasin.com\/wp-content\/uploads\/2025\/03\/Wholesale-Semi-recessed-Basin-Glossy-White-Vessel-Sinks-5-12x12.webp 12w, https:\/\/www.ceramicbasin.com\/wp-content\/uploads\/2025\/03\/Wholesale-Semi-recessed-Basin-Glossy-White-Vessel-Sinks-5-285x285.webp 285w, https:\/\/www.ceramicbasin.com\/wp-content\/uploads\/2025\/03\/Wholesale-Semi-recessed-Basin-Glossy-White-Vessel-Sinks-5-1600x1600.webp 1600w, https:\/\/www.ceramicbasin.com\/wp-content\/uploads\/2025\/03\/Wholesale-Semi-recessed-Basin-Glossy-White-Vessel-Sinks-5-270x270.webp 270w, https:\/\/www.ceramicbasin.com\/wp-content\/uploads\/2025\/03\/Wholesale-Semi-recessed-Basin-Glossy-White-Vessel-Sinks-5-540x540.webp 540w, https:\/\/www.ceramicbasin.com\/wp-content\/uploads\/2025\/03\/Wholesale-Semi-recessed-Basin-Glossy-White-Vessel-Sinks-5-660x660.webp 660w\" sizes=\"(max-width: 1800px) 100vw, 1800px\" \/><\/figure>\n<\/div>\n<\/div>","protected":false},"excerpt":{"rendered":"<p>Nous vous invitons \u00e0 acheter en gros des petits lavabos de salle de bains. Notre petit lavabo semi-encastr\u00e9 adopte un design en \u00e9mail brillant, ce qui permet d'\u00e9conomiser de l'espace et de rehausser la beaut\u00e9 de la salle de bains. Sa forme lisse et sa m\u00e9thode pratique d'installation semi-encastr\u00e9e en font un choix id\u00e9al pour les salles de bains modernes, convenant \u00e0 la maison, \u00e0 l'h\u00f4tel et aux espaces commerciaux.<\/p>\n<table style=\"border-collapse: collapse; width: 358.52pt;\" border=\"0\" width=\"478\" cellspacing=\"0\" cellpadding=\"0\">\n<tbody>\n<tr style=\"height: 17.25pt;\">\n<td class=\"et3\" style=\"height: 17.25pt; width: 125.00pt;\" width=\"166\" height=\"23\">Fabricant<\/td>\n<td class=\"et3\" style=\"width: 234.15pt;\" width=\"312\">HanYu<\/td>\n<\/tr>\n<tr style=\"height: 17.25pt;\">\n<td class=\"et3\" style=\"height: 17.25pt;\" height=\"23\">Num\u00e9ro de mod\u00e8le.<\/td>\n<td class=\"et4\">HY-8228A<\/td>\n<\/tr>\n<tr style=\"height: 17.25pt;\">\n<td class=\"et3\" style=\"height: 17.25pt;\" height=\"23\">Type<\/td>\n<td class=\"et5\" style=\"width: 234.15pt;\" width=\"312\">Eviers semi-encastr\u00e9s<\/td>\n<\/tr>\n<tr style=\"height: 18.00pt;\">\n<td class=\"et3\" style=\"height: 18.00pt;\" height=\"24\">Forme<\/td>\n<td class=\"et3\">Forme carr\u00e9e<\/td>\n<\/tr>\n<tr style=\"height: 34.50pt;\">\n<td class=\"et4\" style=\"height: 34.50pt;\" height=\"46\">Couleur<\/td>\n<td class=\"et5\" style=\"width: 234.15pt;\" width=\"312\">noir\/blanc\/bleu\/gris\/rose\/vert\/marron\/kaki<\/td>\n<\/tr>\n<tr style=\"height: 18.00pt;\">\n<td class=\"et3\" style=\"height: 18.00pt;\" height=\"24\">Dimension<\/td>\n<td class=\"et5\" style=\"width: 234.15pt;\" width=\"312\">42.5*42.5*13<\/td>\n<\/tr>\n<tr style=\"height: 17.25pt;\">\n<td class=\"et3\" style=\"height: 17.25pt;\" height=\"23\">N.W \/SET<\/td>\n<td class=\"et3\">12KGS\/PCS<\/td>\n<\/tr>\n<tr style=\"height: 17.25pt;\">\n<td class=\"et3\" style=\"height: 17.25pt;\" height=\"23\">MOQ<\/td>\n<td class=\"et3\">20pcs<\/td>\n<\/tr>\n<tr style=\"height: 17.25pt;\">\n<td class=\"et3\" style=\"height: 17.25pt;\" height=\"23\">Option personnalis\u00e9e<\/td>\n<td class=\"et3\">Couleur\/Pattenue\/Taille\/Logo\/Emballage<\/td>\n<\/tr>\n<\/tbody>\n<\/table>","protected":false},"featured_media":6426,"comment_status":"closed","ping_status":"closed","template":"","meta":{"_acf_changed":false},"product_brand":[],"product_cat":[58],"product_tag":[],"class_list":{"0":"post-6425","1":"product","2":"type-product","3":"status-publish","4":"has-post-thumbnail","6":"product_cat-wholesale-semi-recessed-sinks","8":"first","9":"instock","10":"shipping-taxable","11":"product-type-simple"},"acf":[],"_links":{"self":[{"href":"https:\/\/www.ceramicbasin.com\/fr\/wp-json\/wp\/v2\/product\/6425","targetHints":{"allow":["GET"]}}],"collection":[{"href":"https:\/\/www.ceramicbasin.com\/fr\/wp-json\/wp\/v2\/product"}],"about":[{"href":"https:\/\/www.ceramicbasin.com\/fr\/wp-json\/wp\/v2\/types\/product"}],"replies":[{"embeddable":true,"href":"https:\/\/www.ceramicbasin.com\/fr\/wp-json\/wp\/v2\/comments?post=6425"}],"wp:featuredmedia":[{"embeddable":true,"href":"https:\/\/www.ceramicbasin.com\/fr\/wp-json\/wp\/v2\/media\/6426"}],"wp:attachment":[{"href":"https:\/\/www.ceramicbasin.com\/fr\/wp-json\/wp\/v2\/media?parent=6425"}],"wp:term":[{"taxonomy":"product_brand","embeddable":true,"href":"https:\/\/www.ceramicbasin.com\/fr\/wp-json\/wp\/v2\/product_brand?post=6425"},{"taxonomy":"product_cat","embeddable":true,"href":"https:\/\/www.ceramicbasin.com\/fr\/wp-json\/wp\/v2\/product_cat?post=6425"},{"taxonomy":"product_tag","embeddable":true,"href":"https:\/\/www.ceramicbasin.com\/fr\/wp-json\/wp\/v2\/product_tag?post=6425"}],"curies":[{"name":"wp","href":"https:\/\/api.w.org\/{rel}","templated":true}]}}