{"id":6431,"date":"2025-03-20T02:38:52","date_gmt":"2025-03-20T02:38:52","guid":{"rendered":"https:\/\/www.ceramicbasin.com\/?post_type=product&#038;p=6431"},"modified":"2025-03-20T02:38:55","modified_gmt":"2025-03-20T02:38:55","slug":"semi-recessed-basins-wholesale-2","status":"publish","type":"product","link":"https:\/\/www.ceramicbasin.com\/fr\/produit\/semi-recessed-basins-wholesale-2\/","title":{"rendered":"Approvisionnement d'usine Bassins semi-encastr\u00e9s Vente en gros et personnalisation"},"content":{"rendered":"<div class=\"wp-block-columns is-layout-flex wp-container-core-columns-is-layout-9d6595d7 wp-block-columns-is-layout-flex\">\n<div class=\"wp-block-column is-layout-flow wp-block-column-is-layout-flow\">\n<h2 class=\"wp-block-heading\">Premium Semi Recessed Basins Wholesale Features :<\/h2>\n\n\n\n<ul class=\"wp-block-list\">\n<li><strong>Vente directe \u00e0 l'usine :\u00a0<\/strong>Les lavabos semi-encastr\u00e9s en gros de HanYu sont vendus directement par l'usine, sans diff\u00e9rence de prix dans l'interm\u00e9diaire et l'achat en vrac de lavabos de salle de bain vous assure d'acheter des lavabos de salle de bain de haute qualit\u00e9 en vrac au prix le plus bas.<\/li>\n\n\n\n<li><strong>Mat\u00e9riau c\u00e9ramique de haute qualit\u00e9 :\u00a0<\/strong>Les \u00e9viers de salle de bain en gros de HanYu sont fabriqu\u00e9s \u00e0 partir de mati\u00e8res premi\u00e8res c\u00e9ramiques de haute qualit\u00e9, cuites \u00e0 haute temp\u00e9rature, avec une texture solide et une surface lisse, et peuvent emp\u00eacher la salet\u00e9 d'y adh\u00e9rer.<\/li>\n\n\n\n<li><strong>S\u00e9lection vari\u00e9e :\u00a0<\/strong>Nous avons diff\u00e9rents styles, tailles et couleurs de lavabos semi-encastr\u00e9s en gros pour r\u00e9pondre \u00e0 vos besoins, qui sont compatibles avec diff\u00e9rents styles de salle de bains et peuvent \u00eatre facilement int\u00e9gr\u00e9s dans n'importe quel plan de d\u00e9coration.<\/li>\n\n\n\n<li><strong>Remise sur les achats en gros :\u00a0<\/strong>Nous offrons des remises en gros pour les \u00e9viers de cuve en gros pour les bacs de salle de bain pour les exigences des b\u00e2timents commerciaux, ou la d\u00e9coration r\u00e9sidentielle en gros.<\/li>\n<\/ul>\n<\/div>\n\n\n\n<div class=\"wp-block-column is-layout-flow wp-block-column-is-layout-flow\">\n<figure class=\"wp-block-image size-full\"><img fetchpriority=\"high\" decoding=\"async\" width=\"1348\" height=\"1348\" src=\"https:\/\/www.ceramicbasin.com\/wp-content\/uploads\/2025\/03\/Factory-Supply-Ceramic-Vanity-Sinks-For-Bathroom-Semi-recessed-Basin-5.webp\" alt=\"Approvisionnement d&#039;usine Bassins semi-encastr\u00e9s Vente en gros et personnalisation-1\" class=\"wp-image-6436\" srcset=\"https:\/\/www.ceramicbasin.com\/wp-content\/uploads\/2025\/03\/Factory-Supply-Ceramic-Vanity-Sinks-For-Bathroom-Semi-recessed-Basin-5.webp 1348w, https:\/\/www.ceramicbasin.com\/wp-content\/uploads\/2025\/03\/Factory-Supply-Ceramic-Vanity-Sinks-For-Bathroom-Semi-recessed-Basin-5-300x300.webp 300w, https:\/\/www.ceramicbasin.com\/wp-content\/uploads\/2025\/03\/Factory-Supply-Ceramic-Vanity-Sinks-For-Bathroom-Semi-recessed-Basin-5-150x150.webp 150w, https:\/\/www.ceramicbasin.com\/wp-content\/uploads\/2025\/03\/Factory-Supply-Ceramic-Vanity-Sinks-For-Bathroom-Semi-recessed-Basin-5-768x768.webp 768w, https:\/\/www.ceramicbasin.com\/wp-content\/uploads\/2025\/03\/Factory-Supply-Ceramic-Vanity-Sinks-For-Bathroom-Semi-recessed-Basin-5-12x12.webp 12w, https:\/\/www.ceramicbasin.com\/wp-content\/uploads\/2025\/03\/Factory-Supply-Ceramic-Vanity-Sinks-For-Bathroom-Semi-recessed-Basin-5-285x285.webp 285w, https:\/\/www.ceramicbasin.com\/wp-content\/uploads\/2025\/03\/Factory-Supply-Ceramic-Vanity-Sinks-For-Bathroom-Semi-recessed-Basin-5-270x270.webp 270w, https:\/\/www.ceramicbasin.com\/wp-content\/uploads\/2025\/03\/Factory-Supply-Ceramic-Vanity-Sinks-For-Bathroom-Semi-recessed-Basin-5-540x540.webp 540w, https:\/\/www.ceramicbasin.com\/wp-content\/uploads\/2025\/03\/Factory-Supply-Ceramic-Vanity-Sinks-For-Bathroom-Semi-recessed-Basin-5-660x660.webp 660w\" sizes=\"(max-width: 1348px) 100vw, 1348px\" \/><\/figure>\n<\/div>\n<\/div>","protected":false},"excerpt":{"rendered":"<p>Bienvenue pour l'achat en gros de vasques de salle de bain. Nos vasques semi-encastr\u00e9es en gros se distinguent par un design exquis et des mat\u00e9riaux c\u00e9ramiques de haute qualit\u00e9, ce qui en fait un choix id\u00e9al pour la d\u00e9coration de la salle de bains. Le design \u00e9pur\u00e9 et le traitement des bords arrondis sont d'une beaut\u00e9 artistique extraordinaire. Les achats en gros peuvent b\u00e9n\u00e9ficier d'un meilleur rapport qualit\u00e9-prix.<\/p>\n<table style=\"border-collapse: collapse; width: 358.52pt;\" border=\"0\" width=\"478\" cellspacing=\"0\" cellpadding=\"0\">\n<tbody>\n<tr style=\"height: 17.25pt;\">\n<td class=\"et3\" style=\"height: 17.25pt; width: 125.00pt;\" width=\"166\" height=\"23\">Fabricant<\/td>\n<td class=\"et3\" style=\"width: 234.15pt;\" width=\"312\">HanYu<\/td>\n<\/tr>\n<tr style=\"height: 17.25pt;\">\n<td class=\"et3\" style=\"height: 17.25pt;\" height=\"23\">Num\u00e9ro de mod\u00e8le.<\/td>\n<td class=\"et4\">HY-8229A<\/td>\n<\/tr>\n<tr style=\"height: 17.25pt;\">\n<td class=\"et3\" style=\"height: 17.25pt;\" height=\"23\">Type<\/td>\n<td class=\"et5\" style=\"width: 234.15pt;\" width=\"312\">Eviers semi-encastr\u00e9s<\/td>\n<\/tr>\n<tr style=\"height: 18.00pt;\">\n<td class=\"et3\" style=\"height: 18.00pt;\" height=\"24\">Forme<\/td>\n<td class=\"et3\">Forme rectangulaire<\/td>\n<\/tr>\n<tr style=\"height: 34.50pt;\">\n<td class=\"et4\" style=\"height: 34.50pt;\" height=\"46\">Couleur<\/td>\n<td class=\"et5\" style=\"width: 234.15pt;\" width=\"312\">noir\/blanc\/bleu\/gris\/rose\/vert\/marron\/kaki<\/td>\n<\/tr>\n<tr style=\"height: 18.00pt;\">\n<td class=\"et3\" style=\"height: 18.00pt;\" height=\"24\">Dimension<\/td>\n<td class=\"et5\" style=\"width: 234.15pt;\" width=\"312\">50.5*42*13<\/td>\n<\/tr>\n<tr style=\"height: 17.25pt;\">\n<td class=\"et3\" style=\"height: 17.25pt;\" height=\"23\">N.W \/SET<\/td>\n<td class=\"et3\">13.5KGS\/PCS<\/td>\n<\/tr>\n<tr style=\"height: 17.25pt;\">\n<td class=\"et3\" style=\"height: 17.25pt;\" height=\"23\">MOQ<\/td>\n<td class=\"et3\">20pcs<\/td>\n<\/tr>\n<tr style=\"height: 17.25pt;\">\n<td class=\"et3\" style=\"height: 17.25pt;\" height=\"23\">Option personnalis\u00e9e<\/td>\n<td class=\"et3\">Couleur\/Pattenue\/Taille\/Logo\/Emballage<\/td>\n<\/tr>\n<\/tbody>\n<\/table>","protected":false},"featured_media":6435,"comment_status":"closed","ping_status":"closed","template":"","meta":{"_acf_changed":false},"product_brand":[],"product_cat":[58],"product_tag":[],"class_list":{"0":"post-6431","1":"product","2":"type-product","3":"status-publish","4":"has-post-thumbnail","6":"product_cat-wholesale-semi-recessed-sinks","8":"first","9":"instock","10":"shipping-taxable","11":"product-type-simple"},"acf":[],"_links":{"self":[{"href":"https:\/\/www.ceramicbasin.com\/fr\/wp-json\/wp\/v2\/product\/6431","targetHints":{"allow":["GET"]}}],"collection":[{"href":"https:\/\/www.ceramicbasin.com\/fr\/wp-json\/wp\/v2\/product"}],"about":[{"href":"https:\/\/www.ceramicbasin.com\/fr\/wp-json\/wp\/v2\/types\/product"}],"replies":[{"embeddable":true,"href":"https:\/\/www.ceramicbasin.com\/fr\/wp-json\/wp\/v2\/comments?post=6431"}],"wp:featuredmedia":[{"embeddable":true,"href":"https:\/\/www.ceramicbasin.com\/fr\/wp-json\/wp\/v2\/media\/6435"}],"wp:attachment":[{"href":"https:\/\/www.ceramicbasin.com\/fr\/wp-json\/wp\/v2\/media?parent=6431"}],"wp:term":[{"taxonomy":"product_brand","embeddable":true,"href":"https:\/\/www.ceramicbasin.com\/fr\/wp-json\/wp\/v2\/product_brand?post=6431"},{"taxonomy":"product_cat","embeddable":true,"href":"https:\/\/www.ceramicbasin.com\/fr\/wp-json\/wp\/v2\/product_cat?post=6431"},{"taxonomy":"product_tag","embeddable":true,"href":"https:\/\/www.ceramicbasin.com\/fr\/wp-json\/wp\/v2\/product_tag?post=6431"}],"curies":[{"name":"wp","href":"https:\/\/api.w.org\/{rel}","templated":true}]}}