{"id":6514,"date":"2025-04-03T02:56:23","date_gmt":"2025-04-03T02:56:23","guid":{"rendered":"https:\/\/www.ceramicbasin.com\/?post_type=product&#038;p=6514"},"modified":"2025-11-05T06:15:25","modified_gmt":"2025-11-05T06:15:25","slug":"square-semi-recessed-basins-wholesale","status":"publish","type":"product","link":"https:\/\/www.ceramicbasin.com\/fr\/produit\/square-semi-recessed-basins-wholesale\/","title":{"rendered":"Bassins carr\u00e9s semi-encastr\u00e9s Wholesale with Custom Service"},"content":{"rendered":"<div class=\"wp-block-columns is-layout-flex wp-container-core-columns-is-layout-9d6595d7 wp-block-columns-is-layout-flex\">\n<div class=\"wp-block-column is-layout-flow wp-block-column-is-layout-flow\">\n<h2 class=\"wp-block-heading\">Premium Square Semi Recessed Basins Wholesale Features :<\/h2>\n\n\n\n<ul class=\"wp-block-list\">\n<li><strong>Gla\u00e7age tr\u00e8s brillant, luminosit\u00e9 durable : <\/strong>Nos vasques carr\u00e9es semi-encastr\u00e9es utilisent une technologie avanc\u00e9e de gla\u00e7age \u00e0 haute temp\u00e9rature, la surface est lisse et fragile, anti-t\u00e2ches et facile \u00e0 nettoyer, m\u00eame apr\u00e8s des ann\u00e9es d'utilisation, elle reste brillante comme si elle \u00e9tait neuve.<\/li>\n\n\n\n<li><strong>Motif carr\u00e9 semi-incrust\u00e9 :<\/strong> \u00e0 la fois modernes et pratiques, peu encombrants, nos lavabos en c\u00e9ramique sur mesure offrent \u00e9galement un grand espace pour se laver, et conviennent \u00e0 l'am\u00e9nagement des petites salles de bains et des petites salles de bains.<\/li>\n\n\n\n<li><strong>Design \u00e9l\u00e9gant :<\/strong> Nos vasques en c\u00e9ramique personnalis\u00e9es apportent une touche d'\u00e9l\u00e9gance et de contemporan\u00e9it\u00e9 \u00e0 toute salle de bains et en font une pi\u00e8ce ma\u00eetresse chic.<\/li>\n\n\n\n<li><strong>Vente directe \u00e0 l'usine :<\/strong>\u00a0Les lavabos carr\u00e9s semi-encastr\u00e9s de HanYu sont vendus directement par l'usine, \u00e9liminant ainsi la diff\u00e9rence de prix des interm\u00e9diaires. L'achat en gros de lavabos de salle de bain vous assure d'acheter des lavabos de salle de bain de haute qualit\u00e9 en gros au prix le plus bas.<\/li>\n<\/ul>\n<\/div>\n\n\n\n<div class=\"wp-block-column is-layout-flow wp-block-column-is-layout-flow\">\n<figure class=\"wp-block-image size-full\"><img fetchpriority=\"high\" decoding=\"async\" width=\"800\" height=\"800\" src=\"https:\/\/www.ceramicbasin.com\/wp-content\/uploads\/2025\/04\/semi-recessed-basins\uff0cbathroom-vanity-sinks\uff0cvessel-sink6.webp\" alt=\"square-semi-bassins encastr\u00e9s-wholesale-ceramic-wash-basins-custom-1\" class=\"wp-image-6520\" srcset=\"https:\/\/www.ceramicbasin.com\/wp-content\/uploads\/2025\/04\/semi-recessed-basins\uff0cbathroom-vanity-sinks\uff0cvessel-sink6.webp 800w, https:\/\/www.ceramicbasin.com\/wp-content\/uploads\/2025\/04\/semi-recessed-basins\uff0cbathroom-vanity-sinks\uff0cvessel-sink6-300x300.webp 300w, https:\/\/www.ceramicbasin.com\/wp-content\/uploads\/2025\/04\/semi-recessed-basins\uff0cbathroom-vanity-sinks\uff0cvessel-sink6-150x150.webp 150w, https:\/\/www.ceramicbasin.com\/wp-content\/uploads\/2025\/04\/semi-recessed-basins\uff0cbathroom-vanity-sinks\uff0cvessel-sink6-768x768.webp 768w, https:\/\/www.ceramicbasin.com\/wp-content\/uploads\/2025\/04\/semi-recessed-basins\uff0cbathroom-vanity-sinks\uff0cvessel-sink6-12x12.webp 12w, https:\/\/www.ceramicbasin.com\/wp-content\/uploads\/2025\/04\/semi-recessed-basins\uff0cbathroom-vanity-sinks\uff0cvessel-sink6-285x285.webp 285w, https:\/\/www.ceramicbasin.com\/wp-content\/uploads\/2025\/04\/semi-recessed-basins\uff0cbathroom-vanity-sinks\uff0cvessel-sink6-270x270.webp 270w, https:\/\/www.ceramicbasin.com\/wp-content\/uploads\/2025\/04\/semi-recessed-basins\uff0cbathroom-vanity-sinks\uff0cvessel-sink6-540x540.webp 540w, https:\/\/www.ceramicbasin.com\/wp-content\/uploads\/2025\/04\/semi-recessed-basins\uff0cbathroom-vanity-sinks\uff0cvessel-sink6-660x660.webp 660w\" sizes=\"(max-width: 800px) 100vw, 800px\" \/><\/figure>\n<\/div>\n<\/div>","protected":false},"excerpt":{"rendered":"<p>Bienvenue sur notre site de vente en gros de lavabos carr\u00e9s semi-encastr\u00e9s. Nos lavabos en c\u00e9ramique personnalis\u00e9s apportent une touche d'\u00e9l\u00e9gance et de contemporan\u00e9it\u00e9 \u00e0 toute salle de bains, faisant d'eux une pi\u00e8ce ma\u00eetresse chic. Son profil fin et son installation semi-encastr\u00e9e simple en font une excellente option pour les salles de bains contemporaines, qui peuvent \u00eatre utilis\u00e9es pour des applications r\u00e9sidentielles, h\u00f4teli\u00e8res et commerciales.<\/p>\n<table style=\"border-collapse: collapse; width: 358.52pt;\" border=\"0\" width=\"478\" cellspacing=\"0\" cellpadding=\"0\">\n<tbody>\n<tr style=\"height: 17.25pt;\">\n<td class=\"et3\" style=\"height: 17.25pt; width: 125.00pt;\" width=\"166\" height=\"23\">Fabricant<\/td>\n<td class=\"et3\" style=\"width: 234.15pt;\" width=\"312\">HanYu<\/td>\n<\/tr>\n<tr style=\"height: 17.25pt;\">\n<td class=\"et3\" style=\"height: 17.25pt;\" height=\"23\">Num\u00e9ro de mod\u00e8le.<\/td>\n<td class=\"et4\">HY-5307A<\/td>\n<\/tr>\n<tr style=\"height: 17.25pt;\">\n<td class=\"et3\" style=\"height: 17.25pt;\" height=\"23\">Type<\/td>\n<td class=\"et5\" style=\"width: 234.15pt;\" width=\"312\">Eviers semi-encastr\u00e9s<\/td>\n<\/tr>\n<tr style=\"height: 18.00pt;\">\n<td class=\"et3\" style=\"height: 18.00pt;\" height=\"24\">Forme<\/td>\n<td class=\"et3\">Forme carr\u00e9e<\/td>\n<\/tr>\n<tr style=\"height: 34.50pt;\">\n<td class=\"et4\" style=\"height: 34.50pt;\" height=\"46\">Couleur<\/td>\n<td class=\"et5\" style=\"width: 234.15pt;\" width=\"312\">noir\/blanc\/bleu\/gris\/rose\/vert\/marron\/kaki<\/td>\n<\/tr>\n<tr style=\"height: 18.00pt;\">\n<td class=\"et3\" style=\"height: 18.00pt;\" height=\"24\">Dimension<\/td>\n<td class=\"et5\" style=\"width: 234.15pt;\" width=\"312\">45.5*45.5*16.5<\/td>\n<\/tr>\n<tr style=\"height: 17.25pt;\">\n<td class=\"et3\" style=\"height: 17.25pt;\" height=\"23\">N.W \/SET<\/td>\n<td class=\"et3\">16KGS\/PCS<\/td>\n<\/tr>\n<tr style=\"height: 17.25pt;\">\n<td class=\"et3\" style=\"height: 17.25pt;\" height=\"23\">MOQ<\/td>\n<td class=\"et3\">20pcs<\/td>\n<\/tr>\n<tr style=\"height: 17.25pt;\">\n<td class=\"et3\" style=\"height: 17.25pt;\" height=\"23\">Option personnalis\u00e9e<\/td>\n<td class=\"et3\">Couleur\/Pattenue\/Taille\/Logo\/Emballage<\/td>\n<\/tr>\n<\/tbody>\n<\/table>","protected":false},"featured_media":6516,"comment_status":"closed","ping_status":"closed","template":"","meta":{"_acf_changed":false},"product_brand":[],"product_cat":[58],"product_tag":[],"class_list":{"0":"post-6514","1":"product","2":"type-product","3":"status-publish","4":"has-post-thumbnail","6":"product_cat-wholesale-semi-recessed-sinks","8":"first","9":"instock","10":"shipping-taxable","11":"product-type-simple"},"acf":[],"_links":{"self":[{"href":"https:\/\/www.ceramicbasin.com\/fr\/wp-json\/wp\/v2\/product\/6514","targetHints":{"allow":["GET"]}}],"collection":[{"href":"https:\/\/www.ceramicbasin.com\/fr\/wp-json\/wp\/v2\/product"}],"about":[{"href":"https:\/\/www.ceramicbasin.com\/fr\/wp-json\/wp\/v2\/types\/product"}],"replies":[{"embeddable":true,"href":"https:\/\/www.ceramicbasin.com\/fr\/wp-json\/wp\/v2\/comments?post=6514"}],"wp:featuredmedia":[{"embeddable":true,"href":"https:\/\/www.ceramicbasin.com\/fr\/wp-json\/wp\/v2\/media\/6516"}],"wp:attachment":[{"href":"https:\/\/www.ceramicbasin.com\/fr\/wp-json\/wp\/v2\/media?parent=6514"}],"wp:term":[{"taxonomy":"product_brand","embeddable":true,"href":"https:\/\/www.ceramicbasin.com\/fr\/wp-json\/wp\/v2\/product_brand?post=6514"},{"taxonomy":"product_cat","embeddable":true,"href":"https:\/\/www.ceramicbasin.com\/fr\/wp-json\/wp\/v2\/product_cat?post=6514"},{"taxonomy":"product_tag","embeddable":true,"href":"https:\/\/www.ceramicbasin.com\/fr\/wp-json\/wp\/v2\/product_tag?post=6514"}],"curies":[{"name":"wp","href":"https:\/\/api.w.org\/{rel}","templated":true}]}}