{"id":6521,"date":"2025-04-03T03:13:02","date_gmt":"2025-04-03T03:13:02","guid":{"rendered":"https:\/\/www.ceramicbasin.com\/?post_type=product&#038;p=6521"},"modified":"2025-11-05T06:13:56","modified_gmt":"2025-11-05T06:13:56","slug":"drop-in-wash-basin-wholesale","status":"publish","type":"product","link":"https:\/\/www.ceramicbasin.com\/fr\/produit\/drop-in-wash-basin-wholesale\/","title":{"rendered":"Lavabo \u00e0 encastrer durable Wholesale, Custom Ceramic Sinks (\u00e9viers en c\u00e9ramique sur mesure)"},"content":{"rendered":"<div class=\"wp-block-columns is-layout-flex wp-container-core-columns-is-layout-9d6595d7 wp-block-columns-is-layout-flex\">\n<div class=\"wp-block-column is-layout-flow wp-block-column-is-layout-flow\">\n<h2 class=\"wp-block-heading\">Premium Drop In Wash Basin Wholesale Features :<\/h2>\n\n\n\n<ul class=\"wp-block-list\">\n<li><strong>Choix personnalis\u00e9s : <\/strong>Le lavabo rectangulaire est disponible en gros en diff\u00e9rentes couleurs, traitements de surface et emballages personnalis\u00e9s afin que vous puissiez personnaliser le produit en fonction de votre propre marque et des besoins du march\u00e9.<\/li>\n\n\n\n<li><strong>Mat\u00e9riau c\u00e9ramique de haute qualit\u00e9, durable et n\u00e9cessitant peu d'entretien :<\/strong> Ces lavabos sur mesure sont fabriqu\u00e9s \u00e0 partir de mati\u00e8res premi\u00e8res c\u00e9ramiques de haute qualit\u00e9 et cuits \u00e0 haute temp\u00e9rature. La surface est lisse et dure, r\u00e9sistante aux rayures et aux fissures. L'\u00e9mail poss\u00e8de un excellent effet antisalissure ; le calcaire et les taches adh\u00e8rent \u00e0 peine.<\/li>\n\n\n\n<li><strong>Conception d'installation int\u00e9gr\u00e9e, processus de construction simplifi\u00e9 :<\/strong> La m\u00e9thode unique d'installation encastr\u00e9e permet non seulement d'\u00e9conomiser de l'espace sur le comptoir, mais aussi de garantir la stabilit\u00e9 et la praticit\u00e9 de ces lavabos sur mesure. Sa structure simple et son fonctionnement ais\u00e9 r\u00e9duisent consid\u00e9rablement la difficult\u00e9 d'installation, ce qui en fait un choix id\u00e9al pour la d\u00e9coration int\u00e9rieure et les projets commerciaux.<\/li>\n\n\n\n<li><strong>Remise sur les achats en gros :<\/strong>\u00a0Nous proposons des remises en gros pour les lavabos \u00e0 poser afin de r\u00e9pondre aux besoins des projets commerciaux ou de la d\u00e9coration r\u00e9sidentielle \u00e0 grande \u00e9chelle.<\/li>\n<\/ul>\n<\/div>\n\n\n\n<div class=\"wp-block-column is-layout-flow wp-block-column-is-layout-flow\">\n<figure class=\"wp-block-image size-full\"><img fetchpriority=\"high\" decoding=\"async\" width=\"800\" height=\"800\" src=\"https:\/\/www.ceramicbasin.com\/wp-content\/uploads\/2025\/04\/custom-made-drop-in-sinks\uff0cWholesale-Commercial-Drop-In-Sinks\uff0cwholesale-sink-suppliers6.webp\" alt=\"hot-selling-rectangular-drop-in-wash-basin-wholesale-durable-custom-wash-basin-1\" class=\"wp-image-6527\" srcset=\"https:\/\/www.ceramicbasin.com\/wp-content\/uploads\/2025\/04\/custom-made-drop-in-sinks\uff0cWholesale-Commercial-Drop-In-Sinks\uff0cwholesale-sink-suppliers6.webp 800w, https:\/\/www.ceramicbasin.com\/wp-content\/uploads\/2025\/04\/custom-made-drop-in-sinks\uff0cWholesale-Commercial-Drop-In-Sinks\uff0cwholesale-sink-suppliers6-300x300.webp 300w, https:\/\/www.ceramicbasin.com\/wp-content\/uploads\/2025\/04\/custom-made-drop-in-sinks\uff0cWholesale-Commercial-Drop-In-Sinks\uff0cwholesale-sink-suppliers6-150x150.webp 150w, https:\/\/www.ceramicbasin.com\/wp-content\/uploads\/2025\/04\/custom-made-drop-in-sinks\uff0cWholesale-Commercial-Drop-In-Sinks\uff0cwholesale-sink-suppliers6-768x768.webp 768w, https:\/\/www.ceramicbasin.com\/wp-content\/uploads\/2025\/04\/custom-made-drop-in-sinks\uff0cWholesale-Commercial-Drop-In-Sinks\uff0cwholesale-sink-suppliers6-12x12.webp 12w, https:\/\/www.ceramicbasin.com\/wp-content\/uploads\/2025\/04\/custom-made-drop-in-sinks\uff0cWholesale-Commercial-Drop-In-Sinks\uff0cwholesale-sink-suppliers6-285x285.webp 285w, https:\/\/www.ceramicbasin.com\/wp-content\/uploads\/2025\/04\/custom-made-drop-in-sinks\uff0cWholesale-Commercial-Drop-In-Sinks\uff0cwholesale-sink-suppliers6-270x270.webp 270w, https:\/\/www.ceramicbasin.com\/wp-content\/uploads\/2025\/04\/custom-made-drop-in-sinks\uff0cWholesale-Commercial-Drop-In-Sinks\uff0cwholesale-sink-suppliers6-540x540.webp 540w, https:\/\/www.ceramicbasin.com\/wp-content\/uploads\/2025\/04\/custom-made-drop-in-sinks\uff0cWholesale-Commercial-Drop-In-Sinks\uff0cwholesale-sink-suppliers6-660x660.webp 660w\" sizes=\"(max-width: 800px) 100vw, 800px\" \/><\/figure>\n<\/div>\n<\/div>","protected":false},"excerpt":{"rendered":"<p>Nous vous invitons \u00e0 acheter des lavabos personnalis\u00e9s HanYu. Le lavabo rectangulaire est disponible dans une vari\u00e9t\u00e9 de couleurs, de textures de surface, et l'emballage peut \u00eatre personnalis\u00e9, de sorte que vous pouvez produire le produit selon votre propre marque et la demande du march\u00e9. La gla\u00e7ure poss\u00e8de une meilleure fonction anti-salissure ; les taches et le calcaire ne s'y accrochent pas facilement. Il suffit de l'essuyer d\u00e9licatement pour lui redonner un aspect neuf, et le nettoyage quotidien devient plus facile et sans tracas.<\/p>\n<table style=\"border-collapse: collapse; width: 311.02pt;\" border=\"0\" width=\"311\" cellspacing=\"0\" cellpadding=\"0\">\n<tbody>\n<tr style=\"height: 17.60pt;\">\n<td class=\"et3\" style=\"height: 17.60pt; width: 108.35pt;\" width=\"108\" height=\"17\">Fabricant<\/td>\n<td class=\"et3\" style=\"width: 202.95pt;\" width=\"202\">HanYu<\/td>\n<\/tr>\n<tr style=\"height: 17.60pt;\">\n<td class=\"et3\" style=\"height: 17.60pt;\" height=\"17\">Num\u00e9ro de mod\u00e8le.<\/td>\n<td class=\"et4\">HY-5403<\/td>\n<\/tr>\n<tr style=\"height: 18.00pt;\">\n<td class=\"et3\" style=\"height: 18.00pt;\" height=\"18\">Type<\/td>\n<td class=\"et5\" style=\"width: 202.95pt;\" width=\"202\">Bassin d'abaissement<\/td>\n<\/tr>\n<tr style=\"height: 17.60pt;\">\n<td class=\"et3\" style=\"height: 17.60pt;\" height=\"17\">Forme<\/td>\n<td class=\"et3\">Forme rectangulaire<\/td>\n<\/tr>\n<tr style=\"height: 18.00pt;\">\n<td class=\"et4\" style=\"height: 18.00pt;\" height=\"18\">Couleur<\/td>\n<td class=\"et5\" style=\"width: 202.95pt;\" width=\"202\">Blanc<\/td>\n<\/tr>\n<tr style=\"height: 18.00pt;\">\n<td class=\"et3\" style=\"height: 18.00pt;\" height=\"18\">Dimension<\/td>\n<td class=\"et5\" style=\"width: 202.95pt;\" width=\"202\">61*47*21<\/td>\n<\/tr>\n<tr style=\"height: 17.60pt;\">\n<td class=\"et3\" style=\"height: 17.60pt;\" height=\"17\">N.W \/SET<\/td>\n<td class=\"et3\">\u00a018KGS\/PCS<\/td>\n<\/tr>\n<tr style=\"height: 17.60pt;\">\n<td class=\"et3\" style=\"height: 17.60pt;\" height=\"17\">MOQ<\/td>\n<td class=\"et3\">20pcs<\/td>\n<\/tr>\n<tr style=\"height: 17.60pt;\">\n<td class=\"et3\" style=\"height: 17.60pt;\" height=\"17\">Option personnalis\u00e9e<\/td>\n<td class=\"et3\">Couleur\/Pattenue\/Taille\/Logo\/Emballage<\/td>\n<\/tr>\n<\/tbody>\n<\/table>","protected":false},"featured_media":6525,"comment_status":"closed","ping_status":"closed","template":"","meta":{"_acf_changed":false},"product_brand":[],"product_cat":[51],"product_tag":[],"class_list":{"0":"post-6521","1":"product","2":"type-product","3":"status-publish","4":"has-post-thumbnail","6":"product_cat-wholesale-drop-in-sinks","8":"first","9":"instock","10":"shipping-taxable","11":"product-type-simple"},"acf":[],"_links":{"self":[{"href":"https:\/\/www.ceramicbasin.com\/fr\/wp-json\/wp\/v2\/product\/6521","targetHints":{"allow":["GET"]}}],"collection":[{"href":"https:\/\/www.ceramicbasin.com\/fr\/wp-json\/wp\/v2\/product"}],"about":[{"href":"https:\/\/www.ceramicbasin.com\/fr\/wp-json\/wp\/v2\/types\/product"}],"replies":[{"embeddable":true,"href":"https:\/\/www.ceramicbasin.com\/fr\/wp-json\/wp\/v2\/comments?post=6521"}],"wp:featuredmedia":[{"embeddable":true,"href":"https:\/\/www.ceramicbasin.com\/fr\/wp-json\/wp\/v2\/media\/6525"}],"wp:attachment":[{"href":"https:\/\/www.ceramicbasin.com\/fr\/wp-json\/wp\/v2\/media?parent=6521"}],"wp:term":[{"taxonomy":"product_brand","embeddable":true,"href":"https:\/\/www.ceramicbasin.com\/fr\/wp-json\/wp\/v2\/product_brand?post=6521"},{"taxonomy":"product_cat","embeddable":true,"href":"https:\/\/www.ceramicbasin.com\/fr\/wp-json\/wp\/v2\/product_cat?post=6521"},{"taxonomy":"product_tag","embeddable":true,"href":"https:\/\/www.ceramicbasin.com\/fr\/wp-json\/wp\/v2\/product_tag?post=6521"}],"curies":[{"name":"wp","href":"https:\/\/api.w.org\/{rel}","templated":true}]}}