{"id":6529,"date":"2025-04-03T06:22:55","date_gmt":"2025-04-03T06:22:55","guid":{"rendered":"https:\/\/www.ceramicbasin.com\/?post_type=product&#038;p=6529"},"modified":"2025-11-05T06:11:05","modified_gmt":"2025-11-05T06:11:05","slug":"custom-drop-in-sink","status":"publish","type":"product","link":"https:\/\/www.ceramicbasin.com\/fr\/produit\/custom-drop-in-sink\/","title":{"rendered":"Bulk Custom Drop In Sink, Rectangular Wash Basin Wholesale"},"content":{"rendered":"<div class=\"wp-block-columns is-layout-flex wp-container-core-columns-is-layout-9d6595d7 wp-block-columns-is-layout-flex\">\n<div class=\"wp-block-column is-layout-flow wp-block-column-is-layout-flow\">\n<h2 class=\"wp-block-heading\">Caract\u00e9ristiques de l'\u00e9vier encastr\u00e9 sur mesure de premi\u00e8re qualit\u00e9 :<\/h2>\n\n\n\n<ul class=\"wp-block-list\">\n<li><strong>Ventes \u00e0 chaud :<\/strong> Ce lavabo en c\u00e9ramique est bien accueilli par le march\u00e9 en raison de sa durabilit\u00e9, de sa couleur uniforme, de sa facilit\u00e9 de nettoyage et d'entretien, et de son co\u00fbt \u00e9lev\u00e9.<\/li>\n\n\n\n<li><strong>Mat\u00e9riau c\u00e9ramique de haute qualit\u00e9, durable et facile \u00e0 nettoyer :<\/strong> Ces \u00e9viers encastrables sur mesure sont fabriqu\u00e9s \u00e0 partir de mati\u00e8res premi\u00e8res c\u00e9ramiques de haute qualit\u00e9 et cuits \u00e0 haute temp\u00e9rature. La surface est solide et lisse, r\u00e9sistante aux rayures et ne se fissure pas facilement. L'\u00e9mail a d'excellentes performances anti-salissures ; les taches et le calcaire n'y adh\u00e8rent pas facilement. Il suffit de l'essuyer doucement pour qu'il reste aussi propre qu'\u00e0 l'\u00e9tat neuf, ce qui rend le nettoyage quotidien plus facile et sans souci.<\/li>\n\n\n\n<li><strong>Large champ d'application :<\/strong> Les gens aspirent \u00e0 une qualit\u00e9 de vie de plus en plus \u00e9lev\u00e9e, ainsi qu'\u00e0 un service de plus en plus performant dans les lieux publics. Les lavabos ne sont plus seulement destin\u00e9s \u00e0 la salle de bain, nos lavabos en marbre conviennent \u00e9galement aux gares ferroviaires \u00e0 grande vitesse, aux stations de m\u00e9tro, aux centres commerciaux, aux salles de bain des restaurants, aux h\u00f4pitaux et \u00e0 d'autres endroits.<\/li>\n\n\n\n<li><strong>Service de fourniture directe \u00e0 l'usine, rentable et personnalisable :<\/strong> Ces lavabos \u00e0 encastrer personnalis\u00e9s sont directement fournis par des fabricants professionnels de lavabos de salle de bain en c\u00e9ramique, ce qui permet de r\u00e9duire les liens interm\u00e9diaires et d'\u00eatre comp\u00e9titif sur les prix du march\u00e9. Nous pouvons fournir des services personnalis\u00e9s diversifi\u00e9s en fonction des besoins des clients, qu'il s'agisse de la taille, de la couleur ou de la conception d\u00e9taill\u00e9e, et nous pouvons toujours r\u00e9pondre aux besoins de tous les march\u00e9s et projets diff\u00e9rents.<\/li>\n<\/ul>\n<\/div>\n\n\n\n<div class=\"wp-block-column is-layout-flow wp-block-column-is-layout-flow\">\n<figure class=\"wp-block-image size-full\"><img fetchpriority=\"high\" decoding=\"async\" width=\"800\" height=\"800\" src=\"https:\/\/www.ceramicbasin.com\/wp-content\/uploads\/2025\/04\/bathroom-sink-factory\uff0cwholesale-wash-basin\uff0cDrop-In-Sinks-Wholesale6.webp\" alt=\"custom-drop-in-sink-rectangular-ceramic-washbasin-wholesale-1\" class=\"wp-image-6535\" srcset=\"https:\/\/www.ceramicbasin.com\/wp-content\/uploads\/2025\/04\/bathroom-sink-factory\uff0cwholesale-wash-basin\uff0cDrop-In-Sinks-Wholesale6.webp 800w, https:\/\/www.ceramicbasin.com\/wp-content\/uploads\/2025\/04\/bathroom-sink-factory\uff0cwholesale-wash-basin\uff0cDrop-In-Sinks-Wholesale6-300x300.webp 300w, https:\/\/www.ceramicbasin.com\/wp-content\/uploads\/2025\/04\/bathroom-sink-factory\uff0cwholesale-wash-basin\uff0cDrop-In-Sinks-Wholesale6-150x150.webp 150w, https:\/\/www.ceramicbasin.com\/wp-content\/uploads\/2025\/04\/bathroom-sink-factory\uff0cwholesale-wash-basin\uff0cDrop-In-Sinks-Wholesale6-768x768.webp 768w, https:\/\/www.ceramicbasin.com\/wp-content\/uploads\/2025\/04\/bathroom-sink-factory\uff0cwholesale-wash-basin\uff0cDrop-In-Sinks-Wholesale6-12x12.webp 12w, https:\/\/www.ceramicbasin.com\/wp-content\/uploads\/2025\/04\/bathroom-sink-factory\uff0cwholesale-wash-basin\uff0cDrop-In-Sinks-Wholesale6-285x285.webp 285w, https:\/\/www.ceramicbasin.com\/wp-content\/uploads\/2025\/04\/bathroom-sink-factory\uff0cwholesale-wash-basin\uff0cDrop-In-Sinks-Wholesale6-270x270.webp 270w, https:\/\/www.ceramicbasin.com\/wp-content\/uploads\/2025\/04\/bathroom-sink-factory\uff0cwholesale-wash-basin\uff0cDrop-In-Sinks-Wholesale6-540x540.webp 540w, https:\/\/www.ceramicbasin.com\/wp-content\/uploads\/2025\/04\/bathroom-sink-factory\uff0cwholesale-wash-basin\uff0cDrop-In-Sinks-Wholesale6-660x660.webp 660w\" sizes=\"(max-width: 800px) 100vw, 800px\" \/><\/figure>\n<\/div>\n<\/div>","protected":false},"excerpt":{"rendered":"<p>Bienvenue sur notre site de vente en gros de lavabos en c\u00e9ramique. Nos lavabos en marbre conviennent \u00e9galement aux gares ferroviaires \u00e0 grande vitesse, aux stations de m\u00e9tro, aux centres commerciaux, aux salles de bains des restaurants, aux h\u00f4pitaux et \u00e0 d'autres endroits. Disponibles en diff\u00e9rentes couleurs, finitions de surface et emballages personnalisables, ils vous permettent d'adapter le produit aux besoins sp\u00e9cifiques de votre marque et de votre march\u00e9.<\/p>\n<table style=\"border-collapse: collapse; width: 311.02pt;\" border=\"0\" width=\"311\" cellspacing=\"0\" cellpadding=\"0\">\n<tbody>\n<tr style=\"height: 17.60pt;\">\n<td class=\"et3\" style=\"height: 17.60pt; width: 108.35pt;\" width=\"108\" height=\"17\">Fabricant<\/td>\n<td class=\"et3\" style=\"width: 202.95pt;\" width=\"202\">HanYu<\/td>\n<\/tr>\n<tr style=\"height: 17.60pt;\">\n<td class=\"et3\" style=\"height: 17.60pt;\" height=\"17\">Num\u00e9ro de mod\u00e8le.<\/td>\n<td class=\"et4\">HY-8066<\/td>\n<\/tr>\n<tr style=\"height: 18.00pt;\">\n<td class=\"et3\" style=\"height: 18.00pt;\" height=\"18\">Type<\/td>\n<td class=\"et5\" style=\"width: 202.95pt;\" width=\"202\">Bassin d'abaissement<\/td>\n<\/tr>\n<tr style=\"height: 17.60pt;\">\n<td class=\"et3\" style=\"height: 17.60pt;\" height=\"17\">Forme<\/td>\n<td class=\"et3\">Forme rectangulaire<\/td>\n<\/tr>\n<tr style=\"height: 18.00pt;\">\n<td class=\"et4\" style=\"height: 18.00pt;\" height=\"18\">Couleur<\/td>\n<td class=\"et5\" style=\"width: 202.95pt;\" width=\"202\">Blanc<\/td>\n<\/tr>\n<tr style=\"height: 18.00pt;\">\n<td class=\"et3\" style=\"height: 18.00pt;\" height=\"18\">Dimension<\/td>\n<td class=\"et5\" style=\"width: 202.95pt;\" width=\"202\">40.5*30.5*13<\/td>\n<\/tr>\n<tr style=\"height: 17.60pt;\">\n<td class=\"et3\" style=\"height: 17.60pt;\" height=\"17\">N.W \/SET<\/td>\n<td class=\"et3\">12 KGS\/PCS<\/td>\n<\/tr>\n<tr style=\"height: 17.60pt;\">\n<td class=\"et3\" style=\"height: 17.60pt;\" height=\"17\">MOQ<\/td>\n<td class=\"et3\">20pcs<\/td>\n<\/tr>\n<tr style=\"height: 17.60pt;\">\n<td class=\"et3\" style=\"height: 17.60pt;\" height=\"17\">Option personnalis\u00e9e<\/td>\n<td class=\"et3\">Couleur\/Pattenue\/Taille\/Logo\/Emballage<\/td>\n<\/tr>\n<\/tbody>\n<\/table>","protected":false},"featured_media":6530,"comment_status":"closed","ping_status":"closed","template":"","meta":{"_acf_changed":false},"product_brand":[],"product_cat":[51],"product_tag":[],"class_list":{"0":"post-6529","1":"product","2":"type-product","3":"status-publish","4":"has-post-thumbnail","6":"product_cat-wholesale-drop-in-sinks","8":"first","9":"instock","10":"shipping-taxable","11":"product-type-simple"},"acf":[],"_links":{"self":[{"href":"https:\/\/www.ceramicbasin.com\/fr\/wp-json\/wp\/v2\/product\/6529","targetHints":{"allow":["GET"]}}],"collection":[{"href":"https:\/\/www.ceramicbasin.com\/fr\/wp-json\/wp\/v2\/product"}],"about":[{"href":"https:\/\/www.ceramicbasin.com\/fr\/wp-json\/wp\/v2\/types\/product"}],"replies":[{"embeddable":true,"href":"https:\/\/www.ceramicbasin.com\/fr\/wp-json\/wp\/v2\/comments?post=6529"}],"wp:featuredmedia":[{"embeddable":true,"href":"https:\/\/www.ceramicbasin.com\/fr\/wp-json\/wp\/v2\/media\/6530"}],"wp:attachment":[{"href":"https:\/\/www.ceramicbasin.com\/fr\/wp-json\/wp\/v2\/media?parent=6529"}],"wp:term":[{"taxonomy":"product_brand","embeddable":true,"href":"https:\/\/www.ceramicbasin.com\/fr\/wp-json\/wp\/v2\/product_brand?post=6529"},{"taxonomy":"product_cat","embeddable":true,"href":"https:\/\/www.ceramicbasin.com\/fr\/wp-json\/wp\/v2\/product_cat?post=6529"},{"taxonomy":"product_tag","embeddable":true,"href":"https:\/\/www.ceramicbasin.com\/fr\/wp-json\/wp\/v2\/product_tag?post=6529"}],"curies":[{"name":"wp","href":"https:\/\/api.w.org\/{rel}","templated":true}]}}