{"id":6536,"date":"2025-04-03T06:46:48","date_gmt":"2025-04-03T06:46:48","guid":{"rendered":"https:\/\/www.ceramicbasin.com\/?post_type=product&#038;p=6536"},"modified":"2025-11-05T06:08:32","modified_gmt":"2025-11-05T06:08:32","slug":"custom-bath-vanity-top","status":"publish","type":"product","link":"https:\/\/www.ceramicbasin.com\/fr\/produit\/custom-bath-vanity-top\/","title":{"rendered":"Meuble de salle de bain sur mesure Meubles de salle de bain \u00e0 poser Meubles de salle de bain \u00e0 poser Bleu mat Wholesale"},"content":{"rendered":"<div class=\"wp-block-columns is-layout-flex wp-container-core-columns-is-layout-9d6595d7 wp-block-columns-is-layout-flex\">\n<div class=\"wp-block-column is-layout-flow wp-block-column-is-layout-flow\">\n<h2 class=\"wp-block-heading\">Premium Custom Bath Vanity Top Mounted Basins Features :<\/h2>\n\n\n\n<ul class=\"wp-block-list\">\n<li><strong>Bleu menthe frais, cr\u00e9ant une atmosph\u00e8re confortable :<\/strong> Cette vasque de salle de bain personnalis\u00e9e utilise un \u00e9mail mat bleu menthe doux, pr\u00e9sentant un effet visuel frais et naturel, ajoutant une touche d'\u00e9l\u00e9gance \u00e0 l'espace de la salle de bain commerciale, cr\u00e9ant une atmosph\u00e8re relaxante et confortable, et convient aux int\u00e9rieurs modernes, nordiques et minimalistes.<\/li>\n\n\n\n<li><strong>Texture mate, discr\u00e8te et haut de gamme :<\/strong> Ce plan de toilette personnalis\u00e9 utilise un traitement unique de gla\u00e7age mat, qui est d\u00e9licat et chaud, ne refl\u00e8te pas la lumi\u00e8re, peut r\u00e9duire efficacement les empreintes digitales et les taches d'eau, et maintient la propret\u00e9 et la beaut\u00e9 pendant longtemps, en pr\u00e9sentant une texture discr\u00e8te et luxueuse.<\/li>\n\n\n\n<li><strong>Montage par le haut : <\/strong>La vasque mate en vrac est stable et fiable, ce qui permet non seulement d'\u00e9conomiser de l'espace, mais aussi d'apporter une touche de modernit\u00e9 \u00e0 la salle de bains et de s'adapter \u00e0 diff\u00e9rents styles de d\u00e9coration.<\/li>\n\n\n\n<li><strong>Color\u00e9e :<\/strong> La couleur du marbre est bas\u00e9e sur un bassin ordinaire blanc brillant, qui est beau et durable. Nous proposons plus de 100 couleurs et motifs au choix, et tous les mod\u00e8les de lavabos mats en vrac peuvent \u00eatre personnalis\u00e9s en termes de couleur et de texture.<\/li>\n<\/ul>\n<\/div>\n\n\n\n<div class=\"wp-block-column is-layout-flow wp-block-column-is-layout-flow\">\n<figure class=\"wp-block-image size-full\"><img fetchpriority=\"high\" decoding=\"async\" width=\"800\" height=\"800\" src=\"https:\/\/www.ceramicbasin.com\/wp-content\/uploads\/2025\/04\/Matte-Basin-Wholesale\uff0cMatte-Vessel-Sink-\uff0ccustom-ceramic-vessel-sinks6.webp\" alt=\"custom-bath-vanity-top-hotel-rond-luxe-glazed-blue-matt-basin-in-bulk-1\" class=\"wp-image-6542\" srcset=\"https:\/\/www.ceramicbasin.com\/wp-content\/uploads\/2025\/04\/Matte-Basin-Wholesale\uff0cMatte-Vessel-Sink-\uff0ccustom-ceramic-vessel-sinks6.webp 800w, https:\/\/www.ceramicbasin.com\/wp-content\/uploads\/2025\/04\/Matte-Basin-Wholesale\uff0cMatte-Vessel-Sink-\uff0ccustom-ceramic-vessel-sinks6-300x300.webp 300w, https:\/\/www.ceramicbasin.com\/wp-content\/uploads\/2025\/04\/Matte-Basin-Wholesale\uff0cMatte-Vessel-Sink-\uff0ccustom-ceramic-vessel-sinks6-150x150.webp 150w, https:\/\/www.ceramicbasin.com\/wp-content\/uploads\/2025\/04\/Matte-Basin-Wholesale\uff0cMatte-Vessel-Sink-\uff0ccustom-ceramic-vessel-sinks6-768x768.webp 768w, https:\/\/www.ceramicbasin.com\/wp-content\/uploads\/2025\/04\/Matte-Basin-Wholesale\uff0cMatte-Vessel-Sink-\uff0ccustom-ceramic-vessel-sinks6-12x12.webp 12w, https:\/\/www.ceramicbasin.com\/wp-content\/uploads\/2025\/04\/Matte-Basin-Wholesale\uff0cMatte-Vessel-Sink-\uff0ccustom-ceramic-vessel-sinks6-285x285.webp 285w, https:\/\/www.ceramicbasin.com\/wp-content\/uploads\/2025\/04\/Matte-Basin-Wholesale\uff0cMatte-Vessel-Sink-\uff0ccustom-ceramic-vessel-sinks6-270x270.webp 270w, https:\/\/www.ceramicbasin.com\/wp-content\/uploads\/2025\/04\/Matte-Basin-Wholesale\uff0cMatte-Vessel-Sink-\uff0ccustom-ceramic-vessel-sinks6-540x540.webp 540w, https:\/\/www.ceramicbasin.com\/wp-content\/uploads\/2025\/04\/Matte-Basin-Wholesale\uff0cMatte-Vessel-Sink-\uff0ccustom-ceramic-vessel-sinks6-660x660.webp 660w\" sizes=\"(max-width: 800px) 100vw, 800px\" \/><\/figure>\n<\/div>\n<\/div>","protected":false},"excerpt":{"rendered":"<p>Bienvenue sur le site des plans de toilette sur mesure. Notre lavabo bleu mat en vrac est frais et \u00e9l\u00e9gant, adapt\u00e9 aux espaces commerciaux modernes. La surface de ce lavabo commercial en gros adopte une technologie sp\u00e9ciale de gla\u00e7age facile \u00e0 nettoyer, qui est lisse et d\u00e9licate ; les taches n'adh\u00e8rent pas facilement et sont faciles \u00e0 nettoyer.<\/p>\n<table style=\"border-collapse: collapse; width: 311.02pt;\" border=\"0\" width=\"311\" cellspacing=\"0\" cellpadding=\"0\">\n<tbody>\n<tr style=\"height: 17.60pt;\">\n<td class=\"et3\" style=\"height: 17.60pt; width: 108.35pt;\" width=\"108\" height=\"17\">Fabricant<\/td>\n<td class=\"et3\" style=\"width: 202.95pt;\" width=\"202\">HanYu<\/td>\n<\/tr>\n<tr style=\"height: 17.60pt;\">\n<td class=\"et3\" style=\"height: 17.60pt;\" height=\"17\">Num\u00e9ro de mod\u00e8le.<\/td>\n<td class=\"et4\">HY-8069PB1<\/td>\n<\/tr>\n<tr style=\"height: 17.60pt;\">\n<td class=\"et3\" style=\"height: 17.60pt;\" height=\"17\">Type<\/td>\n<td class=\"et3\">Bassin de comptoir<\/td>\n<\/tr>\n<tr style=\"height: 17.60pt;\">\n<td class=\"et3\" style=\"height: 17.60pt;\" height=\"17\">Forme<\/td>\n<td class=\"et3\">Forme ronde<\/td>\n<\/tr>\n<tr style=\"height: 17.60pt;\">\n<td class=\"et4\" style=\"height: 17.60pt;\" height=\"17\">Couleur<\/td>\n<td class=\"et3\">Bleu<\/td>\n<\/tr>\n<tr style=\"height: 18.00pt;\">\n<td class=\"et3\" style=\"height: 18.00pt;\" height=\"18\">Dimension\u00a0<\/td>\n<td class=\"et5\" style=\"width: 202.95pt;\" width=\"202\">41.5*41.5*13.5<\/td>\n<\/tr>\n<tr style=\"height: 17.60pt;\">\n<td class=\"et3\" style=\"height: 17.60pt;\" height=\"17\">N.W \/SET<\/td>\n<td class=\"et3\">8KGS\/PCS<\/td>\n<\/tr>\n<tr style=\"height: 17.60pt;\">\n<td class=\"et3\" style=\"height: 17.60pt;\" height=\"17\">MOQ<\/td>\n<td class=\"et3\">20pcs<\/td>\n<\/tr>\n<tr style=\"height: 17.60pt;\">\n<td class=\"et3\" style=\"height: 17.60pt;\" height=\"17\">Option personnalis\u00e9e<\/td>\n<td class=\"et3\">Color\/Patten\/Size\/Logo\/Package-<\/td>\n<\/tr>\n<\/tbody>\n<\/table>","protected":false},"featured_media":6540,"comment_status":"closed","ping_status":"closed","template":"","meta":{"_acf_changed":false},"product_brand":[],"product_cat":[50,55],"product_tag":[],"class_list":{"0":"post-6536","1":"product","2":"type-product","3":"status-publish","4":"has-post-thumbnail","6":"product_cat-wholesale-countertop-sinks","7":"product_cat-wholesale-matte-sinks","9":"first","10":"instock","11":"shipping-taxable","12":"product-type-simple"},"acf":[],"_links":{"self":[{"href":"https:\/\/www.ceramicbasin.com\/fr\/wp-json\/wp\/v2\/product\/6536","targetHints":{"allow":["GET"]}}],"collection":[{"href":"https:\/\/www.ceramicbasin.com\/fr\/wp-json\/wp\/v2\/product"}],"about":[{"href":"https:\/\/www.ceramicbasin.com\/fr\/wp-json\/wp\/v2\/types\/product"}],"replies":[{"embeddable":true,"href":"https:\/\/www.ceramicbasin.com\/fr\/wp-json\/wp\/v2\/comments?post=6536"}],"wp:featuredmedia":[{"embeddable":true,"href":"https:\/\/www.ceramicbasin.com\/fr\/wp-json\/wp\/v2\/media\/6540"}],"wp:attachment":[{"href":"https:\/\/www.ceramicbasin.com\/fr\/wp-json\/wp\/v2\/media?parent=6536"}],"wp:term":[{"taxonomy":"product_brand","embeddable":true,"href":"https:\/\/www.ceramicbasin.com\/fr\/wp-json\/wp\/v2\/product_brand?post=6536"},{"taxonomy":"product_cat","embeddable":true,"href":"https:\/\/www.ceramicbasin.com\/fr\/wp-json\/wp\/v2\/product_cat?post=6536"},{"taxonomy":"product_tag","embeddable":true,"href":"https:\/\/www.ceramicbasin.com\/fr\/wp-json\/wp\/v2\/product_tag?post=6536"}],"curies":[{"name":"wp","href":"https:\/\/api.w.org\/{rel}","templated":true}]}}