{"id":6596,"date":"2025-04-17T03:28:55","date_gmt":"2025-04-17T03:28:55","guid":{"rendered":"https:\/\/www.ceramicbasin.com\/?post_type=product&#038;p=6596"},"modified":"2025-04-22T02:30:35","modified_gmt":"2025-04-22T02:30:35","slug":"custom-colored-bathroom-sinks","status":"publish","type":"product","link":"https:\/\/www.ceramicbasin.com\/fr\/produit\/custom-colored-bathroom-sinks\/","title":{"rendered":"Vasques de salle de bain color\u00e9es, vasque en c\u00e9ramique grise Wholesale"},"content":{"rendered":"<div class=\"wp-block-columns is-layout-flex wp-container-core-columns-is-layout-9d6595d7 wp-block-columns-is-layout-flex\">\n<div class=\"wp-block-column is-layout-flow wp-block-column-is-layout-flow\">\n<h2 class=\"wp-block-heading\">Caract\u00e9ristiques des lavabos de salle de bain de couleur personnalis\u00e9e de premi\u00e8re qualit\u00e9 :<\/h2>\n\n\n\n<ul class=\"wp-block-list\">\n<li><strong>Texture gris mat, style moderne et minimaliste : <\/strong>Nos lavabos de salle de bains color\u00e9s sur mesure adoptent un \u00e9mail gris mat de haute qualit\u00e9, discret et textur\u00e9, qui s'adapte parfaitement \u00e0 une vari\u00e9t\u00e9 de styles de d\u00e9coration int\u00e9rieure tels que le moderne, le minimaliste, le style industriel, etc.<\/li>\n\n\n\n<li><strong>Conception compacte, adapt\u00e9e \u00e0 un espace r\u00e9duit : <\/strong>Ces lavabos en c\u00e9ramique sont con\u00e7us pour les salles de bains compactes, les toilettes d'h\u00f4tel, les caf\u00e9s et les espaces commerciaux. Ils sont de petite taille mais enti\u00e8rement fonctionnels, optimisant l'agencement de l'espace, de sorte qu'un espace limit\u00e9 puisse rester beau et pratique.<\/li>\n\n\n\n<li><strong>C\u00e9ramique de haute qualit\u00e9, r\u00e9sistante aux taches et facile \u00e0 nettoyer :<\/strong> Ces lavabos de salle de bains gris mat sont fabriqu\u00e9s \u00e0 partir de mat\u00e9riaux c\u00e9ramiques de haute qualit\u00e9, cuisson \u00e0 haute temp\u00e9rature, gla\u00e7ure dense et lisse, bonne r\u00e9sistance aux taches et performances d'\u00e9tanch\u00e9it\u00e9, pas de taches d'eau ou de salissures, facile et pratique pour le nettoyage et l'entretien dans la vie quotidienne.<\/li>\n\n\n\n<li><strong>Personnalisation pour r\u00e9pondre \u00e0 une vari\u00e9t\u00e9 de besoins :<\/strong> Nous fournissons des services personnalis\u00e9s pour les bassins en c\u00e9ramique en gros, et pouvons ajuster la taille, la forme ou la couleur selon les exigences du projet pour s'assurer que le produit s'adapte \u00e0 divers espaces commerciaux ou r\u00e9sidentiels \u00e0 la lettre, fournissant aux clients des solutions de salle de bains plus personnalis\u00e9es.<\/li>\n<\/ul>\n<\/div>\n\n\n\n<div class=\"wp-block-column is-layout-flow wp-block-column-is-layout-flow\">\n<figure class=\"wp-block-image size-full\"><img fetchpriority=\"high\" decoding=\"async\" width=\"1345\" height=\"1786\" src=\"https:\/\/www.ceramicbasin.com\/wp-content\/uploads\/2025\/04\/Gray-Water-Painting-Wash-Basin-5.jpg\" alt=\"Vasques de salle de bain color\u00e9es, vasque en c\u00e9ramique grise Wholesale-1\" class=\"wp-image-6597\" srcset=\"https:\/\/www.ceramicbasin.com\/wp-content\/uploads\/2025\/04\/Gray-Water-Painting-Wash-Basin-5.jpg 1345w, https:\/\/www.ceramicbasin.com\/wp-content\/uploads\/2025\/04\/Gray-Water-Painting-Wash-Basin-5-226x300.jpg 226w, https:\/\/www.ceramicbasin.com\/wp-content\/uploads\/2025\/04\/Gray-Water-Painting-Wash-Basin-5-768x1020.jpg 768w, https:\/\/www.ceramicbasin.com\/wp-content\/uploads\/2025\/04\/Gray-Water-Painting-Wash-Basin-5-9x12.jpg 9w, https:\/\/www.ceramicbasin.com\/wp-content\/uploads\/2025\/04\/Gray-Water-Painting-Wash-Basin-5-285x378.jpg 285w, https:\/\/www.ceramicbasin.com\/wp-content\/uploads\/2025\/04\/Gray-Water-Painting-Wash-Basin-5-497x660.jpg 497w, https:\/\/www.ceramicbasin.com\/wp-content\/uploads\/2025\/04\/Gray-Water-Painting-Wash-Basin-5-113x150.jpg 113w\" sizes=\"(max-width: 1345px) 100vw, 1345px\" \/><\/figure>\n<\/div>\n<\/div>\n\n\n\n<p><\/p>","protected":false},"excerpt":{"rendered":"<p>Nous vous invitons \u00e0 acheter des lavabos de salle de bain de couleur personnalis\u00e9e en vrac. Nos lavabos en c\u00e9ramique gris mat en gros adoptent un design moderne, simple et tendance. Leur taille compacte optimise l'agencement de l'espace et permet de les personnaliser pour r\u00e9pondre \u00e0 une vari\u00e9t\u00e9 de besoins commerciaux et personnalis\u00e9s.<\/p>\n<table style=\"border-collapse: collapse; width: 311.02pt;\" border=\"0\" width=\"311\" cellspacing=\"0\" cellpadding=\"0\">\n<tbody>\n<tr style=\"height: 17.60pt;\">\n<td class=\"et3\" style=\"height: 17.60pt; width: 108.35pt;\" width=\"108\" height=\"17\">Fabricant<\/td>\n<td class=\"et3\" style=\"width: 202.95pt;\" width=\"202\">HanYu<\/td>\n<\/tr>\n<tr style=\"height: 17.60pt;\">\n<td class=\"et3\" style=\"height: 17.60pt;\" height=\"17\">Num\u00e9ro de mod\u00e8le.<\/td>\n<td class=\"et4\">HY-8024D50<\/td>\n<\/tr>\n<tr style=\"height: 17.60pt;\">\n<td class=\"et3\" style=\"height: 17.60pt;\" height=\"17\">Type<\/td>\n<td class=\"et3\">Bassin de comptoir<\/td>\n<\/tr>\n<tr style=\"height: 17.60pt;\">\n<td class=\"et3\" style=\"height: 17.60pt;\" height=\"17\">Forme<\/td>\n<td class=\"et3\">Forme rectangulaire<\/td>\n<\/tr>\n<tr style=\"height: 17.60pt;\">\n<td class=\"et4\" style=\"height: 17.60pt;\" height=\"17\">Couleur<\/td>\n<td class=\"et3\">Gris<\/td>\n<\/tr>\n<tr style=\"height: 18.00pt;\">\n<td class=\"et3\" style=\"height: 18.00pt;\" height=\"18\">Dimension<\/td>\n<td class=\"et5\" style=\"width: 202.95pt;\" width=\"202\">50*38.5*13<\/td>\n<\/tr>\n<tr style=\"height: 17.60pt;\">\n<td class=\"et3\" style=\"height: 17.60pt;\" height=\"17\">N.W \/SET<\/td>\n<td class=\"et3\">12KGS\/PCS<\/td>\n<\/tr>\n<tr style=\"height: 17.60pt;\">\n<td class=\"et3\" style=\"height: 17.60pt;\" height=\"17\">MOQ<\/td>\n<td class=\"et3\">20pcs<\/td>\n<\/tr>\n<tr style=\"height: 17.60pt;\">\n<td class=\"et3\" style=\"height: 17.60pt;\" height=\"17\">Option personnalis\u00e9e<\/td>\n<td class=\"et3\">Couleur\/Pattenue\/Taille\/Logo\/Emballage<\/td>\n<\/tr>\n<\/tbody>\n<\/table>","protected":false},"featured_media":6598,"comment_status":"closed","ping_status":"closed","template":"","meta":{"_acf_changed":false},"product_brand":[],"product_cat":[50,55,54],"product_tag":[],"class_list":{"0":"post-6596","1":"product","2":"type-product","3":"status-publish","4":"has-post-thumbnail","6":"product_cat-wholesale-countertop-sinks","7":"product_cat-wholesale-matte-sinks","8":"product_cat-wholesale-marble-sinks","10":"first","11":"instock","12":"shipping-taxable","13":"product-type-simple"},"acf":[],"_links":{"self":[{"href":"https:\/\/www.ceramicbasin.com\/fr\/wp-json\/wp\/v2\/product\/6596","targetHints":{"allow":["GET"]}}],"collection":[{"href":"https:\/\/www.ceramicbasin.com\/fr\/wp-json\/wp\/v2\/product"}],"about":[{"href":"https:\/\/www.ceramicbasin.com\/fr\/wp-json\/wp\/v2\/types\/product"}],"replies":[{"embeddable":true,"href":"https:\/\/www.ceramicbasin.com\/fr\/wp-json\/wp\/v2\/comments?post=6596"}],"wp:featuredmedia":[{"embeddable":true,"href":"https:\/\/www.ceramicbasin.com\/fr\/wp-json\/wp\/v2\/media\/6598"}],"wp:attachment":[{"href":"https:\/\/www.ceramicbasin.com\/fr\/wp-json\/wp\/v2\/media?parent=6596"}],"wp:term":[{"taxonomy":"product_brand","embeddable":true,"href":"https:\/\/www.ceramicbasin.com\/fr\/wp-json\/wp\/v2\/product_brand?post=6596"},{"taxonomy":"product_cat","embeddable":true,"href":"https:\/\/www.ceramicbasin.com\/fr\/wp-json\/wp\/v2\/product_cat?post=6596"},{"taxonomy":"product_tag","embeddable":true,"href":"https:\/\/www.ceramicbasin.com\/fr\/wp-json\/wp\/v2\/product_tag?post=6596"}],"curies":[{"name":"wp","href":"https:\/\/api.w.org\/{rel}","templated":true}]}}