{"id":6612,"date":"2025-04-18T07:28:19","date_gmt":"2025-04-18T07:28:19","guid":{"rendered":"https:\/\/www.ceramicbasin.com\/?post_type=product&#038;p=6612"},"modified":"2025-11-05T03:39:09","modified_gmt":"2025-11-05T03:39:09","slug":"custom-sink-countertops","status":"publish","type":"product","link":"https:\/\/www.ceramicbasin.com\/fr\/produit\/custom-sink-countertops\/","title":{"rendered":"Comptoirs d'\u00e9vier en gros avec impression OEM"},"content":{"rendered":"<div class=\"wp-block-columns is-layout-flex wp-container-core-columns-is-layout-9d6595d7 wp-block-columns-is-layout-flex\">\n<div class=\"wp-block-column is-layout-flow wp-block-column-is-layout-flow\">\n<h2 class=\"wp-block-heading\">Comptoirs d'\u00e9vier sur mesure de premi\u00e8re qualit\u00e9 Caract\u00e9ristiques :<\/h2>\n\n\n\n<ul class=\"wp-block-list\">\n<li><strong>Technologie unique de transfert d'eau pour cr\u00e9er une texture noire de haute qualit\u00e9 : <\/strong>Nos comptoirs d'\u00e9vier sur mesure utilisent une technique de transfert d'eau de pointe, et la surface du bassin en c\u00e9ramique pr\u00e9sente un \u00e9clat noir intense et multicouche, une texture fine et r\u00e9guli\u00e8re, et une grande douceur.<\/li>\n\n\n\n<li><strong>Design ovale \u00e9l\u00e9gant, adapt\u00e9 \u00e0 une vari\u00e9t\u00e9 de styles d'espace :<\/strong> Cette vasque art mat en vrac pr\u00e9sente un design ovale classique aux lignes douces et fines, \u00e0 la fois moderne et artistique. Qu'il s'agisse d'un style moderne et simple, d'un style industriel ou d'un style r\u00e9tro luxueux, cette vasque d'art en c\u00e9ramique peut \u00eatre facilement incorpor\u00e9e.<\/li>\n\n\n\n<li><strong>Mat\u00e9riau c\u00e9ramique de haute qualit\u00e9, durable et facile \u00e0 nettoyer : <\/strong>Des mati\u00e8res premi\u00e8res c\u00e9ramiques de haute qualit\u00e9 sont utilis\u00e9es pour produire ces comptoirs d'\u00e9vier personnalis\u00e9s, qui sont cuits \u00e0 haute temp\u00e9rature. Le corps du bassin est dur et r\u00e9sistant, il r\u00e9siste aux taches et aux rayures. La surface est douce et lisse, et il est difficile d'y laisser des taches d'eau et de la salet\u00e9. Un nettoyage quotidien facile permet de restaurer l'\u00e9clat de la surface.<\/li>\n\n\n\n<li><strong>Soutenir les services personnalis\u00e9s pour r\u00e9pondre aux besoins individuels : <\/strong>Nous fournissons une gamme compl\u00e8te de services personnalis\u00e9s pour l'art matt basin en vrac. Les clients peuvent choisir la taille, la couleur et le motif en fonction de leurs besoins pour cr\u00e9er un art de salle de bain unique.<\/li>\n<\/ul>\n<\/div>\n\n\n\n<div class=\"wp-block-column is-layout-flow wp-block-column-is-layout-flow\">\n<figure class=\"wp-block-image size-full\"><img fetchpriority=\"high\" decoding=\"async\" width=\"916\" height=\"1211\" src=\"https:\/\/www.ceramicbasin.com\/wp-content\/uploads\/2025\/04\/Water-Transfer-Printing-Ceramic-Hand-Wash-Basin-6.jpg\" alt=\"beaux-comptoirs-d&#039;\u00e9vier-personnalis\u00e9s-impression-de-transfert-d&#039;eau-1\" class=\"wp-image-6613\" srcset=\"https:\/\/www.ceramicbasin.com\/wp-content\/uploads\/2025\/04\/Water-Transfer-Printing-Ceramic-Hand-Wash-Basin-6.jpg 916w, https:\/\/www.ceramicbasin.com\/wp-content\/uploads\/2025\/04\/Water-Transfer-Printing-Ceramic-Hand-Wash-Basin-6-227x300.jpg 227w, https:\/\/www.ceramicbasin.com\/wp-content\/uploads\/2025\/04\/Water-Transfer-Printing-Ceramic-Hand-Wash-Basin-6-768x1015.jpg 768w, https:\/\/www.ceramicbasin.com\/wp-content\/uploads\/2025\/04\/Water-Transfer-Printing-Ceramic-Hand-Wash-Basin-6-9x12.jpg 9w, https:\/\/www.ceramicbasin.com\/wp-content\/uploads\/2025\/04\/Water-Transfer-Printing-Ceramic-Hand-Wash-Basin-6-285x377.jpg 285w, https:\/\/www.ceramicbasin.com\/wp-content\/uploads\/2025\/04\/Water-Transfer-Printing-Ceramic-Hand-Wash-Basin-6-499x660.jpg 499w, https:\/\/www.ceramicbasin.com\/wp-content\/uploads\/2025\/04\/Water-Transfer-Printing-Ceramic-Hand-Wash-Basin-6-113x150.jpg 113w\" sizes=\"(max-width: 916px) 100vw, 916px\" \/><\/figure>\n<\/div>\n<\/div>\n\n\n\n<p><\/p>","protected":false},"excerpt":{"rendered":"<p>Bienvenue dans l'achat de comptoirs d'\u00e9vier personnalis\u00e9s. Ce lavabo noir ovale en vrac adopte une technologie avanc\u00e9e d'impression par transfert d'eau, pr\u00e9sentant une texture noire profonde et \u00e9l\u00e9gante, avec une forme ovale lisse, convenant \u00e0 une vari\u00e9t\u00e9 de styles d'espace.<\/p>\n<table style=\"border-collapse: collapse; width: 311.02pt;\" border=\"0\" width=\"311\" cellspacing=\"0\" cellpadding=\"0\">\n<tbody>\n<tr style=\"height: 17.60pt;\">\n<td class=\"et3\" style=\"height: 17.60pt; width: 108.35pt;\" width=\"108\" height=\"17\">Fabricant<\/td>\n<td class=\"et3\" style=\"width: 202.95pt;\" width=\"202\">HanYu<\/td>\n<\/tr>\n<tr style=\"height: 17.60pt;\">\n<td class=\"et3\" style=\"height: 17.60pt;\" height=\"17\">Num\u00e9ro de mod\u00e8le.<\/td>\n<td class=\"et4\">HY-8024D114<\/td>\n<\/tr>\n<tr style=\"height: 17.60pt;\">\n<td class=\"et3\" style=\"height: 17.60pt;\" height=\"17\">Type<\/td>\n<td class=\"et3\">Bassin de comptoir<\/td>\n<\/tr>\n<tr style=\"height: 17.60pt;\">\n<td class=\"et3\" style=\"height: 17.60pt;\" height=\"17\">Forme\u00a0\u00a0<\/td>\n<td class=\"et2\">Forme rectangulaire<\/td>\n<\/tr>\n<tr style=\"height: 17.60pt;\">\n<td class=\"et4\" style=\"height: 17.60pt;\" height=\"17\">Couleur<\/td>\n<td class=\"et3\">Noir<\/td>\n<\/tr>\n<tr style=\"height: 18.00pt;\">\n<td class=\"et3\" style=\"height: 18.00pt;\" height=\"18\">Dimension<\/td>\n<td class=\"et5\" style=\"width: 202.95pt;\" width=\"202\">50*38.5*13<\/td>\n<\/tr>\n<tr style=\"height: 17.60pt;\">\n<td class=\"et3\" style=\"height: 17.60pt;\" height=\"17\">N.W \/SET<\/td>\n<td class=\"et3\">12KGS\/PCS<\/td>\n<\/tr>\n<tr style=\"height: 17.60pt;\">\n<td class=\"et3\" style=\"height: 17.60pt;\" height=\"17\">MOQ<\/td>\n<td class=\"et3\">20pcs<\/td>\n<\/tr>\n<tr style=\"height: 17.60pt;\">\n<td class=\"et3\" style=\"height: 17.60pt;\" height=\"17\">Option personnalis\u00e9e<\/td>\n<td class=\"et3\">Couleur\/Pattenue\/Taille\/Logo\/Emballage<\/td>\n<\/tr>\n<\/tbody>\n<\/table>","protected":false},"featured_media":6614,"comment_status":"closed","ping_status":"closed","template":"","meta":{"_acf_changed":false},"product_brand":[],"product_cat":[50,54],"product_tag":[],"class_list":{"0":"post-6612","1":"product","2":"type-product","3":"status-publish","4":"has-post-thumbnail","6":"product_cat-wholesale-countertop-sinks","7":"product_cat-wholesale-marble-sinks","9":"first","10":"instock","11":"shipping-taxable","12":"product-type-simple"},"acf":[],"_links":{"self":[{"href":"https:\/\/www.ceramicbasin.com\/fr\/wp-json\/wp\/v2\/product\/6612","targetHints":{"allow":["GET"]}}],"collection":[{"href":"https:\/\/www.ceramicbasin.com\/fr\/wp-json\/wp\/v2\/product"}],"about":[{"href":"https:\/\/www.ceramicbasin.com\/fr\/wp-json\/wp\/v2\/types\/product"}],"replies":[{"embeddable":true,"href":"https:\/\/www.ceramicbasin.com\/fr\/wp-json\/wp\/v2\/comments?post=6612"}],"wp:featuredmedia":[{"embeddable":true,"href":"https:\/\/www.ceramicbasin.com\/fr\/wp-json\/wp\/v2\/media\/6614"}],"wp:attachment":[{"href":"https:\/\/www.ceramicbasin.com\/fr\/wp-json\/wp\/v2\/media?parent=6612"}],"wp:term":[{"taxonomy":"product_brand","embeddable":true,"href":"https:\/\/www.ceramicbasin.com\/fr\/wp-json\/wp\/v2\/product_brand?post=6612"},{"taxonomy":"product_cat","embeddable":true,"href":"https:\/\/www.ceramicbasin.com\/fr\/wp-json\/wp\/v2\/product_cat?post=6612"},{"taxonomy":"product_tag","embeddable":true,"href":"https:\/\/www.ceramicbasin.com\/fr\/wp-json\/wp\/v2\/product_tag?post=6612"}],"curies":[{"name":"wp","href":"https:\/\/api.w.org\/{rel}","templated":true}]}}