{"id":6665,"date":"2025-04-25T03:43:12","date_gmt":"2025-04-25T03:43:12","guid":{"rendered":"https:\/\/www.ceramicbasin.com\/?post_type=product&#038;p=6665"},"modified":"2025-04-25T03:43:29","modified_gmt":"2025-04-25T03:43:29","slug":"custom-made-vanity-basins","status":"publish","type":"product","link":"https:\/\/www.ceramicbasin.com\/fr\/produit\/custom-made-vanity-basins\/","title":{"rendered":"Vasques de lavabo sur mesure, couleur mate Vasques de lavabo en gros"},"content":{"rendered":"<div class=\"wp-block-columns is-layout-flex wp-container-core-columns-is-layout-9d6595d7 wp-block-columns-is-layout-flex\">\n<div class=\"wp-block-column is-layout-flow wp-block-column-is-layout-flow\">\n<h2 class=\"wp-block-heading\">Cuvettes de lavabo de premi\u00e8re qualit\u00e9 fabriqu\u00e9es sur mesure Caract\u00e9ristiques :<\/h2>\n\n\n\n<ul class=\"wp-block-list\">\n<li><strong>Cr\u00e9ation de mode :<\/strong>\u00a0Nos vasques sur mesure ont un design moderne et \u00e0 la mode avec des lignes douces. Elles conviennent \u00e0 divers agencements de salles de bains et rehaussent la beaut\u00e9 g\u00e9n\u00e9rale et la qualit\u00e9 de l'espace.<\/li>\n\n\n\n<li><strong>Mat\u00e9riau c\u00e9ramique de haute qualit\u00e9 :\u00a0<\/strong>Cet \u00e9vier en gros est fabriqu\u00e9 en verre de haute qualit\u00e9, d'une grande transparence et d'une texture d\u00e9licate, qui a d'excellents effets visuels et un sens moderne, garantissant la durabilit\u00e9 et la beaut\u00e9 du produit.<\/li>\n\n\n\n<li><strong>Color\u00e9e :\u00a0<\/strong>La couleur marbre de nos vasques sur mesure est obtenue par impression par transfert d'eau sur des vasques en c\u00e9ramique normales. Elles sont belles et \u00e9l\u00e9gantes. Nous avons plus de 100 choix de couleurs. Il peut \u00eatre r\u00e9alis\u00e9 sur tous les mod\u00e8les que nous avons.<\/li>\n\n\n\n<li><strong>Optimisation des co\u00fbts :\u00a0<\/strong>En tant que fabricant d'\u00e9viers de salle de bain, notre \u00e9vier de cuve en gros est vendu directement par l'usine, ce qui vous garantit des produits de haute qualit\u00e9 tout en maintenant le budget du projet et en maximisant la rentabilit\u00e9.<\/li>\n<\/ul>\n<\/div>\n\n\n\n<div class=\"wp-block-column is-layout-flow wp-block-column-is-layout-flow\">\n<figure class=\"wp-block-image size-full\"><img fetchpriority=\"high\" decoding=\"async\" width=\"800\" height=\"1068\" src=\"https:\/\/www.ceramicbasin.com\/wp-content\/uploads\/2025\/04\/Wholesale-basin-factory-Counter-top-marble-color-sinks-5.webp\" alt=\"Cuvette de meuble sur mesure, \u00e9vier en cuvette de couleur mate Wholesale-1\" class=\"wp-image-6664\" srcset=\"https:\/\/www.ceramicbasin.com\/wp-content\/uploads\/2025\/04\/Wholesale-basin-factory-Counter-top-marble-color-sinks-5.webp 800w, https:\/\/www.ceramicbasin.com\/wp-content\/uploads\/2025\/04\/Wholesale-basin-factory-Counter-top-marble-color-sinks-5-225x300.webp 225w, https:\/\/www.ceramicbasin.com\/wp-content\/uploads\/2025\/04\/Wholesale-basin-factory-Counter-top-marble-color-sinks-5-768x1025.webp 768w, https:\/\/www.ceramicbasin.com\/wp-content\/uploads\/2025\/04\/Wholesale-basin-factory-Counter-top-marble-color-sinks-5-9x12.webp 9w, https:\/\/www.ceramicbasin.com\/wp-content\/uploads\/2025\/04\/Wholesale-basin-factory-Counter-top-marble-color-sinks-5-285x380.webp 285w, https:\/\/www.ceramicbasin.com\/wp-content\/uploads\/2025\/04\/Wholesale-basin-factory-Counter-top-marble-color-sinks-5-494x660.webp 494w, https:\/\/www.ceramicbasin.com\/wp-content\/uploads\/2025\/04\/Wholesale-basin-factory-Counter-top-marble-color-sinks-5-112x150.webp 112w\" sizes=\"(max-width: 800px) 100vw, 800px\" \/><\/figure>\n<\/div>\n<\/div>\n\n\n\n<p><\/p>","protected":false},"excerpt":{"rendered":"<p>Nous vous invitons \u00e0 acheter des vasques sur mesure. Notre vasque de couleur mate en gros a un design moderne et \u00e0 la mode avec des lignes douces, convient \u00e0 divers agencements de salle de bains, et am\u00e9liore la beaut\u00e9 g\u00e9n\u00e9rale et la qualit\u00e9 de l'espace. Nous avons plus de 100 choix de couleurs. Il peut \u00eatre fabriqu\u00e9 sur tous les mod\u00e8les que nous avons.<\/p>\n<table style=\"border-collapse: collapse; width: 358.52pt;\" border=\"0\" width=\"478\" cellspacing=\"0\" cellpadding=\"0\">\n<tbody>\n<tr style=\"height: 17.25pt;\">\n<td class=\"et3\" style=\"height: 17.25pt; width: 125.00pt;\" width=\"166\" height=\"23\">Fabricant<\/td>\n<td class=\"et3\" style=\"width: 234.15pt;\" width=\"312\">HanYu<\/td>\n<\/tr>\n<tr style=\"height: 17.25pt;\">\n<td class=\"et3\" style=\"height: 17.25pt;\" height=\"23\">Num\u00e9ro de mod\u00e8le.<\/td>\n<td class=\"et4\">HY-8064-45D110<\/td>\n<\/tr>\n<tr style=\"height: 17.25pt;\">\n<td class=\"et3\" style=\"height: 17.25pt;\" height=\"23\">Type<\/td>\n<td class=\"et5\" style=\"width: 234.15pt;\" width=\"312\">\u00c9viers en marbre<\/td>\n<\/tr>\n<tr style=\"height: 18.00pt;\">\n<td class=\"et3\" style=\"height: 18.00pt;\" height=\"24\">Forme<\/td>\n<td class=\"et3\">Forme rectangulaire<\/td>\n<\/tr>\n<tr style=\"height: 34.50pt;\">\n<td class=\"et4\" style=\"height: 34.50pt;\" height=\"46\">Couleur<\/td>\n<td class=\"et5\" style=\"width: 234.15pt;\" width=\"312\">noir\/blanc\/bleu\/gris\/rose\/vert\/marron\/kaki<\/td>\n<\/tr>\n<tr style=\"height: 18.00pt;\">\n<td class=\"et3\" style=\"height: 18.00pt;\" height=\"24\">Dimension<\/td>\n<td class=\"et5\" style=\"width: 234.15pt;\" width=\"312\">45*38*11<\/td>\n<\/tr>\n<tr style=\"height: 17.25pt;\">\n<td class=\"et3\" style=\"height: 17.25pt;\" height=\"23\">N.W \/SET<\/td>\n<td class=\"et3\">8KGS\/PCS<\/td>\n<\/tr>\n<tr style=\"height: 17.25pt;\">\n<td class=\"et3\" style=\"height: 17.25pt;\" height=\"23\">MOQ<\/td>\n<td class=\"et3\">20pcs<\/td>\n<\/tr>\n<tr style=\"height: 17.25pt;\">\n<td class=\"et3\" style=\"height: 17.25pt;\" height=\"23\">Option personnalis\u00e9e<\/td>\n<td class=\"et3\">Couleur\/Pattenue\/Taille\/Logo\/Emballage<\/td>\n<\/tr>\n<\/tbody>\n<\/table>","protected":false},"featured_media":6660,"comment_status":"closed","ping_status":"closed","template":"","meta":{"_acf_changed":false},"product_brand":[],"product_cat":[55,50,53],"product_tag":[],"class_list":{"0":"post-6665","1":"product","2":"type-product","3":"status-publish","4":"has-post-thumbnail","6":"product_cat-wholesale-matte-sinks","7":"product_cat-wholesale-countertop-sinks","8":"product_cat-electroplated-bathroom-sinks","10":"first","11":"instock","12":"shipping-taxable","13":"product-type-simple"},"acf":[],"_links":{"self":[{"href":"https:\/\/www.ceramicbasin.com\/fr\/wp-json\/wp\/v2\/product\/6665","targetHints":{"allow":["GET"]}}],"collection":[{"href":"https:\/\/www.ceramicbasin.com\/fr\/wp-json\/wp\/v2\/product"}],"about":[{"href":"https:\/\/www.ceramicbasin.com\/fr\/wp-json\/wp\/v2\/types\/product"}],"replies":[{"embeddable":true,"href":"https:\/\/www.ceramicbasin.com\/fr\/wp-json\/wp\/v2\/comments?post=6665"}],"wp:featuredmedia":[{"embeddable":true,"href":"https:\/\/www.ceramicbasin.com\/fr\/wp-json\/wp\/v2\/media\/6660"}],"wp:attachment":[{"href":"https:\/\/www.ceramicbasin.com\/fr\/wp-json\/wp\/v2\/media?parent=6665"}],"wp:term":[{"taxonomy":"product_brand","embeddable":true,"href":"https:\/\/www.ceramicbasin.com\/fr\/wp-json\/wp\/v2\/product_brand?post=6665"},{"taxonomy":"product_cat","embeddable":true,"href":"https:\/\/www.ceramicbasin.com\/fr\/wp-json\/wp\/v2\/product_cat?post=6665"},{"taxonomy":"product_tag","embeddable":true,"href":"https:\/\/www.ceramicbasin.com\/fr\/wp-json\/wp\/v2\/product_tag?post=6665"}],"curies":[{"name":"wp","href":"https:\/\/api.w.org\/{rel}","templated":true}]}}