{"id":6666,"date":"2025-04-25T03:51:45","date_gmt":"2025-04-25T03:51:45","guid":{"rendered":"https:\/\/www.ceramicbasin.com\/?post_type=product&#038;p=6666"},"modified":"2025-09-26T07:22:45","modified_gmt":"2025-09-26T07:22:45","slug":"manufactured-home-bathroom-sinks","status":"publish","type":"product","link":"https:\/\/www.ceramicbasin.com\/fr\/produit\/manufactured-home-bathroom-sinks\/","title":{"rendered":"Manufactured Home Bathroom Sinks, Wholesale Color Basins (lavabos de couleur)"},"content":{"rendered":"<div class=\"wp-block-columns is-layout-flex wp-container-core-columns-is-layout-9d6595d7 wp-block-columns-is-layout-flex\">\n<div class=\"wp-block-column is-layout-flow wp-block-column-is-layout-flow\">\n<h2 class=\"wp-block-heading\">Premium Manufactured Home Bathroom Sinks Caract\u00e9ristiques :<\/h2>\n\n\n\n<ul class=\"wp-block-list\">\n<li><strong>Motif de marbre r\u00e9aliste :&nbsp;<\/strong>Ces lavabos de salle de bains en marbre sont fabriqu\u00e9s \u00e0 l'aide d'une technologie de transfert d'eau avanc\u00e9e qui reproduit fid\u00e8lement la texture et la couleur naturelles du marbre, ce qui conf\u00e8re \u00e0 la vasque un attrait visuel particulier.<\/li>\n\n\n\n<li><strong>Antifouling et facile \u00e0 nettoyer :<\/strong> La surface de nos lavabos de couleur en gros est dense et lisse, ce qui rend difficile la p\u00e9n\u00e9tration de l'eau ou de la salet\u00e9, ce qui est une autre raison pour laquelle l'\u00e9vier en c\u00e9ramique est facile \u00e0 nettoyer. Il suffit g\u00e9n\u00e9ralement de l'essuyer avec un d\u00e9tergent ordinaire pour que l'\u00e9vier soit propre et brillant, ce qui facilite son utilisation.<\/li>\n\n\n\n<li><strong>Mat\u00e9riaux de premi\u00e8re qualit\u00e9 :<\/strong> Nos \u00e9viers de salle de bain en marbre sont fabriqu\u00e9s \u00e0 partir de mat\u00e9riaux c\u00e9ramiques de premi\u00e8re qualit\u00e9 afin de garantir une structure stable, une surface lisse facile \u00e0 nettoyer et une beaut\u00e9 durable.<\/li>\n\n\n\n<li><strong>Options personnalisables :<\/strong> Nos lavabos color\u00e9s en gros sont disponibles dans des couleurs assorties, avec des traitements de surface assortis, et ont un emballage personnalis\u00e9 pour permettre au produit de s'adapter \u00e0 votre marque et \u00e0 vos march\u00e9s particuliers.<\/li>\n<\/ul>\n<\/div>\n\n\n\n<div class=\"wp-block-column is-layout-flow wp-block-column-is-layout-flow\">\n<figure class=\"wp-block-image size-full\"><img fetchpriority=\"high\" decoding=\"async\" width=\"714\" height=\"1005\" src=\"https:\/\/www.ceramicbasin.com\/wp-content\/uploads\/2025\/04\/Hot-sale-wash-basin-supplier-marble-color-hand-washing-basin-5.webp\" alt=\"Manufactured Home Bathroom Sinks, Wholesale Color Basins-1\" class=\"wp-image-6659\" srcset=\"https:\/\/www.ceramicbasin.com\/wp-content\/uploads\/2025\/04\/Hot-sale-wash-basin-supplier-marble-color-hand-washing-basin-5.webp 714w, https:\/\/www.ceramicbasin.com\/wp-content\/uploads\/2025\/04\/Hot-sale-wash-basin-supplier-marble-color-hand-washing-basin-5-213x300.webp 213w, https:\/\/www.ceramicbasin.com\/wp-content\/uploads\/2025\/04\/Hot-sale-wash-basin-supplier-marble-color-hand-washing-basin-5-9x12.webp 9w, https:\/\/www.ceramicbasin.com\/wp-content\/uploads\/2025\/04\/Hot-sale-wash-basin-supplier-marble-color-hand-washing-basin-5-285x401.webp 285w, https:\/\/www.ceramicbasin.com\/wp-content\/uploads\/2025\/04\/Hot-sale-wash-basin-supplier-marble-color-hand-washing-basin-5-469x660.webp 469w, https:\/\/www.ceramicbasin.com\/wp-content\/uploads\/2025\/04\/Hot-sale-wash-basin-supplier-marble-color-hand-washing-basin-5-107x150.webp 107w\" sizes=\"(max-width: 714px) 100vw, 714px\" \/><\/figure>\n<\/div>\n<\/div>","protected":false},"excerpt":{"rendered":"<p>Nous vous invitons \u00e0 acheter en gros des lavabos de couleur. Nos lavabos de salle de bain en marbre utilisent la technologie de transfert d'eau pour reproduire parfaitement la texture et la couleur naturelles du marbre v\u00e9ritable afin de cr\u00e9er un effet visuel unique dans votre lavabo.<\/p>\n<table style=\"border-collapse: collapse; width: 358.52pt;\" border=\"0\" width=\"478\" cellspacing=\"0\" cellpadding=\"0\">\n<tbody>\n<tr style=\"height: 17.25pt;\">\n<td class=\"et3\" style=\"height: 17.25pt; width: 125.00pt;\" width=\"166\" height=\"23\">Fabricant<\/td>\n<td class=\"et3\" style=\"width: 234.15pt;\" width=\"312\">HanYu<\/td>\n<\/tr>\n<tr style=\"height: 17.25pt;\">\n<td class=\"et3\" style=\"height: 17.25pt;\" height=\"23\">Num\u00e9ro de mod\u00e8le.<\/td>\n<td class=\"et4\">HY-8064-55D103<\/td>\n<\/tr>\n<tr style=\"height: 17.25pt;\">\n<td class=\"et3\" style=\"height: 17.25pt;\" height=\"23\">Type<\/td>\n<td class=\"et5\" style=\"width: 234.15pt;\" width=\"312\">\u00c9viers en marbre<\/td>\n<\/tr>\n<tr style=\"height: 18.00pt;\">\n<td class=\"et3\" style=\"height: 18.00pt;\" height=\"24\">Forme<\/td>\n<td class=\"et3\">Forme rectangulaire<\/td>\n<\/tr>\n<tr style=\"height: 34.50pt;\">\n<td class=\"et4\" style=\"height: 34.50pt;\" height=\"46\">Couleur<\/td>\n<td class=\"et5\" style=\"width: 234.15pt;\" width=\"312\">noir\/blanc\/bleu\/gris\/rose\/vert\/marron\/kaki<\/td>\n<\/tr>\n<tr style=\"height: 18.00pt;\">\n<td class=\"et3\" style=\"height: 18.00pt;\" height=\"24\">Dimension<\/td>\n<td class=\"et5\" style=\"width: 234.15pt;\" width=\"312\">55*38*11<\/td>\n<\/tr>\n<tr style=\"height: 17.25pt;\">\n<td class=\"et3\" style=\"height: 17.25pt;\" height=\"23\">N.W \/SET<\/td>\n<td class=\"et3\">9KGS\/PCS<\/td>\n<\/tr>\n<tr style=\"height: 17.25pt;\">\n<td class=\"et3\" style=\"height: 17.25pt;\" height=\"23\">MOQ<\/td>\n<td class=\"et3\">20pcs<\/td>\n<\/tr>\n<tr style=\"height: 17.25pt;\">\n<td class=\"et3\" style=\"height: 17.25pt;\" height=\"23\">Option personnalis\u00e9e<\/td>\n<td class=\"et3\">Couleur\/Pattenue\/Taille\/Logo\/Emballage<\/td>\n<\/tr>\n<\/tbody>\n<\/table>","protected":false},"featured_media":6655,"comment_status":"closed","ping_status":"closed","template":"","meta":{"_acf_changed":false},"product_brand":[],"product_cat":[54,50],"product_tag":[],"class_list":{"0":"post-6666","1":"product","2":"type-product","3":"status-publish","4":"has-post-thumbnail","6":"product_cat-wholesale-marble-sinks","7":"product_cat-wholesale-countertop-sinks","9":"first","10":"instock","11":"shipping-taxable","12":"product-type-simple"},"acf":[],"_links":{"self":[{"href":"https:\/\/www.ceramicbasin.com\/fr\/wp-json\/wp\/v2\/product\/6666","targetHints":{"allow":["GET"]}}],"collection":[{"href":"https:\/\/www.ceramicbasin.com\/fr\/wp-json\/wp\/v2\/product"}],"about":[{"href":"https:\/\/www.ceramicbasin.com\/fr\/wp-json\/wp\/v2\/types\/product"}],"replies":[{"embeddable":true,"href":"https:\/\/www.ceramicbasin.com\/fr\/wp-json\/wp\/v2\/comments?post=6666"}],"wp:featuredmedia":[{"embeddable":true,"href":"https:\/\/www.ceramicbasin.com\/fr\/wp-json\/wp\/v2\/media\/6655"}],"wp:attachment":[{"href":"https:\/\/www.ceramicbasin.com\/fr\/wp-json\/wp\/v2\/media?parent=6666"}],"wp:term":[{"taxonomy":"product_brand","embeddable":true,"href":"https:\/\/www.ceramicbasin.com\/fr\/wp-json\/wp\/v2\/product_brand?post=6666"},{"taxonomy":"product_cat","embeddable":true,"href":"https:\/\/www.ceramicbasin.com\/fr\/wp-json\/wp\/v2\/product_cat?post=6666"},{"taxonomy":"product_tag","embeddable":true,"href":"https:\/\/www.ceramicbasin.com\/fr\/wp-json\/wp\/v2\/product_tag?post=6666"}],"curies":[{"name":"wp","href":"https:\/\/api.w.org\/{rel}","templated":true}]}}