{"id":6667,"date":"2025-04-25T03:37:04","date_gmt":"2025-04-25T03:37:04","guid":{"rendered":"https:\/\/www.ceramicbasin.com\/?post_type=product&#038;p=6667"},"modified":"2025-04-25T03:37:07","modified_gmt":"2025-04-25T03:37:07","slug":"custom-made-vessel-sink","status":"publish","type":"product","link":"https:\/\/www.ceramicbasin.com\/fr\/produit\/custom-made-vessel-sink\/","title":{"rendered":"Marble Color Custom Made Vessel Sinks, Wholesale Vanity Sinks (en anglais)"},"content":{"rendered":"<div class=\"wp-block-columns is-layout-flex wp-container-core-columns-is-layout-9d6595d7 wp-block-columns-is-layout-flex\">\n<div class=\"wp-block-column is-layout-flow wp-block-column-is-layout-flow\">\n<h2 class=\"wp-block-heading\">Premium Vessel Sink Made Custom Made Features :<\/h2>\n\n\n\n<ul class=\"wp-block-list\">\n<li><strong>Imitation de la texture de la pierre naturelle :<\/strong>\u00a0Nos \u00e9viers en gros sur mesure utilisent la technologie du transfert d'eau pour reproduire avec pr\u00e9cision la texture et la couleur naturelles du marbre, de sorte que chaque bassin pr\u00e9sente une beaut\u00e9 de pierre unique.<\/li>\n\n\n\n<li><strong>Antifouling et facile \u00e0 nettoyer :<\/strong>\u00a0La surface de ces \u00e9viers est lisse et dense. Par cons\u00e9quent, il n'est pas facile d'absorber beaucoup d'eau ou de salet\u00e9, ce qui explique \u00e9galement pourquoi l'\u00e9vier en c\u00e9ramique est facile \u00e0 nettoyer lors d'une utilisation quotidienne. Normalement, il suffit d'essuyer doucement avec un d\u00e9tergent ordinaire pour garder l'\u00e9vier propre et brillant afin de faciliter son utilisation.<\/li>\n\n\n\n<li><strong>Technologie d'impression par transfert d'eau :\u00a0<\/strong>Utilisant la toute derni\u00e8re technologie d'impression par transfert d'eau, cet \u00e9vier en gros personnalis\u00e9 utilise la toute derni\u00e8re technologie d'impression par transfert d'eau pour s'assurer que le motif de la surface de chaque lavabo est d\u00e9licat et uniforme et pr\u00e9sente un effet de texture \u00e9lanc\u00e9e, offrant de nouvelles sensations artistiques \u00e0 la salle de bain.<\/li>\n\n\n\n<li><strong>Optimisation des co\u00fbts :<\/strong>\u00a0Nos lavabos en gros sont vendus directement par notre usine, ce qui vous permet de b\u00e9n\u00e9ficier de produits de haute qualit\u00e9 tout en respectant le budget du projet et en maximisant la rentabilit\u00e9.<\/li>\n<\/ul>\n<\/div>\n\n\n\n<div class=\"wp-block-column is-layout-flow wp-block-column-is-layout-flow\">\n<figure class=\"wp-block-image size-full\"><img fetchpriority=\"high\" decoding=\"async\" width=\"800\" height=\"1061\" src=\"https:\/\/www.ceramicbasin.com\/wp-content\/uploads\/2025\/04\/Ceramic-Basin-Manufacturer-Marble-color-washbasin-sinks-5.webp\" alt=\"Marble Color Custom Made Vessel Sinks, Wholesale Vanity Sinks-1\" class=\"wp-image-6654\" srcset=\"https:\/\/www.ceramicbasin.com\/wp-content\/uploads\/2025\/04\/Ceramic-Basin-Manufacturer-Marble-color-washbasin-sinks-5.webp 800w, https:\/\/www.ceramicbasin.com\/wp-content\/uploads\/2025\/04\/Ceramic-Basin-Manufacturer-Marble-color-washbasin-sinks-5-226x300.webp 226w, https:\/\/www.ceramicbasin.com\/wp-content\/uploads\/2025\/04\/Ceramic-Basin-Manufacturer-Marble-color-washbasin-sinks-5-768x1019.webp 768w, https:\/\/www.ceramicbasin.com\/wp-content\/uploads\/2025\/04\/Ceramic-Basin-Manufacturer-Marble-color-washbasin-sinks-5-9x12.webp 9w, https:\/\/www.ceramicbasin.com\/wp-content\/uploads\/2025\/04\/Ceramic-Basin-Manufacturer-Marble-color-washbasin-sinks-5-285x378.webp 285w, https:\/\/www.ceramicbasin.com\/wp-content\/uploads\/2025\/04\/Ceramic-Basin-Manufacturer-Marble-color-washbasin-sinks-5-498x660.webp 498w, https:\/\/www.ceramicbasin.com\/wp-content\/uploads\/2025\/04\/Ceramic-Basin-Manufacturer-Marble-color-washbasin-sinks-5-113x150.webp 113w\" sizes=\"(max-width: 800px) 100vw, 800px\" \/><\/figure>\n<\/div>\n<\/div>","protected":false},"excerpt":{"rendered":"<p>Nous vous invitons \u00e0 acheter des vasques sur mesure. Nos \u00e9viers en gros de couleur marbre utilisent la technologie de transfert d'eau pour reproduire avec pr\u00e9cision la texture et la couleur naturelles du marbre, de sorte que chaque bassin pr\u00e9sente une beaut\u00e9 de pierre unique. Normalement, il suffit d'essuyer doucement avec un d\u00e9tergent ordinaire pour garder l'\u00e9vier propre et brillant afin de faciliter votre confort d'utilisation.<\/p>\n<table style=\"border-collapse: collapse; width: 358.52pt;\" border=\"0\" width=\"478\" cellspacing=\"0\" cellpadding=\"0\">\n<tbody>\n<tr style=\"height: 17.25pt;\">\n<td class=\"et3\" style=\"height: 17.25pt; width: 125.00pt;\" width=\"166\" height=\"23\">Fabricant<\/td>\n<td class=\"et3\" style=\"width: 234.15pt;\" width=\"312\">HanYu<\/td>\n<\/tr>\n<tr style=\"height: 17.25pt;\">\n<td class=\"et3\" style=\"height: 17.25pt;\" height=\"23\">Num\u00e9ro de mod\u00e8le.<\/td>\n<td class=\"et4\">HY-8064-55D104<\/td>\n<\/tr>\n<tr style=\"height: 17.25pt;\">\n<td class=\"et3\" style=\"height: 17.25pt;\" height=\"23\">Type<\/td>\n<td class=\"et5\" style=\"width: 234.15pt;\" width=\"312\">\u00c9viers en marbre<\/td>\n<\/tr>\n<tr style=\"height: 18.00pt;\">\n<td class=\"et3\" style=\"height: 18.00pt;\" height=\"24\">Forme<\/td>\n<td class=\"et3\">Forme rectangulaire<\/td>\n<\/tr>\n<tr style=\"height: 34.50pt;\">\n<td class=\"et4\" style=\"height: 34.50pt;\" height=\"46\">Couleur<\/td>\n<td class=\"et5\" style=\"width: 234.15pt;\" width=\"312\">noir\/blanc\/bleu\/gris\/rose\/vert\/marron\/kaki<\/td>\n<\/tr>\n<tr style=\"height: 18.00pt;\">\n<td class=\"et3\" style=\"height: 18.00pt;\" height=\"24\">Dimension<\/td>\n<td class=\"et5\" style=\"width: 234.15pt;\" width=\"312\">55*38*11<\/td>\n<\/tr>\n<tr style=\"height: 17.25pt;\">\n<td class=\"et3\" style=\"height: 17.25pt;\" height=\"23\">N.W \/SET<\/td>\n<td class=\"et3\">9KGS\/PCS<\/td>\n<\/tr>\n<tr style=\"height: 17.25pt;\">\n<td class=\"et3\" style=\"height: 17.25pt;\" height=\"23\">MOQ<\/td>\n<td class=\"et3\">20pcs<\/td>\n<\/tr>\n<tr style=\"height: 17.25pt;\">\n<td class=\"et3\" style=\"height: 17.25pt;\" height=\"23\">Option personnalis\u00e9e<\/td>\n<td class=\"et3\">Couleur\/Pattenue\/Taille\/Logo\/Emballage<\/td>\n<\/tr>\n<\/tbody>\n<\/table>","protected":false},"featured_media":6653,"comment_status":"closed","ping_status":"closed","template":"","meta":{"_acf_changed":false},"product_brand":[],"product_cat":[54,50],"product_tag":[],"class_list":{"0":"post-6667","1":"product","2":"type-product","3":"status-publish","4":"has-post-thumbnail","6":"product_cat-wholesale-marble-sinks","7":"product_cat-wholesale-countertop-sinks","9":"first","10":"instock","11":"shipping-taxable","12":"product-type-simple"},"acf":[],"_links":{"self":[{"href":"https:\/\/www.ceramicbasin.com\/fr\/wp-json\/wp\/v2\/product\/6667","targetHints":{"allow":["GET"]}}],"collection":[{"href":"https:\/\/www.ceramicbasin.com\/fr\/wp-json\/wp\/v2\/product"}],"about":[{"href":"https:\/\/www.ceramicbasin.com\/fr\/wp-json\/wp\/v2\/types\/product"}],"replies":[{"embeddable":true,"href":"https:\/\/www.ceramicbasin.com\/fr\/wp-json\/wp\/v2\/comments?post=6667"}],"wp:featuredmedia":[{"embeddable":true,"href":"https:\/\/www.ceramicbasin.com\/fr\/wp-json\/wp\/v2\/media\/6653"}],"wp:attachment":[{"href":"https:\/\/www.ceramicbasin.com\/fr\/wp-json\/wp\/v2\/media?parent=6667"}],"wp:term":[{"taxonomy":"product_brand","embeddable":true,"href":"https:\/\/www.ceramicbasin.com\/fr\/wp-json\/wp\/v2\/product_brand?post=6667"},{"taxonomy":"product_cat","embeddable":true,"href":"https:\/\/www.ceramicbasin.com\/fr\/wp-json\/wp\/v2\/product_cat?post=6667"},{"taxonomy":"product_tag","embeddable":true,"href":"https:\/\/www.ceramicbasin.com\/fr\/wp-json\/wp\/v2\/product_tag?post=6667"}],"curies":[{"name":"wp","href":"https:\/\/api.w.org\/{rel}","templated":true}]}}