{"id":6689,"date":"2025-05-02T08:49:20","date_gmt":"2025-05-02T08:49:20","guid":{"rendered":"https:\/\/www.ceramicbasin.com\/?post_type=product&#038;p=6689"},"modified":"2025-11-05T03:35:49","modified_gmt":"2025-11-05T03:35:49","slug":"custom-ceramic-vessel-sinks","status":"publish","type":"product","link":"https:\/\/www.ceramicbasin.com\/fr\/produit\/custom-ceramic-vessel-sinks\/","title":{"rendered":"Vasques en c\u00e9ramique sur mesure, vasques de comptoir en gros"},"content":{"rendered":"<div class=\"wp-block-columns is-layout-flex wp-container-core-columns-is-layout-9d6595d7 wp-block-columns-is-layout-flex\">\n<div class=\"wp-block-column is-layout-flow wp-block-column-is-layout-flow\">\n<h2 class=\"wp-block-heading\">Premium Custom Ceramic Vessel Sinks Caract\u00e9ristiques :<\/h2>\n\n\n\n<ul class=\"wp-block-list\">\n<li><strong>Installation facile :<\/strong> Con\u00e7us pour \u00eatre install\u00e9s au-dessus du comptoir, ces \u00e9viers en c\u00e9ramique sont faciles \u00e0 installer et constituent une solution sans probl\u00e8me pour les nouvelles constructions et les r\u00e9novations de salles de bains.<\/li>\n\n\n\n<li><strong>Doux et moelleux : <\/strong>Notre bassin de comptoir en gros offre une finition lisse et douce, facile \u00e0 nettoyer et capable de supporter les frottements et les taches dus \u00e0 l'usure quotidienne, pour rester dans un \u00e9tat optimal pendant des dizaines d'ann\u00e9es.<\/li>\n\n\n\n<li><strong>Application universelle : <\/strong>Ces \u00e9viers en c\u00e9ramique sur mesure sont id\u00e9aux pour les r\u00e9sidences de luxe, les h\u00f4tels, les espaces commerciaux et les projets de d\u00e9coration d'int\u00e9rieur, fonctionnels et esth\u00e9tiques.<\/li>\n\n\n\n<li><strong>Service de soutien \u00e0 la personnalisation : <\/strong>Nos bassins de comptoir en gros offrent un service de personnalisation de la couleur, de la taille, du motif et du logo pour r\u00e9pondre aux besoins personnalis\u00e9s des propri\u00e9taires de marques et des clients de projets.<\/li>\n<\/ul>\n<\/div>\n\n\n\n<div class=\"wp-block-column is-layout-flow wp-block-column-is-layout-flow\">\n<figure class=\"wp-block-image size-full\"><img fetchpriority=\"high\" decoding=\"async\" width=\"800\" height=\"800\" src=\"https:\/\/www.ceramicbasin.com\/wp-content\/uploads\/2025\/05\/porcelain-sinks-for-bathroom\uff0cVanity-Basins\uff0ccountertop-bathroom-sink6.png\" alt=\"sanitary-ware-customeramic-vessel-sinks-wholesale-countertop-basin-1\" class=\"wp-image-6695\" srcset=\"https:\/\/www.ceramicbasin.com\/wp-content\/uploads\/2025\/05\/porcelain-sinks-for-bathroom\uff0cVanity-Basins\uff0ccountertop-bathroom-sink6.png 800w, https:\/\/www.ceramicbasin.com\/wp-content\/uploads\/2025\/05\/porcelain-sinks-for-bathroom\uff0cVanity-Basins\uff0ccountertop-bathroom-sink6-300x300.png 300w, https:\/\/www.ceramicbasin.com\/wp-content\/uploads\/2025\/05\/porcelain-sinks-for-bathroom\uff0cVanity-Basins\uff0ccountertop-bathroom-sink6-150x150.png 150w, https:\/\/www.ceramicbasin.com\/wp-content\/uploads\/2025\/05\/porcelain-sinks-for-bathroom\uff0cVanity-Basins\uff0ccountertop-bathroom-sink6-768x768.png 768w, https:\/\/www.ceramicbasin.com\/wp-content\/uploads\/2025\/05\/porcelain-sinks-for-bathroom\uff0cVanity-Basins\uff0ccountertop-bathroom-sink6-12x12.png 12w, https:\/\/www.ceramicbasin.com\/wp-content\/uploads\/2025\/05\/porcelain-sinks-for-bathroom\uff0cVanity-Basins\uff0ccountertop-bathroom-sink6-285x285.png 285w, https:\/\/www.ceramicbasin.com\/wp-content\/uploads\/2025\/05\/porcelain-sinks-for-bathroom\uff0cVanity-Basins\uff0ccountertop-bathroom-sink6-270x270.png 270w, https:\/\/www.ceramicbasin.com\/wp-content\/uploads\/2025\/05\/porcelain-sinks-for-bathroom\uff0cVanity-Basins\uff0ccountertop-bathroom-sink6-540x540.png 540w, https:\/\/www.ceramicbasin.com\/wp-content\/uploads\/2025\/05\/porcelain-sinks-for-bathroom\uff0cVanity-Basins\uff0ccountertop-bathroom-sink6-660x660.png 660w\" sizes=\"(max-width: 800px) 100vw, 800px\" \/><\/figure>\n<\/div>\n<\/div>\n\n\n\n<p><\/p>","protected":false},"excerpt":{"rendered":"<p>Bienvenue sur notre site d'achat en gros de vasques de comptoir. Donnez \u00e0 votre salle de bains une apparence luxueuse avec nos vasques en c\u00e9ramique personnalis\u00e9es, dont l'aspect artistique moderne est \u00e0 la fois \u00e9l\u00e9gant et fonctionnel. Fabriqu\u00e9 en c\u00e9ramique robuste et cuit \u00e0 haute temp\u00e9rature, chaque bassin b\u00e9n\u00e9ficie d'une r\u00e9sistance accrue et d'une finition soyeuse, lisse et non poreuse qui se nettoie facilement. Simples \u00e0 installer, elles constituent une solution facile pour les nouvelles constructions et les r\u00e9novations de salles de bains.<\/p>\n<table style=\"border-collapse: collapse; width: 358.52pt;\" border=\"0\" width=\"478\" cellspacing=\"0\" cellpadding=\"0\">\n<tbody>\n<tr style=\"height: 17.25pt;\">\n<td class=\"et3\" style=\"height: 17.25pt; width: 125.00pt;\" width=\"166\" height=\"23\">Fabricant<\/td>\n<td class=\"et3\" style=\"width: 234.15pt;\" width=\"312\">HanYu<\/td>\n<\/tr>\n<tr style=\"height: 17.25pt;\">\n<td class=\"et3\" style=\"height: 17.25pt;\" height=\"23\">Num\u00e9ro de mod\u00e8le.<\/td>\n<td class=\"et4\">HY-8133A<\/td>\n<\/tr>\n<tr style=\"height: 17.25pt;\">\n<td class=\"et3\" style=\"height: 17.25pt;\" height=\"23\">Type<\/td>\n<td class=\"et5\" style=\"width: 234.15pt;\" width=\"312\">Eviers de comptoir<\/td>\n<\/tr>\n<tr style=\"height: 18.00pt;\">\n<td class=\"et3\" style=\"height: 18.00pt;\" height=\"24\">Forme<\/td>\n<td class=\"et3\">Forme ovale<\/td>\n<\/tr>\n<tr style=\"height: 34.50pt;\">\n<td class=\"et4\" style=\"height: 34.50pt;\" height=\"46\">Couleur<\/td>\n<td class=\"et5\" style=\"width: 234.15pt;\" width=\"312\">noir\/blanc\/bleu\/gris\/rose\/vert\/marron\/kaki<\/td>\n<\/tr>\n<tr style=\"height: 18.00pt;\">\n<td class=\"et3\" style=\"height: 18.00pt;\" height=\"24\">Dimension<\/td>\n<td class=\"et5\" style=\"width: 234.15pt;\" width=\"312\">60*42*15<\/td>\n<\/tr>\n<tr style=\"height: 17.25pt;\">\n<td class=\"et3\" style=\"height: 17.25pt;\" height=\"23\">N.W \/SET<\/td>\n<td class=\"et3\">15KGS\/PCS<\/td>\n<\/tr>\n<tr style=\"height: 17.25pt;\">\n<td class=\"et3\" style=\"height: 17.25pt;\" height=\"23\">MOQ<\/td>\n<td class=\"et3\">20pcs<\/td>\n<\/tr>\n<tr style=\"height: 17.25pt;\">\n<td class=\"et3\" style=\"height: 17.25pt;\" height=\"23\">Option personnalis\u00e9e<\/td>\n<td class=\"et3\">Couleur\/Pattenue\/Taille\/Logo\/Emballage<\/td>\n<\/tr>\n<\/tbody>\n<\/table>","protected":false},"featured_media":6690,"comment_status":"closed","ping_status":"closed","template":"","meta":{"_acf_changed":false},"product_brand":[],"product_cat":[50],"product_tag":[],"class_list":{"0":"post-6689","1":"product","2":"type-product","3":"status-publish","4":"has-post-thumbnail","6":"product_cat-wholesale-countertop-sinks","8":"first","9":"instock","10":"shipping-taxable","11":"product-type-simple"},"acf":[],"_links":{"self":[{"href":"https:\/\/www.ceramicbasin.com\/fr\/wp-json\/wp\/v2\/product\/6689","targetHints":{"allow":["GET"]}}],"collection":[{"href":"https:\/\/www.ceramicbasin.com\/fr\/wp-json\/wp\/v2\/product"}],"about":[{"href":"https:\/\/www.ceramicbasin.com\/fr\/wp-json\/wp\/v2\/types\/product"}],"replies":[{"embeddable":true,"href":"https:\/\/www.ceramicbasin.com\/fr\/wp-json\/wp\/v2\/comments?post=6689"}],"wp:featuredmedia":[{"embeddable":true,"href":"https:\/\/www.ceramicbasin.com\/fr\/wp-json\/wp\/v2\/media\/6690"}],"wp:attachment":[{"href":"https:\/\/www.ceramicbasin.com\/fr\/wp-json\/wp\/v2\/media?parent=6689"}],"wp:term":[{"taxonomy":"product_brand","embeddable":true,"href":"https:\/\/www.ceramicbasin.com\/fr\/wp-json\/wp\/v2\/product_brand?post=6689"},{"taxonomy":"product_cat","embeddable":true,"href":"https:\/\/www.ceramicbasin.com\/fr\/wp-json\/wp\/v2\/product_cat?post=6689"},{"taxonomy":"product_tag","embeddable":true,"href":"https:\/\/www.ceramicbasin.com\/fr\/wp-json\/wp\/v2\/product_tag?post=6689"}],"curies":[{"name":"wp","href":"https:\/\/api.w.org\/{rel}","templated":true}]}}