{"id":6703,"date":"2025-05-02T09:33:54","date_gmt":"2025-05-02T09:33:54","guid":{"rendered":"https:\/\/www.ceramicbasin.com\/?post_type=product&#038;p=6703"},"modified":"2025-11-05T03:34:16","modified_gmt":"2025-11-05T03:34:16","slug":"custom-porcelain-bathroom-sinks","status":"publish","type":"product","link":"https:\/\/www.ceramicbasin.com\/fr\/produit\/custom-porcelain-bathroom-sinks\/","title":{"rendered":"Vasques de salle de bains en porcelaine, vasques de comptoir Wholesale"},"content":{"rendered":"<div class=\"wp-block-columns is-layout-flex wp-container-core-columns-is-layout-9d6595d7 wp-block-columns-is-layout-flex\">\n<div class=\"wp-block-column is-layout-flow wp-block-column-is-layout-flow\">\n<h2 class=\"wp-block-heading\">Caract\u00e9ristiques des lavabos de salle de bain en porcelaine de premi\u00e8re qualit\u00e9 :<\/h2>\n\n\n\n<ul class=\"wp-block-list\">\n<li><strong>Traitement de l'\u00e9mail facile \u00e0 nettoyer :\u00a0<\/strong>La surface de ces \u00e9viers de comptoir en vrac adopte une technologie sp\u00e9ciale de gla\u00e7age facile \u00e0 nettoyer, qui est lisse et d\u00e9licate, les taches n'adh\u00e8rent pas facilement et sont faciles \u00e0 nettoyer.<\/li>\n\n\n\n<li><strong>Ventes \u00e0 chaud : <\/strong>Ces lavabos de salle de bains en porcelaine sur mesure sont bien accueillis par le march\u00e9 car ils sont durables, ont une couleur uniforme, sont faciles \u00e0 nettoyer et \u00e0 entretenir, et offrent un rapport qualit\u00e9-prix \u00e9lev\u00e9.<\/li>\n\n\n\n<li><strong>Design \u00e9l\u00e9gant : <\/strong>Nos \u00e9viers de comptoir en vrac ajoutent de l'\u00e9l\u00e9gance et de la modernit\u00e9 \u00e0 toute salle de bains et en font une pi\u00e8ce ma\u00eetresse \u00e9l\u00e9gante.<\/li>\n\n\n\n<li><strong>Rentable :<\/strong>\u00a0Nous offrons des prix plus favorables pour les commandes importantes de lavabos de salle de bain en porcelaine, ce qui signifie une haute qualit\u00e9 tout en restant \u00e0 un prix raisonnable pour vous aider \u00e0 \u00e9conomiser des co\u00fbts dans les grands projets.<\/li>\n<\/ul>\n<\/div>\n\n\n\n<div class=\"wp-block-column is-layout-flow wp-block-column-is-layout-flow\">\n<figure class=\"wp-block-image size-full\"><img fetchpriority=\"high\" decoding=\"async\" width=\"800\" height=\"800\" src=\"https:\/\/www.ceramicbasin.com\/wp-content\/uploads\/2025\/05\/vessel-sinks-bathroom\uff0cwashroom-sink\uff0cbathroom-sink-above-counter6.png\" alt=\"hot-sale-custom-porcelain-bathroom-sinks-white-oval-shape-countertop-sinks-in-bulk-1\" class=\"wp-image-6709\" srcset=\"https:\/\/www.ceramicbasin.com\/wp-content\/uploads\/2025\/05\/vessel-sinks-bathroom\uff0cwashroom-sink\uff0cbathroom-sink-above-counter6.png 800w, https:\/\/www.ceramicbasin.com\/wp-content\/uploads\/2025\/05\/vessel-sinks-bathroom\uff0cwashroom-sink\uff0cbathroom-sink-above-counter6-300x300.png 300w, https:\/\/www.ceramicbasin.com\/wp-content\/uploads\/2025\/05\/vessel-sinks-bathroom\uff0cwashroom-sink\uff0cbathroom-sink-above-counter6-150x150.png 150w, https:\/\/www.ceramicbasin.com\/wp-content\/uploads\/2025\/05\/vessel-sinks-bathroom\uff0cwashroom-sink\uff0cbathroom-sink-above-counter6-768x768.png 768w, https:\/\/www.ceramicbasin.com\/wp-content\/uploads\/2025\/05\/vessel-sinks-bathroom\uff0cwashroom-sink\uff0cbathroom-sink-above-counter6-12x12.png 12w, https:\/\/www.ceramicbasin.com\/wp-content\/uploads\/2025\/05\/vessel-sinks-bathroom\uff0cwashroom-sink\uff0cbathroom-sink-above-counter6-285x285.png 285w, https:\/\/www.ceramicbasin.com\/wp-content\/uploads\/2025\/05\/vessel-sinks-bathroom\uff0cwashroom-sink\uff0cbathroom-sink-above-counter6-270x270.png 270w, https:\/\/www.ceramicbasin.com\/wp-content\/uploads\/2025\/05\/vessel-sinks-bathroom\uff0cwashroom-sink\uff0cbathroom-sink-above-counter6-540x540.png 540w, https:\/\/www.ceramicbasin.com\/wp-content\/uploads\/2025\/05\/vessel-sinks-bathroom\uff0cwashroom-sink\uff0cbathroom-sink-above-counter6-660x660.png 660w\" sizes=\"(max-width: 800px) 100vw, 800px\" \/><\/figure>\n<\/div>\n<\/div>\n\n\n\n<p><\/p>","protected":false},"excerpt":{"rendered":"<p>Nous vous invitons \u00e0 acheter nos \u00e9viers de comptoir en vrac. Ces \u00e9viers de salle de bain en porcelaine sont tr\u00e8s appr\u00e9ci\u00e9s sur le march\u00e9 car ils sont durables, ont une couleur stable, sont faciles \u00e0 nettoyer et \u00e0 entretenir, et offrent un excellent rapport qualit\u00e9-prix. En tant que fournisseur d'\u00e9viers en c\u00e9ramique, nous disposons d'une cha\u00eene d'approvisionnement r\u00e9active qui peut traiter les commandes rapidement et exp\u00e9dier le bassin de finition en or en gros dans les d\u00e9lais.<\/p>\n<table style=\"border-collapse: collapse; width: 358.52pt;\" border=\"0\" width=\"478\" cellspacing=\"0\" cellpadding=\"0\">\n<tbody>\n<tr style=\"height: 17.25pt;\">\n<td class=\"et3\" style=\"height: 17.25pt; width: 125.00pt;\" width=\"166\" height=\"23\">Fabricant<\/td>\n<td class=\"et3\" style=\"width: 234.15pt;\" width=\"312\">HanYu<\/td>\n<\/tr>\n<tr style=\"height: 17.25pt;\">\n<td class=\"et3\" style=\"height: 17.25pt;\" height=\"23\">Num\u00e9ro de mod\u00e8le.<\/td>\n<td class=\"et4\">HY-8246<\/td>\n<\/tr>\n<tr style=\"height: 17.25pt;\">\n<td class=\"et3\" style=\"height: 17.25pt;\" height=\"23\">Type<\/td>\n<td class=\"et5\" style=\"width: 234.15pt;\" width=\"312\">Eviers de comptoir<\/td>\n<\/tr>\n<tr style=\"height: 18.00pt;\">\n<td class=\"et3\" style=\"height: 18.00pt;\" height=\"24\">Forme<\/td>\n<td class=\"et3\">Forme ovale<\/td>\n<\/tr>\n<tr style=\"height: 34.50pt;\">\n<td class=\"et4\" style=\"height: 34.50pt;\" height=\"46\">Couleur<\/td>\n<td class=\"et5\" style=\"width: 234.15pt;\" width=\"312\">noir\/blanc\/bleu\/gris\/rose\/vert\/marron\/kaki<\/td>\n<\/tr>\n<tr style=\"height: 18.00pt;\">\n<td class=\"et3\" style=\"height: 18.00pt;\" height=\"24\">Dimension<\/td>\n<td class=\"et5\" style=\"width: 234.15pt;\" width=\"312\">51*39*20<\/td>\n<\/tr>\n<tr style=\"height: 17.25pt;\">\n<td class=\"et3\" style=\"height: 17.25pt;\" height=\"23\">N.W \/SET<\/td>\n<td class=\"et3\">12KGS\/PCS<\/td>\n<\/tr>\n<tr style=\"height: 17.25pt;\">\n<td class=\"et3\" style=\"height: 17.25pt;\" height=\"23\">MOQ<\/td>\n<td class=\"et3\">20pcs<\/td>\n<\/tr>\n<tr style=\"height: 17.25pt;\">\n<td class=\"et3\" style=\"height: 17.25pt;\" height=\"23\">Option personnalis\u00e9e<\/td>\n<td class=\"et3\">Couleur\/Pattenue\/Taille\/Logo\/Emballage<\/td>\n<\/tr>\n<\/tbody>\n<\/table>","protected":false},"featured_media":6707,"comment_status":"closed","ping_status":"closed","template":"","meta":{"_acf_changed":false},"product_brand":[],"product_cat":[50],"product_tag":[],"class_list":{"0":"post-6703","1":"product","2":"type-product","3":"status-publish","4":"has-post-thumbnail","6":"product_cat-wholesale-countertop-sinks","8":"first","9":"instock","10":"shipping-taxable","11":"product-type-simple"},"acf":[],"_links":{"self":[{"href":"https:\/\/www.ceramicbasin.com\/fr\/wp-json\/wp\/v2\/product\/6703","targetHints":{"allow":["GET"]}}],"collection":[{"href":"https:\/\/www.ceramicbasin.com\/fr\/wp-json\/wp\/v2\/product"}],"about":[{"href":"https:\/\/www.ceramicbasin.com\/fr\/wp-json\/wp\/v2\/types\/product"}],"replies":[{"embeddable":true,"href":"https:\/\/www.ceramicbasin.com\/fr\/wp-json\/wp\/v2\/comments?post=6703"}],"wp:featuredmedia":[{"embeddable":true,"href":"https:\/\/www.ceramicbasin.com\/fr\/wp-json\/wp\/v2\/media\/6707"}],"wp:attachment":[{"href":"https:\/\/www.ceramicbasin.com\/fr\/wp-json\/wp\/v2\/media?parent=6703"}],"wp:term":[{"taxonomy":"product_brand","embeddable":true,"href":"https:\/\/www.ceramicbasin.com\/fr\/wp-json\/wp\/v2\/product_brand?post=6703"},{"taxonomy":"product_cat","embeddable":true,"href":"https:\/\/www.ceramicbasin.com\/fr\/wp-json\/wp\/v2\/product_cat?post=6703"},{"taxonomy":"product_tag","embeddable":true,"href":"https:\/\/www.ceramicbasin.com\/fr\/wp-json\/wp\/v2\/product_tag?post=6703"}],"curies":[{"name":"wp","href":"https:\/\/api.w.org\/{rel}","templated":true}]}}