{"id":6742,"date":"2025-05-09T09:53:19","date_gmt":"2025-05-09T09:53:19","guid":{"rendered":"https:\/\/www.ceramicbasin.com\/?post_type=product&#038;p=6742"},"modified":"2025-05-09T09:53:22","modified_gmt":"2025-05-09T09:53:22","slug":"wholesale-ceramic-sink","status":"publish","type":"product","link":"https:\/\/www.ceramicbasin.com\/fr\/produit\/wholesale-ceramic-sink\/","title":{"rendered":"Silver Brushed Wholesale Ceramic Sink, Counter Vessel Sinks"},"content":{"rendered":"<div class=\"wp-block-columns is-layout-flex wp-container-core-columns-is-layout-9d6595d7 wp-block-columns-is-layout-flex\">\n<div class=\"wp-block-column is-layout-flow wp-block-column-is-layout-flow\">\n<h2 class=\"wp-block-heading\">Premium Silver Wholesale Ceramic Sink Caract\u00e9ristiques :<\/h2>\n\n\n\n<ul class=\"wp-block-list\">\n<li><strong>Fabrication en argent bross\u00e9, texture haut de gamme : <\/strong>La surface de ce lavabo en c\u00e9ramique est trait\u00e9e avec un effet m\u00e9tallique bross\u00e9, avec un nouvel \u00e9clat gris argent\u00e9, avec une grande appr\u00e9ciation du style moderne, convenant aux espaces de salle de bain de luxe.<\/li>\n\n\n\n<li><strong>Mat\u00e9riau c\u00e9ramique, r\u00e9sistant aux taches et facile \u00e0 nettoyer : <\/strong>Nos \u00e9viers en gros sont fabriqu\u00e9s en c\u00e9ramique cuite \u00e0 haute temp\u00e9rature, avec une surface dense et uniforme, peu susceptible de se salir et facile \u00e0 nettoyer quotidiennement.<\/li>\n\n\n\n<li><strong>Conception de comptoir, installation facile : <\/strong>La vasque de cet \u00e9vier en c\u00e9ramique a une structure simple et une installation flexible, convenant \u00e0 une vari\u00e9t\u00e9 de comptoirs de salle de bains et d'agencements d'espace.<\/li>\n\n\n\n<li><strong>Une vari\u00e9t\u00e9 de tailles est disponible, ce qui permet de personnaliser le produit : <\/strong>Nous fournissons en gros des \u00e9viers pour cuves avec diff\u00e9rentes sp\u00e9cifications et tailles pour r\u00e9pondre aux exigences des projets, et nous pouvons les personnaliser par OEM\/ODM selon les besoins des clients.<\/li>\n<\/ul>\n<\/div>\n\n\n\n<div class=\"wp-block-column is-layout-flow wp-block-column-is-layout-flow\">\n<figure class=\"wp-block-image size-full\"><img fetchpriority=\"high\" decoding=\"async\" width=\"1024\" height=\"1024\" src=\"https:\/\/www.ceramicbasin.com\/wp-content\/uploads\/2025\/05\/Electroplated-Silver-Brushed-Hand-Washbasin-Sink-Supplier-5.webp\" alt=\"Silver Brushed Wholesale Ceramic Sink, Counter Vessel Sinks-1\" class=\"wp-image-6747\" srcset=\"https:\/\/www.ceramicbasin.com\/wp-content\/uploads\/2025\/05\/Electroplated-Silver-Brushed-Hand-Washbasin-Sink-Supplier-5.webp 1024w, https:\/\/www.ceramicbasin.com\/wp-content\/uploads\/2025\/05\/Electroplated-Silver-Brushed-Hand-Washbasin-Sink-Supplier-5-300x300.webp 300w, https:\/\/www.ceramicbasin.com\/wp-content\/uploads\/2025\/05\/Electroplated-Silver-Brushed-Hand-Washbasin-Sink-Supplier-5-150x150.webp 150w, https:\/\/www.ceramicbasin.com\/wp-content\/uploads\/2025\/05\/Electroplated-Silver-Brushed-Hand-Washbasin-Sink-Supplier-5-768x768.webp 768w, https:\/\/www.ceramicbasin.com\/wp-content\/uploads\/2025\/05\/Electroplated-Silver-Brushed-Hand-Washbasin-Sink-Supplier-5-12x12.webp 12w, https:\/\/www.ceramicbasin.com\/wp-content\/uploads\/2025\/05\/Electroplated-Silver-Brushed-Hand-Washbasin-Sink-Supplier-5-285x285.webp 285w, https:\/\/www.ceramicbasin.com\/wp-content\/uploads\/2025\/05\/Electroplated-Silver-Brushed-Hand-Washbasin-Sink-Supplier-5-270x270.webp 270w, https:\/\/www.ceramicbasin.com\/wp-content\/uploads\/2025\/05\/Electroplated-Silver-Brushed-Hand-Washbasin-Sink-Supplier-5-540x540.webp 540w, https:\/\/www.ceramicbasin.com\/wp-content\/uploads\/2025\/05\/Electroplated-Silver-Brushed-Hand-Washbasin-Sink-Supplier-5-660x660.webp 660w\" sizes=\"(max-width: 1024px) 100vw, 1024px\" \/><\/figure>\n<\/div>\n<\/div>","protected":false},"excerpt":{"rendered":"<p>Bienvenue sur le site d'achat en gros d'\u00e9viers en c\u00e9ramique. Cet \u00e9vier en c\u00e9ramique bross\u00e9 argent ajoute une beaut\u00e9 exquise \u00e0 l'espace de la salle de bain avec son design moderne et sa texture bross\u00e9e haut de gamme. Le mat\u00e9riau est durable et facile \u00e0 entretenir. Il convient aux achats en gros pour divers projets commerciaux et domestiques.<\/p>\n<table style=\"border-collapse: collapse; width: 311.02pt;\" border=\"0\" width=\"311\" cellspacing=\"0\" cellpadding=\"0\">\n<tbody>\n<tr style=\"height: 17.60pt;\">\n<td class=\"et3\" style=\"height: 17.60pt; width: 108.35pt;\" width=\"108\" height=\"17\">Fabricant<\/td>\n<td class=\"et3\" style=\"width: 202.95pt;\" width=\"202\">HanYu<\/td>\n<\/tr>\n<tr style=\"height: 17.60pt;\">\n<td class=\"et3\" style=\"height: 17.60pt;\" height=\"17\">Num\u00e9ro de mod\u00e8le.<\/td>\n<td class=\"et4\">HY-8020SS<\/td>\n<\/tr>\n<tr style=\"height: 36.00pt;\">\n<td class=\"et3\" style=\"height: 36.00pt;\" height=\"36\">Type<\/td>\n<td class=\"et5\" style=\"width: 202.95pt;\" width=\"202\">Cuvette galvanis\u00e9e, Cuvette de comptoir<\/td>\n<\/tr>\n<tr style=\"height: 17.60pt;\">\n<td class=\"et3\" style=\"height: 17.60pt;\" height=\"17\">Forme<\/td>\n<td class=\"et3\">Forme carr\u00e9e<\/td>\n<\/tr>\n<tr style=\"height: 18.00pt;\">\n<td class=\"et4\" style=\"height: 18.00pt;\" height=\"18\">Couleur<\/td>\n<td class=\"et5\" style=\"width: 202.95pt;\" width=\"202\">Blanc + Argent bross\u00e9<\/td>\n<\/tr>\n<tr style=\"height: 18.00pt;\">\n<td class=\"et3\" style=\"height: 18.00pt;\" height=\"18\">Dimension<\/td>\n<td class=\"et5\" style=\"width: 202.95pt;\" width=\"202\">42*42*14<\/td>\n<\/tr>\n<tr style=\"height: 17.60pt;\">\n<td class=\"et3\" style=\"height: 17.60pt;\" height=\"17\">N.W \/SET<\/td>\n<td class=\"et3\">8KGS\/PCS<\/td>\n<\/tr>\n<tr style=\"height: 17.60pt;\">\n<td class=\"et3\" style=\"height: 17.60pt;\" height=\"17\">MOQ<\/td>\n<td class=\"et3\">20pcs<\/td>\n<\/tr>\n<tr style=\"height: 17.60pt;\">\n<td class=\"et3\" style=\"height: 17.60pt;\" height=\"17\">Option personnalis\u00e9e<\/td>\n<td class=\"et3\">Couleur\/Pattenue\/Taille\/Logo\/Emballage<\/td>\n<\/tr>\n<\/tbody>\n<\/table>","protected":false},"featured_media":6746,"comment_status":"closed","ping_status":"closed","template":"","meta":{"_acf_changed":false},"product_brand":[],"product_cat":[50,53],"product_tag":[],"class_list":{"0":"post-6742","1":"product","2":"type-product","3":"status-publish","4":"has-post-thumbnail","6":"product_cat-wholesale-countertop-sinks","7":"product_cat-electroplated-bathroom-sinks","9":"first","10":"instock","11":"shipping-taxable","12":"product-type-simple"},"acf":[],"_links":{"self":[{"href":"https:\/\/www.ceramicbasin.com\/fr\/wp-json\/wp\/v2\/product\/6742","targetHints":{"allow":["GET"]}}],"collection":[{"href":"https:\/\/www.ceramicbasin.com\/fr\/wp-json\/wp\/v2\/product"}],"about":[{"href":"https:\/\/www.ceramicbasin.com\/fr\/wp-json\/wp\/v2\/types\/product"}],"replies":[{"embeddable":true,"href":"https:\/\/www.ceramicbasin.com\/fr\/wp-json\/wp\/v2\/comments?post=6742"}],"wp:featuredmedia":[{"embeddable":true,"href":"https:\/\/www.ceramicbasin.com\/fr\/wp-json\/wp\/v2\/media\/6746"}],"wp:attachment":[{"href":"https:\/\/www.ceramicbasin.com\/fr\/wp-json\/wp\/v2\/media?parent=6742"}],"wp:term":[{"taxonomy":"product_brand","embeddable":true,"href":"https:\/\/www.ceramicbasin.com\/fr\/wp-json\/wp\/v2\/product_brand?post=6742"},{"taxonomy":"product_cat","embeddable":true,"href":"https:\/\/www.ceramicbasin.com\/fr\/wp-json\/wp\/v2\/product_cat?post=6742"},{"taxonomy":"product_tag","embeddable":true,"href":"https:\/\/www.ceramicbasin.com\/fr\/wp-json\/wp\/v2\/product_tag?post=6742"}],"curies":[{"name":"wp","href":"https:\/\/api.w.org\/{rel}","templated":true}]}}