{"id":6749,"date":"2025-05-09T10:10:29","date_gmt":"2025-05-09T10:10:29","guid":{"rendered":"https:\/\/www.ceramicbasin.com\/?post_type=product&#038;p=6749"},"modified":"2025-05-09T10:10:31","modified_gmt":"2025-05-09T10:10:31","slug":"wholesale-ceramic-vessel-sinks","status":"publish","type":"product","link":"https:\/\/www.ceramicbasin.com\/fr\/produit\/wholesale-ceramic-vessel-sinks\/","title":{"rendered":"Gold Wholesale Ceramic Vessel Sinks, Custom Square Basins (vasques carr\u00e9es personnalis\u00e9es)"},"content":{"rendered":"<div class=\"wp-block-columns is-layout-flex wp-container-core-columns-is-layout-9d6595d7 wp-block-columns-is-layout-flex\">\n<div class=\"wp-block-column is-layout-flow wp-block-column-is-layout-flow\">\n<h2 class=\"wp-block-heading\">Premium Gold Wholesale Ceramic Vessel Sinks Caract\u00e9ristiques :<\/h2>\n\n\n\n<ul class=\"wp-block-list\">\n<li><strong>Glace dor\u00e9e tr\u00e8s brillante, luxe visuel : <\/strong>La surface de ces \u00e9viers en c\u00e9ramique est trait\u00e9e avec une gla\u00e7ure dor\u00e9e \u00e0 haute temp\u00e9rature ou par galvanoplastie, avec une forte brillance, montrant le temp\u00e9rament haut de gamme et unique de l'espace de la salle de bains.<\/li>\n\n\n\n<li><strong>Design carr\u00e9, lignes nettes : <\/strong>Cette vasque en c\u00e9ramique personnalis\u00e9e pr\u00e9sente une forme carr\u00e9e moderne et simple, une structure stable, adapt\u00e9e \u00e0 une vari\u00e9t\u00e9 de plans de travail et de styles de d\u00e9coration int\u00e9rieure, et est \u00e0 la fois belle et pratique.<\/li>\n\n\n\n<li><strong>Soutenir la personnalisation pour r\u00e9pondre aux besoins individuels : <\/strong>Nos \u00e9viers en c\u00e9ramique en gros fournissent des services personnalis\u00e9s tels que la taille, la couleur et le logo. Ils conviennent \u00e0 l'ing\u00e9nierie de projet, \u00e0 la personnalisation de la marque, \u00e0 la vente en gros commerciale et \u00e0 d'autres fins.<\/li>\n\n\n\n<li><strong>Mat\u00e9riau c\u00e9ramique, r\u00e9sistant \u00e0 l'usure et facile \u00e0 nettoyer : <\/strong>Nos vasques en c\u00e9ramique personnalis\u00e9es sont fabriqu\u00e9es en c\u00e9ramique de haute qualit\u00e9 cuite \u00e0 haute temp\u00e9rature, avec une gla\u00e7ure dense et lisse, qui ne se salit pas facilement, r\u00e9siste aux rayures et \u00e0 l'usure, et est facile \u00e0 entretenir.<\/li>\n<\/ul>\n<\/div>\n\n\n\n<div class=\"wp-block-column is-layout-flow wp-block-column-is-layout-flow\">\n<figure class=\"wp-block-image size-full\"><img fetchpriority=\"high\" decoding=\"async\" width=\"1024\" height=\"1024\" src=\"https:\/\/www.ceramicbasin.com\/wp-content\/uploads\/2025\/05\/Countertop-White-Basin-With-Gold-Decoration-Hand-Washing-Basin-Wholesale-5.webp\" alt=\"Gold Wholesale Ceramic Vessel Sinks, Custom Square Basins-1\" class=\"wp-image-6754\" srcset=\"https:\/\/www.ceramicbasin.com\/wp-content\/uploads\/2025\/05\/Countertop-White-Basin-With-Gold-Decoration-Hand-Washing-Basin-Wholesale-5.webp 1024w, https:\/\/www.ceramicbasin.com\/wp-content\/uploads\/2025\/05\/Countertop-White-Basin-With-Gold-Decoration-Hand-Washing-Basin-Wholesale-5-300x300.webp 300w, https:\/\/www.ceramicbasin.com\/wp-content\/uploads\/2025\/05\/Countertop-White-Basin-With-Gold-Decoration-Hand-Washing-Basin-Wholesale-5-150x150.webp 150w, https:\/\/www.ceramicbasin.com\/wp-content\/uploads\/2025\/05\/Countertop-White-Basin-With-Gold-Decoration-Hand-Washing-Basin-Wholesale-5-768x768.webp 768w, https:\/\/www.ceramicbasin.com\/wp-content\/uploads\/2025\/05\/Countertop-White-Basin-With-Gold-Decoration-Hand-Washing-Basin-Wholesale-5-12x12.webp 12w, https:\/\/www.ceramicbasin.com\/wp-content\/uploads\/2025\/05\/Countertop-White-Basin-With-Gold-Decoration-Hand-Washing-Basin-Wholesale-5-285x285.webp 285w, https:\/\/www.ceramicbasin.com\/wp-content\/uploads\/2025\/05\/Countertop-White-Basin-With-Gold-Decoration-Hand-Washing-Basin-Wholesale-5-270x270.webp 270w, https:\/\/www.ceramicbasin.com\/wp-content\/uploads\/2025\/05\/Countertop-White-Basin-With-Gold-Decoration-Hand-Washing-Basin-Wholesale-5-540x540.webp 540w, https:\/\/www.ceramicbasin.com\/wp-content\/uploads\/2025\/05\/Countertop-White-Basin-With-Gold-Decoration-Hand-Washing-Basin-Wholesale-5-660x660.webp 660w\" sizes=\"(max-width: 1024px) 100vw, 1024px\" \/><\/figure>\n<\/div>\n<\/div>","protected":false},"excerpt":{"rendered":"<p>Bienvenue sur le site d'achat en gros de vasques en c\u00e9ramique. Ce bassin carr\u00e9 dor\u00e9 en c\u00e9ramique, avec sa forme simple et sa luxueuse gla\u00e7ure dor\u00e9e, cr\u00e9e un espace unique dans la salle de bains, adapt\u00e9 \u00e0 la personnalisation haut de gamme et aux achats \u00e0 grande \u00e9chelle.<\/p>\n<table style=\"border-collapse: collapse; width: 311.02pt;\" border=\"0\" width=\"311\" cellspacing=\"0\" cellpadding=\"0\">\n<tbody>\n<tr style=\"height: 17.60pt;\">\n<td class=\"et3\" style=\"height: 17.60pt; width: 108.35pt;\" width=\"108\" height=\"17\">Fabricant<\/td>\n<td class=\"et3\" style=\"width: 202.95pt;\" width=\"202\">HanYu<\/td>\n<\/tr>\n<tr style=\"height: 17.60pt;\">\n<td class=\"et3\" style=\"height: 17.60pt;\" height=\"17\">Num\u00e9ro de mod\u00e8le.<\/td>\n<td class=\"et4\">HY-8025RGY<\/td>\n<\/tr>\n<tr style=\"height: 36.00pt;\">\n<td class=\"et3\" style=\"height: 36.00pt;\" height=\"36\">Type<\/td>\n<td class=\"et5\" style=\"width: 202.95pt;\" width=\"202\">Cuvette galvanis\u00e9e, Cuvette de comptoir<\/td>\n<\/tr>\n<tr style=\"height: 17.60pt;\">\n<td class=\"et3\" style=\"height: 17.60pt;\" height=\"17\">Forme<\/td>\n<td class=\"et3\">Forme carr\u00e9e<\/td>\n<\/tr>\n<tr style=\"height: 18.00pt;\">\n<td class=\"et4\" style=\"height: 18.00pt;\" height=\"18\">Couleur<\/td>\n<td class=\"et5\" style=\"width: 202.95pt;\" width=\"202\">D\u00e9coration blanche + or<\/td>\n<\/tr>\n<tr style=\"height: 18.00pt;\">\n<td class=\"et3\" style=\"height: 18.00pt;\" height=\"18\">Dimension<\/td>\n<td class=\"et5\" style=\"width: 202.95pt;\" width=\"202\">39.5*39.5*14<\/td>\n<\/tr>\n<tr style=\"height: 17.60pt;\">\n<td class=\"et3\" style=\"height: 17.60pt;\" height=\"17\">N.W \/SET<\/td>\n<td class=\"et3\">7KGS\/PCS<\/td>\n<\/tr>\n<tr style=\"height: 17.60pt;\">\n<td class=\"et3\" style=\"height: 17.60pt;\" height=\"17\">MOQ<\/td>\n<td class=\"et3\">20pcs<\/td>\n<\/tr>\n<tr style=\"height: 17.60pt;\">\n<td class=\"et3\" style=\"height: 17.60pt;\" height=\"17\">Option personnalis\u00e9e<\/td>\n<td class=\"et3\">Couleur\/Pattenue\/Taille\/Logo\/Emballage<\/td>\n<\/tr>\n<\/tbody>\n<\/table>","protected":false},"featured_media":6750,"comment_status":"closed","ping_status":"closed","template":"","meta":{"_acf_changed":false},"product_brand":[],"product_cat":[50,53],"product_tag":[],"class_list":{"0":"post-6749","1":"product","2":"type-product","3":"status-publish","4":"has-post-thumbnail","6":"product_cat-wholesale-countertop-sinks","7":"product_cat-electroplated-bathroom-sinks","9":"first","10":"instock","11":"shipping-taxable","12":"product-type-simple"},"acf":[],"_links":{"self":[{"href":"https:\/\/www.ceramicbasin.com\/fr\/wp-json\/wp\/v2\/product\/6749","targetHints":{"allow":["GET"]}}],"collection":[{"href":"https:\/\/www.ceramicbasin.com\/fr\/wp-json\/wp\/v2\/product"}],"about":[{"href":"https:\/\/www.ceramicbasin.com\/fr\/wp-json\/wp\/v2\/types\/product"}],"replies":[{"embeddable":true,"href":"https:\/\/www.ceramicbasin.com\/fr\/wp-json\/wp\/v2\/comments?post=6749"}],"wp:featuredmedia":[{"embeddable":true,"href":"https:\/\/www.ceramicbasin.com\/fr\/wp-json\/wp\/v2\/media\/6750"}],"wp:attachment":[{"href":"https:\/\/www.ceramicbasin.com\/fr\/wp-json\/wp\/v2\/media?parent=6749"}],"wp:term":[{"taxonomy":"product_brand","embeddable":true,"href":"https:\/\/www.ceramicbasin.com\/fr\/wp-json\/wp\/v2\/product_brand?post=6749"},{"taxonomy":"product_cat","embeddable":true,"href":"https:\/\/www.ceramicbasin.com\/fr\/wp-json\/wp\/v2\/product_cat?post=6749"},{"taxonomy":"product_tag","embeddable":true,"href":"https:\/\/www.ceramicbasin.com\/fr\/wp-json\/wp\/v2\/product_tag?post=6749"}],"curies":[{"name":"wp","href":"https:\/\/api.w.org\/{rel}","templated":true}]}}