{"id":6755,"date":"2025-05-09T10:04:08","date_gmt":"2025-05-09T10:04:08","guid":{"rendered":"https:\/\/www.ceramicbasin.com\/?post_type=product&#038;p=6755"},"modified":"2025-05-09T10:04:12","modified_gmt":"2025-05-09T10:04:12","slug":"custom-made-porcelain-sink","status":"publish","type":"product","link":"https:\/\/www.ceramicbasin.com\/fr\/produit\/custom-made-porcelain-sink\/","title":{"rendered":"Rose Gold Porcelain Sink Custom Made, Wholesale Wash Basins (lavabos en porcelaine)"},"content":{"rendered":"<div class=\"wp-block-columns is-layout-flex wp-container-core-columns-is-layout-9d6595d7 wp-block-columns-is-layout-flex\">\n<div class=\"wp-block-column is-layout-flow wp-block-column-is-layout-flow\">\n<h2 class=\"wp-block-heading\">Premium Rose Gold Porcelain Sink sur mesure <strong>Caract\u00e9ristiques :<\/strong><\/h2>\n\n\n\n<ul class=\"wp-block-list\">\n<li><strong>Gla\u00e7age or rose, sensation de haut de gamme :<\/strong> La surface de ce lavabo en porcelaine sur mesure adopte la technologie de l'\u00e9lectrod\u00e9position ou du gla\u00e7age \u00e0 l'or rose, la couleur est chaude et \u00e9l\u00e9gante, ajoutant une atmosph\u00e8re de mode et d'exquise \u00e0 l'espace de la salle de bains.<\/li>\n\n\n\n<li><strong>Soutenir la personnalisation pour r\u00e9pondre \u00e0 des besoins divers : <\/strong>Nous fournissons des services personnalis\u00e9s tels que la taille, la forme, la couleur, le logo, etc. pour les lavabos en gros, qui conviennent \u00e0 la coop\u00e9ration des marques, aux projets d'ing\u00e9nierie et \u00e0 l'approvisionnement personnalis\u00e9.<\/li>\n\n\n\n<li><strong>Cuisson c\u00e9ramique \u00e0 haute temp\u00e9rature, durable et r\u00e9sistante aux taches : <\/strong>Cet \u00e9vier en porcelaine sur mesure utilise des mati\u00e8res premi\u00e8res c\u00e9ramiques de haute qualit\u00e9, une cuisson \u00e0 haute temp\u00e9rature, une gla\u00e7ure dense et lisse, qui ne se salit pas facilement et se nettoie ais\u00e9ment au quotidien.<\/li>\n\n\n\n<li><strong>Convient \u00e0 une vari\u00e9t\u00e9 de styles d'espaces : <\/strong>Ces lavabos en gros ont une apparence minimaliste et a\u00e9rodynamique, qui convient au style de luxe moderne et l\u00e9ger et \u00e0 diverses sc\u00e8nes de d\u00e9coration telles que les h\u00f4tels de charme et les espaces commerciaux.<\/li>\n<\/ul>\n<\/div>\n\n\n\n<div class=\"wp-block-column is-layout-flow wp-block-column-is-layout-flow\">\n<figure class=\"wp-block-image size-full\"><img fetchpriority=\"high\" decoding=\"async\" width=\"1024\" height=\"1024\" src=\"https:\/\/www.ceramicbasin.com\/wp-content\/uploads\/2025\/05\/Round-Shape-Rose-Gold-Color-Wholesale-Countertop-Sinks-5.webp\" alt=\"Rose Gold Porcelain Sink Custom Made, Wholesale Wash Basins-1\" class=\"wp-image-6760\" srcset=\"https:\/\/www.ceramicbasin.com\/wp-content\/uploads\/2025\/05\/Round-Shape-Rose-Gold-Color-Wholesale-Countertop-Sinks-5.webp 1024w, https:\/\/www.ceramicbasin.com\/wp-content\/uploads\/2025\/05\/Round-Shape-Rose-Gold-Color-Wholesale-Countertop-Sinks-5-300x300.webp 300w, https:\/\/www.ceramicbasin.com\/wp-content\/uploads\/2025\/05\/Round-Shape-Rose-Gold-Color-Wholesale-Countertop-Sinks-5-150x150.webp 150w, https:\/\/www.ceramicbasin.com\/wp-content\/uploads\/2025\/05\/Round-Shape-Rose-Gold-Color-Wholesale-Countertop-Sinks-5-768x768.webp 768w, https:\/\/www.ceramicbasin.com\/wp-content\/uploads\/2025\/05\/Round-Shape-Rose-Gold-Color-Wholesale-Countertop-Sinks-5-12x12.webp 12w, https:\/\/www.ceramicbasin.com\/wp-content\/uploads\/2025\/05\/Round-Shape-Rose-Gold-Color-Wholesale-Countertop-Sinks-5-285x285.webp 285w, https:\/\/www.ceramicbasin.com\/wp-content\/uploads\/2025\/05\/Round-Shape-Rose-Gold-Color-Wholesale-Countertop-Sinks-5-270x270.webp 270w, https:\/\/www.ceramicbasin.com\/wp-content\/uploads\/2025\/05\/Round-Shape-Rose-Gold-Color-Wholesale-Countertop-Sinks-5-540x540.webp 540w, https:\/\/www.ceramicbasin.com\/wp-content\/uploads\/2025\/05\/Round-Shape-Rose-Gold-Color-Wholesale-Countertop-Sinks-5-660x660.webp 660w\" sizes=\"(max-width: 1024px) 100vw, 1024px\" \/><\/figure>\n<\/div>\n<\/div>\n\n\n\n<p><\/p>","protected":false},"excerpt":{"rendered":"<p>Bienvenue sur le site d'achat de lavabos en porcelaine sur mesure. Nos lavabos en c\u00e9ramique or rose combinent des couleurs uniques avec des formes modernes pour montrer une texture haut de gamme, supportant de multiples personnalisations, et sont les produits pr\u00e9f\u00e9r\u00e9s pour la beaut\u00e9 et la praticit\u00e9 de l'espace de la salle de bain.<\/p>\n<table style=\"border-collapse: collapse; width: 311.02pt;\" border=\"0\" width=\"311\" cellspacing=\"0\" cellpadding=\"0\">\n<tbody>\n<tr style=\"height: 17.60pt;\">\n<td class=\"et3\" style=\"height: 17.60pt; width: 108.35pt;\" width=\"108\" height=\"17\">Fabricant<\/td>\n<td class=\"et3\" style=\"width: 202.95pt;\" width=\"202\">HanYu<\/td>\n<\/tr>\n<tr style=\"height: 17.60pt;\">\n<td class=\"et3\" style=\"height: 17.60pt;\" height=\"17\">Num\u00e9ro de mod\u00e8le.<\/td>\n<td class=\"et4\">HY-8070RGS<\/td>\n<\/tr>\n<tr style=\"height: 36.00pt;\">\n<td class=\"et3\" style=\"height: 36.00pt;\" height=\"36\">Type<\/td>\n<td class=\"et5\" style=\"width: 202.95pt;\" width=\"202\">Cuvette galvanis\u00e9e, Cuvette de comptoir<\/td>\n<\/tr>\n<tr style=\"height: 17.60pt;\">\n<td class=\"et3\" style=\"height: 17.60pt;\" height=\"17\">Forme<\/td>\n<td class=\"et3\">Forme ronde<\/td>\n<\/tr>\n<tr style=\"height: 18.00pt;\">\n<td class=\"et4\" style=\"height: 18.00pt;\" height=\"18\">Couleur<\/td>\n<td class=\"et5\" style=\"width: 202.95pt;\" width=\"202\">Blanc + or bross\u00e9<\/td>\n<\/tr>\n<tr style=\"height: 18.00pt;\">\n<td class=\"et3\" style=\"height: 18.00pt;\" height=\"18\">Dimension<\/td>\n<td class=\"et5\" style=\"width: 202.95pt;\" width=\"202\">36*36*12<\/td>\n<\/tr>\n<tr style=\"height: 17.60pt;\">\n<td class=\"et3\" style=\"height: 17.60pt;\" height=\"17\">N.W \/SET<\/td>\n<td class=\"et3\">7KGS\/PCS<\/td>\n<\/tr>\n<tr style=\"height: 17.60pt;\">\n<td class=\"et3\" style=\"height: 17.60pt;\" height=\"17\">MOQ<\/td>\n<td class=\"et3\">20pcs<\/td>\n<\/tr>\n<tr style=\"height: 17.60pt;\">\n<td class=\"et3\" style=\"height: 17.60pt;\" height=\"17\">Option personnalis\u00e9e<\/td>\n<td class=\"et3\">Couleur\/Pattenue\/Taille\/Logo\/Emballage<\/td>\n<\/tr>\n<\/tbody>\n<\/table>","protected":false},"featured_media":6759,"comment_status":"closed","ping_status":"closed","template":"","meta":{"_acf_changed":false},"product_brand":[],"product_cat":[50,53],"product_tag":[],"class_list":{"0":"post-6755","1":"product","2":"type-product","3":"status-publish","4":"has-post-thumbnail","6":"product_cat-wholesale-countertop-sinks","7":"product_cat-electroplated-bathroom-sinks","9":"first","10":"instock","11":"shipping-taxable","12":"product-type-simple"},"acf":[],"_links":{"self":[{"href":"https:\/\/www.ceramicbasin.com\/fr\/wp-json\/wp\/v2\/product\/6755","targetHints":{"allow":["GET"]}}],"collection":[{"href":"https:\/\/www.ceramicbasin.com\/fr\/wp-json\/wp\/v2\/product"}],"about":[{"href":"https:\/\/www.ceramicbasin.com\/fr\/wp-json\/wp\/v2\/types\/product"}],"replies":[{"embeddable":true,"href":"https:\/\/www.ceramicbasin.com\/fr\/wp-json\/wp\/v2\/comments?post=6755"}],"wp:featuredmedia":[{"embeddable":true,"href":"https:\/\/www.ceramicbasin.com\/fr\/wp-json\/wp\/v2\/media\/6759"}],"wp:attachment":[{"href":"https:\/\/www.ceramicbasin.com\/fr\/wp-json\/wp\/v2\/media?parent=6755"}],"wp:term":[{"taxonomy":"product_brand","embeddable":true,"href":"https:\/\/www.ceramicbasin.com\/fr\/wp-json\/wp\/v2\/product_brand?post=6755"},{"taxonomy":"product_cat","embeddable":true,"href":"https:\/\/www.ceramicbasin.com\/fr\/wp-json\/wp\/v2\/product_cat?post=6755"},{"taxonomy":"product_tag","embeddable":true,"href":"https:\/\/www.ceramicbasin.com\/fr\/wp-json\/wp\/v2\/product_tag?post=6755"}],"curies":[{"name":"wp","href":"https:\/\/api.w.org\/{rel}","templated":true}]}}