{"id":6776,"date":"2025-05-15T06:40:52","date_gmt":"2025-05-15T06:40:52","guid":{"rendered":"https:\/\/www.ceramicbasin.com\/?post_type=product&#038;p=6776"},"modified":"2025-05-16T08:42:40","modified_gmt":"2025-05-16T08:42:40","slug":"wholesale-ceramic-sink-bowl","status":"publish","type":"product","link":"https:\/\/www.ceramicbasin.com\/fr\/produit\/wholesale-ceramic-sink-bowl\/","title":{"rendered":"Evier moderne rond en c\u00e9ramique avec couleur marbre"},"content":{"rendered":"<div class=\"wp-block-columns is-layout-flex wp-container-core-columns-is-layout-9d6595d7 wp-block-columns-is-layout-flex\">\n<div class=\"wp-block-column is-layout-flow wp-block-column-is-layout-flow\">\n<h2 class=\"wp-block-heading\">Caract\u00e9ristiques de la cuvette d'\u00e9vier en c\u00e9ramique de premi\u00e8re qualit\u00e9 :<\/h2>\n\n\n\n<ul class=\"wp-block-list\">\n<li><strong>Texture de marbre rouge-brun, texture unique :<\/strong> Ce lavabo en c\u00e9ramique a une texture de marbre naturellement fluide, un ton profond et plein, cr\u00e9ant un style de salle de bain calme et haut de gamme.<\/li>\n\n\n\n<li><strong>Design rond et moderne, simple et atmosph\u00e9rique :<\/strong> Ce lavabo en c\u00e9ramique est arrondi et lisse, ce qui permet de mettre en valeur l'aspect moderne et la beaut\u00e9 d\u00e9corative de l'espace.<\/li>\n\n\n\n<li><strong>C\u00e9ramique de haute qualit\u00e9, r\u00e9sistante \u00e0 l'usure et facile \u00e0 nettoyer : <\/strong>Nos bols d'\u00e9vier en c\u00e9ramique sont cuits avec de l'argile porcelaine de haute qualit\u00e9, avec une surface dense et lisse, ce qui est plus pratique et sans probl\u00e8me pour le nettoyage quotidien.<\/li>\n\n\n\n<li><strong>Convient \u00e0 l'ing\u00e9nierie et \u00e0 la personnalisation, livraison rapide par lots : <\/strong>Nos lavabos en c\u00e9ramique peuvent \u00eatre fabriqu\u00e9s en gros selon la m\u00e9thode OEM\/ODM, ce qui permet de r\u00e9pondre aux divers besoins des projets d'ing\u00e9nierie \u00e0 grande \u00e9chelle, de l'approvisionnement des h\u00f4tels et de l'assortiment des marques.<\/li>\n<\/ul>\n<\/div>\n\n\n\n<div class=\"wp-block-column is-layout-flow wp-block-column-is-layout-flow\">\n<figure class=\"wp-block-image size-full\"><img fetchpriority=\"high\" decoding=\"async\" width=\"827\" height=\"1232\" src=\"https:\/\/www.ceramicbasin.com\/wp-content\/uploads\/2025\/05\/Modern-Round-Wholesale-Ceramic-Sink-Bowl-With-Marble-Color-6.webp\" alt=\"Evier moderne rond en c\u00e9ramique avec marbre Color-6\" class=\"wp-image-6834\" srcset=\"https:\/\/www.ceramicbasin.com\/wp-content\/uploads\/2025\/05\/Modern-Round-Wholesale-Ceramic-Sink-Bowl-With-Marble-Color-6.webp 827w, https:\/\/www.ceramicbasin.com\/wp-content\/uploads\/2025\/05\/Modern-Round-Wholesale-Ceramic-Sink-Bowl-With-Marble-Color-6-201x300.webp 201w, https:\/\/www.ceramicbasin.com\/wp-content\/uploads\/2025\/05\/Modern-Round-Wholesale-Ceramic-Sink-Bowl-With-Marble-Color-6-768x1144.webp 768w, https:\/\/www.ceramicbasin.com\/wp-content\/uploads\/2025\/05\/Modern-Round-Wholesale-Ceramic-Sink-Bowl-With-Marble-Color-6-8x12.webp 8w, https:\/\/www.ceramicbasin.com\/wp-content\/uploads\/2025\/05\/Modern-Round-Wholesale-Ceramic-Sink-Bowl-With-Marble-Color-6-285x425.webp 285w, https:\/\/www.ceramicbasin.com\/wp-content\/uploads\/2025\/05\/Modern-Round-Wholesale-Ceramic-Sink-Bowl-With-Marble-Color-6-443x660.webp 443w, https:\/\/www.ceramicbasin.com\/wp-content\/uploads\/2025\/05\/Modern-Round-Wholesale-Ceramic-Sink-Bowl-With-Marble-Color-6-101x150.webp 101w\" sizes=\"(max-width: 827px) 100vw, 827px\" \/><\/figure>\n<\/div>\n<\/div>\n\n\n\n<p><\/p>","protected":false},"excerpt":{"rendered":"<p>Bienvenue sur le site d'achat en gros de bols d'\u00e9vier en c\u00e9ramique. Ce lavabo rond moderne en c\u00e9ramique adopte une texture de marbre rouge-brun, une couleur riche, une texture unique, une atmosph\u00e8re naturelle et une beaut\u00e9 moderne. Il convient aux salles de bains r\u00e9sidentielles, h\u00f4teli\u00e8res et commerciales haut de gamme.<\/p>\n<table style=\"border-collapse: collapse; width: 311.02pt;\" border=\"0\" width=\"311\" cellspacing=\"0\" cellpadding=\"0\">\n<tbody>\n<tr style=\"height: 17.60pt;\">\n<td class=\"et3\" style=\"height: 17.60pt; width: 108.35pt;\" width=\"108\" height=\"17\">Fabricant<\/td>\n<td class=\"et3\" style=\"width: 202.95pt;\" width=\"202\">HanYu<\/td>\n<\/tr>\n<tr style=\"height: 17.60pt;\">\n<td class=\"et3\" style=\"height: 17.60pt;\" height=\"17\">Num\u00e9ro de mod\u00e8le.<\/td>\n<td class=\"et4\">HY5004D63<\/td>\n<\/tr>\n<tr style=\"height: 17.60pt;\">\n<td class=\"et3\" style=\"height: 17.60pt;\" height=\"17\">Type<\/td>\n<td class=\"et3\">Bassin de comptoir<\/td>\n<\/tr>\n<tr style=\"height: 17.60pt;\">\n<td class=\"et3\" style=\"height: 17.60pt;\" height=\"17\">Forme<\/td>\n<td class=\"et2\">Forme ronde<\/td>\n<\/tr>\n<tr style=\"height: 17.60pt;\">\n<td class=\"et4\" style=\"height: 17.60pt;\" height=\"17\">Couleur<\/td>\n<td class=\"et3\">Couleur marbre<\/td>\n<\/tr>\n<tr style=\"height: 18.00pt;\">\n<td class=\"et3\" style=\"height: 18.00pt;\" height=\"18\">Dimension<\/td>\n<td class=\"et5\" style=\"width: 202.95pt;\" width=\"202\">41*41*15.5<\/td>\n<\/tr>\n<tr style=\"height: 17.60pt;\">\n<td class=\"et3\" style=\"height: 17.60pt;\" height=\"17\">N.W \/SET<\/td>\n<td class=\"et3\">8KGS\/PCS<\/td>\n<\/tr>\n<tr style=\"height: 17.60pt;\">\n<td class=\"et3\" style=\"height: 17.60pt;\" height=\"17\">MOQ<\/td>\n<td class=\"et3\">20pcs<\/td>\n<\/tr>\n<tr style=\"height: 17.60pt;\">\n<td class=\"et3\" style=\"height: 17.60pt;\" height=\"17\">Option personnalis\u00e9e<\/td>\n<td class=\"et3\">Couleur\/Pattenue\/Taille\/Logo\/Emballage<\/td>\n<\/tr>\n<\/tbody>\n<\/table>","protected":false},"featured_media":6829,"comment_status":"closed","ping_status":"closed","template":"","meta":{"_acf_changed":false},"product_brand":[],"product_cat":[50,54],"product_tag":[],"class_list":{"0":"post-6776","1":"product","2":"type-product","3":"status-publish","4":"has-post-thumbnail","6":"product_cat-wholesale-countertop-sinks","7":"product_cat-wholesale-marble-sinks","9":"first","10":"instock","11":"shipping-taxable","12":"product-type-simple"},"acf":[],"_links":{"self":[{"href":"https:\/\/www.ceramicbasin.com\/fr\/wp-json\/wp\/v2\/product\/6776","targetHints":{"allow":["GET"]}}],"collection":[{"href":"https:\/\/www.ceramicbasin.com\/fr\/wp-json\/wp\/v2\/product"}],"about":[{"href":"https:\/\/www.ceramicbasin.com\/fr\/wp-json\/wp\/v2\/types\/product"}],"replies":[{"embeddable":true,"href":"https:\/\/www.ceramicbasin.com\/fr\/wp-json\/wp\/v2\/comments?post=6776"}],"wp:featuredmedia":[{"embeddable":true,"href":"https:\/\/www.ceramicbasin.com\/fr\/wp-json\/wp\/v2\/media\/6829"}],"wp:attachment":[{"href":"https:\/\/www.ceramicbasin.com\/fr\/wp-json\/wp\/v2\/media?parent=6776"}],"wp:term":[{"taxonomy":"product_brand","embeddable":true,"href":"https:\/\/www.ceramicbasin.com\/fr\/wp-json\/wp\/v2\/product_brand?post=6776"},{"taxonomy":"product_cat","embeddable":true,"href":"https:\/\/www.ceramicbasin.com\/fr\/wp-json\/wp\/v2\/product_cat?post=6776"},{"taxonomy":"product_tag","embeddable":true,"href":"https:\/\/www.ceramicbasin.com\/fr\/wp-json\/wp\/v2\/product_tag?post=6776"}],"curies":[{"name":"wp","href":"https:\/\/api.w.org\/{rel}","templated":true}]}}