{"id":6783,"date":"2025-05-15T06:46:06","date_gmt":"2025-05-15T06:46:06","guid":{"rendered":"https:\/\/www.ceramicbasin.com\/?post_type=product&#038;p=6783"},"modified":"2025-05-16T08:27:43","modified_gmt":"2025-05-16T08:27:43","slug":"custom-ceramic-sinks","status":"publish","type":"product","link":"https:\/\/www.ceramicbasin.com\/fr\/produit\/custom-ceramic-sinks\/","title":{"rendered":"Marbre-Look Custom Ceramic Sinks, Oval Sinks Wholesale"},"content":{"rendered":"<div class=\"wp-block-columns is-layout-flex wp-container-core-columns-is-layout-9d6595d7 wp-block-columns-is-layout-flex\">\n<div class=\"wp-block-column is-layout-flow wp-block-column-is-layout-flow\">\n<h2 class=\"wp-block-heading\">Premium Custom Ceramic Sinks Caract\u00e9ristiques :<\/h2>\n\n\n\n<ul class=\"wp-block-list\">\n<li><strong>Texture douce de marbre jaune clair : <\/strong>Ces \u00e9viers en c\u00e9ramique personnalis\u00e9s ont des tons chauds et des textures naturelles et lisses, ajoutant une texture visuelle tranquille et haut de gamme \u00e0 l'espace.<\/li>\n\n\n\n<li><strong>Forme ovale classique, \u00e9l\u00e9gante et polyvalente :<\/strong> Ces lavabos de salle de bains en gros ont un design ovale avec des courbes douces, convenant \u00e0 une vari\u00e9t\u00e9 de comptoirs de salle de bains et de styles de d\u00e9coration.<\/li>\n\n\n\n<li><strong>La technologie de transfert d'eau offre une sensation de pierre naturelle :<\/strong> Ces \u00e9viers en c\u00e9ramique personnalis\u00e9s utilisent la technologie du transfert d'eau pour rendre la texture du marbre claire et r\u00e9aliste, avec une texture d\u00e9licate sans perdre son \u00e9clat.<\/li>\n\n\n\n<li><strong>Offre flexible pour la personnalisation et la vente en gros : <\/strong>Nos \u00e9viers de salle de bains en c\u00e9ramique sont disponibles en gros pour les services OEM\/ODM afin de r\u00e9pondre aux diff\u00e9rents besoins d'approvisionnement, tels que les projets d'ing\u00e9nierie et les marques de d\u00e9tail.<\/li>\n<\/ul>\n<\/div>\n\n\n\n<div class=\"wp-block-column is-layout-flow wp-block-column-is-layout-flow\">\n<figure class=\"wp-block-image size-full\"><img fetchpriority=\"high\" decoding=\"async\" width=\"1345\" height=\"1786\" src=\"https:\/\/www.ceramicbasin.com\/wp-content\/uploads\/2025\/05\/Marble-Look-Custom-Ceramic-Sinks-Oval-Sinks-Wholesale-6.webp\" alt=\"Marbre-Look Custom Ceramic Sinks, Oval Sinks Wholesale-6\" class=\"wp-image-6827\" srcset=\"https:\/\/www.ceramicbasin.com\/wp-content\/uploads\/2025\/05\/Marble-Look-Custom-Ceramic-Sinks-Oval-Sinks-Wholesale-6.webp 1345w, https:\/\/www.ceramicbasin.com\/wp-content\/uploads\/2025\/05\/Marble-Look-Custom-Ceramic-Sinks-Oval-Sinks-Wholesale-6-226x300.webp 226w, https:\/\/www.ceramicbasin.com\/wp-content\/uploads\/2025\/05\/Marble-Look-Custom-Ceramic-Sinks-Oval-Sinks-Wholesale-6-768x1020.webp 768w, https:\/\/www.ceramicbasin.com\/wp-content\/uploads\/2025\/05\/Marble-Look-Custom-Ceramic-Sinks-Oval-Sinks-Wholesale-6-9x12.webp 9w, https:\/\/www.ceramicbasin.com\/wp-content\/uploads\/2025\/05\/Marble-Look-Custom-Ceramic-Sinks-Oval-Sinks-Wholesale-6-285x378.webp 285w, https:\/\/www.ceramicbasin.com\/wp-content\/uploads\/2025\/05\/Marble-Look-Custom-Ceramic-Sinks-Oval-Sinks-Wholesale-6-497x660.webp 497w, https:\/\/www.ceramicbasin.com\/wp-content\/uploads\/2025\/05\/Marble-Look-Custom-Ceramic-Sinks-Oval-Sinks-Wholesale-6-113x150.webp 113w\" sizes=\"(max-width: 1345px) 100vw, 1345px\" \/><\/figure>\n<\/div>\n<\/div>\n\n\n\n<p><\/p>","protected":false},"excerpt":{"rendered":"<p>Bienvenue sur le site d'achat en gros de lavabos de salle de bain. Ces \u00e9viers en c\u00e9ramique personnalis\u00e9s \u00e0 texture de marbre jaune clair cr\u00e9ent une atmosph\u00e8re naturelle et confortable avec des tons doux et chauds. La forme ovale classique avec texture imitation pierre est \u00e9l\u00e9gante et polyvalente, adapt\u00e9e aux projets de salles de bains r\u00e9sidentielles, h\u00f4teli\u00e8res et commerciales.<\/p>\n<table style=\"border-collapse: collapse; width: 311.02pt;\" border=\"0\" width=\"311\" cellspacing=\"0\" cellpadding=\"0\">\n<tbody>\n<tr style=\"height: 17.60pt;\">\n<td class=\"et3\" style=\"height: 17.60pt; width: 108.35pt;\" width=\"108\" height=\"17\">Fabricant<\/td>\n<td class=\"et3\" style=\"width: 202.95pt;\" width=\"202\">HanYu<\/td>\n<\/tr>\n<tr style=\"height: 17.60pt;\">\n<td class=\"et3\" style=\"height: 17.60pt;\" height=\"17\">Num\u00e9ro de mod\u00e8le.<\/td>\n<td class=\"et4\">HY-5038D53<\/td>\n<\/tr>\n<tr style=\"height: 17.60pt;\">\n<td class=\"et3\" style=\"height: 17.60pt;\" height=\"17\">Type<\/td>\n<td class=\"et3\">Bassin de comptoir<\/td>\n<\/tr>\n<tr style=\"height: 17.60pt;\">\n<td class=\"et3\" style=\"height: 17.60pt;\" height=\"17\">Forme<\/td>\n<td class=\"et2\">Forme ovale<\/td>\n<\/tr>\n<tr style=\"height: 17.60pt;\">\n<td class=\"et4\" style=\"height: 17.60pt;\" height=\"17\">Couleur<\/td>\n<td class=\"et3\">\u00a0Couleur marbre<\/td>\n<\/tr>\n<tr style=\"height: 18.00pt;\">\n<td class=\"et3\" style=\"height: 18.00pt;\" height=\"18\">Dimension<\/td>\n<td class=\"et5\" style=\"width: 202.95pt;\" width=\"202\">60*41.5*16<\/td>\n<\/tr>\n<tr style=\"height: 17.60pt;\">\n<td class=\"et3\" style=\"height: 17.60pt;\" height=\"17\">N.W \/SET<\/td>\n<td class=\"et3\">15KGS\/PCS<\/td>\n<\/tr>\n<tr style=\"height: 17.60pt;\">\n<td class=\"et3\" style=\"height: 17.60pt;\" height=\"17\">MOQ<\/td>\n<td class=\"et3\">20pcs<\/td>\n<\/tr>\n<tr style=\"height: 17.60pt;\">\n<td class=\"et3\" style=\"height: 17.60pt;\" height=\"17\">Option personnalis\u00e9e<\/td>\n<td class=\"et3\">Couleur\/Pattenue\/Taille\/Logo\/Emballage<\/td>\n<\/tr>\n<\/tbody>\n<\/table>","protected":false},"featured_media":6822,"comment_status":"closed","ping_status":"closed","template":"","meta":{"_acf_changed":false},"product_brand":[],"product_cat":[50,54],"product_tag":[],"class_list":{"0":"post-6783","1":"product","2":"type-product","3":"status-publish","4":"has-post-thumbnail","6":"product_cat-wholesale-countertop-sinks","7":"product_cat-wholesale-marble-sinks","9":"first","10":"instock","11":"shipping-taxable","12":"product-type-simple"},"acf":[],"_links":{"self":[{"href":"https:\/\/www.ceramicbasin.com\/fr\/wp-json\/wp\/v2\/product\/6783","targetHints":{"allow":["GET"]}}],"collection":[{"href":"https:\/\/www.ceramicbasin.com\/fr\/wp-json\/wp\/v2\/product"}],"about":[{"href":"https:\/\/www.ceramicbasin.com\/fr\/wp-json\/wp\/v2\/types\/product"}],"replies":[{"embeddable":true,"href":"https:\/\/www.ceramicbasin.com\/fr\/wp-json\/wp\/v2\/comments?post=6783"}],"wp:featuredmedia":[{"embeddable":true,"href":"https:\/\/www.ceramicbasin.com\/fr\/wp-json\/wp\/v2\/media\/6822"}],"wp:attachment":[{"href":"https:\/\/www.ceramicbasin.com\/fr\/wp-json\/wp\/v2\/media?parent=6783"}],"wp:term":[{"taxonomy":"product_brand","embeddable":true,"href":"https:\/\/www.ceramicbasin.com\/fr\/wp-json\/wp\/v2\/product_brand?post=6783"},{"taxonomy":"product_cat","embeddable":true,"href":"https:\/\/www.ceramicbasin.com\/fr\/wp-json\/wp\/v2\/product_cat?post=6783"},{"taxonomy":"product_tag","embeddable":true,"href":"https:\/\/www.ceramicbasin.com\/fr\/wp-json\/wp\/v2\/product_tag?post=6783"}],"curies":[{"name":"wp","href":"https:\/\/api.w.org\/{rel}","templated":true}]}}