{"id":6790,"date":"2025-05-15T08:16:34","date_gmt":"2025-05-15T08:16:34","guid":{"rendered":"https:\/\/www.ceramicbasin.com\/?post_type=product&#038;p=6790"},"modified":"2025-05-16T08:18:50","modified_gmt":"2025-05-16T08:18:50","slug":"wholesale-porcelain-basin","status":"publish","type":"product","link":"https:\/\/www.ceramicbasin.com\/fr\/produit\/wholesale-porcelain-basin\/","title":{"rendered":"Elegant Wholesale Porcelain Basin, Faux Marble Bathroom Sinks (lavabos de salle de bain en porcelaine)"},"content":{"rendered":"<div class=\"wp-block-columns is-layout-flex wp-container-core-columns-is-layout-9d6595d7 wp-block-columns-is-layout-flex\">\n<div class=\"wp-block-column is-layout-flow wp-block-column-is-layout-flow\">\n<h2 class=\"wp-block-heading\">Bassin en porcelaine de premi\u00e8re qualit\u00e9 en gros Caract\u00e9ristiques :<\/h2>\n\n\n\n<ul class=\"wp-block-list\">\n<li><strong>Texture de marbre brun chaud :<\/strong> Notre vasque en porcelaine en gros associe la chaleur et la fluidit\u00e9 du marbre v\u00e9ritable pour apporter une touche d'\u00e9l\u00e9gance et de texture \u00e0 l'ambiance de la salle de bains.<\/li>\n\n\n\n<li><strong>Processus de transfert d'eau \u00e0 haute simulation :<\/strong> Nos \u00e9viers de salle de bains en faux marbre utilisent une technologie avanc\u00e9e pour introduire un degr\u00e9 plus \u00e9lev\u00e9 de r\u00e9alisme dans la texture, ainsi qu'une finition de porcelaine brillante, offrant une combinaison parfaite de la pierre et de la c\u00e9ramique.<\/li>\n\n\n\n<li><strong>Porcelaine de haute qualit\u00e9, durable et facile \u00e0 nettoyer : <\/strong>Notre bassin en porcelaine de gros a un toucher lisse et d\u00e9licat, il est r\u00e9sistant aux taches et aux rayures, et il est facile et rapide \u00e0 nettoyer tous les jours.<\/li>\n\n\n\n<li><strong>Possibilit\u00e9 de personnalisation et de vente en gros, livraison rapide :<\/strong> Ces \u00e9viers de salle de bain en faux marbre peuvent \u00eatre utilis\u00e9s pour des projets de construction d'ing\u00e9nierie ou des besoins d'assortiment de marque avec des lots stables et des d\u00e9lais de livraison garantis.<\/li>\n<\/ul>\n<\/div>\n\n\n\n<div class=\"wp-block-column is-layout-flow wp-block-column-is-layout-flow\">\n<figure class=\"wp-block-image size-full\"><img fetchpriority=\"high\" decoding=\"async\" width=\"1345\" height=\"1787\" src=\"https:\/\/www.ceramicbasin.com\/wp-content\/uploads\/2025\/05\/Elegant-Wholesale-Porcelain-Basin-Faux-Marble-Bathroom-Sinks-5.webp\" alt=\"Elegant Wholesale Porcelain Basin, Faux Marble Bathroom Sinks-5\" class=\"wp-image-6818\" srcset=\"https:\/\/www.ceramicbasin.com\/wp-content\/uploads\/2025\/05\/Elegant-Wholesale-Porcelain-Basin-Faux-Marble-Bathroom-Sinks-5.webp 1345w, https:\/\/www.ceramicbasin.com\/wp-content\/uploads\/2025\/05\/Elegant-Wholesale-Porcelain-Basin-Faux-Marble-Bathroom-Sinks-5-226x300.webp 226w, https:\/\/www.ceramicbasin.com\/wp-content\/uploads\/2025\/05\/Elegant-Wholesale-Porcelain-Basin-Faux-Marble-Bathroom-Sinks-5-768x1020.webp 768w, https:\/\/www.ceramicbasin.com\/wp-content\/uploads\/2025\/05\/Elegant-Wholesale-Porcelain-Basin-Faux-Marble-Bathroom-Sinks-5-9x12.webp 9w, https:\/\/www.ceramicbasin.com\/wp-content\/uploads\/2025\/05\/Elegant-Wholesale-Porcelain-Basin-Faux-Marble-Bathroom-Sinks-5-285x379.webp 285w, https:\/\/www.ceramicbasin.com\/wp-content\/uploads\/2025\/05\/Elegant-Wholesale-Porcelain-Basin-Faux-Marble-Bathroom-Sinks-5-497x660.webp 497w, https:\/\/www.ceramicbasin.com\/wp-content\/uploads\/2025\/05\/Elegant-Wholesale-Porcelain-Basin-Faux-Marble-Bathroom-Sinks-5-113x150.webp 113w\" sizes=\"(max-width: 1345px) 100vw, 1345px\" \/><\/figure>\n<\/div>\n<\/div>\n\n\n\n<p><\/p>","protected":false},"excerpt":{"rendered":"<p>Bienvenue pour l'achat en gros de lavabos de salle de bain en faux marbre. Cette \u00e9l\u00e9gante vasque en porcelaine en gros adopte un design de texture de marbre brun, pr\u00e9sentant la beaut\u00e9 naturelle et chaude de la pierre. Gr\u00e2ce au processus de transfert d'eau, la texture est riche et r\u00e9aliste.<\/p>\n<table style=\"border-collapse: collapse; width: 311.02pt;\" border=\"0\" width=\"311\" cellspacing=\"0\" cellpadding=\"0\">\n<tbody>\n<tr style=\"height: 17.60pt;\">\n<td class=\"et3\" style=\"height: 17.60pt; width: 108.35pt;\" width=\"108\" height=\"17\">Fabricant<\/td>\n<td class=\"et3\" style=\"width: 202.95pt;\" width=\"202\">HanYu<\/td>\n<\/tr>\n<tr style=\"height: 17.60pt;\">\n<td class=\"et3\" style=\"height: 17.60pt;\" height=\"17\">Num\u00e9ro de mod\u00e8le.<\/td>\n<td class=\"et4\">HY-5104D56<\/td>\n<\/tr>\n<tr style=\"height: 36.00pt;\">\n<td class=\"et3\" style=\"height: 36.00pt;\" height=\"36\">Type<\/td>\n<td class=\"et5\" style=\"width: 202.95pt;\" width=\"202\">Cuvette en marbre, cuvette de comptoir<\/td>\n<\/tr>\n<tr style=\"height: 17.60pt;\">\n<td class=\"et3\" style=\"height: 17.60pt;\" height=\"17\">Forme<\/td>\n<td class=\"et3\">Forme rectangulaire<\/td>\n<\/tr>\n<tr style=\"height: 18.00pt;\">\n<td class=\"et4\" style=\"height: 18.00pt;\" height=\"18\">Couleur<\/td>\n<td class=\"et5\" style=\"width: 202.95pt;\" width=\"202\">Noir et blanc<\/td>\n<\/tr>\n<tr style=\"height: 18.00pt;\">\n<td class=\"et3\" style=\"height: 18.00pt;\" height=\"18\">Dimension<\/td>\n<td class=\"et5\" style=\"width: 202.95pt;\" width=\"202\">45*40*14.5<\/td>\n<\/tr>\n<tr style=\"height: 17.60pt;\">\n<td class=\"et3\" style=\"height: 17.60pt;\" height=\"17\">N.W \/SET<\/td>\n<td class=\"et3\">10 KGS\/PCS<\/td>\n<\/tr>\n<tr style=\"height: 17.60pt;\">\n<td class=\"et3\" style=\"height: 17.60pt;\" height=\"17\">MOQ<\/td>\n<td class=\"et3\">20pcs<\/td>\n<\/tr>\n<tr style=\"height: 17.60pt;\">\n<td class=\"et3\" style=\"height: 17.60pt;\" height=\"17\">Option personnalis\u00e9e<\/td>\n<td class=\"et3\">Couleur\/Pattenue\/Taille\/Logo\/Emballage<\/td>\n<\/tr>\n<\/tbody>\n<\/table>","protected":false},"featured_media":6819,"comment_status":"closed","ping_status":"closed","template":"","meta":{"_acf_changed":false},"product_brand":[],"product_cat":[54,50],"product_tag":[],"class_list":{"0":"post-6790","1":"product","2":"type-product","3":"status-publish","4":"has-post-thumbnail","6":"product_cat-wholesale-marble-sinks","7":"product_cat-wholesale-countertop-sinks","9":"first","10":"instock","11":"shipping-taxable","12":"product-type-simple"},"acf":[],"_links":{"self":[{"href":"https:\/\/www.ceramicbasin.com\/fr\/wp-json\/wp\/v2\/product\/6790","targetHints":{"allow":["GET"]}}],"collection":[{"href":"https:\/\/www.ceramicbasin.com\/fr\/wp-json\/wp\/v2\/product"}],"about":[{"href":"https:\/\/www.ceramicbasin.com\/fr\/wp-json\/wp\/v2\/types\/product"}],"replies":[{"embeddable":true,"href":"https:\/\/www.ceramicbasin.com\/fr\/wp-json\/wp\/v2\/comments?post=6790"}],"wp:featuredmedia":[{"embeddable":true,"href":"https:\/\/www.ceramicbasin.com\/fr\/wp-json\/wp\/v2\/media\/6819"}],"wp:attachment":[{"href":"https:\/\/www.ceramicbasin.com\/fr\/wp-json\/wp\/v2\/media?parent=6790"}],"wp:term":[{"taxonomy":"product_brand","embeddable":true,"href":"https:\/\/www.ceramicbasin.com\/fr\/wp-json\/wp\/v2\/product_brand?post=6790"},{"taxonomy":"product_cat","embeddable":true,"href":"https:\/\/www.ceramicbasin.com\/fr\/wp-json\/wp\/v2\/product_cat?post=6790"},{"taxonomy":"product_tag","embeddable":true,"href":"https:\/\/www.ceramicbasin.com\/fr\/wp-json\/wp\/v2\/product_tag?post=6790"}],"curies":[{"name":"wp","href":"https:\/\/api.w.org\/{rel}","templated":true}]}}