{"id":6798,"date":"2025-05-15T08:57:35","date_gmt":"2025-05-15T08:57:35","guid":{"rendered":"https:\/\/www.ceramicbasin.com\/?post_type=product&#038;p=6798"},"modified":"2025-05-16T08:11:22","modified_gmt":"2025-05-16T08:11:22","slug":"wholesale-ceramic-sink-bowls","status":"publish","type":"product","link":"https:\/\/www.ceramicbasin.com\/fr\/produit\/wholesale-ceramic-sink-bowls\/","title":{"rendered":"Cuvette d'\u00e9vier de luxe en c\u00e9ramique \u00e0 l'aspect marbr\u00e9 pour la salle de bains"},"content":{"rendered":"<div class=\"wp-block-columns is-layout-flex wp-container-core-columns-is-layout-9d6595d7 wp-block-columns-is-layout-flex\">\n<div class=\"wp-block-column is-layout-flow wp-block-column-is-layout-flow\">\n<h2 class=\"wp-block-heading\">Premium Wholesale Ceramic Sink Bowls (bols d'\u00e9vier en c\u00e9ramique) Caract\u00e9ristiques :<\/h2>\n\n\n\n<ul class=\"wp-block-list\">\n<li><strong>Texture de simulation de marbre : <\/strong>Ces bols d'\u00e9vier en c\u00e9ramique adoptent une texture de marbre noir et blanc, \u00e9l\u00e9gante et naturelle, qui cr\u00e9e une atmosph\u00e8re de salle de bains haut de gamme.<\/li>\n\n\n\n<li><strong>Restauration exquise de la technologie de transfert de l'eau : <\/strong>Notre lavabo en c\u00e9ramique pour comptoir personnalis\u00e9 \u00e0 texture de marbre utilise une technologie de transfert d'eau de haute qualit\u00e9 pour rendre la texture claire et tridimensionnelle, avec un grand r\u00e9alisme, et \u00e0 la fois une beaut\u00e9 et une durabilit\u00e9.<\/li>\n\n\n\n<li><strong>Conception de la cuvette du comptoir, installation facile : <\/strong>Ces bols d'\u00e9vier en c\u00e9ramique ont une structure de comptoir simple, adapt\u00e9e \u00e0 une vari\u00e9t\u00e9 de comptoirs, et am\u00e9liorent l'impression g\u00e9n\u00e9rale d'espace.<\/li>\n\n\n\n<li><strong>Livraison rapide, optimisation de l'ing\u00e9nierie : <\/strong>Nos lavabos en c\u00e9ramique sur mesure peuvent \u00eatre fournis de mani\u00e8re stable et livr\u00e9s rapidement pour r\u00e9pondre aux besoins efficaces des projets d'ing\u00e9nierie et des propri\u00e9taires de marques.<\/li>\n<\/ul>\n<\/div>\n\n\n\n<div class=\"wp-block-column is-layout-flow wp-block-column-is-layout-flow\">\n<figure class=\"wp-block-image size-full\"><img fetchpriority=\"high\" decoding=\"async\" width=\"980\" height=\"1352\" src=\"https:\/\/www.ceramicbasin.com\/wp-content\/uploads\/2025\/05\/Luxury-Marble-Look-Wholesale-Ceramic-Sink-Bowls-For-Bathroom-6.webp\" alt=\"Cuvette d&#039;\u00e9vier de luxe en c\u00e9ramique \u00e0 l&#039;aspect marbr\u00e9 pour la salle de bains-6\" class=\"wp-image-6812\" srcset=\"https:\/\/www.ceramicbasin.com\/wp-content\/uploads\/2025\/05\/Luxury-Marble-Look-Wholesale-Ceramic-Sink-Bowls-For-Bathroom-6.webp 980w, https:\/\/www.ceramicbasin.com\/wp-content\/uploads\/2025\/05\/Luxury-Marble-Look-Wholesale-Ceramic-Sink-Bowls-For-Bathroom-6-217x300.webp 217w, https:\/\/www.ceramicbasin.com\/wp-content\/uploads\/2025\/05\/Luxury-Marble-Look-Wholesale-Ceramic-Sink-Bowls-For-Bathroom-6-768x1060.webp 768w, https:\/\/www.ceramicbasin.com\/wp-content\/uploads\/2025\/05\/Luxury-Marble-Look-Wholesale-Ceramic-Sink-Bowls-For-Bathroom-6-9x12.webp 9w, https:\/\/www.ceramicbasin.com\/wp-content\/uploads\/2025\/05\/Luxury-Marble-Look-Wholesale-Ceramic-Sink-Bowls-For-Bathroom-6-285x393.webp 285w, https:\/\/www.ceramicbasin.com\/wp-content\/uploads\/2025\/05\/Luxury-Marble-Look-Wholesale-Ceramic-Sink-Bowls-For-Bathroom-6-478x660.webp 478w, https:\/\/www.ceramicbasin.com\/wp-content\/uploads\/2025\/05\/Luxury-Marble-Look-Wholesale-Ceramic-Sink-Bowls-For-Bathroom-6-109x150.webp 109w\" sizes=\"(max-width: 980px) 100vw, 980px\" \/><\/figure>\n<\/div>\n<\/div>","protected":false},"excerpt":{"rendered":"<p>Bienvenue sur le site d'achat en gros de bols d'\u00e9vier en c\u00e9ramique. Ce lavabo en c\u00e9ramique de comptoir personnalis\u00e9 pr\u00e9sente la beaut\u00e9 naturelle et fluide des textures noires et blanches gr\u00e2ce \u00e0 la technologie d'impression par transfert d'eau. Il est \u00e0 la fois moderne, luxueux et facile d'entretien, et convient \u00e0 de nombreux espaces de salle de bain haut de gamme.<\/p>\n<table style=\"border-collapse: collapse; width: 311.02pt;\" border=\"0\" width=\"311\" cellspacing=\"0\" cellpadding=\"0\">\n<tbody>\n<tr style=\"height: 17.60pt;\">\n<td class=\"et3\" style=\"height: 17.60pt; width: 108.35pt;\" width=\"108\" height=\"17\">Fabricant<\/td>\n<td class=\"et3\" style=\"width: 202.95pt;\" width=\"202\">HanYu<\/td>\n<\/tr>\n<tr style=\"height: 17.60pt;\">\n<td class=\"et3\" style=\"height: 17.60pt;\" height=\"17\">Num\u00e9ro de mod\u00e8le.<\/td>\n<td class=\"et4\">HY-5105D120<\/td>\n<\/tr>\n<tr style=\"height: 17.60pt;\">\n<td class=\"et3\" style=\"height: 17.60pt;\" height=\"17\">Type<\/td>\n<td class=\"et3\">Bassin de comptoir<\/td>\n<\/tr>\n<tr style=\"height: 17.60pt;\">\n<td class=\"et3\" style=\"height: 17.60pt;\" height=\"17\">Forme<\/td>\n<td class=\"et2\">Forme rectangulaire<\/td>\n<\/tr>\n<tr style=\"height: 17.60pt;\">\n<td class=\"et4\" style=\"height: 17.60pt;\" height=\"17\">Couleur<\/td>\n<td class=\"et3\">Noir<\/td>\n<\/tr>\n<tr style=\"height: 18.00pt;\">\n<td class=\"et3\" style=\"height: 18.00pt;\" height=\"18\">Dimension<\/td>\n<td class=\"et5\" style=\"width: 202.95pt;\" width=\"202\">56*42*14<\/td>\n<\/tr>\n<tr style=\"height: 17.60pt;\">\n<td class=\"et3\" style=\"height: 17.60pt;\" height=\"17\">N.W \/SET<\/td>\n<td class=\"et3\">12KGS\/PCS<\/td>\n<\/tr>\n<tr style=\"height: 17.60pt;\">\n<td class=\"et3\" style=\"height: 17.60pt;\" height=\"17\">MOQ<\/td>\n<td class=\"et3\">20pcs<\/td>\n<\/tr>\n<tr style=\"height: 17.60pt;\">\n<td class=\"et3\" style=\"height: 17.60pt;\" height=\"17\">Option personnalis\u00e9e<\/td>\n<td class=\"et3\">Couleur\/Pattenue\/Taille\/Logo\/Emballage<\/td>\n<\/tr>\n<\/tbody>\n<\/table>","protected":false},"featured_media":6807,"comment_status":"closed","ping_status":"closed","template":"","meta":{"_acf_changed":false},"product_brand":[],"product_cat":[50,54],"product_tag":[],"class_list":{"0":"post-6798","1":"product","2":"type-product","3":"status-publish","4":"has-post-thumbnail","6":"product_cat-wholesale-countertop-sinks","7":"product_cat-wholesale-marble-sinks","9":"first","10":"instock","11":"shipping-taxable","12":"product-type-simple"},"acf":[],"_links":{"self":[{"href":"https:\/\/www.ceramicbasin.com\/fr\/wp-json\/wp\/v2\/product\/6798","targetHints":{"allow":["GET"]}}],"collection":[{"href":"https:\/\/www.ceramicbasin.com\/fr\/wp-json\/wp\/v2\/product"}],"about":[{"href":"https:\/\/www.ceramicbasin.com\/fr\/wp-json\/wp\/v2\/types\/product"}],"replies":[{"embeddable":true,"href":"https:\/\/www.ceramicbasin.com\/fr\/wp-json\/wp\/v2\/comments?post=6798"}],"wp:featuredmedia":[{"embeddable":true,"href":"https:\/\/www.ceramicbasin.com\/fr\/wp-json\/wp\/v2\/media\/6807"}],"wp:attachment":[{"href":"https:\/\/www.ceramicbasin.com\/fr\/wp-json\/wp\/v2\/media?parent=6798"}],"wp:term":[{"taxonomy":"product_brand","embeddable":true,"href":"https:\/\/www.ceramicbasin.com\/fr\/wp-json\/wp\/v2\/product_brand?post=6798"},{"taxonomy":"product_cat","embeddable":true,"href":"https:\/\/www.ceramicbasin.com\/fr\/wp-json\/wp\/v2\/product_cat?post=6798"},{"taxonomy":"product_tag","embeddable":true,"href":"https:\/\/www.ceramicbasin.com\/fr\/wp-json\/wp\/v2\/product_tag?post=6798"}],"curies":[{"name":"wp","href":"https:\/\/api.w.org\/{rel}","templated":true}]}}