{"id":6865,"date":"2025-05-22T07:28:00","date_gmt":"2025-05-22T07:28:00","guid":{"rendered":"https:\/\/www.ceramicbasin.com\/?post_type=product&#038;p=6865"},"modified":"2025-05-22T07:28:03","modified_gmt":"2025-05-22T07:28:03","slug":"custom-bathroom-sink-countertops","status":"publish","type":"product","link":"https:\/\/www.ceramicbasin.com\/fr\/produit\/custom-bathroom-sink-countertops\/","title":{"rendered":"Oval Marble Look Custom Bathroom Sink Countertops Wholesale"},"content":{"rendered":"<div class=\"wp-block-columns is-layout-flex wp-container-core-columns-is-layout-9d6595d7 wp-block-columns-is-layout-flex\">\n<div class=\"wp-block-column is-layout-flow wp-block-column-is-layout-flow\">\n<h2 class=\"wp-block-heading\">Premium Custom Bathroom Sink Countertops Features :<\/h2>\n\n\n\n<ul class=\"wp-block-list\">\n<li><strong>Design ovale, lignes douces convenant \u00e0 une vari\u00e9t\u00e9 de comptoirs : <\/strong>La forme arrondie de ce comptoir d'\u00e9vier de salle de bain personnalis\u00e9 est plus \u00e9l\u00e9gante et plus lisse, ce qui permet non seulement de gagner de l'espace mais aussi de rehausser la beaut\u00e9 visuelle de l'ensemble de la salle de bain.<\/li>\n\n\n\n<li><strong>L'aspect de la couleur du marbre, la texture naturelle donnent une impression de luxe :<\/strong> Nos vasques en c\u00e9ramique en gros adoptent une technologie de mise en correspondance des couleurs et des textures de l'imitation du marbre, pr\u00e9sentant une texture naturelle unique, qui s'adapte \u00e0 la d\u00e9coration de style moderne, l\u00e9ger, luxueux et naturel.<\/li>\n\n\n\n<li><strong>Mat\u00e9riau c\u00e9ramique de haute qualit\u00e9, r\u00e9sistant \u00e0 l'usure et aux rayures, facile \u00e0 nettoyer : <\/strong>Nos comptoirs d'\u00e9vier de salle de bain personnalis\u00e9s adoptent une technologie de cuisson \u00e0 haute temp\u00e9rature, la surface est lisse et non absorbante, avec une forte capacit\u00e9 anti-salissure, et elle est toujours brillante et propre apr\u00e8s une utilisation \u00e0 long terme.<\/li>\n\n\n\n<li><strong>Soutenir les services personnalis\u00e9s pour r\u00e9pondre aux besoins des projets individuels : <\/strong>Nous pouvons personnaliser la taille, la couleur, la texture et le LOGO de la marque des bassins en c\u00e9ramique en gros selon les besoins des clients, avec un MOQ flexible et adapt\u00e9 \u00e0 la coop\u00e9ration OEM\/ODM.<\/li>\n<\/ul>\n<\/div>\n\n\n\n<div class=\"wp-block-column is-layout-flow wp-block-column-is-layout-flow\">\n<figure class=\"wp-block-image size-full\"><img fetchpriority=\"high\" decoding=\"async\" width=\"721\" height=\"890\" src=\"https:\/\/www.ceramicbasin.com\/wp-content\/uploads\/2025\/05\/Oval-shape-color-ceramic-basin-factory-cabinet-washbasin-wholesale-1.webp\" alt=\"Comptoirs d&#039;\u00e9vier de salle de bain personnalis\u00e9s en marbre Wholesale-1\" class=\"wp-image-6860\" srcset=\"https:\/\/www.ceramicbasin.com\/wp-content\/uploads\/2025\/05\/Oval-shape-color-ceramic-basin-factory-cabinet-washbasin-wholesale-1.webp 721w, https:\/\/www.ceramicbasin.com\/wp-content\/uploads\/2025\/05\/Oval-shape-color-ceramic-basin-factory-cabinet-washbasin-wholesale-1-243x300.webp 243w, https:\/\/www.ceramicbasin.com\/wp-content\/uploads\/2025\/05\/Oval-shape-color-ceramic-basin-factory-cabinet-washbasin-wholesale-1-10x12.webp 10w, https:\/\/www.ceramicbasin.com\/wp-content\/uploads\/2025\/05\/Oval-shape-color-ceramic-basin-factory-cabinet-washbasin-wholesale-1-285x352.webp 285w, https:\/\/www.ceramicbasin.com\/wp-content\/uploads\/2025\/05\/Oval-shape-color-ceramic-basin-factory-cabinet-washbasin-wholesale-1-535x660.webp 535w, https:\/\/www.ceramicbasin.com\/wp-content\/uploads\/2025\/05\/Oval-shape-color-ceramic-basin-factory-cabinet-washbasin-wholesale-1-122x150.webp 122w\" sizes=\"(max-width: 721px) 100vw, 721px\" \/><\/figure>\n<\/div>\n<\/div>","protected":false},"excerpt":{"rendered":"<p>Bienvenue pour acheter en gros des lavabos en c\u00e9ramique. Ce lavabo ovale pour salle de bain adopte un design \u00e9l\u00e9gant de couleur marbre et des mat\u00e9riaux c\u00e9ramiques de haute qualit\u00e9. Il est \u00e0 la fois beau et pratique, et convient \u00e0 une vari\u00e9t\u00e9 d'espaces de salle de bains.<\/p>\n<table style=\"border-collapse: collapse; width: 358.52pt;\" border=\"0\" width=\"478\" cellspacing=\"0\" cellpadding=\"0\">\n<tbody>\n<tr style=\"height: 17.25pt;\">\n<td class=\"et3\" style=\"height: 17.25pt; width: 125.00pt;\" width=\"166\" height=\"23\">Fabricant<\/td>\n<td class=\"et3\" style=\"width: 234.15pt;\" width=\"312\">HanYu<\/td>\n<\/tr>\n<tr style=\"height: 17.25pt;\">\n<td class=\"et3\" style=\"height: 17.25pt;\" height=\"23\">Num\u00e9ro de mod\u00e8le.<\/td>\n<td class=\"et4\">HY-5056D26<\/td>\n<\/tr>\n<tr style=\"height: 17.25pt;\">\n<td class=\"et3\" style=\"height: 17.25pt;\" height=\"23\">Type<\/td>\n<td class=\"et5\" style=\"width: 234.15pt;\" width=\"312\">\u00c9viers en marbre<\/td>\n<\/tr>\n<tr style=\"height: 18.00pt;\">\n<td class=\"et3\" style=\"height: 18.00pt;\" height=\"24\">Forme<\/td>\n<td class=\"et3\">Forme ovale<\/td>\n<\/tr>\n<tr style=\"height: 34.50pt;\">\n<td class=\"et4\" style=\"height: 34.50pt;\" height=\"46\">Couleur<\/td>\n<td class=\"et5\" style=\"width: 234.15pt;\" width=\"312\">noir\/blanc\/bleu\/gris\/rose\/vert\/marron\/kaki<\/td>\n<\/tr>\n<tr style=\"height: 18.00pt;\">\n<td class=\"et3\" style=\"height: 18.00pt;\" height=\"24\">Dimension<\/td>\n<td class=\"et5\" style=\"width: 234.15pt;\" width=\"312\">60*41.5*11.5<\/td>\n<\/tr>\n<tr style=\"height: 17.25pt;\">\n<td class=\"et3\" style=\"height: 17.25pt;\" height=\"23\">N.W \/SET<\/td>\n<td class=\"et3\">10KGS\/PCS<\/td>\n<\/tr>\n<tr style=\"height: 17.25pt;\">\n<td class=\"et3\" style=\"height: 17.25pt;\" height=\"23\">MOQ<\/td>\n<td class=\"et3\">20pcs<\/td>\n<\/tr>\n<tr style=\"height: 17.25pt;\">\n<td class=\"et3\" style=\"height: 17.25pt;\" height=\"23\">Option personnalis\u00e9e<\/td>\n<td class=\"et3\">Couleur\/Pattenue\/Taille\/Logo\/Emballage<\/td>\n<\/tr>\n<\/tbody>\n<\/table>","protected":false},"featured_media":6863,"comment_status":"closed","ping_status":"closed","template":"","meta":{"_acf_changed":false},"product_brand":[],"product_cat":[54,50],"product_tag":[],"class_list":{"0":"post-6865","1":"product","2":"type-product","3":"status-publish","4":"has-post-thumbnail","6":"product_cat-wholesale-marble-sinks","7":"product_cat-wholesale-countertop-sinks","9":"first","10":"instock","11":"shipping-taxable","12":"product-type-simple"},"acf":[],"_links":{"self":[{"href":"https:\/\/www.ceramicbasin.com\/fr\/wp-json\/wp\/v2\/product\/6865","targetHints":{"allow":["GET"]}}],"collection":[{"href":"https:\/\/www.ceramicbasin.com\/fr\/wp-json\/wp\/v2\/product"}],"about":[{"href":"https:\/\/www.ceramicbasin.com\/fr\/wp-json\/wp\/v2\/types\/product"}],"replies":[{"embeddable":true,"href":"https:\/\/www.ceramicbasin.com\/fr\/wp-json\/wp\/v2\/comments?post=6865"}],"wp:featuredmedia":[{"embeddable":true,"href":"https:\/\/www.ceramicbasin.com\/fr\/wp-json\/wp\/v2\/media\/6863"}],"wp:attachment":[{"href":"https:\/\/www.ceramicbasin.com\/fr\/wp-json\/wp\/v2\/media?parent=6865"}],"wp:term":[{"taxonomy":"product_brand","embeddable":true,"href":"https:\/\/www.ceramicbasin.com\/fr\/wp-json\/wp\/v2\/product_brand?post=6865"},{"taxonomy":"product_cat","embeddable":true,"href":"https:\/\/www.ceramicbasin.com\/fr\/wp-json\/wp\/v2\/product_cat?post=6865"},{"taxonomy":"product_tag","embeddable":true,"href":"https:\/\/www.ceramicbasin.com\/fr\/wp-json\/wp\/v2\/product_tag?post=6865"}],"curies":[{"name":"wp","href":"https:\/\/api.w.org\/{rel}","templated":true}]}}