{"id":6866,"date":"2025-05-22T07:21:26","date_gmt":"2025-05-22T07:21:26","guid":{"rendered":"https:\/\/www.ceramicbasin.com\/?post_type=product&#038;p=6866"},"modified":"2025-05-22T07:21:29","modified_gmt":"2025-05-22T07:21:29","slug":"custom-ceramic-bathroom-sinks","status":"publish","type":"product","link":"https:\/\/www.ceramicbasin.com\/fr\/produit\/custom-ceramic-bathroom-sinks\/","title":{"rendered":"Vasques de salle de bain en c\u00e9ramique, peu profondes et personnalis\u00e9es, aspect marbre Wholesale"},"content":{"rendered":"<div class=\"wp-block-columns is-layout-flex wp-container-core-columns-is-layout-9d6595d7 wp-block-columns-is-layout-flex\">\n<div class=\"wp-block-column is-layout-flow wp-block-column-is-layout-flow\">\n<h2 class=\"wp-block-heading\">Premium Custom Ceramic Bathroom Sinks Features :<\/h2>\n\n\n\n<ul class=\"wp-block-list\">\n<li><strong>Conception peu profonde, peu encombrante, simple et soign\u00e9e : <\/strong>Le design bas de ces lavabos de salle de bains en c\u00e9ramique convient aux petites salles de bains et aux espaces multifonctionnels. Ils sont visuellement l\u00e9gers, plus faciles \u00e0 assortir et r\u00e9pondent \u00e0 l'esth\u00e9tique des maisons modernes.<\/li>\n\n\n\n<li><strong>Texture imitation marbre, pr\u00e9sentant une texture naturelle haut de gamme : <\/strong>La surface de ces lavabos de salle de bains en gros est trait\u00e9e avec une technologie de grain de pierre r\u00e9aliste, combin\u00e9e \u00e0 la brillance d\u00e9licate de la c\u00e9ramique, cr\u00e9ant une atmosph\u00e8re de marbre haut de gamme et rehaussant la qualit\u00e9 de l'espace.<\/li>\n\n\n\n<li><strong>Cuisson c\u00e9ramique \u00e0 haute temp\u00e9rature, lisse, r\u00e9sistante aux taches et facile d'entretien : <\/strong>Nos lavabos de salle de bains en c\u00e9ramique sont robustes et durables, et la surface ne laisse pas facilement de taches d'eau et de salet\u00e9, elle est facile \u00e0 nettoyer et convient \u00e0 une utilisation quotidienne fr\u00e9quente.<\/li>\n\n\n\n<li><strong>Soutenir des services personnalis\u00e9s et s'adapter \u00e0 une vari\u00e9t\u00e9 de besoins professionnels : <\/strong>Nos \u00e9viers de salle de bains en gros ont une quantit\u00e9 minimale de commande flexible et peuvent \u00eatre personnalis\u00e9s en termes de couleur, de taille, de texture et de logo de marque, ce qui convient particuli\u00e8rement \u00e0 l'ing\u00e9nierie de projet, \u00e0 la coop\u00e9ration OEM et aux vendeurs transfrontaliers.<\/li>\n<\/ul>\n<\/div>\n\n\n\n<div class=\"wp-block-column is-layout-flow wp-block-column-is-layout-flow\">\n<figure class=\"wp-block-image size-full\"><img fetchpriority=\"high\" decoding=\"async\" width=\"709\" height=\"791\" src=\"https:\/\/www.ceramicbasin.com\/wp-content\/uploads\/2025\/05\/Custom-ceramic-sink-manufacturer-large-size-top-counter-washbasin-1.webp\" alt=\"Vasques de salle de bain en c\u00e9ramique peu profondes Wholesale-1\" class=\"wp-image-6854\" srcset=\"https:\/\/www.ceramicbasin.com\/wp-content\/uploads\/2025\/05\/Custom-ceramic-sink-manufacturer-large-size-top-counter-washbasin-1.webp 709w, https:\/\/www.ceramicbasin.com\/wp-content\/uploads\/2025\/05\/Custom-ceramic-sink-manufacturer-large-size-top-counter-washbasin-1-269x300.webp 269w, https:\/\/www.ceramicbasin.com\/wp-content\/uploads\/2025\/05\/Custom-ceramic-sink-manufacturer-large-size-top-counter-washbasin-1-11x12.webp 11w, https:\/\/www.ceramicbasin.com\/wp-content\/uploads\/2025\/05\/Custom-ceramic-sink-manufacturer-large-size-top-counter-washbasin-1-285x318.webp 285w, https:\/\/www.ceramicbasin.com\/wp-content\/uploads\/2025\/05\/Custom-ceramic-sink-manufacturer-large-size-top-counter-washbasin-1-592x660.webp 592w, https:\/\/www.ceramicbasin.com\/wp-content\/uploads\/2025\/05\/Custom-ceramic-sink-manufacturer-large-size-top-counter-washbasin-1-134x150.webp 134w\" sizes=\"(max-width: 709px) 100vw, 709px\" \/><\/figure>\n<\/div>\n<\/div>","protected":false},"excerpt":{"rendered":"<p>Nous vous invitons \u00e0 acheter des lavabos de salle de bain en c\u00e9ramique personnalis\u00e9s. Cet \u00e9vier de salle de bain peu profond adopte un design r\u00e9aliste de texture de marbre, avec une apparence naturelle et \u00e9l\u00e9gante, convenant aux salles de bain modernes, simples et l\u00e9g\u00e8res. Il est possible de le personnaliser et il est largement utilis\u00e9 dans les espaces r\u00e9sidentiels et commerciaux, ainsi que dans les canaux de vente en gros et au d\u00e9tail.<\/p>\n<table style=\"border-collapse: collapse; width: 358.52pt;\" border=\"0\" width=\"478\" cellspacing=\"0\" cellpadding=\"0\">\n<tbody>\n<tr style=\"height: 17.25pt;\">\n<td class=\"et3\" style=\"height: 17.25pt; width: 125.00pt;\" width=\"166\" height=\"23\">Fabricant<\/td>\n<td class=\"et3\" style=\"width: 234.15pt;\" width=\"312\">HanYu<\/td>\n<\/tr>\n<tr style=\"height: 17.25pt;\">\n<td class=\"et3\" style=\"height: 17.25pt;\" height=\"23\">Num\u00e9ro de mod\u00e8le.<\/td>\n<td class=\"et4\">HY-5057D54<\/td>\n<\/tr>\n<tr style=\"height: 17.25pt;\">\n<td class=\"et3\" style=\"height: 17.25pt;\" height=\"23\">Type<\/td>\n<td class=\"et5\" style=\"width: 234.15pt;\" width=\"312\">\u00c9viers en marbre<\/td>\n<\/tr>\n<tr style=\"height: 18.00pt;\">\n<td class=\"et3\" style=\"height: 18.00pt;\" height=\"24\">Forme<\/td>\n<td class=\"et3\">Forme ovale<\/td>\n<\/tr>\n<tr style=\"height: 34.50pt;\">\n<td class=\"et4\" style=\"height: 34.50pt;\" height=\"46\">Couleur<\/td>\n<td class=\"et5\" style=\"width: 234.15pt;\" width=\"312\">noir\/blanc\/bleu\/gris\/rose\/vert\/marron\/kaki<\/td>\n<\/tr>\n<tr style=\"height: 18.00pt;\">\n<td class=\"et3\" style=\"height: 18.00pt;\" height=\"24\">Dimension<\/td>\n<td class=\"et5\" style=\"width: 234.15pt;\" width=\"312\">80*42.5*11.5<\/td>\n<\/tr>\n<tr style=\"height: 17.25pt;\">\n<td class=\"et3\" style=\"height: 17.25pt;\" height=\"23\">N.W \/SET<\/td>\n<td class=\"et3\">13KGS\/PCS<\/td>\n<\/tr>\n<tr style=\"height: 17.25pt;\">\n<td class=\"et3\" style=\"height: 17.25pt;\" height=\"23\">MOQ<\/td>\n<td class=\"et3\">20pcs<\/td>\n<\/tr>\n<tr style=\"height: 17.25pt;\">\n<td class=\"et3\" style=\"height: 17.25pt;\" height=\"23\">Option personnalis\u00e9e<\/td>\n<td class=\"et3\">Couleur\/Pattenue\/Taille\/Logo\/Emballage<\/td>\n<\/tr>\n<\/tbody>\n<\/table>","protected":false},"featured_media":6858,"comment_status":"closed","ping_status":"closed","template":"","meta":{"_acf_changed":false},"product_brand":[],"product_cat":[54,50],"product_tag":[],"class_list":{"0":"post-6866","1":"product","2":"type-product","3":"status-publish","4":"has-post-thumbnail","6":"product_cat-wholesale-marble-sinks","7":"product_cat-wholesale-countertop-sinks","9":"first","10":"instock","11":"shipping-taxable","12":"product-type-simple"},"acf":[],"_links":{"self":[{"href":"https:\/\/www.ceramicbasin.com\/fr\/wp-json\/wp\/v2\/product\/6866","targetHints":{"allow":["GET"]}}],"collection":[{"href":"https:\/\/www.ceramicbasin.com\/fr\/wp-json\/wp\/v2\/product"}],"about":[{"href":"https:\/\/www.ceramicbasin.com\/fr\/wp-json\/wp\/v2\/types\/product"}],"replies":[{"embeddable":true,"href":"https:\/\/www.ceramicbasin.com\/fr\/wp-json\/wp\/v2\/comments?post=6866"}],"wp:featuredmedia":[{"embeddable":true,"href":"https:\/\/www.ceramicbasin.com\/fr\/wp-json\/wp\/v2\/media\/6858"}],"wp:attachment":[{"href":"https:\/\/www.ceramicbasin.com\/fr\/wp-json\/wp\/v2\/media?parent=6866"}],"wp:term":[{"taxonomy":"product_brand","embeddable":true,"href":"https:\/\/www.ceramicbasin.com\/fr\/wp-json\/wp\/v2\/product_brand?post=6866"},{"taxonomy":"product_cat","embeddable":true,"href":"https:\/\/www.ceramicbasin.com\/fr\/wp-json\/wp\/v2\/product_cat?post=6866"},{"taxonomy":"product_tag","embeddable":true,"href":"https:\/\/www.ceramicbasin.com\/fr\/wp-json\/wp\/v2\/product_tag?post=6866"}],"curies":[{"name":"wp","href":"https:\/\/api.w.org\/{rel}","templated":true}]}}