{"id":6867,"date":"2025-05-22T07:16:16","date_gmt":"2025-05-22T07:16:16","guid":{"rendered":"https:\/\/www.ceramicbasin.com\/?post_type=product&#038;p=6867"},"modified":"2025-05-22T07:16:19","modified_gmt":"2025-05-22T07:16:19","slug":"wholesale-ceramic-vessel-sink","status":"publish","type":"product","link":"https:\/\/www.ceramicbasin.com\/fr\/produit\/wholesale-ceramic-vessel-sink\/","title":{"rendered":"Stone Texture Wholesale Ceramic Vessel Sink Factory Supply"},"content":{"rendered":"<div class=\"wp-block-columns is-layout-flex wp-container-core-columns-is-layout-9d6595d7 wp-block-columns-is-layout-flex\">\n<div class=\"wp-block-column is-layout-flow wp-block-column-is-layout-flow\">\n<h2 class=\"wp-block-heading\">Premium Wholesale Ceramic Vessel Sink Feature :<\/h2>\n\n\n\n<ul class=\"wp-block-list\">\n<li><strong>Imitation de la texture de la pierre, pr\u00e9sentant une beaut\u00e9 naturelle et robuste : <\/strong>La texture de la surface de cet \u00e9vier en c\u00e9ramique imite la texture de la pierre naturelle, avec des effets visuels r\u00e9els et un toucher d\u00e9licat, renfor\u00e7ant l'atmosph\u00e8re naturelle et rustique de la salle de bains.<\/li>\n\n\n\n<li><strong>Mat\u00e9riau c\u00e9ramique de haute qualit\u00e9, \u00e0 la fois beau et pratique :<\/strong> Nos \u00e9viers de salle de bains en gros sont fabriqu\u00e9s en c\u00e9ramique cuite \u00e0 haute temp\u00e9rature, avec une surface dure et dense, r\u00e9sistante aux rayures et \u00e0 l'usure, durable comme un neuf, adapt\u00e9e aux sc\u00e9narios d'utilisation quotidienne \u00e0 haute fr\u00e9quence.<\/li>\n\n\n\n<li><strong>Installation sur le comptoir, installation facile et forte compatibilit\u00e9 :<\/strong> Cet \u00e9vier en c\u00e9ramique adopte une structure de comptoir, qui est facile \u00e0 installer et s'adapte \u00e0 divers mat\u00e9riaux de comptoir. Il convient \u00e0 un large \u00e9ventail d'applications dans les h\u00f4tels, les projets r\u00e9sidentiels et commerciaux.<\/li>\n\n\n\n<li><strong>Approvisionnement en vrac, soutien \u00e0 la personnalisation et coop\u00e9ration avec les fabricants d'\u00e9quipement d'origine : <\/strong>Nous proposons une vari\u00e9t\u00e9 de tailles et de textures pour les lavabos de salle de bain en gros, nous prenons en charge la personnalisation en vrac des LOGO et des solutions d'emballage, et nous r\u00e9pondons aux divers besoins des propri\u00e9taires de marques et des clients de l'ing\u00e9nierie.<\/li>\n<\/ul>\n<\/div>\n\n\n\n<div class=\"wp-block-column is-layout-flow wp-block-column-is-layout-flow\">\n<figure class=\"wp-block-image size-full\"><img fetchpriority=\"high\" decoding=\"async\" width=\"1346\" height=\"1787\" src=\"https:\/\/www.ceramicbasin.com\/wp-content\/uploads\/2025\/05\/Factory-supplier-washbasin-ceramic-color-face-washing-basin-5.webp\" alt=\"Texture pierreuse \u00e9vier en c\u00e9ramique Wholesale Ceramic Vessel Sink Factory Supply-1\" class=\"wp-image-6853\" srcset=\"https:\/\/www.ceramicbasin.com\/wp-content\/uploads\/2025\/05\/Factory-supplier-washbasin-ceramic-color-face-washing-basin-5.webp 1346w, https:\/\/www.ceramicbasin.com\/wp-content\/uploads\/2025\/05\/Factory-supplier-washbasin-ceramic-color-face-washing-basin-5-226x300.webp 226w, https:\/\/www.ceramicbasin.com\/wp-content\/uploads\/2025\/05\/Factory-supplier-washbasin-ceramic-color-face-washing-basin-5-768x1020.webp 768w, https:\/\/www.ceramicbasin.com\/wp-content\/uploads\/2025\/05\/Factory-supplier-washbasin-ceramic-color-face-washing-basin-5-9x12.webp 9w, https:\/\/www.ceramicbasin.com\/wp-content\/uploads\/2025\/05\/Factory-supplier-washbasin-ceramic-color-face-washing-basin-5-285x378.webp 285w, https:\/\/www.ceramicbasin.com\/wp-content\/uploads\/2025\/05\/Factory-supplier-washbasin-ceramic-color-face-washing-basin-5-497x660.webp 497w, https:\/\/www.ceramicbasin.com\/wp-content\/uploads\/2025\/05\/Factory-supplier-washbasin-ceramic-color-face-washing-basin-5-113x150.webp 113w\" sizes=\"(max-width: 1346px) 100vw, 1346px\" \/><\/figure>\n<\/div>\n<\/div>","protected":false},"excerpt":{"rendered":"<p>Bienvenue sur le site d'achat en gros de lavabos de salle de bains. Cet \u00e9vier en c\u00e9ramique imitant la texture de la pierre combine une texture naturelle avec un processus moderne de transfert d'eau, pr\u00e9sentant un design esth\u00e9tique simple et stratifi\u00e9. Fourniture en gros, support de personnalisation et livraison rapide.<\/p>\n<table style=\"border-collapse: collapse; width: 358.52pt;\" border=\"0\" width=\"478\" cellspacing=\"0\" cellpadding=\"0\">\n<tbody>\n<tr style=\"height: 17.25pt;\">\n<td class=\"et3\" style=\"height: 17.25pt; width: 125.00pt;\" width=\"166\" height=\"23\">Fabricant<\/td>\n<td class=\"et3\" style=\"width: 234.15pt;\" width=\"312\">HanYu<\/td>\n<\/tr>\n<tr style=\"height: 17.25pt;\">\n<td class=\"et3\" style=\"height: 17.25pt;\" height=\"23\">Num\u00e9ro de mod\u00e8le.<\/td>\n<td class=\"et4\">HY-8018AD57<\/td>\n<\/tr>\n<tr style=\"height: 17.25pt;\">\n<td class=\"et3\" style=\"height: 17.25pt;\" height=\"23\">Type<\/td>\n<td class=\"et5\" style=\"width: 234.15pt;\" width=\"312\">\u00c9viers en marbre<\/td>\n<\/tr>\n<tr style=\"height: 18.00pt;\">\n<td class=\"et3\" style=\"height: 18.00pt;\" height=\"24\">Forme<\/td>\n<td class=\"et3\">Forme rectangulaire<\/td>\n<\/tr>\n<tr style=\"height: 34.50pt;\">\n<td class=\"et4\" style=\"height: 34.50pt;\" height=\"46\">Couleur<\/td>\n<td class=\"et5\" style=\"width: 234.15pt;\" width=\"312\">noir\/blanc\/bleu\/gris\/rose\/vert\/marron\/kaki<\/td>\n<\/tr>\n<tr style=\"height: 18.00pt;\">\n<td class=\"et3\" style=\"height: 18.00pt;\" height=\"24\">Dimension<\/td>\n<td class=\"et5\" style=\"width: 234.15pt;\" width=\"312\">46*32*13.5<\/td>\n<\/tr>\n<tr style=\"height: 17.25pt;\">\n<td class=\"et3\" style=\"height: 17.25pt;\" height=\"23\">N.W \/SET<\/td>\n<td class=\"et3\">7KGS\/PCS<\/td>\n<\/tr>\n<tr style=\"height: 17.25pt;\">\n<td class=\"et3\" style=\"height: 17.25pt;\" height=\"23\">MOQ<\/td>\n<td class=\"et3\">20pcs<\/td>\n<\/tr>\n<tr style=\"height: 17.25pt;\">\n<td class=\"et3\" style=\"height: 17.25pt;\" height=\"23\">Option personnalis\u00e9e<\/td>\n<td class=\"et3\">Couleur\/Pattenue\/Taille\/Logo\/Emballage<\/td>\n<\/tr>\n<\/tbody>\n<\/table>","protected":false},"featured_media":6851,"comment_status":"closed","ping_status":"closed","template":"","meta":{"_acf_changed":false},"product_brand":[],"product_cat":[54,50],"product_tag":[],"class_list":{"0":"post-6867","1":"product","2":"type-product","3":"status-publish","4":"has-post-thumbnail","6":"product_cat-wholesale-marble-sinks","7":"product_cat-wholesale-countertop-sinks","9":"first","10":"instock","11":"shipping-taxable","12":"product-type-simple"},"acf":[],"_links":{"self":[{"href":"https:\/\/www.ceramicbasin.com\/fr\/wp-json\/wp\/v2\/product\/6867","targetHints":{"allow":["GET"]}}],"collection":[{"href":"https:\/\/www.ceramicbasin.com\/fr\/wp-json\/wp\/v2\/product"}],"about":[{"href":"https:\/\/www.ceramicbasin.com\/fr\/wp-json\/wp\/v2\/types\/product"}],"replies":[{"embeddable":true,"href":"https:\/\/www.ceramicbasin.com\/fr\/wp-json\/wp\/v2\/comments?post=6867"}],"wp:featuredmedia":[{"embeddable":true,"href":"https:\/\/www.ceramicbasin.com\/fr\/wp-json\/wp\/v2\/media\/6851"}],"wp:attachment":[{"href":"https:\/\/www.ceramicbasin.com\/fr\/wp-json\/wp\/v2\/media?parent=6867"}],"wp:term":[{"taxonomy":"product_brand","embeddable":true,"href":"https:\/\/www.ceramicbasin.com\/fr\/wp-json\/wp\/v2\/product_brand?post=6867"},{"taxonomy":"product_cat","embeddable":true,"href":"https:\/\/www.ceramicbasin.com\/fr\/wp-json\/wp\/v2\/product_cat?post=6867"},{"taxonomy":"product_tag","embeddable":true,"href":"https:\/\/www.ceramicbasin.com\/fr\/wp-json\/wp\/v2\/product_tag?post=6867"}],"curies":[{"name":"wp","href":"https:\/\/api.w.org\/{rel}","templated":true}]}}