{"id":6880,"date":"2025-05-27T08:33:42","date_gmt":"2025-05-27T08:33:42","guid":{"rendered":"https:\/\/www.ceramicbasin.com\/?post_type=product&#038;p=6880"},"modified":"2025-11-03T07:48:47","modified_gmt":"2025-11-03T07:48:47","slug":"white-ceramic-sinks-wholesale","status":"publish","type":"product","link":"https:\/\/www.ceramicbasin.com\/fr\/produit\/white-ceramic-sinks-wholesale\/","title":{"rendered":"\u00c9viers en c\u00e9ramique blanche Wholesale, Custom Large Countertop Sinks (\u00e9viers de comptoir de grande taille)"},"content":{"rendered":"<div class=\"wp-block-columns is-layout-flex wp-container-core-columns-is-layout-9d6595d7 wp-block-columns-is-layout-flex\">\n<div class=\"wp-block-column is-layout-flow wp-block-column-is-layout-flow\">\n<h2 class=\"wp-block-heading\">Premium White Ceramic Sinks Wholesale Caract\u00e9ristiques :<\/h2>\n\n\n\n<ul class=\"wp-block-list\">\n<li><strong>Mat\u00e9riau c\u00e9ramique de haute qualit\u00e9 :\u00a0<\/strong>Les \u00e9viers en c\u00e9ramique blanche de HanYu sont fabriqu\u00e9s \u00e0 partir de mati\u00e8res premi\u00e8res c\u00e9ramiques de haute qualit\u00e9, cuites \u00e0 haute temp\u00e9rature, avec une texture solide et une surface lisse, emp\u00eachant efficacement la salet\u00e9 d'adh\u00e9rer.<\/li>\n\n\n\n<li><strong>Options personnalisables :<\/strong> HanYu propose une s\u00e9lection d'\u00e9viers en c\u00e9ramique blanche en gros qui sont disponibles en diff\u00e9rentes couleurs, finitions de surface et emballages personnalisables. Vous avez ainsi la possibilit\u00e9 d'adapter le produit \u00e0 votre marque et de r\u00e9pondre aux besoins de votre march\u00e9 cible.<\/li>\n\n\n\n<li><strong>Conception de grande taille : <\/strong>Les \u00e9viers en c\u00e9ramique blanche ont une largeur plus importante et une forme rectangulaire plus longue, ce qui \u00e9largit l'espace de lavage. Ils conviennent mieux aux applications dans les zones r\u00e9sidentielles, les h\u00f4tels et les zones commerciales.<\/li>\n\n\n\n<li><strong>Bords arrondis : <\/strong>Nos \u00e9viers de comptoir personnalis\u00e9s pr\u00e9sentent des bords arrondis qui sont non seulement superbes, mais aussi s\u00fbrs, \u00e9vitant les chocs et les meurtrissures et t\u00e9moignant d'un grand souci du d\u00e9tail.<\/li>\n<\/ul>\n<\/div>\n\n\n\n<div class=\"wp-block-column is-layout-flow wp-block-column-is-layout-flow\">\n<figure class=\"wp-block-image size-full\"><img fetchpriority=\"high\" decoding=\"async\" width=\"800\" height=\"800\" src=\"https:\/\/www.ceramicbasin.com\/wp-content\/uploads\/2025\/05\/bathroom-sinks-vanity\uff0ccountertop-sink\uff0cporcelin-bathroom-sink6.webp\" alt=\"white-ceramic-sinks-wholesale-custom-countertop-sinks-large-rectangular-round-edge-6\" class=\"wp-image-6886\" srcset=\"https:\/\/www.ceramicbasin.com\/wp-content\/uploads\/2025\/05\/bathroom-sinks-vanity\uff0ccountertop-sink\uff0cporcelin-bathroom-sink6.webp 800w, https:\/\/www.ceramicbasin.com\/wp-content\/uploads\/2025\/05\/bathroom-sinks-vanity\uff0ccountertop-sink\uff0cporcelin-bathroom-sink6-300x300.webp 300w, https:\/\/www.ceramicbasin.com\/wp-content\/uploads\/2025\/05\/bathroom-sinks-vanity\uff0ccountertop-sink\uff0cporcelin-bathroom-sink6-150x150.webp 150w, https:\/\/www.ceramicbasin.com\/wp-content\/uploads\/2025\/05\/bathroom-sinks-vanity\uff0ccountertop-sink\uff0cporcelin-bathroom-sink6-768x768.webp 768w, https:\/\/www.ceramicbasin.com\/wp-content\/uploads\/2025\/05\/bathroom-sinks-vanity\uff0ccountertop-sink\uff0cporcelin-bathroom-sink6-12x12.webp 12w, https:\/\/www.ceramicbasin.com\/wp-content\/uploads\/2025\/05\/bathroom-sinks-vanity\uff0ccountertop-sink\uff0cporcelin-bathroom-sink6-285x285.webp 285w, https:\/\/www.ceramicbasin.com\/wp-content\/uploads\/2025\/05\/bathroom-sinks-vanity\uff0ccountertop-sink\uff0cporcelin-bathroom-sink6-270x270.webp 270w, https:\/\/www.ceramicbasin.com\/wp-content\/uploads\/2025\/05\/bathroom-sinks-vanity\uff0ccountertop-sink\uff0cporcelin-bathroom-sink6-540x540.webp 540w, https:\/\/www.ceramicbasin.com\/wp-content\/uploads\/2025\/05\/bathroom-sinks-vanity\uff0ccountertop-sink\uff0cporcelin-bathroom-sink6-660x660.webp 660w\" sizes=\"(max-width: 800px) 100vw, 800px\" \/><\/figure>\n<\/div>\n<\/div>\n\n\n\n<p><\/p>","protected":false},"excerpt":{"rendered":"<p>Nous vous invitons \u00e0 acheter en gros nos \u00e9viers en c\u00e9ramique blanche. Ces \u00e9viers rectangulaires spacieux, aux bords arrondis, allient une esth\u00e9tique moderne et \u00e9l\u00e9gante \u00e0 un aspect pratique au quotidien. Ils sont id\u00e9aux pour les achats en gros et les projets divers. Chaque \u00e9vier offre une cuve g\u00e9n\u00e9reuse, des coins arrondis pour plus de s\u00e9curit\u00e9 et une finition en porcelaine brillante qui est non seulement esth\u00e9tique, mais aussi durable et facile \u00e0 nettoyer. Ils constituent un choix fantastique pour rehausser les salles de bains commerciales et r\u00e9sidentielles.<\/p>\n<table style=\"border-collapse: collapse; width: 358.52pt;\" border=\"0\" width=\"478\" cellspacing=\"0\" cellpadding=\"0\">\n<tbody>\n<tr style=\"height: 17.25pt;\">\n<td class=\"et3\" style=\"height: 17.25pt; width: 125.00pt;\" width=\"166\" height=\"23\">Fabricant<\/td>\n<td class=\"et3\" style=\"width: 234.15pt;\" width=\"312\">HanYu<\/td>\n<\/tr>\n<tr style=\"height: 17.25pt;\">\n<td class=\"et3\" style=\"height: 17.25pt;\" height=\"23\">Num\u00e9ro de mod\u00e8le.<\/td>\n<td class=\"et4\">HY-8247<\/td>\n<\/tr>\n<tr style=\"height: 17.25pt;\">\n<td class=\"et3\" style=\"height: 17.25pt;\" height=\"23\">Type<\/td>\n<td class=\"et5\" style=\"width: 234.15pt;\" width=\"312\">Eviers de comptoir<\/td>\n<\/tr>\n<tr style=\"height: 18.00pt;\">\n<td class=\"et3\" style=\"height: 18.00pt;\" height=\"24\">Forme<\/td>\n<td class=\"et3\">Forme ovale<\/td>\n<\/tr>\n<tr style=\"height: 34.50pt;\">\n<td class=\"et4\" style=\"height: 34.50pt;\" height=\"46\">Couleur<\/td>\n<td class=\"et5\" style=\"width: 234.15pt;\" width=\"312\">noir\/blanc\/bleu\/gris\/rose\/vert\/marron\/kaki<\/td>\n<\/tr>\n<tr style=\"height: 18.00pt;\">\n<td class=\"et3\" style=\"height: 18.00pt;\" height=\"24\">Dimension<\/td>\n<td class=\"et5\" style=\"width: 234.15pt;\" width=\"312\">60.5*38*12<\/td>\n<\/tr>\n<tr style=\"height: 17.25pt;\">\n<td class=\"et3\" style=\"height: 17.25pt;\" height=\"23\">N.W \/SET<\/td>\n<td class=\"et3\">18KGS\/PCS<\/td>\n<\/tr>\n<tr style=\"height: 17.25pt;\">\n<td class=\"et3\" style=\"height: 17.25pt;\" height=\"23\">MOQ<\/td>\n<td class=\"et3\">20pcs<\/td>\n<\/tr>\n<tr style=\"height: 17.25pt;\">\n<td class=\"et3\" style=\"height: 17.25pt;\" height=\"23\">Option personnalis\u00e9e<\/td>\n<td class=\"et3\">Couleur\/Pattenue\/Taille\/Logo\/Emballage<\/td>\n<\/tr>\n<\/tbody>\n<\/table>","protected":false},"featured_media":6881,"comment_status":"closed","ping_status":"closed","template":"","meta":{"_acf_changed":false},"product_brand":[],"product_cat":[50],"product_tag":[],"class_list":{"0":"post-6880","1":"product","2":"type-product","3":"status-publish","4":"has-post-thumbnail","6":"product_cat-wholesale-countertop-sinks","8":"first","9":"instock","10":"shipping-taxable","11":"product-type-simple"},"acf":[],"_links":{"self":[{"href":"https:\/\/www.ceramicbasin.com\/fr\/wp-json\/wp\/v2\/product\/6880","targetHints":{"allow":["GET"]}}],"collection":[{"href":"https:\/\/www.ceramicbasin.com\/fr\/wp-json\/wp\/v2\/product"}],"about":[{"href":"https:\/\/www.ceramicbasin.com\/fr\/wp-json\/wp\/v2\/types\/product"}],"replies":[{"embeddable":true,"href":"https:\/\/www.ceramicbasin.com\/fr\/wp-json\/wp\/v2\/comments?post=6880"}],"wp:featuredmedia":[{"embeddable":true,"href":"https:\/\/www.ceramicbasin.com\/fr\/wp-json\/wp\/v2\/media\/6881"}],"wp:attachment":[{"href":"https:\/\/www.ceramicbasin.com\/fr\/wp-json\/wp\/v2\/media?parent=6880"}],"wp:term":[{"taxonomy":"product_brand","embeddable":true,"href":"https:\/\/www.ceramicbasin.com\/fr\/wp-json\/wp\/v2\/product_brand?post=6880"},{"taxonomy":"product_cat","embeddable":true,"href":"https:\/\/www.ceramicbasin.com\/fr\/wp-json\/wp\/v2\/product_cat?post=6880"},{"taxonomy":"product_tag","embeddable":true,"href":"https:\/\/www.ceramicbasin.com\/fr\/wp-json\/wp\/v2\/product_tag?post=6880"}],"curies":[{"name":"wp","href":"https:\/\/api.w.org\/{rel}","templated":true}]}}