{"id":6887,"date":"2025-05-27T09:01:02","date_gmt":"2025-05-27T09:01:02","guid":{"rendered":"https:\/\/www.ceramicbasin.com\/?post_type=product&#038;p=6887"},"modified":"2025-06-04T02:03:32","modified_gmt":"2025-06-04T02:03:32","slug":"bathroom-sink-custom","status":"publish","type":"product","link":"https:\/\/www.ceramicbasin.com\/fr\/produit\/bathroom-sink-custom\/","title":{"rendered":"Lavabo de salle de bain de haute qualit\u00e9 et de premi\u00e8re qualit\u00e9 sur mesure, lavabo en gros"},"content":{"rendered":"<div class=\"wp-block-columns is-layout-flex wp-container-core-columns-is-layout-9d6595d7 wp-block-columns-is-layout-flex\">\n<div class=\"wp-block-column is-layout-flow wp-block-column-is-layout-flow\">\n<h2 class=\"wp-block-heading\">Premium Bathroom Sink Custom Features :<\/h2>\n\n\n\n<ul class=\"wp-block-list\">\n<li><strong>Traitement de l'\u00e9mail facile \u00e0 nettoyer :\u00a0<\/strong>La surface de ces mod\u00e8les d'\u00e9vier de salle de bains personnalis\u00e9s adopte une technologie sp\u00e9ciale de gla\u00e7age facile \u00e0 nettoyer, qui est lisse et d\u00e9licate, rendant les taches moins susceptibles d'adh\u00e9rer et faciles \u00e0 nettoyer.<\/li>\n\n\n\n<li><strong>Ventes \u00e0 chaud : <\/strong>Ces mod\u00e8les de lavabos de salle de bains sur mesure suscitent beaucoup d'int\u00e9r\u00eat sur le march\u00e9. Ils durent longtemps, gardent leur couleur uniforme, se nettoient et offrent un excellent rapport qualit\u00e9-prix.<\/li>\n\n\n\n<li><strong>Look moderne :<\/strong> Nos lavabos en gros apportent un m\u00e9lange de classe et de fra\u00eecheur \u00e0 toute salle de bains. Ils cr\u00e9ent un point focal \u00e9l\u00e9gant.<\/li>\n\n\n\n<li><strong>Emballage s\u00e9curis\u00e9 et personnalisable : <\/strong>Notre grossiste en lavabos offre de multiples possibilit\u00e9s d'emballage, notamment des cartons, des protections int\u00e9rieures en mousse ou en nid d'abeille et des bo\u00eetes imprim\u00e9es personnalis\u00e9es pour une livraison en toute s\u00e9curit\u00e9 et une mise en valeur de la marque.<\/li>\n<\/ul>\n<\/div>\n\n\n\n<div class=\"wp-block-column is-layout-flow wp-block-column-is-layout-flow\">\n<figure class=\"wp-block-image size-full\"><img fetchpriority=\"high\" decoding=\"async\" width=\"800\" height=\"800\" src=\"https:\/\/www.ceramicbasin.com\/wp-content\/uploads\/2025\/05\/white-basin-sink\uff0cceramic-laundry-basin\uff0cabove-counter-sink1.webp\" alt=\"haute qualit\u00e9-premier prix-lavabo-salle-de-bain-custom-wash-basin-wholesale-1\" class=\"wp-image-6888\" srcset=\"https:\/\/www.ceramicbasin.com\/wp-content\/uploads\/2025\/05\/white-basin-sink\uff0cceramic-laundry-basin\uff0cabove-counter-sink1.webp 800w, https:\/\/www.ceramicbasin.com\/wp-content\/uploads\/2025\/05\/white-basin-sink\uff0cceramic-laundry-basin\uff0cabove-counter-sink1-300x300.webp 300w, https:\/\/www.ceramicbasin.com\/wp-content\/uploads\/2025\/05\/white-basin-sink\uff0cceramic-laundry-basin\uff0cabove-counter-sink1-150x150.webp 150w, https:\/\/www.ceramicbasin.com\/wp-content\/uploads\/2025\/05\/white-basin-sink\uff0cceramic-laundry-basin\uff0cabove-counter-sink1-768x768.webp 768w, https:\/\/www.ceramicbasin.com\/wp-content\/uploads\/2025\/05\/white-basin-sink\uff0cceramic-laundry-basin\uff0cabove-counter-sink1-12x12.webp 12w, https:\/\/www.ceramicbasin.com\/wp-content\/uploads\/2025\/05\/white-basin-sink\uff0cceramic-laundry-basin\uff0cabove-counter-sink1-285x285.webp 285w, https:\/\/www.ceramicbasin.com\/wp-content\/uploads\/2025\/05\/white-basin-sink\uff0cceramic-laundry-basin\uff0cabove-counter-sink1-270x270.webp 270w, https:\/\/www.ceramicbasin.com\/wp-content\/uploads\/2025\/05\/white-basin-sink\uff0cceramic-laundry-basin\uff0cabove-counter-sink1-540x540.webp 540w, https:\/\/www.ceramicbasin.com\/wp-content\/uploads\/2025\/05\/white-basin-sink\uff0cceramic-laundry-basin\uff0cabove-counter-sink1-660x660.webp 660w\" sizes=\"(max-width: 800px) 100vw, 800px\" \/><\/figure>\n<\/div>\n<\/div>\n\n\n\n<p><\/p>","protected":false},"excerpt":{"rendered":"<p>Ces lavabos de premi\u00e8re qualit\u00e9 sont bien accueillis par le march\u00e9 car ils sont durables, ont une couleur uniforme, sont faciles \u00e0 nettoyer et \u00e0 entretenir, et offrent un rapport qualit\u00e9-prix \u00e9lev\u00e9. Les produits tiennent compte de tous les aspects, du mat\u00e9riau et de la taille \u00e0 l'installation et \u00e0 l'emballage. Chaque article est con\u00e7u pour durer, \u00eatre attrayant et r\u00e9pondre \u00e0 vos besoins sp\u00e9cifiques. N'h\u00e9sitez pas \u00e0 contacter Hanyu.<\/p>\n<table style=\"border-collapse: collapse; width: 358.52pt;\" border=\"0\" width=\"478\" cellspacing=\"0\" cellpadding=\"0\">\n<tbody>\n<tr style=\"height: 17.25pt;\">\n<td class=\"et3\" style=\"height: 17.25pt; width: 125.00pt;\" width=\"166\" height=\"23\">Fabricant<\/td>\n<td class=\"et3\" style=\"width: 234.15pt;\" width=\"312\">HanYu<\/td>\n<\/tr>\n<tr style=\"height: 17.25pt;\">\n<td class=\"et3\" style=\"height: 17.25pt;\" height=\"23\">Num\u00e9ro de mod\u00e8le.<\/td>\n<td class=\"et4\">HY-8249<\/td>\n<\/tr>\n<tr style=\"height: 17.25pt;\">\n<td class=\"et3\" style=\"height: 17.25pt;\" height=\"23\">Type<\/td>\n<td class=\"et5\" style=\"width: 234.15pt;\" width=\"312\">Eviers de comptoir<\/td>\n<\/tr>\n<tr style=\"height: 18.00pt;\">\n<td class=\"et3\" style=\"height: 18.00pt;\" height=\"24\">Forme<\/td>\n<td class=\"et3\">Forme ovale<\/td>\n<\/tr>\n<tr style=\"height: 34.50pt;\">\n<td class=\"et4\" style=\"height: 34.50pt;\" height=\"46\">Couleur<\/td>\n<td class=\"et5\" style=\"width: 234.15pt;\" width=\"312\">noir\/blanc\/bleu\/gris\/rose\/vert\/marron\/kaki<\/td>\n<\/tr>\n<tr style=\"height: 18.00pt;\">\n<td class=\"et3\" style=\"height: 18.00pt;\" height=\"24\">Dimension<\/td>\n<td class=\"et5\" style=\"width: 234.15pt;\" width=\"312\">47*34.5*15<\/td>\n<\/tr>\n<tr style=\"height: 17.25pt;\">\n<td class=\"et3\" style=\"height: 17.25pt;\" height=\"23\">N.W \/SET<\/td>\n<td class=\"et3\">15KGS\/PCS<\/td>\n<\/tr>\n<tr style=\"height: 17.25pt;\">\n<td class=\"et3\" style=\"height: 17.25pt;\" height=\"23\">MOQ<\/td>\n<td class=\"et3\">20pcs<\/td>\n<\/tr>\n<tr style=\"height: 17.25pt;\">\n<td class=\"et3\" style=\"height: 17.25pt;\" height=\"23\">Option personnalis\u00e9e<\/td>\n<td class=\"et3\">Couleur\/Pattenue\/Taille\/Logo\/Emballage<\/td>\n<\/tr>\n<\/tbody>\n<\/table>","protected":false},"featured_media":6892,"comment_status":"closed","ping_status":"closed","template":"","meta":{"_acf_changed":false},"product_brand":[],"product_cat":[50],"product_tag":[],"class_list":{"0":"post-6887","1":"product","2":"type-product","3":"status-publish","4":"has-post-thumbnail","6":"product_cat-wholesale-countertop-sinks","8":"first","9":"instock","10":"shipping-taxable","11":"product-type-simple"},"acf":[],"_links":{"self":[{"href":"https:\/\/www.ceramicbasin.com\/fr\/wp-json\/wp\/v2\/product\/6887","targetHints":{"allow":["GET"]}}],"collection":[{"href":"https:\/\/www.ceramicbasin.com\/fr\/wp-json\/wp\/v2\/product"}],"about":[{"href":"https:\/\/www.ceramicbasin.com\/fr\/wp-json\/wp\/v2\/types\/product"}],"replies":[{"embeddable":true,"href":"https:\/\/www.ceramicbasin.com\/fr\/wp-json\/wp\/v2\/comments?post=6887"}],"wp:featuredmedia":[{"embeddable":true,"href":"https:\/\/www.ceramicbasin.com\/fr\/wp-json\/wp\/v2\/media\/6892"}],"wp:attachment":[{"href":"https:\/\/www.ceramicbasin.com\/fr\/wp-json\/wp\/v2\/media?parent=6887"}],"wp:term":[{"taxonomy":"product_brand","embeddable":true,"href":"https:\/\/www.ceramicbasin.com\/fr\/wp-json\/wp\/v2\/product_brand?post=6887"},{"taxonomy":"product_cat","embeddable":true,"href":"https:\/\/www.ceramicbasin.com\/fr\/wp-json\/wp\/v2\/product_cat?post=6887"},{"taxonomy":"product_tag","embeddable":true,"href":"https:\/\/www.ceramicbasin.com\/fr\/wp-json\/wp\/v2\/product_tag?post=6887"}],"curies":[{"name":"wp","href":"https:\/\/api.w.org\/{rel}","templated":true}]}}