{"id":6894,"date":"2025-05-27T09:13:22","date_gmt":"2025-05-27T09:13:22","guid":{"rendered":"https:\/\/www.ceramicbasin.com\/?post_type=product&#038;p=6894"},"modified":"2025-09-26T07:09:34","modified_gmt":"2025-09-26T07:09:34","slug":"bespoke-wash-basins","status":"publish","type":"product","link":"https:\/\/www.ceramicbasin.com\/fr\/produit\/bespoke-wash-basins\/","title":{"rendered":"Lavabos sur mesure, lavabo en c\u00e9ramique blanche au-dessus du comptoir Wholesale"},"content":{"rendered":"<div class=\"wp-block-columns is-layout-flex wp-container-core-columns-is-layout-9d6595d7 wp-block-columns-is-layout-flex\">\n<div class=\"wp-block-column is-layout-flow wp-block-column-is-layout-flow\">\n<h2 class=\"wp-block-heading\">Lavabos sur mesure de qualit\u00e9 sup\u00e9rieure Caract\u00e9ristiques :<\/h2>\n\n\n\n<ul class=\"wp-block-list\">\n<li><strong>Design moderne et minimaliste :<\/strong> Ces lavabos sur mesure sont rectangulaires et pr\u00e9sentent des bords nets et tranchants. Ils s'int\u00e8grent parfaitement dans les salles de bains modernes, dont ils rehaussent le style.<\/li>\n\n\n\n<li><strong>Mat\u00e9riau c\u00e9ramique de haute qualit\u00e9 : <\/strong>Cette vasque \u00e0 poser est fabriqu\u00e9e \u00e0 partir de c\u00e9ramique cuite \u00e0 haute temp\u00e9rature. La surface de son aspect brillant est r\u00e9sistante aux rayures, facile \u00e0 entretenir et conserve son aspect brillant pendant de nombreuses ann\u00e9es.<\/li>\n\n\n\n<li><strong>Services de personnalisation : <\/strong>Nous proposons diff\u00e9rents services de personnalisation pour le bassin de comptoir ci-dessus, y compris la taille, la couleur et le logo, afin de r\u00e9pondre aux besoins sp\u00e9cifiques des marques ou \u00e0 des fins d'ing\u00e9nierie.<\/li>\n\n\n\n<li><strong>Conception de l'installation du comptoir : <\/strong>Ces lavabos sur mesure sont simples \u00e0 installer et permettent d'\u00e9conomiser de l'espace. Ils conviennent parfaitement aux appartements, aux maisons et m\u00eame aux h\u00f4tels de luxe.<\/li>\n<\/ul>\n<\/div>\n\n\n\n<div class=\"wp-block-column is-layout-flow wp-block-column-is-layout-flow\">\n<figure class=\"wp-block-image size-full\"><img fetchpriority=\"high\" decoding=\"async\" width=\"800\" height=\"800\" src=\"https:\/\/www.ceramicbasin.com\/wp-content\/uploads\/2025\/05\/vanity-sink-for-bathroom\uff0cporcelain-lavatory-sinks\uff0ccountertop-sinks6.webp\" alt=\"bespoke-wash-basins-white-ceramic-rectangular-above-counter-basin-wholesale-6\" class=\"wp-image-6900\" srcset=\"https:\/\/www.ceramicbasin.com\/wp-content\/uploads\/2025\/05\/vanity-sink-for-bathroom\uff0cporcelain-lavatory-sinks\uff0ccountertop-sinks6.webp 800w, https:\/\/www.ceramicbasin.com\/wp-content\/uploads\/2025\/05\/vanity-sink-for-bathroom\uff0cporcelain-lavatory-sinks\uff0ccountertop-sinks6-300x300.webp 300w, https:\/\/www.ceramicbasin.com\/wp-content\/uploads\/2025\/05\/vanity-sink-for-bathroom\uff0cporcelain-lavatory-sinks\uff0ccountertop-sinks6-150x150.webp 150w, https:\/\/www.ceramicbasin.com\/wp-content\/uploads\/2025\/05\/vanity-sink-for-bathroom\uff0cporcelain-lavatory-sinks\uff0ccountertop-sinks6-768x768.webp 768w, https:\/\/www.ceramicbasin.com\/wp-content\/uploads\/2025\/05\/vanity-sink-for-bathroom\uff0cporcelain-lavatory-sinks\uff0ccountertop-sinks6-12x12.webp 12w, https:\/\/www.ceramicbasin.com\/wp-content\/uploads\/2025\/05\/vanity-sink-for-bathroom\uff0cporcelain-lavatory-sinks\uff0ccountertop-sinks6-285x285.webp 285w, https:\/\/www.ceramicbasin.com\/wp-content\/uploads\/2025\/05\/vanity-sink-for-bathroom\uff0cporcelain-lavatory-sinks\uff0ccountertop-sinks6-270x270.webp 270w, https:\/\/www.ceramicbasin.com\/wp-content\/uploads\/2025\/05\/vanity-sink-for-bathroom\uff0cporcelain-lavatory-sinks\uff0ccountertop-sinks6-540x540.webp 540w, https:\/\/www.ceramicbasin.com\/wp-content\/uploads\/2025\/05\/vanity-sink-for-bathroom\uff0cporcelain-lavatory-sinks\uff0ccountertop-sinks6-660x660.webp 660w\" sizes=\"(max-width: 800px) 100vw, 800px\" \/><\/figure>\n<\/div>\n<\/div>\n\n\n\n<p><\/p>","protected":false},"excerpt":{"rendered":"<p>Bienvenue sur notre site de vente en gros de lavabos \u00e0 poser. Ces lavabos rectangulaires en c\u00e9ramique blanche sur mesure se distinguent par leur design \u00e9pur\u00e9 et moderne. Ils s'int\u00e8grent parfaitement dans toute salle de bains moderne et haut de gamme. Fabriqu\u00e9s en c\u00e9ramique de qualit\u00e9 sup\u00e9rieure, ces lavabos sont doux au toucher et ont une finition durable qui n\u00e9cessite tr\u00e8s peu d'entretien. En outre, la taille, la couleur et m\u00eame le logo peuvent \u00eatre modifi\u00e9s, de sorte que ces lavabos conviennent parfaitement aux grands projets ou \u00e0 la cr\u00e9ation d'une marque.<\/p>\n<table style=\"border-collapse: collapse; width: 358.52pt;\" border=\"0\" width=\"478\" cellspacing=\"0\" cellpadding=\"0\">\n<tbody>\n<tr style=\"height: 17.25pt;\">\n<td class=\"et3\" style=\"height: 17.25pt; width: 125.00pt;\" width=\"166\" height=\"23\">Fabricant<\/td>\n<td class=\"et3\" style=\"width: 234.15pt;\" width=\"312\">HanYu<\/td>\n<\/tr>\n<tr style=\"height: 17.25pt;\">\n<td class=\"et3\" style=\"height: 17.25pt;\" height=\"23\">Num\u00e9ro de mod\u00e8le.<\/td>\n<td class=\"et4\">HY-8250<\/td>\n<\/tr>\n<tr style=\"height: 17.25pt;\">\n<td class=\"et3\" style=\"height: 17.25pt;\" height=\"23\">Type<\/td>\n<td class=\"et5\" style=\"width: 234.15pt;\" width=\"312\">Eviers de comptoir<\/td>\n<\/tr>\n<tr style=\"height: 18.00pt;\">\n<td class=\"et3\" style=\"height: 18.00pt;\" height=\"24\">Forme<\/td>\n<td class=\"et3\">Forme ovale<\/td>\n<\/tr>\n<tr style=\"height: 34.50pt;\">\n<td class=\"et4\" style=\"height: 34.50pt;\" height=\"46\">Couleur<\/td>\n<td class=\"et5\" style=\"width: 234.15pt;\" width=\"312\">noir\/blanc\/bleu\/gris\/rose\/vert\/marron\/kaki<\/td>\n<\/tr>\n<tr style=\"height: 18.00pt;\">\n<td class=\"et3\" style=\"height: 18.00pt;\" height=\"24\">Dimension<\/td>\n<td class=\"et5\" style=\"width: 234.15pt;\" width=\"312\">62*41.5*14<\/td>\n<\/tr>\n<tr style=\"height: 17.25pt;\">\n<td class=\"et3\" style=\"height: 17.25pt;\" height=\"23\">N.W \/SET<\/td>\n<td class=\"et3\">18KGS\/PCS<\/td>\n<\/tr>\n<tr style=\"height: 17.25pt;\">\n<td class=\"et3\" style=\"height: 17.25pt;\" height=\"23\">MOQ<\/td>\n<td class=\"et3\">20pcs<\/td>\n<\/tr>\n<tr style=\"height: 17.25pt;\">\n<td class=\"et3\" style=\"height: 17.25pt;\" height=\"23\">Option personnalis\u00e9e<\/td>\n<td class=\"et3\">Couleur\/Pattenue\/Taille\/Logo\/Emballage<\/td>\n<\/tr>\n<\/tbody>\n<\/table>","protected":false},"featured_media":6895,"comment_status":"closed","ping_status":"closed","template":"","meta":{"_acf_changed":false},"product_brand":[],"product_cat":[50],"product_tag":[],"class_list":{"0":"post-6894","1":"product","2":"type-product","3":"status-publish","4":"has-post-thumbnail","6":"product_cat-wholesale-countertop-sinks","8":"first","9":"instock","10":"shipping-taxable","11":"product-type-simple"},"acf":[],"_links":{"self":[{"href":"https:\/\/www.ceramicbasin.com\/fr\/wp-json\/wp\/v2\/product\/6894","targetHints":{"allow":["GET"]}}],"collection":[{"href":"https:\/\/www.ceramicbasin.com\/fr\/wp-json\/wp\/v2\/product"}],"about":[{"href":"https:\/\/www.ceramicbasin.com\/fr\/wp-json\/wp\/v2\/types\/product"}],"replies":[{"embeddable":true,"href":"https:\/\/www.ceramicbasin.com\/fr\/wp-json\/wp\/v2\/comments?post=6894"}],"wp:featuredmedia":[{"embeddable":true,"href":"https:\/\/www.ceramicbasin.com\/fr\/wp-json\/wp\/v2\/media\/6895"}],"wp:attachment":[{"href":"https:\/\/www.ceramicbasin.com\/fr\/wp-json\/wp\/v2\/media?parent=6894"}],"wp:term":[{"taxonomy":"product_brand","embeddable":true,"href":"https:\/\/www.ceramicbasin.com\/fr\/wp-json\/wp\/v2\/product_brand?post=6894"},{"taxonomy":"product_cat","embeddable":true,"href":"https:\/\/www.ceramicbasin.com\/fr\/wp-json\/wp\/v2\/product_cat?post=6894"},{"taxonomy":"product_tag","embeddable":true,"href":"https:\/\/www.ceramicbasin.com\/fr\/wp-json\/wp\/v2\/product_tag?post=6894"}],"curies":[{"name":"wp","href":"https:\/\/api.w.org\/{rel}","templated":true}]}}