{"id":6908,"date":"2025-05-27T09:21:32","date_gmt":"2025-05-27T09:21:32","guid":{"rendered":"https:\/\/www.ceramicbasin.com\/?post_type=product&#038;p=6908"},"modified":"2025-11-03T07:47:11","modified_gmt":"2025-11-03T07:47:11","slug":"wholesale-ceramic-fancy-wash-basin","status":"publish","type":"product","link":"https:\/\/www.ceramicbasin.com\/fr\/produit\/wholesale-ceramic-fancy-wash-basin\/","title":{"rendered":"Wholesale Ceramic Fancy Wash Basin With Custom Shape (Lavabo fantaisie en c\u00e9ramique avec forme personnalis\u00e9e)"},"content":{"rendered":"<div class=\"wp-block-columns is-layout-flex wp-container-core-columns-is-layout-9d6595d7 wp-block-columns-is-layout-flex\">\n<div class=\"wp-block-column is-layout-flow wp-block-column-is-layout-flow\">\n<h2 class=\"wp-block-heading\">Premium Wholesale Ceramic Fancy Wash Basin Caract\u00e9ristiques :<\/h2>\n\n\n\n<ul class=\"wp-block-list\">\n<li><strong>Texture martel\u00e9e avanc\u00e9e : <\/strong>Le lavabo fantaisie en c\u00e9ramique de gros pr\u00e9sente une finition martel\u00e9e blanche exclusive, qui ajoute un \u00e9l\u00e9ment tactile et visuel aux salles de bains minimalistes.<\/li>\n\n\n\n<li><strong>Ma\u00eetrise de la c\u00e9ramique haut de gamme : <\/strong>Le lavabo fantaisie en c\u00e9ramique est fabriqu\u00e9 \u00e0 partir de c\u00e9ramique de haute qualit\u00e9 avec une gla\u00e7ure brillante, offrant une r\u00e9sistance aux taches et une durabilit\u00e9.<\/li>\n\n\n\n<li><strong>Beaut\u00e9 minimaliste et design :<\/strong> Nos lavabos d'art en gros allient l'art contemporain et le design fonctionnel, parfaits pour les int\u00e9rieurs de luxe, les h\u00f4tels et les projets de designers.<\/li>\n\n\n\n<li><strong>Vente directe \u00e0 l'usine : <\/strong>HanYu ceramic basin factory vous fournit directement des lavabos de haute qualit\u00e9 \u00e0 un prix pr\u00e9f\u00e9rentiel pour vous aider dans la gestion des co\u00fbts du projet.<\/li>\n<\/ul>\n<\/div>\n\n\n\n<div class=\"wp-block-column is-layout-flow wp-block-column-is-layout-flow\">\n<figure class=\"wp-block-image size-full\"><img fetchpriority=\"high\" decoding=\"async\" width=\"800\" height=\"800\" src=\"https:\/\/www.ceramicbasin.com\/wp-content\/uploads\/2025\/05\/sink-above-counter\uff0ctop-counter-wash-basin\uff0cceramic-wash-basin6.webp\" alt=\"wholesale-ceramic-fancy-wash-basin-in-white-hammered-art-bathroom-sinks-custom-6\" class=\"wp-image-6907\" srcset=\"https:\/\/www.ceramicbasin.com\/wp-content\/uploads\/2025\/05\/sink-above-counter\uff0ctop-counter-wash-basin\uff0cceramic-wash-basin6.webp 800w, https:\/\/www.ceramicbasin.com\/wp-content\/uploads\/2025\/05\/sink-above-counter\uff0ctop-counter-wash-basin\uff0cceramic-wash-basin6-300x300.webp 300w, https:\/\/www.ceramicbasin.com\/wp-content\/uploads\/2025\/05\/sink-above-counter\uff0ctop-counter-wash-basin\uff0cceramic-wash-basin6-150x150.webp 150w, https:\/\/www.ceramicbasin.com\/wp-content\/uploads\/2025\/05\/sink-above-counter\uff0ctop-counter-wash-basin\uff0cceramic-wash-basin6-768x768.webp 768w, https:\/\/www.ceramicbasin.com\/wp-content\/uploads\/2025\/05\/sink-above-counter\uff0ctop-counter-wash-basin\uff0cceramic-wash-basin6-12x12.webp 12w, https:\/\/www.ceramicbasin.com\/wp-content\/uploads\/2025\/05\/sink-above-counter\uff0ctop-counter-wash-basin\uff0cceramic-wash-basin6-285x285.webp 285w, https:\/\/www.ceramicbasin.com\/wp-content\/uploads\/2025\/05\/sink-above-counter\uff0ctop-counter-wash-basin\uff0cceramic-wash-basin6-270x270.webp 270w, https:\/\/www.ceramicbasin.com\/wp-content\/uploads\/2025\/05\/sink-above-counter\uff0ctop-counter-wash-basin\uff0cceramic-wash-basin6-540x540.webp 540w, https:\/\/www.ceramicbasin.com\/wp-content\/uploads\/2025\/05\/sink-above-counter\uff0ctop-counter-wash-basin\uff0cceramic-wash-basin6-660x660.webp 660w\" sizes=\"(max-width: 800px) 100vw, 800px\" \/><\/figure>\n<\/div>\n<\/div>","protected":false},"excerpt":{"rendered":"<p>Bienvenue sur notre site de vente en gros de lavabos en c\u00e9ramique. Ajoutez du style \u00e0 votre espace avec ce lavabo en c\u00e9ramique dot\u00e9 d'une texture blanche martel\u00e9e distincte qui refl\u00e8te l'art simple. Fabriqu\u00e9 en c\u00e9ramique de haute qualit\u00e9, il est con\u00e7u pour durer, r\u00e9siste aux taches et d\u00e9gage un charme classique. Cette vasque allie un usage pratique \u00e0 un design accrocheur et s'int\u00e8gre bien dans diverses configurations.<\/p>\n<table style=\"border-collapse: collapse; width: 311.02pt;\" border=\"0\" width=\"311\" cellspacing=\"0\" cellpadding=\"0\">\n<tbody>\n<tr style=\"height: 17.60pt;\">\n<td class=\"et3\" style=\"height: 17.60pt; width: 108.35pt;\" width=\"108\" height=\"17\">Fabricant<\/td>\n<td class=\"et3\" style=\"width: 202.95pt;\" width=\"202\">HanYu<\/td>\n<\/tr>\n<tr style=\"height: 17.60pt;\">\n<td class=\"et3\" style=\"height: 17.60pt;\" height=\"17\">Num\u00e9ro de mod\u00e8le.<\/td>\n<td class=\"et4\">HY8251<\/td>\n<\/tr>\n<tr style=\"height: 18.00pt;\">\n<td class=\"et3\" style=\"height: 18.00pt;\" height=\"18\">Type<\/td>\n<td class=\"et5\" style=\"width: 202.95pt;\" width=\"202\">\u00a0Bassin de comptoir<\/td>\n<\/tr>\n<tr style=\"height: 17.60pt;\">\n<td class=\"et3\" style=\"height: 17.60pt;\" height=\"17\">Forme<\/td>\n<td class=\"et3\">Forme ovale<\/td>\n<\/tr>\n<tr style=\"height: 36.00pt;\">\n<td class=\"et4\" style=\"height: 36.00pt;\" height=\"36\">Couleur<\/td>\n<td class=\"et5\" style=\"width: 202.95pt;\" width=\"202\">Noir\/Blanc\/Bleu\/Gris\/Rose\/Vert\/Marron\/Kaki......<\/td>\n<\/tr>\n<tr style=\"height: 18.00pt;\">\n<td class=\"et3\" style=\"height: 18.00pt;\" height=\"18\">Dimension<\/td>\n<td class=\"et5\" style=\"width: 202.95pt;\" width=\"202\">56*34*16<\/td>\n<\/tr>\n<tr style=\"height: 17.60pt;\">\n<td class=\"et3\" style=\"height: 17.60pt;\" height=\"17\">N.W \/SET<\/td>\n<td class=\"et3\">15KGS\/PCS<\/td>\n<\/tr>\n<tr style=\"height: 17.60pt;\">\n<td class=\"et3\" style=\"height: 17.60pt;\" height=\"17\">MOQ<\/td>\n<td class=\"et3\">20pcs<\/td>\n<\/tr>\n<tr style=\"height: 17.60pt;\">\n<td class=\"et3\" style=\"height: 17.60pt;\" height=\"17\">Option personnalis\u00e9e<\/td>\n<td class=\"et3\">Couleur\/Pattenue\/Taille\/Logo\/Emballage<\/td>\n<\/tr>\n<\/tbody>\n<\/table>","protected":false},"featured_media":6902,"comment_status":"closed","ping_status":"closed","template":"","meta":{"_acf_changed":false},"product_brand":[],"product_cat":[50],"product_tag":[],"class_list":{"0":"post-6908","1":"product","2":"type-product","3":"status-publish","4":"has-post-thumbnail","6":"product_cat-wholesale-countertop-sinks","8":"first","9":"instock","10":"shipping-taxable","11":"product-type-simple"},"acf":[],"_links":{"self":[{"href":"https:\/\/www.ceramicbasin.com\/fr\/wp-json\/wp\/v2\/product\/6908","targetHints":{"allow":["GET"]}}],"collection":[{"href":"https:\/\/www.ceramicbasin.com\/fr\/wp-json\/wp\/v2\/product"}],"about":[{"href":"https:\/\/www.ceramicbasin.com\/fr\/wp-json\/wp\/v2\/types\/product"}],"replies":[{"embeddable":true,"href":"https:\/\/www.ceramicbasin.com\/fr\/wp-json\/wp\/v2\/comments?post=6908"}],"wp:featuredmedia":[{"embeddable":true,"href":"https:\/\/www.ceramicbasin.com\/fr\/wp-json\/wp\/v2\/media\/6902"}],"wp:attachment":[{"href":"https:\/\/www.ceramicbasin.com\/fr\/wp-json\/wp\/v2\/media?parent=6908"}],"wp:term":[{"taxonomy":"product_brand","embeddable":true,"href":"https:\/\/www.ceramicbasin.com\/fr\/wp-json\/wp\/v2\/product_brand?post=6908"},{"taxonomy":"product_cat","embeddable":true,"href":"https:\/\/www.ceramicbasin.com\/fr\/wp-json\/wp\/v2\/product_cat?post=6908"},{"taxonomy":"product_tag","embeddable":true,"href":"https:\/\/www.ceramicbasin.com\/fr\/wp-json\/wp\/v2\/product_tag?post=6908"}],"curies":[{"name":"wp","href":"https:\/\/api.w.org\/{rel}","templated":true}]}}