{"id":6919,"date":"2025-06-07T01:51:37","date_gmt":"2025-06-07T01:51:37","guid":{"rendered":"https:\/\/www.ceramicbasin.com\/?post_type=product&#038;p=6919"},"modified":"2025-06-07T01:51:39","modified_gmt":"2025-06-07T01:51:39","slug":"custom-drop-in-bathroom-sinks","status":"publish","type":"product","link":"https:\/\/www.ceramicbasin.com\/fr\/produit\/custom-drop-in-bathroom-sinks\/","title":{"rendered":"Lavabos de salle de bain \u00e0 poser sur mesure, lavabo ovale en c\u00e9ramique d'art Wholesale"},"content":{"rendered":"<div class=\"wp-block-columns is-layout-flex wp-container-core-columns-is-layout-9d6595d7 wp-block-columns-is-layout-flex\">\n<div class=\"wp-block-column is-layout-flow wp-block-column-is-layout-flow\">\n<h2 class=\"wp-block-heading\">Premium Custom Drop In Bathroom Sinks Features :<\/h2>\n\n\n\n<ul class=\"wp-block-list\">\n<li><strong>Design \u00e9l\u00e9gant : <\/strong>Cette vasque en c\u00e9ramique de gros pr\u00e9sente une beaut\u00e9 \u00e9l\u00e9gante avec des bords arrondis et des lignes fluides, offrant une qualit\u00e9 esth\u00e9tique haut de gamme et ajoutant une touche de classe et de sophistication \u00e0 l'environnement de la salle de bains.<\/li>\n\n\n\n<li><strong>Installation facile : <\/strong>Conception encastr\u00e9e, facile \u00e0 installer, polyvalente avec de nombreux lavabos de salle de bain encastr\u00e9s sur mesure, et permettant d'\u00e9conomiser du temps et de la main d'\u0153uvre.<\/li>\n\n\n\n<li><strong>Traitement de l'\u00e9mail facile \u00e0 nettoyer :<\/strong>\u00a0La surface de ces \u00e9viers de salle de bains encastr\u00e9s adopte une technologie sp\u00e9ciale de gla\u00e7age facile \u00e0 nettoyer, qui est lisse et d\u00e9licate, les taches n'adh\u00e8rent pas facilement et sont faciles \u00e0 nettoyer.<\/li>\n\n\n\n<li><strong>Commande de rabais en vrac : <\/strong>En tant que fabricant et fournisseur professionnel d'\u00e9viers de salle de bains \u00e0 encastrer, nous proposons des prix tr\u00e8s comp\u00e9titifs, qui conviennent aux travaux de d\u00e9coration en vrac tels que les h\u00f4tels, les appartements, les bureaux, etc.<\/li>\n<\/ul>\n<\/div>\n\n\n\n<div class=\"wp-block-column is-layout-flow wp-block-column-is-layout-flow\">\n<figure class=\"wp-block-image size-full\"><img fetchpriority=\"high\" decoding=\"async\" width=\"852\" height=\"852\" src=\"https:\/\/www.ceramicbasin.com\/wp-content\/uploads\/2025\/06\/Art-Table-Ceramic-Oval-Shape-Wash-Basin-Drop-In-Counter-Bathroom-Sink-7.webp\" alt=\"custom-drop-in-bathroom-sinks-art-ceramic-oval-wash-basin-wholesale-7\" class=\"wp-image-6927\" srcset=\"https:\/\/www.ceramicbasin.com\/wp-content\/uploads\/2025\/06\/Art-Table-Ceramic-Oval-Shape-Wash-Basin-Drop-In-Counter-Bathroom-Sink-7.webp 852w, https:\/\/www.ceramicbasin.com\/wp-content\/uploads\/2025\/06\/Art-Table-Ceramic-Oval-Shape-Wash-Basin-Drop-In-Counter-Bathroom-Sink-7-300x300.webp 300w, https:\/\/www.ceramicbasin.com\/wp-content\/uploads\/2025\/06\/Art-Table-Ceramic-Oval-Shape-Wash-Basin-Drop-In-Counter-Bathroom-Sink-7-150x150.webp 150w, https:\/\/www.ceramicbasin.com\/wp-content\/uploads\/2025\/06\/Art-Table-Ceramic-Oval-Shape-Wash-Basin-Drop-In-Counter-Bathroom-Sink-7-768x768.webp 768w, https:\/\/www.ceramicbasin.com\/wp-content\/uploads\/2025\/06\/Art-Table-Ceramic-Oval-Shape-Wash-Basin-Drop-In-Counter-Bathroom-Sink-7-12x12.webp 12w, https:\/\/www.ceramicbasin.com\/wp-content\/uploads\/2025\/06\/Art-Table-Ceramic-Oval-Shape-Wash-Basin-Drop-In-Counter-Bathroom-Sink-7-285x285.webp 285w, https:\/\/www.ceramicbasin.com\/wp-content\/uploads\/2025\/06\/Art-Table-Ceramic-Oval-Shape-Wash-Basin-Drop-In-Counter-Bathroom-Sink-7-270x270.webp 270w, https:\/\/www.ceramicbasin.com\/wp-content\/uploads\/2025\/06\/Art-Table-Ceramic-Oval-Shape-Wash-Basin-Drop-In-Counter-Bathroom-Sink-7-540x540.webp 540w, https:\/\/www.ceramicbasin.com\/wp-content\/uploads\/2025\/06\/Art-Table-Ceramic-Oval-Shape-Wash-Basin-Drop-In-Counter-Bathroom-Sink-7-660x660.webp 660w\" sizes=\"(max-width: 852px) 100vw, 852px\" \/><\/figure>\n<\/div>\n<\/div>","protected":false},"excerpt":{"rendered":"<p>Bienvenue dans l'achat de ces lavabos de salle de bains \u00e0 poser personnalis\u00e9s, dot\u00e9s d'un \u00e9l\u00e9gant design ovale et d'une finition artistique en c\u00e9ramique, qui offrent une am\u00e9lioration \u00e9l\u00e9gante et fonctionnelle pour les salles de bains modernes. Nos lavabos \u00e0 encastrer en vrac sont soigneusement fabriqu\u00e9s pour garantir leur beaut\u00e9 et leur durabilit\u00e9. Nous disposons d'un stock important d'\u00e9viers de salle de bains et d'un service de livraison rapide pour r\u00e9pondre aux besoins urgents des projets. Nous proposons \u00e9galement des services personnalis\u00e9s pour r\u00e9pondre \u00e0 vos besoins particuliers.<\/p>\n<table style=\"border-collapse: collapse; width: 358.52pt;\" border=\"0\" width=\"478\" cellspacing=\"0\" cellpadding=\"0\">\n<tbody>\n<tr style=\"height: 17.25pt;\">\n<td class=\"et3\" style=\"height: 17.25pt; width: 125.00pt;\" width=\"166\" height=\"23\">Fabricant<\/td>\n<td class=\"et3\" style=\"width: 234.15pt;\" width=\"312\">HanYu<\/td>\n<\/tr>\n<tr style=\"height: 17.25pt;\">\n<td class=\"et3\" style=\"height: 17.25pt;\" height=\"23\">Num\u00e9ro de mod\u00e8le.<\/td>\n<td class=\"et4\">HY-5006A<\/td>\n<\/tr>\n<tr style=\"height: 17.25pt;\">\n<td class=\"et3\" style=\"height: 17.25pt;\" height=\"23\">Type<\/td>\n<td class=\"et5\" style=\"width: 234.15pt;\" width=\"312\">Dans les \u00e9viers de comptoir<\/td>\n<\/tr>\n<tr style=\"height: 18.00pt;\">\n<td class=\"et3\" style=\"height: 18.00pt;\" height=\"24\">Forme<\/td>\n<td class=\"et3\">Forme ovale<\/td>\n<\/tr>\n<tr style=\"height: 34.50pt;\">\n<td class=\"et4\" style=\"height: 34.50pt;\" height=\"46\">Couleur<\/td>\n<td class=\"et5\" style=\"width: 234.15pt;\" width=\"312\">noir\/blanc\/bleu\/gris\/rose\/vert\/marron\/kaki<\/td>\n<\/tr>\n<tr style=\"height: 18.00pt;\">\n<td class=\"et3\" style=\"height: 18.00pt;\" height=\"24\">Dimension<\/td>\n<td class=\"et5\" style=\"width: 234.15pt;\" width=\"312\">60*40*16.5<\/td>\n<\/tr>\n<tr style=\"height: 17.25pt;\">\n<td class=\"et3\" style=\"height: 17.25pt;\" height=\"23\">N.W \/SET<\/td>\n<td class=\"et3\">8KGS\/PCS<\/td>\n<\/tr>\n<tr style=\"height: 17.25pt;\">\n<td class=\"et3\" style=\"height: 17.25pt;\" height=\"23\">MOQ<\/td>\n<td class=\"et3\">20pcs<\/td>\n<\/tr>\n<tr style=\"height: 17.25pt;\">\n<td class=\"et3\" style=\"height: 17.25pt;\" height=\"23\">Option personnalis\u00e9e<\/td>\n<td class=\"et3\">Couleur\/Pattenue\/Taille\/Logo\/Emballage<\/td>\n<\/tr>\n<\/tbody>\n<\/table>","protected":false},"featured_media":6921,"comment_status":"closed","ping_status":"closed","template":"","meta":{"_acf_changed":false},"product_brand":[],"product_cat":[51],"product_tag":[],"class_list":{"0":"post-6919","1":"product","2":"type-product","3":"status-publish","4":"has-post-thumbnail","6":"product_cat-wholesale-drop-in-sinks","8":"first","9":"instock","10":"shipping-taxable","11":"product-type-simple"},"acf":[],"_links":{"self":[{"href":"https:\/\/www.ceramicbasin.com\/fr\/wp-json\/wp\/v2\/product\/6919","targetHints":{"allow":["GET"]}}],"collection":[{"href":"https:\/\/www.ceramicbasin.com\/fr\/wp-json\/wp\/v2\/product"}],"about":[{"href":"https:\/\/www.ceramicbasin.com\/fr\/wp-json\/wp\/v2\/types\/product"}],"replies":[{"embeddable":true,"href":"https:\/\/www.ceramicbasin.com\/fr\/wp-json\/wp\/v2\/comments?post=6919"}],"wp:featuredmedia":[{"embeddable":true,"href":"https:\/\/www.ceramicbasin.com\/fr\/wp-json\/wp\/v2\/media\/6921"}],"wp:attachment":[{"href":"https:\/\/www.ceramicbasin.com\/fr\/wp-json\/wp\/v2\/media?parent=6919"}],"wp:term":[{"taxonomy":"product_brand","embeddable":true,"href":"https:\/\/www.ceramicbasin.com\/fr\/wp-json\/wp\/v2\/product_brand?post=6919"},{"taxonomy":"product_cat","embeddable":true,"href":"https:\/\/www.ceramicbasin.com\/fr\/wp-json\/wp\/v2\/product_cat?post=6919"},{"taxonomy":"product_tag","embeddable":true,"href":"https:\/\/www.ceramicbasin.com\/fr\/wp-json\/wp\/v2\/product_tag?post=6919"}],"curies":[{"name":"wp","href":"https:\/\/api.w.org\/{rel}","templated":true}]}}