{"id":6928,"date":"2025-06-07T03:34:07","date_gmt":"2025-06-07T03:34:07","guid":{"rendered":"https:\/\/www.ceramicbasin.com\/?post_type=product&#038;p=6928"},"modified":"2025-11-03T07:43:30","modified_gmt":"2025-11-03T07:43:30","slug":"wholesale-modern-bathroom-sink-bowl","status":"publish","type":"product","link":"https:\/\/www.ceramicbasin.com\/fr\/produit\/wholesale-modern-bathroom-sink-bowl\/","title":{"rendered":"Wholesale Modern Bathroom Sinkl Bowl with Oval Shape Design (en anglais seulement)"},"content":{"rendered":"<div class=\"wp-block-columns is-layout-flex wp-container-core-columns-is-layout-9d6595d7 wp-block-columns-is-layout-flex\">\n<div class=\"wp-block-column is-layout-flow wp-block-column-is-layout-flow\">\n<h2 class=\"wp-block-heading\">Premium Wholesale Modern Bathroom Sinkl Features (Caract\u00e9ristiques de l'\u00e9vier de salle de bains moderne en gros)<\/h2>\n\n\n\n<ul class=\"wp-block-list\">\n<li><strong>Vente directe \u00e0 l'usine :<\/strong>\u00a0Les lavabos en c\u00e9ramique de HanYu sont vendus en gros directement par l'usine, ce qui \u00e9limine la diff\u00e9rence de prix des interm\u00e9diaires. L'achat en gros de lavabos de salle de bain vous assure d'acheter des lavabos de salle de bain de haute qualit\u00e9 en gros au prix le plus bas.<\/li>\n\n\n\n<li><strong>Design moderne et minimaliste :<\/strong> L'\u00e9vier de salle de bain moderne en gros a une forme ovale classique avec des lignes douces, parfaitement adapt\u00e9es aux styles de d\u00e9coration des salles de bain modernes.<\/li>\n\n\n\n<li><strong>Mat\u00e9riau en porcelaine blanche d'excellente qualit\u00e9 : <\/strong>Les lavabos en c\u00e9ramique blanche sont fabriqu\u00e9s sur mesure avec de la c\u00e9ramique blanche cuite \u00e0 haute temp\u00e9rature, poss\u00e9dant une surface lisse et bien finie, facile \u00e0 nettoyer et durable.<\/li>\n\n\n\n<li><strong>Services de personnalisation multidimensionnelle :<\/strong> La cuvette d'\u00e9vier de salle de bain moderne en gros peut \u00eatre personnalis\u00e9e en termes de taille, de couleur, de logo, de position du drain, etc. pour r\u00e9pondre aux exigences de la marque et du projet.<\/li>\n<\/ul>\n<\/div>\n\n\n\n<div class=\"wp-block-column is-layout-flow wp-block-column-is-layout-flow\">\n<figure class=\"wp-block-image size-full\"><img fetchpriority=\"high\" decoding=\"async\" width=\"793\" height=\"793\" src=\"https:\/\/www.ceramicbasin.com\/wp-content\/uploads\/2025\/06\/Wholesale-White-Handmade-Sinks-Oval-Shape-Modern-Ceramic-Wash-Hand-Basin-8.webp\" alt=\"wholesale-modern-bathroom-bowl-in-oval-shape-white-ceramic-wash-basins-custom-8\" class=\"wp-image-6936\" srcset=\"https:\/\/www.ceramicbasin.com\/wp-content\/uploads\/2025\/06\/Wholesale-White-Handmade-Sinks-Oval-Shape-Modern-Ceramic-Wash-Hand-Basin-8.webp 793w, https:\/\/www.ceramicbasin.com\/wp-content\/uploads\/2025\/06\/Wholesale-White-Handmade-Sinks-Oval-Shape-Modern-Ceramic-Wash-Hand-Basin-8-300x300.webp 300w, https:\/\/www.ceramicbasin.com\/wp-content\/uploads\/2025\/06\/Wholesale-White-Handmade-Sinks-Oval-Shape-Modern-Ceramic-Wash-Hand-Basin-8-150x150.webp 150w, https:\/\/www.ceramicbasin.com\/wp-content\/uploads\/2025\/06\/Wholesale-White-Handmade-Sinks-Oval-Shape-Modern-Ceramic-Wash-Hand-Basin-8-768x768.webp 768w, https:\/\/www.ceramicbasin.com\/wp-content\/uploads\/2025\/06\/Wholesale-White-Handmade-Sinks-Oval-Shape-Modern-Ceramic-Wash-Hand-Basin-8-12x12.webp 12w, https:\/\/www.ceramicbasin.com\/wp-content\/uploads\/2025\/06\/Wholesale-White-Handmade-Sinks-Oval-Shape-Modern-Ceramic-Wash-Hand-Basin-8-285x285.webp 285w, https:\/\/www.ceramicbasin.com\/wp-content\/uploads\/2025\/06\/Wholesale-White-Handmade-Sinks-Oval-Shape-Modern-Ceramic-Wash-Hand-Basin-8-270x270.webp 270w, https:\/\/www.ceramicbasin.com\/wp-content\/uploads\/2025\/06\/Wholesale-White-Handmade-Sinks-Oval-Shape-Modern-Ceramic-Wash-Hand-Basin-8-540x540.webp 540w, https:\/\/www.ceramicbasin.com\/wp-content\/uploads\/2025\/06\/Wholesale-White-Handmade-Sinks-Oval-Shape-Modern-Ceramic-Wash-Hand-Basin-8-660x660.webp 660w\" sizes=\"(max-width: 793px) 100vw, 793px\" \/><\/figure>\n<\/div>\n<\/div>","protected":false},"excerpt":{"rendered":"<p>Bienvenue sur notre site de vente en gros d'\u00e9vier de salle de bain moderne. Fabriqu\u00e9 en c\u00e9ramique \u00e9maill\u00e9e de premi\u00e8re qualit\u00e9, l'\u00e9vier ovale pour salle de bains se caract\u00e9rise par une surface lisse, n\u00e9cessitant peu d'entretien, et par des performances durables. Nos vasques en c\u00e9ramique sont cuites \u00e0 haute temp\u00e9rature et fabriqu\u00e9es \u00e0 partir de mat\u00e9riaux c\u00e9ramiques de haute qualit\u00e9. Nous offrons des remises en gros sur ce design populaire pour r\u00e9pondre aux besoins des projets commerciaux ou des grandes r\u00e9novations r\u00e9sidentielles.<\/p>\n<table style=\"border-collapse: collapse; width: 358.52pt;\" border=\"0\" width=\"478\" cellspacing=\"0\" cellpadding=\"0\">\n<tbody>\n<tr style=\"height: 17.25pt;\">\n<td class=\"et3\" style=\"height: 17.25pt; width: 125.00pt;\" width=\"166\" height=\"23\">Fabricant<\/td>\n<td class=\"et3\" style=\"width: 234.15pt;\" width=\"312\">HanYu<\/td>\n<\/tr>\n<tr style=\"height: 17.25pt;\">\n<td class=\"et3\" style=\"height: 17.25pt;\" height=\"23\">Num\u00e9ro de mod\u00e8le.<\/td>\n<td class=\"et4\">HY-5006B<\/td>\n<\/tr>\n<tr style=\"height: 17.25pt;\">\n<td class=\"et3\" style=\"height: 17.25pt;\" height=\"23\">Type<\/td>\n<td class=\"et5\" style=\"width: 234.15pt;\" width=\"312\">Eviers \u00e0 poser<\/td>\n<\/tr>\n<tr style=\"height: 18.00pt;\">\n<td class=\"et3\" style=\"height: 18.00pt;\" height=\"24\">Forme<\/td>\n<td class=\"et3\">Forme ovale<\/td>\n<\/tr>\n<tr style=\"height: 34.50pt;\">\n<td class=\"et4\" style=\"height: 34.50pt;\" height=\"46\">Couleur<\/td>\n<td class=\"et5\" style=\"width: 234.15pt;\" width=\"312\">noir\/blanc\/bleu\/gris\/rose\/vert\/marron\/kaki<\/td>\n<\/tr>\n<tr style=\"height: 18.00pt;\">\n<td class=\"et3\" style=\"height: 18.00pt;\" height=\"24\">Dimension<\/td>\n<td class=\"et5\" style=\"width: 234.15pt;\" width=\"312\">59*40*16<\/td>\n<\/tr>\n<tr style=\"height: 17.25pt;\">\n<td class=\"et3\" style=\"height: 17.25pt;\" height=\"23\">N.W \/SET<\/td>\n<td class=\"et3\">8KGS\/PCS<\/td>\n<\/tr>\n<tr style=\"height: 17.25pt;\">\n<td class=\"et3\" style=\"height: 17.25pt;\" height=\"23\">MOQ<\/td>\n<td class=\"et3\">20pcs<\/td>\n<\/tr>\n<tr style=\"height: 17.25pt;\">\n<td class=\"et3\" style=\"height: 17.25pt;\" height=\"23\">Option personnalis\u00e9e<\/td>\n<td class=\"et3\">Couleur\/Pattenue\/Taille\/Logo\/Emballage<\/td>\n<\/tr>\n<\/tbody>\n<\/table>","protected":false},"featured_media":6929,"comment_status":"closed","ping_status":"closed","template":"","meta":{"_acf_changed":false},"product_brand":[],"product_cat":[51],"product_tag":[],"class_list":{"0":"post-6928","1":"product","2":"type-product","3":"status-publish","4":"has-post-thumbnail","6":"product_cat-wholesale-drop-in-sinks","8":"first","9":"instock","10":"shipping-taxable","11":"product-type-simple"},"acf":[],"_links":{"self":[{"href":"https:\/\/www.ceramicbasin.com\/fr\/wp-json\/wp\/v2\/product\/6928","targetHints":{"allow":["GET"]}}],"collection":[{"href":"https:\/\/www.ceramicbasin.com\/fr\/wp-json\/wp\/v2\/product"}],"about":[{"href":"https:\/\/www.ceramicbasin.com\/fr\/wp-json\/wp\/v2\/types\/product"}],"replies":[{"embeddable":true,"href":"https:\/\/www.ceramicbasin.com\/fr\/wp-json\/wp\/v2\/comments?post=6928"}],"wp:featuredmedia":[{"embeddable":true,"href":"https:\/\/www.ceramicbasin.com\/fr\/wp-json\/wp\/v2\/media\/6929"}],"wp:attachment":[{"href":"https:\/\/www.ceramicbasin.com\/fr\/wp-json\/wp\/v2\/media?parent=6928"}],"wp:term":[{"taxonomy":"product_brand","embeddable":true,"href":"https:\/\/www.ceramicbasin.com\/fr\/wp-json\/wp\/v2\/product_brand?post=6928"},{"taxonomy":"product_cat","embeddable":true,"href":"https:\/\/www.ceramicbasin.com\/fr\/wp-json\/wp\/v2\/product_cat?post=6928"},{"taxonomy":"product_tag","embeddable":true,"href":"https:\/\/www.ceramicbasin.com\/fr\/wp-json\/wp\/v2\/product_tag?post=6928"}],"curies":[{"name":"wp","href":"https:\/\/api.w.org\/{rel}","templated":true}]}}