{"id":6937,"date":"2025-06-07T03:01:22","date_gmt":"2025-06-07T03:01:22","guid":{"rendered":"https:\/\/www.ceramicbasin.com\/?post_type=product&#038;p=6937"},"modified":"2025-06-11T01:15:37","modified_gmt":"2025-06-11T01:15:37","slug":"oval-drop-in-sink-wholesale","status":"publish","type":"product","link":"https:\/\/www.ceramicbasin.com\/fr\/produit\/oval-drop-in-sink-wholesale\/","title":{"rendered":"Evier \u00e0 poser ovale Wholesale, Custom Wash Basin for Household (Lavabo \u00e0 poser ovale pour la maison)"},"content":{"rendered":"<div class=\"wp-block-columns is-layout-flex wp-container-core-columns-is-layout-9d6595d7 wp-block-columns-is-layout-flex\">\n<div class=\"wp-block-column is-layout-flow wp-block-column-is-layout-flow\">\n<h2 class=\"wp-block-heading\">Premium Oval Drop In Sink Wholesale Features<\/h2>\n\n\n\n<ul class=\"wp-block-list\">\n<li><strong>Largement adaptable :\u00a0<\/strong>Le lavabo ovale est disponible en diff\u00e9rentes couleurs et tailles, et peut \u00eatre modifi\u00e9 en fonction des exigences de d\u00e9coration de la salle de bain. Qu'il s'agisse d'une salle de bains moderne et minimaliste ou d'une salle de bains artistique, ce lavabo peut \u00eatre facilement incorpor\u00e9.<\/li>\n\n\n\n<li><strong>Mat\u00e9riaux c\u00e9ramiques de bonne qualit\u00e9 :<\/strong> Des mati\u00e8res premi\u00e8res c\u00e9ramiques de bonne qualit\u00e9, soigneusement s\u00e9lectionn\u00e9es et fritt\u00e9es \u00e0 haute temp\u00e9rature, garantissent que notre bassin c\u00e9ramique en gros est solide dans sa structure, lisse et fin dans sa surface, hygi\u00e9nique et facile \u00e0 nettoyer, et qu'il est neuf et durable.<\/li>\n\n\n\n<li><strong>Le style de la mode : <\/strong>Ce lavabo ovale \u00e0 poser en gros est \u00e9l\u00e9gant et assume un nouveau style de mode, combinant l'esth\u00e9tique \u00e0 la mode avec des objectifs fonctionnels et montrant un effet visuel unique pour la salle de bains.<\/li>\n\n\n\n<li><strong>Prix abordable :<\/strong> HanYu propose un prix d'achat en gros tr\u00e8s bas, ce qui signifie que vous pouvez acc\u00e9der \u00e0 des bassins en c\u00e9ramique de qualit\u00e9 \u00e0 un prix abordable.<\/li>\n<\/ul>\n<\/div>\n\n\n\n<div class=\"wp-block-column is-layout-flow wp-block-column-is-layout-flow\">\n<figure class=\"wp-block-image size-full\"><img fetchpriority=\"high\" decoding=\"async\" width=\"838\" height=\"838\" src=\"https:\/\/www.ceramicbasin.com\/wp-content\/uploads\/2025\/06\/Sink-Manufacturers-Household-and-Public-Use-Oval-Shape-Ceramic-Drop-In-Sink-5.webp\" alt=\"oval-drop-in-sink-wholesale-custom-wash-basins-for-house-and-public-use-5\" class=\"wp-image-6942\" srcset=\"https:\/\/www.ceramicbasin.com\/wp-content\/uploads\/2025\/06\/Sink-Manufacturers-Household-and-Public-Use-Oval-Shape-Ceramic-Drop-In-Sink-5.webp 838w, https:\/\/www.ceramicbasin.com\/wp-content\/uploads\/2025\/06\/Sink-Manufacturers-Household-and-Public-Use-Oval-Shape-Ceramic-Drop-In-Sink-5-300x300.webp 300w, https:\/\/www.ceramicbasin.com\/wp-content\/uploads\/2025\/06\/Sink-Manufacturers-Household-and-Public-Use-Oval-Shape-Ceramic-Drop-In-Sink-5-150x150.webp 150w, https:\/\/www.ceramicbasin.com\/wp-content\/uploads\/2025\/06\/Sink-Manufacturers-Household-and-Public-Use-Oval-Shape-Ceramic-Drop-In-Sink-5-768x768.webp 768w, https:\/\/www.ceramicbasin.com\/wp-content\/uploads\/2025\/06\/Sink-Manufacturers-Household-and-Public-Use-Oval-Shape-Ceramic-Drop-In-Sink-5-12x12.webp 12w, https:\/\/www.ceramicbasin.com\/wp-content\/uploads\/2025\/06\/Sink-Manufacturers-Household-and-Public-Use-Oval-Shape-Ceramic-Drop-In-Sink-5-285x285.webp 285w, https:\/\/www.ceramicbasin.com\/wp-content\/uploads\/2025\/06\/Sink-Manufacturers-Household-and-Public-Use-Oval-Shape-Ceramic-Drop-In-Sink-5-270x270.webp 270w, https:\/\/www.ceramicbasin.com\/wp-content\/uploads\/2025\/06\/Sink-Manufacturers-Household-and-Public-Use-Oval-Shape-Ceramic-Drop-In-Sink-5-540x540.webp 540w, https:\/\/www.ceramicbasin.com\/wp-content\/uploads\/2025\/06\/Sink-Manufacturers-Household-and-Public-Use-Oval-Shape-Ceramic-Drop-In-Sink-5-660x660.webp 660w\" sizes=\"(max-width: 838px) 100vw, 838px\" \/><\/figure>\n<\/div>\n<\/div>","protected":false},"excerpt":{"rendered":"<p>Nous vous invitons \u00e0 acheter en gros notre \u00e9vier ovale \u00e0 poser. Le lavabo en c\u00e9ramique personnalis\u00e9 se caract\u00e9rise par son design \u00e9l\u00e9gant et ses mat\u00e9riaux en c\u00e9ramique de haute qualit\u00e9, c'est donc une meilleure option pour la d\u00e9coration de la salle de bain. Le design de l'apparence a\u00e9rodynamique et le traitement des bords arrondis d\u00e9montrent une beaut\u00e9 artistique in\u00e9gal\u00e9e. Des quantit\u00e9s plus importantes peuvent b\u00e9n\u00e9ficier d'un meilleur rapport qualit\u00e9-prix.<\/p>\n<table style=\"border-collapse: collapse; width: 358.52pt;\" border=\"0\" width=\"478\" cellspacing=\"0\" cellpadding=\"0\">\n<tbody>\n<tr style=\"height: 17.25pt;\">\n<td class=\"et3\" style=\"height: 17.25pt; width: 125.00pt;\" width=\"166\" height=\"23\">Fabricant<\/td>\n<td class=\"et3\" style=\"width: 234.15pt;\" width=\"312\">HanYu<\/td>\n<\/tr>\n<tr style=\"height: 17.25pt;\">\n<td class=\"et3\" style=\"height: 17.25pt;\" height=\"23\">Num\u00e9ro de mod\u00e8le.<\/td>\n<td class=\"et4\">HY-5038A<\/td>\n<\/tr>\n<tr style=\"height: 17.25pt;\">\n<td class=\"et3\" style=\"height: 17.25pt;\" height=\"23\">Type<\/td>\n<td class=\"et5\" style=\"width: 234.15pt;\" width=\"312\">Eviers \u00e0 poser<\/td>\n<\/tr>\n<tr style=\"height: 18.00pt;\">\n<td class=\"et3\" style=\"height: 18.00pt;\" height=\"24\">Forme<\/td>\n<td class=\"et3\">Forme ovale<\/td>\n<\/tr>\n<tr style=\"height: 34.50pt;\">\n<td class=\"et4\" style=\"height: 34.50pt;\" height=\"46\">Couleur<\/td>\n<td class=\"et5\" style=\"width: 234.15pt;\" width=\"312\">noir\/blanc\/bleu\/gris\/rose\/vert\/marron\/kaki<\/td>\n<\/tr>\n<tr style=\"height: 18.00pt;\">\n<td class=\"et3\" style=\"height: 18.00pt;\" height=\"24\">Dimension<\/td>\n<td class=\"et5\" style=\"width: 234.15pt;\" width=\"312\">60*42*16.5<\/td>\n<\/tr>\n<tr style=\"height: 17.25pt;\">\n<td class=\"et3\" style=\"height: 17.25pt;\" height=\"23\">N.W \/SET<\/td>\n<td class=\"et3\">12KGS\/PCS<\/td>\n<\/tr>\n<tr style=\"height: 17.25pt;\">\n<td class=\"et3\" style=\"height: 17.25pt;\" height=\"23\">MOQ<\/td>\n<td class=\"et3\">20pcs<\/td>\n<\/tr>\n<tr style=\"height: 17.25pt;\">\n<td class=\"et3\" style=\"height: 17.25pt;\" height=\"23\">Option personnalis\u00e9e<\/td>\n<td class=\"et3\">Couleur\/Pattenue\/Taille\/Logo\/Emballage<\/td>\n<\/tr>\n<\/tbody>\n<\/table>","protected":false},"featured_media":6941,"comment_status":"closed","ping_status":"closed","template":"","meta":{"_acf_changed":false},"product_brand":[],"product_cat":[51],"product_tag":[],"class_list":{"0":"post-6937","1":"product","2":"type-product","3":"status-publish","4":"has-post-thumbnail","6":"product_cat-wholesale-drop-in-sinks","8":"first","9":"instock","10":"shipping-taxable","11":"product-type-simple"},"acf":[],"_links":{"self":[{"href":"https:\/\/www.ceramicbasin.com\/fr\/wp-json\/wp\/v2\/product\/6937","targetHints":{"allow":["GET"]}}],"collection":[{"href":"https:\/\/www.ceramicbasin.com\/fr\/wp-json\/wp\/v2\/product"}],"about":[{"href":"https:\/\/www.ceramicbasin.com\/fr\/wp-json\/wp\/v2\/types\/product"}],"replies":[{"embeddable":true,"href":"https:\/\/www.ceramicbasin.com\/fr\/wp-json\/wp\/v2\/comments?post=6937"}],"wp:featuredmedia":[{"embeddable":true,"href":"https:\/\/www.ceramicbasin.com\/fr\/wp-json\/wp\/v2\/media\/6941"}],"wp:attachment":[{"href":"https:\/\/www.ceramicbasin.com\/fr\/wp-json\/wp\/v2\/media?parent=6937"}],"wp:term":[{"taxonomy":"product_brand","embeddable":true,"href":"https:\/\/www.ceramicbasin.com\/fr\/wp-json\/wp\/v2\/product_brand?post=6937"},{"taxonomy":"product_cat","embeddable":true,"href":"https:\/\/www.ceramicbasin.com\/fr\/wp-json\/wp\/v2\/product_cat?post=6937"},{"taxonomy":"product_tag","embeddable":true,"href":"https:\/\/www.ceramicbasin.com\/fr\/wp-json\/wp\/v2\/product_tag?post=6937"}],"curies":[{"name":"wp","href":"https:\/\/api.w.org\/{rel}","templated":true}]}}