{"id":6943,"date":"2025-06-07T02:36:01","date_gmt":"2025-06-07T02:36:01","guid":{"rendered":"https:\/\/www.ceramicbasin.com\/?post_type=product&#038;p=6943"},"modified":"2025-06-07T02:36:04","modified_gmt":"2025-06-07T02:36:04","slug":"drop-in-vanity-basin-wholesale","status":"publish","type":"product","link":"https:\/\/www.ceramicbasin.com\/fr\/produit\/drop-in-vanity-basin-wholesale\/","title":{"rendered":"Cuvette de lavabo \u00e0 poser Wholesale, Cuvette en c\u00e9ramique blanche Rectangle Custom"},"content":{"rendered":"<div class=\"wp-block-columns is-layout-flex wp-container-core-columns-is-layout-9d6595d7 wp-block-columns-is-layout-flex\">\n<div class=\"wp-block-column is-layout-flow wp-block-column-is-layout-flow\">\n<h2 class=\"wp-block-heading\">Premium Drop In Vanity Basin Wholesale Features :<\/h2>\n\n\n\n<ul class=\"wp-block-list\">\n<li><strong>Fourniture directe par l'usine :\u00a0<\/strong>En tant que fabricant d'\u00e9viers de salle de bains, nous vendons en gros des lavabos de comptoir avec des ann\u00e9es d'exp\u00e9rience, et nous pouvons garantir que le prix des lavabos de gros que nous offrons est le plus comp\u00e9titif du march\u00e9. Quelle que soit la taille de la commande, nous pouvons garantir une livraison dans les d\u00e9lais.<\/li>\n\n\n\n<li><strong>Facile \u00e0 entretenir :\u00a0<\/strong>La surface de la vasque est lisse et douce, r\u00e9sistante \u00e0 la moisissure et aux taches, facile \u00e0 nettoyer et \u00e0 entretenir comme si elle \u00e9tait neuve, sans effort quotidien ni temps consacr\u00e9 au nettoyage et \u00e0 l'entretien.<\/li>\n\n\n\n<li><strong>Compatible avec une grande vari\u00e9t\u00e9 de robinets et d'accessoires d'\u00e9vacuation :<\/strong> La conception de l'interface standard de la vasque \u00e0 encastrer, hautement compatible, est facile \u00e0 installer et \u00e0 remplacer. La structure scientifique de l'arc interne r\u00e9duit efficacement les \u00e9claboussures d'eau et am\u00e9liore l'exp\u00e9rience de l'utilisateur.<\/li>\n\n\n\n<li><strong>Capacit\u00e9 de livraison rapide :\u00a0<\/strong>Gr\u00e2ce \u00e0 un syst\u00e8me d'inventaire et de logistique rigoureux, nous garantissons une r\u00e9ponse rapide aux commandes d'\u00e9viers de salle de bain en vrac, une livraison dans les d\u00e9lais et un d\u00e9roulement sans heurts de votre projet.<\/li>\n<\/ul>\n<\/div>\n\n\n\n<div class=\"wp-block-column is-layout-flow wp-block-column-is-layout-flow\">\n<figure class=\"wp-block-image size-full\"><img fetchpriority=\"high\" decoding=\"async\" width=\"803\" height=\"803\" src=\"https:\/\/www.ceramicbasin.com\/wp-content\/uploads\/2025\/06\/China-Manufacturer-White-Square-Lavabo-Ceramic-Vessel-Sink-Insert-In-Counter-Hand-Wash-Basin-8.webp\" alt=\"lavabo \u00e0 encastrer-wholesale-white-ceramic-vessel-sink-rectangle-custom-8\" class=\"wp-image-6951\" srcset=\"https:\/\/www.ceramicbasin.com\/wp-content\/uploads\/2025\/06\/China-Manufacturer-White-Square-Lavabo-Ceramic-Vessel-Sink-Insert-In-Counter-Hand-Wash-Basin-8.webp 803w, https:\/\/www.ceramicbasin.com\/wp-content\/uploads\/2025\/06\/China-Manufacturer-White-Square-Lavabo-Ceramic-Vessel-Sink-Insert-In-Counter-Hand-Wash-Basin-8-300x300.webp 300w, https:\/\/www.ceramicbasin.com\/wp-content\/uploads\/2025\/06\/China-Manufacturer-White-Square-Lavabo-Ceramic-Vessel-Sink-Insert-In-Counter-Hand-Wash-Basin-8-150x150.webp 150w, https:\/\/www.ceramicbasin.com\/wp-content\/uploads\/2025\/06\/China-Manufacturer-White-Square-Lavabo-Ceramic-Vessel-Sink-Insert-In-Counter-Hand-Wash-Basin-8-768x768.webp 768w, https:\/\/www.ceramicbasin.com\/wp-content\/uploads\/2025\/06\/China-Manufacturer-White-Square-Lavabo-Ceramic-Vessel-Sink-Insert-In-Counter-Hand-Wash-Basin-8-12x12.webp 12w, https:\/\/www.ceramicbasin.com\/wp-content\/uploads\/2025\/06\/China-Manufacturer-White-Square-Lavabo-Ceramic-Vessel-Sink-Insert-In-Counter-Hand-Wash-Basin-8-285x285.webp 285w, https:\/\/www.ceramicbasin.com\/wp-content\/uploads\/2025\/06\/China-Manufacturer-White-Square-Lavabo-Ceramic-Vessel-Sink-Insert-In-Counter-Hand-Wash-Basin-8-270x270.webp 270w, https:\/\/www.ceramicbasin.com\/wp-content\/uploads\/2025\/06\/China-Manufacturer-White-Square-Lavabo-Ceramic-Vessel-Sink-Insert-In-Counter-Hand-Wash-Basin-8-540x540.webp 540w, https:\/\/www.ceramicbasin.com\/wp-content\/uploads\/2025\/06\/China-Manufacturer-White-Square-Lavabo-Ceramic-Vessel-Sink-Insert-In-Counter-Hand-Wash-Basin-8-660x660.webp 660w\" sizes=\"(max-width: 803px) 100vw, 803px\" \/><\/figure>\n<\/div>\n<\/div>","protected":false},"excerpt":{"rendered":"<p>Bienvenue sur notre site de vente en gros de vasques \u00e0 poser. Cette vasque \u00e0 poser en c\u00e9ramique cuite \u00e0 haute temp\u00e9rature est l'incarnation de la durabilit\u00e9, de la r\u00e9sistance aux taches et du nettoyage sans effort. Ce design contemporain de forme rectangulaire \u00e9l\u00e9gante est un ajout stylistique \u00e0 toute salle de bain. Id\u00e9al pour les grossistes et les projets, ce lavabo peut \u00eatre command\u00e9 sur mesure pour r\u00e9pondre \u00e0 vos besoins sp\u00e9cifiques.<\/p>\n<table style=\"border-collapse: collapse; width: 358.52pt;\" border=\"0\" width=\"478\" cellspacing=\"0\" cellpadding=\"0\">\n<tbody>\n<tr style=\"height: 17.25pt;\">\n<td class=\"et3\" style=\"height: 17.25pt; width: 125.00pt;\" width=\"166\" height=\"23\">Fabricant<\/td>\n<td class=\"et3\" style=\"width: 234.15pt;\" width=\"312\">HanYu<\/td>\n<\/tr>\n<tr style=\"height: 17.25pt;\">\n<td class=\"et3\" style=\"height: 17.25pt;\" height=\"23\">Num\u00e9ro de mod\u00e8le.<\/td>\n<td class=\"et4\">HY-5050<\/td>\n<\/tr>\n<tr style=\"height: 17.25pt;\">\n<td class=\"et3\" style=\"height: 17.25pt;\" height=\"23\">Type<\/td>\n<td class=\"et5\" style=\"width: 234.15pt;\" width=\"312\">Eviers \u00e0 poser<\/td>\n<\/tr>\n<tr style=\"height: 18.00pt;\">\n<td class=\"et3\" style=\"height: 18.00pt;\" height=\"24\">Forme<\/td>\n<td class=\"et3\">\u00a0Forme carr\u00e9e<\/td>\n<\/tr>\n<tr style=\"height: 34.50pt;\">\n<td class=\"et4\" style=\"height: 34.50pt;\" height=\"46\">Couleur<\/td>\n<td class=\"et5\" style=\"width: 234.15pt;\" width=\"312\">noir\/blanc\/bleu\/gris\/rose\/vert\/marron\/kaki<\/td>\n<\/tr>\n<tr style=\"height: 18.00pt;\">\n<td class=\"et3\" style=\"height: 18.00pt;\" height=\"24\">Dimension<\/td>\n<td class=\"et5\" style=\"width: 234.15pt;\" width=\"312\">44*44*15<\/td>\n<\/tr>\n<tr style=\"height: 17.25pt;\">\n<td class=\"et3\" style=\"height: 17.25pt;\" height=\"23\">N.W \/SET<\/td>\n<td class=\"et3\">11.5KGS\/PCS<\/td>\n<\/tr>\n<tr style=\"height: 17.25pt;\">\n<td class=\"et3\" style=\"height: 17.25pt;\" height=\"23\">MOQ<\/td>\n<td class=\"et3\">20pcs<\/td>\n<\/tr>\n<tr style=\"height: 17.25pt;\">\n<td class=\"et3\" style=\"height: 17.25pt;\" height=\"23\">Option personnalis\u00e9e<\/td>\n<td class=\"et3\">Couleur\/Pattenue\/Taille\/Logo\/Emballage<\/td>\n<\/tr>\n<\/tbody>\n<\/table>","protected":false},"featured_media":6944,"comment_status":"closed","ping_status":"closed","template":"","meta":{"_acf_changed":false},"product_brand":[],"product_cat":[51],"product_tag":[],"class_list":{"0":"post-6943","1":"product","2":"type-product","3":"status-publish","4":"has-post-thumbnail","6":"product_cat-wholesale-drop-in-sinks","8":"first","9":"instock","10":"shipping-taxable","11":"product-type-simple"},"acf":[],"_links":{"self":[{"href":"https:\/\/www.ceramicbasin.com\/fr\/wp-json\/wp\/v2\/product\/6943","targetHints":{"allow":["GET"]}}],"collection":[{"href":"https:\/\/www.ceramicbasin.com\/fr\/wp-json\/wp\/v2\/product"}],"about":[{"href":"https:\/\/www.ceramicbasin.com\/fr\/wp-json\/wp\/v2\/types\/product"}],"replies":[{"embeddable":true,"href":"https:\/\/www.ceramicbasin.com\/fr\/wp-json\/wp\/v2\/comments?post=6943"}],"wp:featuredmedia":[{"embeddable":true,"href":"https:\/\/www.ceramicbasin.com\/fr\/wp-json\/wp\/v2\/media\/6944"}],"wp:attachment":[{"href":"https:\/\/www.ceramicbasin.com\/fr\/wp-json\/wp\/v2\/media?parent=6943"}],"wp:term":[{"taxonomy":"product_brand","embeddable":true,"href":"https:\/\/www.ceramicbasin.com\/fr\/wp-json\/wp\/v2\/product_brand?post=6943"},{"taxonomy":"product_cat","embeddable":true,"href":"https:\/\/www.ceramicbasin.com\/fr\/wp-json\/wp\/v2\/product_cat?post=6943"},{"taxonomy":"product_tag","embeddable":true,"href":"https:\/\/www.ceramicbasin.com\/fr\/wp-json\/wp\/v2\/product_tag?post=6943"}],"curies":[{"name":"wp","href":"https:\/\/api.w.org\/{rel}","templated":true}]}}