{"id":7002,"date":"2025-06-12T09:57:08","date_gmt":"2025-06-12T09:57:08","guid":{"rendered":"https:\/\/www.ceramicbasin.com\/?post_type=product&#038;p=7002"},"modified":"2025-09-26T07:01:25","modified_gmt":"2025-09-26T07:01:25","slug":"wholesale-color-sink","status":"publish","type":"product","link":"https:\/\/www.ceramicbasin.com\/fr\/produit\/wholesale-color-sink\/","title":{"rendered":"Evier en c\u00e9ramique aspect marbre avec finition mate"},"content":{"rendered":"<div class=\"wp-block-columns is-layout-flex wp-container-core-columns-is-layout-9d6595d7 wp-block-columns-is-layout-flex\">\n<div class=\"wp-block-column is-layout-flow wp-block-column-is-layout-flow\">\n<h2 class=\"wp-block-heading\">Premium Wholesale Color Sink Caract\u00e9ristiques :<\/h2>\n\n\n\n<ul class=\"wp-block-list\">\n<li><strong>Cr\u00e9ation de mode :<\/strong> Nos lavabos en porcelaine pour salles de bains en gros pr\u00e9sentent un aspect moderne et \u00e9l\u00e9gant avec des bords arrondis, convenant \u00e0 une vari\u00e9t\u00e9 d'agencements de salles de bains et ajoutant \u00e0 l'aspect g\u00e9n\u00e9ral et \u00e0 la gradation de l'espace.<\/li>\n\n\n\n<li><strong>Installation facile : <\/strong>Ces \u00e9viers de salle de bains en gros sont con\u00e7us pour \u00eatre install\u00e9s au-dessus du comptoir, ce qui constitue une option pratique pour les nouvelles constructions ou les r\u00e9novations de salles de bains.<\/li>\n\n\n\n<li><strong>Color\u00e9e : <\/strong>La couleur de cet \u00e9vier color\u00e9 en gros est r\u00e9alis\u00e9e par impression par transfert d'eau sur des bassins en c\u00e9ramique normaux. Ils sont beaux et \u00e9l\u00e9gants. Nous avons plus de 100 choix de couleurs. Il peut \u00eatre fabriqu\u00e9 sur tous les mod\u00e8les que nous avons.<\/li>\n\n\n\n<li><strong>Grande capacit\u00e9 de production : <\/strong>Notre grand entrep\u00f4t contient divers types de lavabos de salle de bain en porcelaine. Choisissez les articles qui sont en production, nous avons suffisamment de lavabos blancs pour fabriquer des lavabos de couleur marbre, ainsi le d\u00e9lai d'exp\u00e9dition sera beaucoup plus court.<\/li>\n<\/ul>\n<\/div>\n\n\n\n<div class=\"wp-block-column is-layout-flow wp-block-column-is-layout-flow\">\n<figure class=\"wp-block-image size-full\"><img fetchpriority=\"high\" decoding=\"async\" width=\"447\" height=\"614\" src=\"https:\/\/www.ceramicbasin.com\/wp-content\/uploads\/2025\/06\/countertop-art-sink-Fashion-colorful-design-5.webp\" alt=\"Evier en c\u00e9ramique aspect marbre avec finition mate-5\" class=\"wp-image-6981\" srcset=\"https:\/\/www.ceramicbasin.com\/wp-content\/uploads\/2025\/06\/countertop-art-sink-Fashion-colorful-design-5.webp 447w, https:\/\/www.ceramicbasin.com\/wp-content\/uploads\/2025\/06\/countertop-art-sink-Fashion-colorful-design-5-218x300.webp 218w, https:\/\/www.ceramicbasin.com\/wp-content\/uploads\/2025\/06\/countertop-art-sink-Fashion-colorful-design-5-9x12.webp 9w, https:\/\/www.ceramicbasin.com\/wp-content\/uploads\/2025\/06\/countertop-art-sink-Fashion-colorful-design-5-285x391.webp 285w, https:\/\/www.ceramicbasin.com\/wp-content\/uploads\/2025\/06\/countertop-art-sink-Fashion-colorful-design-5-109x150.webp 109w\" sizes=\"(max-width: 447px) 100vw, 447px\" \/><\/figure>\n<\/div>\n<\/div>","protected":false},"excerpt":{"rendered":"<p>Bienvenue pour l'achat en gros de lavabos de couleur. Ces lavabos de salle de bain en gros sont directement fournis par notre usine, ce qui r\u00e9duit consid\u00e9rablement vos co\u00fbts d'achat. La conception de l'apparence profil\u00e9e et le traitement du bord arrondi montrent une beaut\u00e9 artistique extraordinaire.<\/p>\n<table style=\"border-collapse: collapse; width: 311.02pt;\" border=\"0\" width=\"311\" cellspacing=\"0\" cellpadding=\"0\">\n<tbody>\n<tr style=\"height: 17.60pt;\">\n<td class=\"et3\" style=\"height: 17.60pt; width: 108.35pt;\" width=\"108\" height=\"17\">Fabricant<\/td>\n<td class=\"et3\" style=\"width: 202.95pt;\" width=\"202\">HanYu<\/td>\n<\/tr>\n<tr style=\"height: 17.60pt;\">\n<td class=\"et3\" style=\"height: 17.60pt;\" height=\"17\">Num\u00e9ro de mod\u00e8le.<\/td>\n<td class=\"et4\">HY8064-45D101<\/td>\n<\/tr>\n<tr style=\"height: 17.60pt;\">\n<td class=\"et3\" style=\"height: 17.60pt;\" height=\"17\">Type<\/td>\n<td class=\"et3\">Bassin de comptoir<\/td>\n<\/tr>\n<tr style=\"height: 17.60pt;\">\n<td class=\"et3\" style=\"height: 17.60pt;\" height=\"17\">Forme<\/td>\n<td class=\"et2\">Forme rectangulaire<\/td>\n<\/tr>\n<tr style=\"height: 17.60pt;\">\n<td class=\"et4\" style=\"height: 17.60pt;\" height=\"17\">Couleur<\/td>\n<td class=\"et3\">\u00a0Couleur marbre<\/td>\n<\/tr>\n<tr style=\"height: 18.00pt;\">\n<td class=\"et3\" style=\"height: 18.00pt;\" height=\"18\">Dimension<\/td>\n<td class=\"et5\" style=\"width: 202.95pt;\" width=\"202\">55*38*11<\/td>\n<\/tr>\n<tr style=\"height: 17.60pt;\">\n<td class=\"et3\" style=\"height: 17.60pt;\" height=\"17\">N.W \/SET<\/td>\n<td class=\"et3\">8.7KGS\/PCS<\/td>\n<\/tr>\n<tr style=\"height: 17.60pt;\">\n<td class=\"et3\" style=\"height: 17.60pt;\" height=\"17\">MOQ<\/td>\n<td class=\"et3\">12 pi\u00e8ces<\/td>\n<\/tr>\n<tr style=\"height: 17.60pt;\">\n<td class=\"et3\" style=\"height: 17.60pt;\" height=\"17\">Option personnalis\u00e9e<\/td>\n<td class=\"et3\">Couleur\/Pattenue\/Taille\/Logo\/Emballage<\/td>\n<\/tr>\n<\/tbody>\n<\/table>","protected":false},"featured_media":6977,"comment_status":"closed","ping_status":"closed","template":"","meta":{"_acf_changed":false},"product_brand":[],"product_cat":[50,54],"product_tag":[],"class_list":{"0":"post-7002","1":"product","2":"type-product","3":"status-publish","4":"has-post-thumbnail","6":"product_cat-wholesale-countertop-sinks","7":"product_cat-wholesale-marble-sinks","9":"first","10":"instock","11":"shipping-taxable","12":"product-type-simple"},"acf":[],"_links":{"self":[{"href":"https:\/\/www.ceramicbasin.com\/fr\/wp-json\/wp\/v2\/product\/7002","targetHints":{"allow":["GET"]}}],"collection":[{"href":"https:\/\/www.ceramicbasin.com\/fr\/wp-json\/wp\/v2\/product"}],"about":[{"href":"https:\/\/www.ceramicbasin.com\/fr\/wp-json\/wp\/v2\/types\/product"}],"replies":[{"embeddable":true,"href":"https:\/\/www.ceramicbasin.com\/fr\/wp-json\/wp\/v2\/comments?post=7002"}],"wp:featuredmedia":[{"embeddable":true,"href":"https:\/\/www.ceramicbasin.com\/fr\/wp-json\/wp\/v2\/media\/6977"}],"wp:attachment":[{"href":"https:\/\/www.ceramicbasin.com\/fr\/wp-json\/wp\/v2\/media?parent=7002"}],"wp:term":[{"taxonomy":"product_brand","embeddable":true,"href":"https:\/\/www.ceramicbasin.com\/fr\/wp-json\/wp\/v2\/product_brand?post=7002"},{"taxonomy":"product_cat","embeddable":true,"href":"https:\/\/www.ceramicbasin.com\/fr\/wp-json\/wp\/v2\/product_cat?post=7002"},{"taxonomy":"product_tag","embeddable":true,"href":"https:\/\/www.ceramicbasin.com\/fr\/wp-json\/wp\/v2\/product_tag?post=7002"}],"curies":[{"name":"wp","href":"https:\/\/api.w.org\/{rel}","templated":true}]}}