{"id":7004,"date":"2025-06-13T02:01:40","date_gmt":"2025-06-13T02:01:40","guid":{"rendered":"https:\/\/www.ceramicbasin.com\/?post_type=product&#038;p=7004"},"modified":"2025-09-26T06:59:09","modified_gmt":"2025-09-26T06:59:09","slug":"top-mount-bathroom-basin-wholesale","status":"publish","type":"product","link":"https:\/\/www.ceramicbasin.com\/fr\/produit\/top-mount-bathroom-basin-wholesale\/","title":{"rendered":"Hot Top Mounting Bathroom Basin Wholesale With Elegant Pattern"},"content":{"rendered":"<div class=\"wp-block-columns is-layout-flex wp-container-core-columns-is-layout-9d6595d7 wp-block-columns-is-layout-flex\">\n<div class=\"wp-block-column is-layout-flow wp-block-column-is-layout-flow\">\n<h2 class=\"wp-block-heading\">Premium Top Mountroom Basin Wholesale Caract\u00e9ristiques :<\/h2>\n\n\n\n<ul class=\"wp-block-list\">\n<li><strong>Porcelaine haute temp\u00e9rature, durable et facile \u00e0 nettoyer :<\/strong> Cette vasque de salle de bains \u00e0 poser est fabriqu\u00e9e en c\u00e9ramique cuite \u00e0 haute temp\u00e9rature, avec une surface dense et lisse, qui emp\u00eache efficacement les taches d'\u00eatre absorb\u00e9es, est facile \u00e0 nettoyer et \u00e0 entretenir, et peut rester blanche comme neuve m\u00eame apr\u00e8s une utilisation \u00e0 long terme. Il convient \u00e0 une utilisation fr\u00e9quente dans les salles de bains domestiques et publiques.<\/li>\n\n\n\n<li><strong>L'\u00e9l\u00e9gante texture du marbre rehausse le style de l'espace : <\/strong>La surface de ces lavabos en marbre est naturelle et lisse, et chaque texture est l\u00e9g\u00e8rement diff\u00e9rente, pr\u00e9sentant un sens unique de l'art, rendant l'espace de la salle de bains plus textur\u00e9 et stratifi\u00e9, et r\u00e9pondant \u00e0 l'esth\u00e9tique moderne.<\/li>\n\n\n\n<li><strong>M\u00e9thode d'installation par le haut, adaptation pratique : <\/strong>Notre vasque de salle de bains \u00e0 montage par le haut simplifie le processus de construction, s'adapte \u00e0 une vari\u00e9t\u00e9 de mat\u00e9riaux de comptoir, ne n\u00e9cessite pas de pr\u00e9-encastrement complexe, est pratique pour une installation rapide, et est \u00e9galement pratique pour un remplacement et un entretien ult\u00e9rieurs, ce qui permet d'\u00e9conomiser des co\u00fbts de construction.<\/li>\n\n\n\n<li><strong>Prendre en charge la personnalisation de l'ing\u00e9nierie sur mesure pour les grossistes : <\/strong>Nos lavabos en gros sont de taille constante et leur production par lots est stable, ce qui convient \u00e0 l'approvisionnement centralis\u00e9 dans le cadre de projets d'ing\u00e9nierie. Par ailleurs, nous proposons \u00e9galement des services de personnalisation OEM\/ODM pour r\u00e9pondre aux besoins personnalis\u00e9s des diff\u00e9rents clients, tels que les h\u00f4tels, les unit\u00e9s, les espaces commerciaux, etc.<\/li>\n<\/ul>\n<\/div>\n\n\n\n<div class=\"wp-block-column is-layout-flow wp-block-column-is-layout-flow\">\n<figure class=\"wp-block-image size-full\"><img fetchpriority=\"high\" decoding=\"async\" width=\"913\" height=\"1214\" src=\"https:\/\/www.ceramicbasin.com\/wp-content\/uploads\/2025\/06\/Good-looking-and-colorful-wash-basin-5.webp\" alt=\"Hot Top Mountroom Basin Wholesale With Elegant Pattern-1\" class=\"wp-image-6990\" srcset=\"https:\/\/www.ceramicbasin.com\/wp-content\/uploads\/2025\/06\/Good-looking-and-colorful-wash-basin-5.webp 913w, https:\/\/www.ceramicbasin.com\/wp-content\/uploads\/2025\/06\/Good-looking-and-colorful-wash-basin-5-226x300.webp 226w, https:\/\/www.ceramicbasin.com\/wp-content\/uploads\/2025\/06\/Good-looking-and-colorful-wash-basin-5-768x1021.webp 768w, https:\/\/www.ceramicbasin.com\/wp-content\/uploads\/2025\/06\/Good-looking-and-colorful-wash-basin-5-9x12.webp 9w, https:\/\/www.ceramicbasin.com\/wp-content\/uploads\/2025\/06\/Good-looking-and-colorful-wash-basin-5-285x379.webp 285w, https:\/\/www.ceramicbasin.com\/wp-content\/uploads\/2025\/06\/Good-looking-and-colorful-wash-basin-5-496x660.webp 496w, https:\/\/www.ceramicbasin.com\/wp-content\/uploads\/2025\/06\/Good-looking-and-colorful-wash-basin-5-113x150.webp 113w\" sizes=\"(max-width: 913px) 100vw, 913px\" \/><\/figure>\n<\/div>\n<\/div>","protected":false},"excerpt":{"rendered":"<p>Bienvenue pour acheter des lavabos en gros. Cette vasque de salle de bain \u00e0 poser est d\u00e9cor\u00e9e de tons blancs doux et l\u00e9gers et de textures de marbre \u00e9l\u00e9gantes, pr\u00e9sentant un effet visuel naturel et haut de gamme. Le design \u00e0 montage par le dessus convient \u00e0 une vari\u00e9t\u00e9 de comptoirs de salle de bains.<\/p>\n<table style=\"border-collapse: collapse; width: 311.02pt;\" border=\"0\" width=\"311\" cellspacing=\"0\" cellpadding=\"0\">\n<tbody>\n<tr style=\"height: 17.60pt;\">\n<td class=\"et3\" style=\"height: 17.60pt; width: 108.35pt;\" width=\"108\" height=\"17\">Fabricant<\/td>\n<td class=\"et3\" style=\"width: 202.95pt;\" width=\"202\">HanYu<\/td>\n<\/tr>\n<tr style=\"height: 17.60pt;\">\n<td class=\"et3\" style=\"height: 17.60pt;\" height=\"17\">Num\u00e9ro de mod\u00e8le.<\/td>\n<td class=\"et4\">HY-8069D107<\/td>\n<\/tr>\n<tr style=\"height: 36.00pt;\">\n<td class=\"et3\" style=\"height: 36.00pt;\" height=\"36\">Type<\/td>\n<td class=\"et5\" style=\"width: 202.95pt;\" width=\"202\">Cuvette en marbre, cuvette de comptoir<\/td>\n<\/tr>\n<tr style=\"height: 17.60pt;\">\n<td class=\"et3\" style=\"height: 17.60pt;\" height=\"17\">Forme<\/td>\n<td class=\"et3\">Forme ronde<\/td>\n<\/tr>\n<tr style=\"height: 18.00pt;\">\n<td class=\"et4\" style=\"height: 18.00pt;\" height=\"18\">Couleur<\/td>\n<td class=\"et5\" style=\"width: 202.95pt;\" width=\"202\">marbre<\/td>\n<\/tr>\n<tr style=\"height: 18.00pt;\">\n<td class=\"et3\" style=\"height: 18.00pt;\" height=\"18\">Dimension<\/td>\n<td class=\"et5\" style=\"width: 202.95pt;\" width=\"202\">41.5*41.5*13.5<\/td>\n<\/tr>\n<tr style=\"height: 17.60pt;\">\n<td class=\"et3\" style=\"height: 17.60pt;\" height=\"17\">N.W \/SET<\/td>\n<td class=\"et3\">15 KGS\/PCS<\/td>\n<\/tr>\n<tr style=\"height: 17.60pt;\">\n<td class=\"et3\" style=\"height: 17.60pt;\" height=\"17\">MOQ<\/td>\n<td class=\"et3\">20pcs<\/td>\n<\/tr>\n<tr style=\"height: 17.60pt;\">\n<td class=\"et3\" style=\"height: 17.60pt;\" height=\"17\">Option personnalis\u00e9e<\/td>\n<td class=\"et3\">Couleur\/Pattenue\/Taille\/Logo\/Emballage<\/td>\n<\/tr>\n<\/tbody>\n<\/table>","protected":false},"featured_media":6986,"comment_status":"closed","ping_status":"closed","template":"","meta":{"_acf_changed":false},"product_brand":[],"product_cat":[54,50],"product_tag":[],"class_list":{"0":"post-7004","1":"product","2":"type-product","3":"status-publish","4":"has-post-thumbnail","6":"product_cat-wholesale-marble-sinks","7":"product_cat-wholesale-countertop-sinks","9":"first","10":"instock","11":"shipping-taxable","12":"product-type-simple"},"acf":[],"_links":{"self":[{"href":"https:\/\/www.ceramicbasin.com\/fr\/wp-json\/wp\/v2\/product\/7004","targetHints":{"allow":["GET"]}}],"collection":[{"href":"https:\/\/www.ceramicbasin.com\/fr\/wp-json\/wp\/v2\/product"}],"about":[{"href":"https:\/\/www.ceramicbasin.com\/fr\/wp-json\/wp\/v2\/types\/product"}],"replies":[{"embeddable":true,"href":"https:\/\/www.ceramicbasin.com\/fr\/wp-json\/wp\/v2\/comments?post=7004"}],"wp:featuredmedia":[{"embeddable":true,"href":"https:\/\/www.ceramicbasin.com\/fr\/wp-json\/wp\/v2\/media\/6986"}],"wp:attachment":[{"href":"https:\/\/www.ceramicbasin.com\/fr\/wp-json\/wp\/v2\/media?parent=7004"}],"wp:term":[{"taxonomy":"product_brand","embeddable":true,"href":"https:\/\/www.ceramicbasin.com\/fr\/wp-json\/wp\/v2\/product_brand?post=7004"},{"taxonomy":"product_cat","embeddable":true,"href":"https:\/\/www.ceramicbasin.com\/fr\/wp-json\/wp\/v2\/product_cat?post=7004"},{"taxonomy":"product_tag","embeddable":true,"href":"https:\/\/www.ceramicbasin.com\/fr\/wp-json\/wp\/v2\/product_tag?post=7004"}],"curies":[{"name":"wp","href":"https:\/\/api.w.org\/{rel}","templated":true}]}}