{"id":7057,"date":"2025-06-27T09:26:58","date_gmt":"2025-06-27T09:26:58","guid":{"rendered":"https:\/\/www.ceramicbasin.com\/?post_type=product&#038;p=7057"},"modified":"2025-09-26T06:50:29","modified_gmt":"2025-09-26T06:50:29","slug":"black-countertop-basin-wholesale","status":"publish","type":"product","link":"https:\/\/www.ceramicbasin.com\/fr\/produit\/black-countertop-basin-wholesale\/","title":{"rendered":"Marble Effect Black Countertop Basin Wholesale, Ceramic Washbasin Supply"},"content":{"rendered":"<div class=\"wp-block-columns is-layout-flex wp-container-core-columns-is-layout-9d6595d7 wp-block-columns-is-layout-flex\">\n<div class=\"wp-block-column is-layout-flow wp-block-column-is-layout-flow\">\n<h2 class=\"wp-block-heading\">Premium Black Countertop Basin Wholesale Caract\u00e9ristiques :<\/h2>\n\n\n\n<ul class=\"wp-block-list\">\n<li><strong>Superbe finition effet marbre :<\/strong> La vasque noire \u00e0 poser en gros est dot\u00e9e d'une finition naturelle \u00e0 effet marbre qui lui conf\u00e8re un aspect \u00e9tonnant et glamour, id\u00e9al pour les salles de bains luxueuses ou les h\u00f4tels de charme, ou plus g\u00e9n\u00e9ralement pour les maisons et les int\u00e9rieurs modernes.<\/li>\n\n\n\n<li><strong>Corps en c\u00e9ramique \u00e9maill\u00e9e durable : <\/strong>La vasque de comptoir noire est fabriqu\u00e9e en c\u00e9ramique cuite \u00e0 haute temp\u00e9rature, avec un \u00e9mail lisse, r\u00e9sistant aux taches et facile \u00e0 nettoyer, qui r\u00e9siste aux rayures et \u00e0 la d\u00e9coloration. Elle est con\u00e7ue pour des ann\u00e9es d'utilisation commerciale.<\/li>\n\n\n\n<li><strong>Technologie d'impression par transfert d'eau :&nbsp;<\/strong>Ces \u00e9viers en porcelaine en gros utilisent la technologie d'impression par transfert d'eau pour reproduire avec pr\u00e9cision la texture et la couleur du marbre naturel, ajoutant une texture et une beaut\u00e9 in\u00e9gal\u00e9es \u00e0 votre projet haut de gamme.<\/li>\n\n\n\n<li><strong>S\u00e9lection vari\u00e9e : <\/strong>Nous proposons une vari\u00e9t\u00e9 de styles, de tailles et de couleurs de lavabos en c\u00e9ramique en gros, r\u00e9pondant aux besoins de diff\u00e9rents styles de salles de bains et s'int\u00e9grant facilement dans divers designs de d\u00e9coration.<\/li>\n<\/ul>\n<\/div>\n\n\n\n<div class=\"wp-block-column is-layout-flow wp-block-column-is-layout-flow\">\n<figure class=\"wp-block-image size-full\"><img fetchpriority=\"high\" decoding=\"async\" width=\"1345\" height=\"1786\" src=\"https:\/\/www.ceramicbasin.com\/wp-content\/uploads\/2025\/06\/Hot-sale-ceramic-washbasin-factorycounter-top-color-sinks-with-wholesale-price-5.webp\" alt=\"marbre-effet-noir-plan de travail-bassin-en-gros-c\u00e9ramique-lavabo-fourniture-5\" class=\"wp-image-7056\" srcset=\"https:\/\/www.ceramicbasin.com\/wp-content\/uploads\/2025\/06\/Hot-sale-ceramic-washbasin-factorycounter-top-color-sinks-with-wholesale-price-5.webp 1345w, https:\/\/www.ceramicbasin.com\/wp-content\/uploads\/2025\/06\/Hot-sale-ceramic-washbasin-factorycounter-top-color-sinks-with-wholesale-price-5-226x300.webp 226w, https:\/\/www.ceramicbasin.com\/wp-content\/uploads\/2025\/06\/Hot-sale-ceramic-washbasin-factorycounter-top-color-sinks-with-wholesale-price-5-768x1020.webp 768w, https:\/\/www.ceramicbasin.com\/wp-content\/uploads\/2025\/06\/Hot-sale-ceramic-washbasin-factorycounter-top-color-sinks-with-wholesale-price-5-9x12.webp 9w, https:\/\/www.ceramicbasin.com\/wp-content\/uploads\/2025\/06\/Hot-sale-ceramic-washbasin-factorycounter-top-color-sinks-with-wholesale-price-5-285x378.webp 285w, https:\/\/www.ceramicbasin.com\/wp-content\/uploads\/2025\/06\/Hot-sale-ceramic-washbasin-factorycounter-top-color-sinks-with-wholesale-price-5-497x660.webp 497w, https:\/\/www.ceramicbasin.com\/wp-content\/uploads\/2025\/06\/Hot-sale-ceramic-washbasin-factorycounter-top-color-sinks-with-wholesale-price-5-113x150.webp 113w\" sizes=\"(max-width: 1345px) 100vw, 1345px\" \/><\/figure>\n<\/div>\n<\/div>\n\n\n\n<p><\/p>","protected":false},"excerpt":{"rendered":"<p>Bienvenue sur notre site de vente en gros de vasques \u00e0 poser noires. Modernisez votre salle de bains avec notre vasque \u00e0 poser noire \u00e0 effet marbre, fabriqu\u00e9e \u00e0 partir de c\u00e9ramique de haute qualit\u00e9 pour une finition durable. Le design en marbre noir offre une apparence impressionnante et \u00e9l\u00e9gante, id\u00e9ale pour les h\u00f4tels de luxe, les maisons de designer et les propri\u00e9t\u00e9s commerciales. Nous proposons un approvisionnement stable en vrac et des services OEM\/ODM.<\/p>\n<table style=\"border-collapse: collapse; width: 358.52pt;\" border=\"0\" width=\"478\" cellspacing=\"0\" cellpadding=\"0\">\n<tbody>\n<tr style=\"height: 17.25pt;\">\n<td class=\"et3\" style=\"height: 17.25pt; width: 125.00pt;\" width=\"166\" height=\"23\">Fabricant<\/td>\n<td class=\"et3\" style=\"width: 234.15pt;\" width=\"312\">HanYu<\/td>\n<\/tr>\n<tr style=\"height: 17.25pt;\">\n<td class=\"et3\" style=\"height: 17.25pt;\" height=\"23\">Num\u00e9ro de mod\u00e8le.<\/td>\n<td class=\"et4\">HY-8064-45D45<\/td>\n<\/tr>\n<tr style=\"height: 17.25pt;\">\n<td class=\"et3\" style=\"height: 17.25pt;\" height=\"23\">Type<\/td>\n<td class=\"et5\" style=\"width: 234.15pt;\" width=\"312\">\u00c9viers en marbre<\/td>\n<\/tr>\n<tr style=\"height: 18.00pt;\">\n<td class=\"et3\" style=\"height: 18.00pt;\" height=\"24\">Forme<\/td>\n<td class=\"et3\">Forme rectangulaire<\/td>\n<\/tr>\n<tr style=\"height: 34.50pt;\">\n<td class=\"et4\" style=\"height: 34.50pt;\" height=\"46\">Couleur<\/td>\n<td class=\"et5\" style=\"width: 234.15pt;\" width=\"312\">noir\/blanc\/bleu\/gris\/rose\/vert\/marron\/kaki<\/td>\n<\/tr>\n<tr style=\"height: 18.00pt;\">\n<td class=\"et3\" style=\"height: 18.00pt;\" height=\"24\">Dimension<\/td>\n<td class=\"et5\" style=\"width: 234.15pt;\" width=\"312\">45*38*11<\/td>\n<\/tr>\n<tr style=\"height: 17.25pt;\">\n<td class=\"et3\" style=\"height: 17.25pt;\" height=\"23\">N.W \/SET<\/td>\n<td class=\"et3\">7KGS\/PCS<\/td>\n<\/tr>\n<tr style=\"height: 17.25pt;\">\n<td class=\"et3\" style=\"height: 17.25pt;\" height=\"23\">MOQ<\/td>\n<td class=\"et3\">20pcs<\/td>\n<\/tr>\n<tr style=\"height: 17.25pt;\">\n<td class=\"et3\" style=\"height: 17.25pt;\" height=\"23\">Option personnalis\u00e9e<\/td>\n<td class=\"et3\">Couleur\/Pattenue\/Taille\/Logo\/Emballage<\/td>\n<\/tr>\n<\/tbody>\n<\/table>","protected":false},"featured_media":7053,"comment_status":"closed","ping_status":"closed","template":"","meta":{"_acf_changed":false},"product_brand":[],"product_cat":[50,54],"product_tag":[],"class_list":{"0":"post-7057","1":"product","2":"type-product","3":"status-publish","4":"has-post-thumbnail","6":"product_cat-wholesale-countertop-sinks","7":"product_cat-wholesale-marble-sinks","9":"first","10":"instock","11":"shipping-taxable","12":"product-type-simple"},"acf":[],"_links":{"self":[{"href":"https:\/\/www.ceramicbasin.com\/fr\/wp-json\/wp\/v2\/product\/7057","targetHints":{"allow":["GET"]}}],"collection":[{"href":"https:\/\/www.ceramicbasin.com\/fr\/wp-json\/wp\/v2\/product"}],"about":[{"href":"https:\/\/www.ceramicbasin.com\/fr\/wp-json\/wp\/v2\/types\/product"}],"replies":[{"embeddable":true,"href":"https:\/\/www.ceramicbasin.com\/fr\/wp-json\/wp\/v2\/comments?post=7057"}],"wp:featuredmedia":[{"embeddable":true,"href":"https:\/\/www.ceramicbasin.com\/fr\/wp-json\/wp\/v2\/media\/7053"}],"wp:attachment":[{"href":"https:\/\/www.ceramicbasin.com\/fr\/wp-json\/wp\/v2\/media?parent=7057"}],"wp:term":[{"taxonomy":"product_brand","embeddable":true,"href":"https:\/\/www.ceramicbasin.com\/fr\/wp-json\/wp\/v2\/product_brand?post=7057"},{"taxonomy":"product_cat","embeddable":true,"href":"https:\/\/www.ceramicbasin.com\/fr\/wp-json\/wp\/v2\/product_cat?post=7057"},{"taxonomy":"product_tag","embeddable":true,"href":"https:\/\/www.ceramicbasin.com\/fr\/wp-json\/wp\/v2\/product_tag?post=7057"}],"curies":[{"name":"wp","href":"https:\/\/api.w.org\/{rel}","templated":true}]}}