{"id":7058,"date":"2025-06-30T03:55:44","date_gmt":"2025-06-30T03:55:44","guid":{"rendered":"https:\/\/www.ceramicbasin.com\/?post_type=product&#038;p=7058"},"modified":"2025-11-05T03:24:00","modified_gmt":"2025-11-05T03:24:00","slug":"wholesale-square-bathroom-sink-bowls","status":"publish","type":"product","link":"https:\/\/www.ceramicbasin.com\/fr\/produit\/wholesale-square-bathroom-sink-bowls\/","title":{"rendered":"Wholesale Square Bathroom Sinkls with Marble Texture (bols d'\u00e9vier de salle de bain carr\u00e9s avec texture en marbre)"},"content":{"rendered":"<div class=\"wp-block-columns is-layout-flex wp-container-core-columns-is-layout-9d6595d7 wp-block-columns-is-layout-flex\">\n<div class=\"wp-block-column is-layout-flow wp-block-column-is-layout-flow\">\n<h2 class=\"wp-block-heading\">Premium Wholesale Square Bathroom Sinkls Caract\u00e9ristiques :<\/h2>\n\n\n\n<ul class=\"wp-block-list\">\n<li><strong>Motif de marbre r\u00e9aliste :\u00a0<\/strong>Ces cuvettes carr\u00e9es de luxe pour \u00e9vier de salle de bains utilisent une technologie avanc\u00e9e de transfert d'eau pour reproduire fid\u00e8lement la texture et la couleur naturelles du marbre, apportant un charme visuel unique \u00e0 la cuvette.<\/li>\n\n\n\n<li><strong>Antifouling et facile \u00e0 nettoyer :\u00a0<\/strong>La surface de notre \u00e9vier en porcelaine est lisse et dense. Par cons\u00e9quent, il n'est pas facile d'absorber beaucoup d'eau ou de salet\u00e9, ce qui explique \u00e9galement pourquoi l'\u00e9vier en c\u00e9ramique est facile \u00e0 nettoyer lors d'une utilisation quotidienne. Normalement, il suffit d'essuyer doucement avec un d\u00e9tergent ordinaire pour garder l'\u00e9vier propre et brillant afin de faciliter votre confort d'utilisation.<\/li>\n\n\n\n<li><strong>S\u00e9lection de couleurs personnalis\u00e9es :<\/strong>\u00a0Ce lavabo sur mesure est livr\u00e9 avec une vari\u00e9t\u00e9 d'options de couleurs personnalis\u00e9es pour r\u00e9pondre \u00e0 vos besoins de cr\u00e9er la combinaison de couleurs parfaite, en veillant \u00e0 ce que votre lavabo de salle de bains s'int\u00e8gre parfaitement au style g\u00e9n\u00e9ral de votre maison et refl\u00e8te votre go\u00fbt.<\/li>\n\n\n\n<li><strong>Conception carr\u00e9e :<\/strong> Les cuvettes carr\u00e9es pour \u00e9vier de salle de bains ont un design carr\u00e9 avec des lignes \u00e9pur\u00e9es, combinant la mode et la fonctionnalit\u00e9, et conviennent aux salles de bains modernes minimalistes, luxueuses et haut de gamme, ainsi qu'\u00e0 d'autres salles de bains.<\/li>\n<\/ul>\n<\/div>\n\n\n\n<div class=\"wp-block-column is-layout-flow wp-block-column-is-layout-flow\">\n<figure class=\"wp-block-image size-full\"><img fetchpriority=\"high\" decoding=\"async\" width=\"1345\" height=\"1786\" src=\"https:\/\/www.ceramicbasin.com\/wp-content\/uploads\/2025\/06\/Luxury-design-marble-color-basin-factorybathroom-counter-top-sinks-bowl-5.webp\" alt=\"wholesale-square-bathroom-bowls-marble-color-washbasin-wholesale-5\" class=\"wp-image-7051\" srcset=\"https:\/\/www.ceramicbasin.com\/wp-content\/uploads\/2025\/06\/Luxury-design-marble-color-basin-factorybathroom-counter-top-sinks-bowl-5.webp 1345w, https:\/\/www.ceramicbasin.com\/wp-content\/uploads\/2025\/06\/Luxury-design-marble-color-basin-factorybathroom-counter-top-sinks-bowl-5-226x300.webp 226w, https:\/\/www.ceramicbasin.com\/wp-content\/uploads\/2025\/06\/Luxury-design-marble-color-basin-factorybathroom-counter-top-sinks-bowl-5-768x1020.webp 768w, https:\/\/www.ceramicbasin.com\/wp-content\/uploads\/2025\/06\/Luxury-design-marble-color-basin-factorybathroom-counter-top-sinks-bowl-5-9x12.webp 9w, https:\/\/www.ceramicbasin.com\/wp-content\/uploads\/2025\/06\/Luxury-design-marble-color-basin-factorybathroom-counter-top-sinks-bowl-5-285x378.webp 285w, https:\/\/www.ceramicbasin.com\/wp-content\/uploads\/2025\/06\/Luxury-design-marble-color-basin-factorybathroom-counter-top-sinks-bowl-5-497x660.webp 497w, https:\/\/www.ceramicbasin.com\/wp-content\/uploads\/2025\/06\/Luxury-design-marble-color-basin-factorybathroom-counter-top-sinks-bowl-5-113x150.webp 113w\" sizes=\"(max-width: 1345px) 100vw, 1345px\" \/><\/figure>\n<\/div>\n<\/div>","protected":false},"excerpt":{"rendered":"<p>Bienvenue sur notre site de vente en gros de vasques de salle de bain carr\u00e9es. Ce bassin de comptoir en c\u00e9ramique \u00e0 motif de marbre est con\u00e7u selon la mode du luxe moderne, m\u00e9langeant le motif de marbre et le mat\u00e9riau c\u00e9ramique. Il pr\u00e9sente une apparence forte mais \u00e9l\u00e9gante, qui est parfaite pour les salles de bains des maisons, h\u00f4tels et entreprises haut de gamme. Il peut \u00eatre achet\u00e9 en gros et personnalis\u00e9, ce qui est une option parfaite pour les projets et les marques.<\/p>\n<table style=\"border-collapse: collapse; width: 358.52pt;\" border=\"0\" width=\"478\" cellspacing=\"0\" cellpadding=\"0\">\n<tbody>\n<tr style=\"height: 17.25pt;\">\n<td class=\"et3\" style=\"height: 17.25pt; width: 125.00pt;\" width=\"166\" height=\"23\">Fabricant<\/td>\n<td class=\"et3\" style=\"width: 234.15pt;\" width=\"312\">HanYu<\/td>\n<\/tr>\n<tr style=\"height: 17.25pt;\">\n<td class=\"et3\" style=\"height: 17.25pt;\" height=\"23\">Num\u00e9ro de mod\u00e8le.<\/td>\n<td class=\"et4\">HY-8064-45D41<\/td>\n<\/tr>\n<tr style=\"height: 17.25pt;\">\n<td class=\"et3\" style=\"height: 17.25pt;\" height=\"23\">Type<\/td>\n<td class=\"et5\" style=\"width: 234.15pt;\" width=\"312\">\u00c9viers en marbre<\/td>\n<\/tr>\n<tr style=\"height: 18.00pt;\">\n<td class=\"et3\" style=\"height: 18.00pt;\" height=\"24\">Forme<\/td>\n<td class=\"et3\">Forme rectangulaire<\/td>\n<\/tr>\n<tr style=\"height: 34.50pt;\">\n<td class=\"et4\" style=\"height: 34.50pt;\" height=\"46\">Couleur<\/td>\n<td class=\"et5\" style=\"width: 234.15pt;\" width=\"312\">noir\/blanc\/bleu\/gris\/rose\/vert\/marron\/kaki<\/td>\n<\/tr>\n<tr style=\"height: 18.00pt;\">\n<td class=\"et3\" style=\"height: 18.00pt;\" height=\"24\">Dimension<\/td>\n<td class=\"et5\" style=\"width: 234.15pt;\" width=\"312\">45*38*11<\/td>\n<\/tr>\n<tr style=\"height: 17.25pt;\">\n<td class=\"et3\" style=\"height: 17.25pt;\" height=\"23\">N.W \/SET<\/td>\n<td class=\"et3\">7KGS\/PCS<\/td>\n<\/tr>\n<tr style=\"height: 17.25pt;\">\n<td class=\"et3\" style=\"height: 17.25pt;\" height=\"23\">MOQ<\/td>\n<td class=\"et3\">20pcs<\/td>\n<\/tr>\n<tr style=\"height: 17.25pt;\">\n<td class=\"et3\" style=\"height: 17.25pt;\" height=\"23\">Option personnalis\u00e9e<\/td>\n<td class=\"et3\">Couleur\/Pattenue\/Taille\/Logo\/Emballage<\/td>\n<\/tr>\n<\/tbody>\n<\/table>","protected":false},"featured_media":7049,"comment_status":"closed","ping_status":"closed","template":"","meta":{"_acf_changed":false},"product_brand":[],"product_cat":[50,54],"product_tag":[],"class_list":{"0":"post-7058","1":"product","2":"type-product","3":"status-publish","4":"has-post-thumbnail","6":"product_cat-wholesale-countertop-sinks","7":"product_cat-wholesale-marble-sinks","9":"first","10":"instock","11":"shipping-taxable","12":"product-type-simple"},"acf":[],"_links":{"self":[{"href":"https:\/\/www.ceramicbasin.com\/fr\/wp-json\/wp\/v2\/product\/7058","targetHints":{"allow":["GET"]}}],"collection":[{"href":"https:\/\/www.ceramicbasin.com\/fr\/wp-json\/wp\/v2\/product"}],"about":[{"href":"https:\/\/www.ceramicbasin.com\/fr\/wp-json\/wp\/v2\/types\/product"}],"replies":[{"embeddable":true,"href":"https:\/\/www.ceramicbasin.com\/fr\/wp-json\/wp\/v2\/comments?post=7058"}],"wp:featuredmedia":[{"embeddable":true,"href":"https:\/\/www.ceramicbasin.com\/fr\/wp-json\/wp\/v2\/media\/7049"}],"wp:attachment":[{"href":"https:\/\/www.ceramicbasin.com\/fr\/wp-json\/wp\/v2\/media?parent=7058"}],"wp:term":[{"taxonomy":"product_brand","embeddable":true,"href":"https:\/\/www.ceramicbasin.com\/fr\/wp-json\/wp\/v2\/product_brand?post=7058"},{"taxonomy":"product_cat","embeddable":true,"href":"https:\/\/www.ceramicbasin.com\/fr\/wp-json\/wp\/v2\/product_cat?post=7058"},{"taxonomy":"product_tag","embeddable":true,"href":"https:\/\/www.ceramicbasin.com\/fr\/wp-json\/wp\/v2\/product_tag?post=7058"}],"curies":[{"name":"wp","href":"https:\/\/api.w.org\/{rel}","templated":true}]}}