{"id":7060,"date":"2025-06-30T01:14:56","date_gmt":"2025-06-30T01:14:56","guid":{"rendered":"https:\/\/www.ceramicbasin.com\/?post_type=product&#038;p=7060"},"modified":"2025-06-30T01:14:58","modified_gmt":"2025-06-30T01:14:58","slug":"custom-marble-bathroom-sinks","status":"publish","type":"product","link":"https:\/\/www.ceramicbasin.com\/fr\/produit\/custom-marble-bathroom-sinks\/","title":{"rendered":"Lavabos de salle de bain en marbre, impression par transfert d'eau lavabos de comptoir, vente en gros"},"content":{"rendered":"<div class=\"wp-block-columns is-layout-flex wp-container-core-columns-is-layout-9d6595d7 wp-block-columns-is-layout-flex\">\n<div class=\"wp-block-column is-layout-flow wp-block-column-is-layout-flow\">\n<h2 class=\"wp-block-heading\">Caract\u00e9ristiques des lavabos de salle de bain en marbre de premi\u00e8re qualit\u00e9 :<\/h2>\n\n\n\n<ul class=\"wp-block-list\">\n<li><strong>Mat\u00e9riau c\u00e9ramique de haute qualit\u00e9 :\u00a0<\/strong>Nos \u00e9viers de salle de bains en gros sont fabriqu\u00e9s en c\u00e9ramique cuite \u00e0 haute temp\u00e9rature, avec une surface dure et dense, r\u00e9sistante aux rayures et \u00e0 l'usure, durable comme un neuf, adapt\u00e9e aux sc\u00e9narios d'utilisation quotidienne \u00e0 haute fr\u00e9quence.<\/li>\n\n\n\n<li><strong>S\u00e9lection de couleurs personnalis\u00e9es :<\/strong>\u00a0Ces lavabos de salle de bain en marbre sur mesure sont propos\u00e9s avec une vari\u00e9t\u00e9 d'options de couleurs personnalis\u00e9es afin de r\u00e9pondre \u00e0 vos besoins de m\u00e9langer la couleur parfaite pour que votre lavabo de salle de bain s'int\u00e8gre parfaitement au style g\u00e9n\u00e9ral de votre maison et refl\u00e8te des caract\u00e9ristiques personnalis\u00e9es.<\/li>\n\n\n\n<li><strong>Technologie d'impression par transfert d'eau :<\/strong> Ces \u00e9viers de salle de bain en marbre personnalis\u00e9s utilisent une technologie avanc\u00e9e d'impression par transfert d'eau. Ce processus permet de cr\u00e9er des motifs de marbre naturels et clairs sur des surfaces en c\u00e9ramique, alliant l'attrait visuel \u00e0 la durabilit\u00e9 des mat\u00e9riaux c\u00e9ramiques.<\/li>\n\n\n\n<li><strong>Grande capacit\u00e9 de production :\u00a0<\/strong>Notre grand entrep\u00f4t contient diverses sortes de lavabos de salle de bain en marbre en gros. Choisissez les articles qui sont en production, nous avons suffisamment de lavabos blancs pour fabriquer des lavabos de couleur marbre, le d\u00e9lai d'exp\u00e9dition sera beaucoup plus court.<\/li>\n<\/ul>\n<\/div>\n\n\n\n<div class=\"wp-block-column is-layout-flow wp-block-column-is-layout-flow\">\n<figure class=\"wp-block-image size-full\"><img fetchpriority=\"high\" decoding=\"async\" width=\"721\" height=\"890\" src=\"https:\/\/www.ceramicbasin.com\/wp-content\/uploads\/2025\/06\/Custom-ceramic-color-wash-basin-supplierwholesale-water-transfer-printing-sinks-5.webp\" alt=\"\u00e9viers de salle de bain en marbre personnalis\u00e9s-impression par transfert d&#039;eau-\u00e9viers de comptoir-wholesale-5\" class=\"wp-image-7041\" srcset=\"https:\/\/www.ceramicbasin.com\/wp-content\/uploads\/2025\/06\/Custom-ceramic-color-wash-basin-supplierwholesale-water-transfer-printing-sinks-5.webp 721w, https:\/\/www.ceramicbasin.com\/wp-content\/uploads\/2025\/06\/Custom-ceramic-color-wash-basin-supplierwholesale-water-transfer-printing-sinks-5-243x300.webp 243w, https:\/\/www.ceramicbasin.com\/wp-content\/uploads\/2025\/06\/Custom-ceramic-color-wash-basin-supplierwholesale-water-transfer-printing-sinks-5-10x12.webp 10w, https:\/\/www.ceramicbasin.com\/wp-content\/uploads\/2025\/06\/Custom-ceramic-color-wash-basin-supplierwholesale-water-transfer-printing-sinks-5-285x352.webp 285w, https:\/\/www.ceramicbasin.com\/wp-content\/uploads\/2025\/06\/Custom-ceramic-color-wash-basin-supplierwholesale-water-transfer-printing-sinks-5-535x660.webp 535w, https:\/\/www.ceramicbasin.com\/wp-content\/uploads\/2025\/06\/Custom-ceramic-color-wash-basin-supplierwholesale-water-transfer-printing-sinks-5-122x150.webp 122w\" sizes=\"(max-width: 721px) 100vw, 721px\" \/><\/figure>\n<\/div>\n<\/div>","protected":false},"excerpt":{"rendered":"<p>Nous vous invitons \u00e0 acheter nos lavabos de salle de bain en marbre. Ce bassin de comptoir en c\u00e9ramique utilise la technologie d'impression par transfert d'eau pour obtenir un effet de texture de marbre plein de richesse et de nature, combinant l'attrait esth\u00e9tique et la praticabilit\u00e9. Il dispose de plusieurs solutions de personnalisation des couleurs pour r\u00e9pondre aux diff\u00e9rentes exigences de conception spatiale. Il s'agit donc d'un excellent choix pour les constructions r\u00e9sidentielles haut de gamme, les h\u00f4tels de charme et les projets d'ing\u00e9nierie. Les id\u00e9es de coop\u00e9ration sont les bienvenues de la part des partenaires internationaux.<\/p>\n<table style=\"border-collapse: collapse; width: 358.52pt;\" border=\"0\" width=\"478\" cellspacing=\"0\" cellpadding=\"0\">\n<tbody>\n<tr style=\"height: 17.25pt;\">\n<td class=\"et3\" style=\"height: 17.25pt; width: 125.00pt;\" width=\"166\" height=\"23\">Fabricant<\/td>\n<td class=\"et3\" style=\"width: 234.15pt;\" width=\"312\">HanYu<\/td>\n<\/tr>\n<tr style=\"height: 17.25pt;\">\n<td class=\"et3\" style=\"height: 17.25pt;\" height=\"23\">Num\u00e9ro de mod\u00e8le.<\/td>\n<td class=\"et4\">HY-488AD27<\/td>\n<\/tr>\n<tr style=\"height: 17.25pt;\">\n<td class=\"et3\" style=\"height: 17.25pt;\" height=\"23\">Type<\/td>\n<td class=\"et5\" style=\"width: 234.15pt;\" width=\"312\">\u00c9viers en marbre<\/td>\n<\/tr>\n<tr style=\"height: 18.00pt;\">\n<td class=\"et3\" style=\"height: 18.00pt;\" height=\"24\">Forme<\/td>\n<td class=\"et3\">Forme ovale<\/td>\n<\/tr>\n<tr style=\"height: 34.50pt;\">\n<td class=\"et4\" style=\"height: 34.50pt;\" height=\"46\">Couleur<\/td>\n<td class=\"et5\" style=\"width: 234.15pt;\" width=\"312\">noir\/blanc\/bleu\/gris\/rose\/vert\/marron\/kaki<\/td>\n<\/tr>\n<tr style=\"height: 18.00pt;\">\n<td class=\"et3\" style=\"height: 18.00pt;\" height=\"24\">Dimension<\/td>\n<td class=\"et5\" style=\"width: 234.15pt;\" width=\"312\">68*44*16.5<\/td>\n<\/tr>\n<tr style=\"height: 17.25pt;\">\n<td class=\"et3\" style=\"height: 17.25pt;\" height=\"23\">N.W \/SET<\/td>\n<td class=\"et3\">10KGS\/PCS<\/td>\n<\/tr>\n<tr style=\"height: 17.25pt;\">\n<td class=\"et3\" style=\"height: 17.25pt;\" height=\"23\">MOQ<\/td>\n<td class=\"et3\">20pcs<\/td>\n<\/tr>\n<tr style=\"height: 17.25pt;\">\n<td class=\"et3\" style=\"height: 17.25pt;\" height=\"23\">Option personnalis\u00e9e<\/td>\n<td class=\"et3\">Couleur\/Pattenue\/Taille\/Logo\/Emballage<\/td>\n<\/tr>\n<\/tbody>\n<\/table>","protected":false},"featured_media":7037,"comment_status":"closed","ping_status":"closed","template":"","meta":{"_acf_changed":false},"product_brand":[],"product_cat":[50,54],"product_tag":[],"class_list":{"0":"post-7060","1":"product","2":"type-product","3":"status-publish","4":"has-post-thumbnail","6":"product_cat-wholesale-countertop-sinks","7":"product_cat-wholesale-marble-sinks","9":"first","10":"instock","11":"shipping-taxable","12":"product-type-simple"},"acf":[],"_links":{"self":[{"href":"https:\/\/www.ceramicbasin.com\/fr\/wp-json\/wp\/v2\/product\/7060","targetHints":{"allow":["GET"]}}],"collection":[{"href":"https:\/\/www.ceramicbasin.com\/fr\/wp-json\/wp\/v2\/product"}],"about":[{"href":"https:\/\/www.ceramicbasin.com\/fr\/wp-json\/wp\/v2\/types\/product"}],"replies":[{"embeddable":true,"href":"https:\/\/www.ceramicbasin.com\/fr\/wp-json\/wp\/v2\/comments?post=7060"}],"wp:featuredmedia":[{"embeddable":true,"href":"https:\/\/www.ceramicbasin.com\/fr\/wp-json\/wp\/v2\/media\/7037"}],"wp:attachment":[{"href":"https:\/\/www.ceramicbasin.com\/fr\/wp-json\/wp\/v2\/media?parent=7060"}],"wp:term":[{"taxonomy":"product_brand","embeddable":true,"href":"https:\/\/www.ceramicbasin.com\/fr\/wp-json\/wp\/v2\/product_brand?post=7060"},{"taxonomy":"product_cat","embeddable":true,"href":"https:\/\/www.ceramicbasin.com\/fr\/wp-json\/wp\/v2\/product_cat?post=7060"},{"taxonomy":"product_tag","embeddable":true,"href":"https:\/\/www.ceramicbasin.com\/fr\/wp-json\/wp\/v2\/product_tag?post=7060"}],"curies":[{"name":"wp","href":"https:\/\/api.w.org\/{rel}","templated":true}]}}