{"id":7061,"date":"2025-06-25T08:37:54","date_gmt":"2025-06-25T08:37:54","guid":{"rendered":"https:\/\/www.ceramicbasin.com\/?post_type=product&#038;p=7061"},"modified":"2025-06-28T10:02:26","modified_gmt":"2025-06-28T10:02:26","slug":"wholesale-bowl-countertop-bathroom-sink","status":"publish","type":"product","link":"https:\/\/www.ceramicbasin.com\/fr\/produit\/wholesale-bowl-countertop-bathroom-sink\/","title":{"rendered":"Factory Direct Wholesale Bowl Countertop Bathroom Sink, Custom Wash Basins"},"content":{"rendered":"<div class=\"wp-block-columns is-layout-flex wp-container-core-columns-is-layout-9d6595d7 wp-block-columns-is-layout-flex\">\n<div class=\"wp-block-column is-layout-flow wp-block-column-is-layout-flow\">\n<h2 class=\"wp-block-heading\">Premium Wholesale Bowl Countertop Bathroom Sink Features :<\/h2>\n\n\n\n<ul class=\"wp-block-list\">\n<li><strong>Glace blanche mate : <\/strong>L'\u00e9vier de salle de bain de comptoir \u00e0 cuvette en gros est dot\u00e9 d'un gla\u00e7age mat peu r\u00e9fl\u00e9chissant. Ce design offre un attrait visuel chaleureux et une texture lisse et d\u00e9licate, d\u00e9gageant un charme artistique \u00e9l\u00e9gant. Il est id\u00e9al pour les espaces r\u00e9sidentiels haut de gamme et les projets de designers.<\/li>\n\n\n\n<li><strong>Conception de la cuvette mont\u00e9e sur l'\u00e9vier :<\/strong> Le design classique en forme de bol pr\u00e9sente une forme tridimensionnelle et pleine qui s'harmonise avec divers comptoirs, ce qui facilite l'installation. Ce lavabo de salle de bains \u00e0 poser en gros est parfait pour les espaces de style moderne et minimaliste.<\/li>\n\n\n\n<li><strong>Parfait pour diverses situations spatiales : <\/strong>Ces lavabos sur mesure sont parfaits non seulement pour les salles de bains r\u00e9sidentielles, mais aussi pour les h\u00f4tels de charme, les caf\u00e9s, les salles d'exposition et les espaces commerciaux.<\/li>\n\n\n\n<li><strong>Remise en gros : <\/strong>En tant que fabricant d'\u00e9viers en c\u00e9ramique, nous offrons un prix tr\u00e8s pr\u00e9f\u00e9rentiel pour les commandes en gros, et nous nous assurons que vous obtenez des vasques en c\u00e9ramique de qualit\u00e9 en gros au prix le plus comp\u00e9titif.<\/li>\n<\/ul>\n<\/div>\n\n\n\n<div class=\"wp-block-column is-layout-flow wp-block-column-is-layout-flow\">\n<figure class=\"wp-block-image size-full\"><img fetchpriority=\"high\" decoding=\"async\" width=\"800\" height=\"800\" src=\"https:\/\/www.ceramicbasin.com\/wp-content\/uploads\/2025\/06\/sink-for-bathroom\uff0cwhite-sink-bathroom\uff0csink-suppliers6.webp\" alt=\"factory-direct-wholesale-bowl-countertop-bathroom-sink-custom-wash-basins-6\" class=\"wp-image-7067\" srcset=\"https:\/\/www.ceramicbasin.com\/wp-content\/uploads\/2025\/06\/sink-for-bathroom\uff0cwhite-sink-bathroom\uff0csink-suppliers6.webp 800w, https:\/\/www.ceramicbasin.com\/wp-content\/uploads\/2025\/06\/sink-for-bathroom\uff0cwhite-sink-bathroom\uff0csink-suppliers6-300x300.webp 300w, https:\/\/www.ceramicbasin.com\/wp-content\/uploads\/2025\/06\/sink-for-bathroom\uff0cwhite-sink-bathroom\uff0csink-suppliers6-150x150.webp 150w, https:\/\/www.ceramicbasin.com\/wp-content\/uploads\/2025\/06\/sink-for-bathroom\uff0cwhite-sink-bathroom\uff0csink-suppliers6-768x768.webp 768w, https:\/\/www.ceramicbasin.com\/wp-content\/uploads\/2025\/06\/sink-for-bathroom\uff0cwhite-sink-bathroom\uff0csink-suppliers6-12x12.webp 12w, https:\/\/www.ceramicbasin.com\/wp-content\/uploads\/2025\/06\/sink-for-bathroom\uff0cwhite-sink-bathroom\uff0csink-suppliers6-285x285.webp 285w, https:\/\/www.ceramicbasin.com\/wp-content\/uploads\/2025\/06\/sink-for-bathroom\uff0cwhite-sink-bathroom\uff0csink-suppliers6-270x270.webp 270w, https:\/\/www.ceramicbasin.com\/wp-content\/uploads\/2025\/06\/sink-for-bathroom\uff0cwhite-sink-bathroom\uff0csink-suppliers6-540x540.webp 540w, https:\/\/www.ceramicbasin.com\/wp-content\/uploads\/2025\/06\/sink-for-bathroom\uff0cwhite-sink-bathroom\uff0csink-suppliers6-660x660.webp 660w\" sizes=\"(max-width: 800px) 100vw, 800px\" \/><\/figure>\n<\/div>\n<\/div>","protected":false},"excerpt":{"rendered":"<p>Ce lavabo de salle de bains \u00e0 poser, de couleur blanche mate, associe une texture douce et mate \u00e0 un design minimaliste en forme de bol pour cr\u00e9er une ambiance artistique dans les salles de bains modernes. Fabriqu\u00e9 en c\u00e9ramique cuite \u00e0 haute temp\u00e9rature, il est durable et facile \u00e0 nettoyer. L'approvisionnement direct de l'usine et les options de personnalisation sont disponibles ; les achats en gros sont les bienvenus.<\/p>\n<table style=\"border-collapse: collapse; width: 311.02pt;\" border=\"0\" width=\"311\" cellspacing=\"0\" cellpadding=\"0\">\n<tbody>\n<tr style=\"height: 17.60pt;\">\n<td class=\"et3\" style=\"height: 17.60pt; width: 108.35pt;\" width=\"108\" height=\"17\">Fabricant<\/td>\n<td class=\"et3\" style=\"width: 202.95pt;\" width=\"202\">HanYu<\/td>\n<\/tr>\n<tr style=\"height: 17.60pt;\">\n<td class=\"et3\" style=\"height: 17.60pt;\" height=\"17\">Num\u00e9ro de mod\u00e8le.<\/td>\n<td class=\"et4\">HY-8002MW<\/td>\n<\/tr>\n<tr style=\"height: 17.60pt;\">\n<td class=\"et3\" style=\"height: 17.60pt;\" height=\"17\">Type<\/td>\n<td class=\"et3\">Cuvette mate, cuvette de comptoir<\/td>\n<\/tr>\n<tr style=\"height: 17.60pt;\">\n<td class=\"et3\" style=\"height: 17.60pt;\" height=\"17\">Forme<\/td>\n<td class=\"et3\">Forme ronde<\/td>\n<\/tr>\n<tr style=\"height: 36.00pt;\">\n<td class=\"et4\" style=\"height: 36.00pt;\" height=\"36\">Couleur<\/td>\n<td class=\"et5\" style=\"width: 202.95pt;\" width=\"202\">Noir\/Blanc\/Bleu\/Gris\/Rose\/Vert\/Marron\/Kaki......<\/td>\n<\/tr>\n<tr style=\"height: 18.00pt;\">\n<td class=\"et3\" style=\"height: 18.00pt;\" height=\"18\">Dimension<\/td>\n<td class=\"et5\" style=\"width: 202.95pt;\" width=\"202\">40*40*13<\/td>\n<\/tr>\n<tr style=\"height: 17.60pt;\">\n<td class=\"et3\" style=\"height: 17.60pt;\" height=\"17\">N.W \/SET<\/td>\n<td class=\"et3\">8KGS\/PCS<\/td>\n<\/tr>\n<tr style=\"height: 17.60pt;\">\n<td class=\"et3\" style=\"height: 17.60pt;\" height=\"17\">MOQ<\/td>\n<td class=\"et3\">20pcs<\/td>\n<\/tr>\n<tr style=\"height: 17.60pt;\">\n<td class=\"et3\" style=\"height: 17.60pt;\" height=\"17\">Option personnalis\u00e9e<\/td>\n<td class=\"et3\">Couleur\/Pattenue\/Taille\/Logo\/Emballage<\/td>\n<\/tr>\n<\/tbody>\n<\/table>","protected":false},"featured_media":7062,"comment_status":"closed","ping_status":"closed","template":"","meta":{"_acf_changed":false},"product_brand":[],"product_cat":[50,55],"product_tag":[],"class_list":{"0":"post-7061","1":"product","2":"type-product","3":"status-publish","4":"has-post-thumbnail","6":"product_cat-wholesale-countertop-sinks","7":"product_cat-wholesale-matte-sinks","9":"first","10":"instock","11":"shipping-taxable","12":"product-type-simple"},"acf":[],"_links":{"self":[{"href":"https:\/\/www.ceramicbasin.com\/fr\/wp-json\/wp\/v2\/product\/7061","targetHints":{"allow":["GET"]}}],"collection":[{"href":"https:\/\/www.ceramicbasin.com\/fr\/wp-json\/wp\/v2\/product"}],"about":[{"href":"https:\/\/www.ceramicbasin.com\/fr\/wp-json\/wp\/v2\/types\/product"}],"replies":[{"embeddable":true,"href":"https:\/\/www.ceramicbasin.com\/fr\/wp-json\/wp\/v2\/comments?post=7061"}],"wp:featuredmedia":[{"embeddable":true,"href":"https:\/\/www.ceramicbasin.com\/fr\/wp-json\/wp\/v2\/media\/7062"}],"wp:attachment":[{"href":"https:\/\/www.ceramicbasin.com\/fr\/wp-json\/wp\/v2\/media?parent=7061"}],"wp:term":[{"taxonomy":"product_brand","embeddable":true,"href":"https:\/\/www.ceramicbasin.com\/fr\/wp-json\/wp\/v2\/product_brand?post=7061"},{"taxonomy":"product_cat","embeddable":true,"href":"https:\/\/www.ceramicbasin.com\/fr\/wp-json\/wp\/v2\/product_cat?post=7061"},{"taxonomy":"product_tag","embeddable":true,"href":"https:\/\/www.ceramicbasin.com\/fr\/wp-json\/wp\/v2\/product_tag?post=7061"}],"curies":[{"name":"wp","href":"https:\/\/api.w.org\/{rel}","templated":true}]}}