{"id":7068,"date":"2025-06-25T08:48:14","date_gmt":"2025-06-25T08:48:14","guid":{"rendered":"https:\/\/www.ceramicbasin.com\/?post_type=product&#038;p=7068"},"modified":"2025-11-05T03:29:21","modified_gmt":"2025-11-05T03:29:21","slug":"wholesale-round-bathroom-sink-bowls","status":"publish","type":"product","link":"https:\/\/www.ceramicbasin.com\/fr\/produit\/wholesale-round-bathroom-sink-bowls\/","title":{"rendered":"Wholesale Round Bathroom Sinkls, Matte Black Washbasin (lavabo noir mat)"},"content":{"rendered":"<div class=\"wp-block-columns is-layout-flex wp-container-core-columns-is-layout-9d6595d7 wp-block-columns-is-layout-flex\">\n<div class=\"wp-block-column is-layout-flow wp-block-column-is-layout-flow\">\n<h2 class=\"wp-block-heading\">Premium Wholesale Round Bathroom Sinkls Caract\u00e9ristiques :<\/h2>\n\n\n\n<ul class=\"wp-block-list\">\n<li><strong>C\u00e9ramique de haute qualit\u00e9 : <\/strong>Ces cuvettes rondes pour \u00e9vier de salle de bains sont s\u00e9lectionn\u00e9es \u00e0 partir de mati\u00e8res premi\u00e8res c\u00e9ramiques de haute qualit\u00e9 et fritt\u00e9es \u00e0 haute temp\u00e9rature. Cela permet de garantir une structure solide du produit et une surface d\u00e9licate et lisse, facile \u00e0 nettoyer et \u00e0 garder neuve.<\/li>\n\n\n\n<li><strong>Finition Artistic Matte Glaze : <\/strong>Ces cuvettes rondes pour \u00e9vier de salle de bains poss\u00e8dent une gla\u00e7ure c\u00e9ramique mate unique. La finition offre un toucher doux comme du velours et un aspect \u00e9l\u00e9gant, et s'accorde donc parfaitement avec les d\u00e9cors de salles de bains minimalistes, modernes et luxueux.<\/li>\n\n\n\n<li><strong>Design rond : <\/strong>L'\u00e9vier de comptoir en gros pr\u00e9sente une forme ronde antique, un contour complet et des lignes douces, s'adaptant parfaitement \u00e0 de nombreux comptoirs de salle de bains pour profiter d'une beaut\u00e9 spatiale universelle.<\/li>\n\n\n\n<li><strong>Conception r\u00e9sistante aux \u00e9claboussures :<\/strong> La profondeur de l'\u00e9vier de comptoir est con\u00e7ue de mani\u00e8re professionnelle pour minimiser les \u00e9claboussures d'eau, ce qui le rend id\u00e9al pour une utilisation quotidienne, en particulier dans les h\u00f4tels et les propri\u00e9t\u00e9s commerciales.<\/li>\n<\/ul>\n<\/div>\n\n\n\n<div class=\"wp-block-column is-layout-flow wp-block-column-is-layout-flow\">\n<figure class=\"wp-block-image size-full\"><img fetchpriority=\"high\" decoding=\"async\" width=\"800\" height=\"800\" src=\"https:\/\/www.ceramicbasin.com\/wp-content\/uploads\/2025\/06\/wholesale-round-bathroom-sink-bowls-black-counter-top-sinks-wholesale-2.webp\" alt=\"wholesale-round-bathroom-sink-bowls-black-counter-top-sinks-wholesale-2\" class=\"wp-image-7109\" srcset=\"https:\/\/www.ceramicbasin.com\/wp-content\/uploads\/2025\/06\/wholesale-round-bathroom-sink-bowls-black-counter-top-sinks-wholesale-2.webp 800w, https:\/\/www.ceramicbasin.com\/wp-content\/uploads\/2025\/06\/wholesale-round-bathroom-sink-bowls-black-counter-top-sinks-wholesale-2-300x300.webp 300w, https:\/\/www.ceramicbasin.com\/wp-content\/uploads\/2025\/06\/wholesale-round-bathroom-sink-bowls-black-counter-top-sinks-wholesale-2-150x150.webp 150w, https:\/\/www.ceramicbasin.com\/wp-content\/uploads\/2025\/06\/wholesale-round-bathroom-sink-bowls-black-counter-top-sinks-wholesale-2-768x768.webp 768w, https:\/\/www.ceramicbasin.com\/wp-content\/uploads\/2025\/06\/wholesale-round-bathroom-sink-bowls-black-counter-top-sinks-wholesale-2-12x12.webp 12w, https:\/\/www.ceramicbasin.com\/wp-content\/uploads\/2025\/06\/wholesale-round-bathroom-sink-bowls-black-counter-top-sinks-wholesale-2-285x285.webp 285w, https:\/\/www.ceramicbasin.com\/wp-content\/uploads\/2025\/06\/wholesale-round-bathroom-sink-bowls-black-counter-top-sinks-wholesale-2-270x270.webp 270w, https:\/\/www.ceramicbasin.com\/wp-content\/uploads\/2025\/06\/wholesale-round-bathroom-sink-bowls-black-counter-top-sinks-wholesale-2-540x540.webp 540w, https:\/\/www.ceramicbasin.com\/wp-content\/uploads\/2025\/06\/wholesale-round-bathroom-sink-bowls-black-counter-top-sinks-wholesale-2-660x660.webp 660w\" sizes=\"(max-width: 800px) 100vw, 800px\" \/><\/figure>\n<\/div>\n<\/div>\n\n\n\n<p><\/p>","protected":false},"excerpt":{"rendered":"<p>Nous vous invitons \u00e0 vous renseigner et \u00e0 passer vos commandes en gros. Ces cuvettes rondes pour \u00e9vier de salle de bains combinent simplicit\u00e9 et luxe. Elles sont fabriqu\u00e9es en c\u00e9ramique de haute qualit\u00e9 par cuisson \u00e0 haute temp\u00e9rature. La surface fine et douce et la finition noire cr\u00e9ent un espace de salle de bains raffin\u00e9. Elles conviennent aux espaces r\u00e9sidentiels, h\u00f4teliers et commerciaux haut de gamme, qui sont devenus tr\u00e8s populaires dans la conception de salles de bains contemporaines.<\/p>\n<table style=\"border-collapse: collapse; width: 311.02pt;\" border=\"0\" width=\"311\" cellspacing=\"0\" cellpadding=\"0\">\n<tbody>\n<tr style=\"height: 17.60pt;\">\n<td class=\"et3\" style=\"height: 17.60pt; width: 108.35pt;\" width=\"108\" height=\"17\">Fabricant<\/td>\n<td class=\"et3\" style=\"width: 202.95pt;\" width=\"202\">HanYu<\/td>\n<\/tr>\n<tr style=\"height: 17.60pt;\">\n<td class=\"et3\" style=\"height: 17.60pt;\" height=\"17\">Num\u00e9ro de mod\u00e8le.<\/td>\n<td class=\"et4\">HY-8007MB<\/td>\n<\/tr>\n<tr style=\"height: 17.60pt;\">\n<td class=\"et3\" style=\"height: 17.60pt;\" height=\"17\">Type<\/td>\n<td class=\"et3\">Cuvette mate, cuvette de comptoir<\/td>\n<\/tr>\n<tr style=\"height: 17.60pt;\">\n<td class=\"et3\" style=\"height: 17.60pt;\" height=\"17\">Forme<\/td>\n<td class=\"et3\">Forme ronde<\/td>\n<\/tr>\n<tr style=\"height: 36.00pt;\">\n<td class=\"et4\" style=\"height: 36.00pt;\" height=\"36\">Couleur<\/td>\n<td class=\"et5\" style=\"width: 202.95pt;\" width=\"202\">Noir\/Blanc\/Bleu\/Gris\/Rose\/Vert\/Marron\/Kaki......<\/td>\n<\/tr>\n<tr style=\"height: 18.00pt;\">\n<td class=\"et3\" style=\"height: 18.00pt;\" height=\"18\">Dimension<\/td>\n<td class=\"et5\" style=\"width: 202.95pt;\" width=\"202\">32.5*32.5*14<\/td>\n<\/tr>\n<tr style=\"height: 17.60pt;\">\n<td class=\"et3\" style=\"height: 17.60pt;\" height=\"17\">N.W \/SET<\/td>\n<td class=\"et3\">7KGS\/PCS<\/td>\n<\/tr>\n<tr style=\"height: 17.60pt;\">\n<td class=\"et3\" style=\"height: 17.60pt;\" height=\"17\">MOQ<\/td>\n<td class=\"et3\">20pcs<\/td>\n<\/tr>\n<tr style=\"height: 17.60pt;\">\n<td class=\"et3\" style=\"height: 17.60pt;\" height=\"17\">Option personnalis\u00e9e<\/td>\n<td class=\"et3\">Couleur\/Pattenue\/Taille\/Logo\/Emballage<\/td>\n<\/tr>\n<\/tbody>\n<\/table>","protected":false},"featured_media":7108,"comment_status":"closed","ping_status":"closed","template":"","meta":{"_acf_changed":false},"product_brand":[],"product_cat":[50,55],"product_tag":[],"class_list":{"0":"post-7068","1":"product","2":"type-product","3":"status-publish","4":"has-post-thumbnail","6":"product_cat-wholesale-countertop-sinks","7":"product_cat-wholesale-matte-sinks","9":"first","10":"instock","11":"shipping-taxable","12":"product-type-simple"},"acf":[],"_links":{"self":[{"href":"https:\/\/www.ceramicbasin.com\/fr\/wp-json\/wp\/v2\/product\/7068","targetHints":{"allow":["GET"]}}],"collection":[{"href":"https:\/\/www.ceramicbasin.com\/fr\/wp-json\/wp\/v2\/product"}],"about":[{"href":"https:\/\/www.ceramicbasin.com\/fr\/wp-json\/wp\/v2\/types\/product"}],"replies":[{"embeddable":true,"href":"https:\/\/www.ceramicbasin.com\/fr\/wp-json\/wp\/v2\/comments?post=7068"}],"wp:featuredmedia":[{"embeddable":true,"href":"https:\/\/www.ceramicbasin.com\/fr\/wp-json\/wp\/v2\/media\/7108"}],"wp:attachment":[{"href":"https:\/\/www.ceramicbasin.com\/fr\/wp-json\/wp\/v2\/media?parent=7068"}],"wp:term":[{"taxonomy":"product_brand","embeddable":true,"href":"https:\/\/www.ceramicbasin.com\/fr\/wp-json\/wp\/v2\/product_brand?post=7068"},{"taxonomy":"product_cat","embeddable":true,"href":"https:\/\/www.ceramicbasin.com\/fr\/wp-json\/wp\/v2\/product_cat?post=7068"},{"taxonomy":"product_tag","embeddable":true,"href":"https:\/\/www.ceramicbasin.com\/fr\/wp-json\/wp\/v2\/product_tag?post=7068"}],"curies":[{"name":"wp","href":"https:\/\/api.w.org\/{rel}","templated":true}]}}