{"id":7075,"date":"2025-06-25T08:59:20","date_gmt":"2025-06-25T08:59:20","guid":{"rendered":"https:\/\/www.ceramicbasin.com\/?post_type=product&#038;p=7075"},"modified":"2025-06-27T16:06:21","modified_gmt":"2025-06-27T16:06:21","slug":"matte-black-bathroom-sink-wholesale","status":"publish","type":"product","link":"https:\/\/www.ceramicbasin.com\/fr\/produit\/matte-black-bathroom-sink-wholesale\/","title":{"rendered":"Best Seller Matte Black Bathroom Sink Wholesale, Custom Countertop Sink"},"content":{"rendered":"<div class=\"wp-block-columns is-layout-flex wp-container-core-columns-is-layout-9d6595d7 wp-block-columns-is-layout-flex\">\n<div class=\"wp-block-column is-layout-flow wp-block-column-is-layout-flow\">\n<h2 class=\"wp-block-heading\">Premium Matte Black Bathroom Sink Wholesale Caract\u00e9ristiques :<\/h2>\n\n\n\n<ul class=\"wp-block-list\">\n<li><strong>Design minimaliste noir mat : <\/strong>Avec sa finition noire mate polie et raffin\u00e9e, ce lavabo de salle de bains noir mat d\u00e9finit le style minimaliste moderne, mettant en valeur une apparence \u00e9litaire compatible avec la finition g\u00e9n\u00e9rale de la salle de bains. Il peut \u00eatre utilis\u00e9 dans les immeubles r\u00e9sidentiels de faible densit\u00e9, les boutiques de luxe, les h\u00f4tels, les magasins commerciaux, etc.<\/li>\n\n\n\n<li><strong>Bestseller :<\/strong> Ce lavabo de salle de bains noir mat est rest\u00e9 un des meilleurs vendeurs dans des \u00e9conomies telles que l'Europe, les Am\u00e9riques et le Moyen-Orient. Son design classique et son stock r\u00e9gulier en font le premier choix pour les achats en gros.<\/li>\n\n\n\n<li><strong>R\u00e9sistant aux rayures et aux empreintes digitales :<\/strong> Notre \u00e9vier de comptoir sur mesure est dot\u00e9 d'un processus de gla\u00e7age mat unique, qui lui conf\u00e8re une texture lisse mais non brillante. La surface est moins susceptible de laisser des rayures et des empreintes digitales, ce qui permet de conserver un aspect haut de gamme m\u00eame apr\u00e8s un usage intensif.<\/li>\n\n\n\n<li><strong>Personnalisation en masse des tailles et des logos de la marque :<\/strong> Notre \u00e9vier de comptoir sur mesure peut \u00eatre personnalis\u00e9 en masse dans diff\u00e9rentes tailles, formes et avec l'impression de logos, ce qui permet de r\u00e9pondre aux diff\u00e9rents besoins des fabricants de marques, des constructeurs et des distributeurs.<\/li>\n<\/ul>\n<\/div>\n\n\n\n<div class=\"wp-block-column is-layout-flow wp-block-column-is-layout-flow\">\n<figure class=\"wp-block-image size-full\"><img fetchpriority=\"high\" decoding=\"async\" width=\"800\" height=\"800\" src=\"https:\/\/www.ceramicbasin.com\/wp-content\/uploads\/2025\/06\/best-seller-matte-black-bathroom-sink-wholesale-custom-countertop-sink-2.webp\" alt=\"best-seller-noir mat-\u00e9vier de salle de bain-en gros-\u00e9vier de comptoir-personnalis\u00e9-2\" class=\"wp-image-7102\" srcset=\"https:\/\/www.ceramicbasin.com\/wp-content\/uploads\/2025\/06\/best-seller-matte-black-bathroom-sink-wholesale-custom-countertop-sink-2.webp 800w, https:\/\/www.ceramicbasin.com\/wp-content\/uploads\/2025\/06\/best-seller-matte-black-bathroom-sink-wholesale-custom-countertop-sink-2-300x300.webp 300w, https:\/\/www.ceramicbasin.com\/wp-content\/uploads\/2025\/06\/best-seller-matte-black-bathroom-sink-wholesale-custom-countertop-sink-2-150x150.webp 150w, https:\/\/www.ceramicbasin.com\/wp-content\/uploads\/2025\/06\/best-seller-matte-black-bathroom-sink-wholesale-custom-countertop-sink-2-768x768.webp 768w, https:\/\/www.ceramicbasin.com\/wp-content\/uploads\/2025\/06\/best-seller-matte-black-bathroom-sink-wholesale-custom-countertop-sink-2-12x12.webp 12w, https:\/\/www.ceramicbasin.com\/wp-content\/uploads\/2025\/06\/best-seller-matte-black-bathroom-sink-wholesale-custom-countertop-sink-2-285x285.webp 285w, https:\/\/www.ceramicbasin.com\/wp-content\/uploads\/2025\/06\/best-seller-matte-black-bathroom-sink-wholesale-custom-countertop-sink-2-270x270.webp 270w, https:\/\/www.ceramicbasin.com\/wp-content\/uploads\/2025\/06\/best-seller-matte-black-bathroom-sink-wholesale-custom-countertop-sink-2-540x540.webp 540w, https:\/\/www.ceramicbasin.com\/wp-content\/uploads\/2025\/06\/best-seller-matte-black-bathroom-sink-wholesale-custom-countertop-sink-2-660x660.webp 660w\" sizes=\"(max-width: 800px) 100vw, 800px\" \/><\/figure>\n<\/div>\n<\/div>","protected":false},"excerpt":{"rendered":"<p>Bienvenue sur le site d'achat en gros d'\u00e9vier de salle de bain noir mat. Ce nouvel \u00e9vier de salle de bain noir mat combine la technologie de cuisson de c\u00e9ramique \u00e0 haute temp\u00e9rature avec un design minimaliste moderne, offrant une combinaison de texture et de praticit\u00e9 qui fournit une solution d'\u00e9vier lisse et fonctionnelle. Disponible pour l'achat en gros et la personnalisation de la marque, il est largement utilis\u00e9 dans les h\u00f4tels, les complexes r\u00e9sidentiels et les lieux commerciaux.<\/p>\n<table style=\"border-collapse: collapse; width: 311.02pt;\" border=\"0\" width=\"311\" cellspacing=\"0\" cellpadding=\"0\">\n<tbody>\n<tr style=\"height: 17.60pt;\">\n<td class=\"et3\" style=\"height: 17.60pt; width: 108.35pt;\" width=\"108\" height=\"17\">Fabricant<\/td>\n<td class=\"et3\" style=\"width: 202.95pt;\" width=\"202\">HanYu<\/td>\n<\/tr>\n<tr style=\"height: 17.60pt;\">\n<td class=\"et3\" style=\"height: 17.60pt;\" height=\"17\">Num\u00e9ro de mod\u00e8le.<\/td>\n<td class=\"et4\">HY-8008MB<\/td>\n<\/tr>\n<tr style=\"height: 17.60pt;\">\n<td class=\"et3\" style=\"height: 17.60pt;\" height=\"17\">Type<\/td>\n<td class=\"et3\">Cuvette mate, cuvette de comptoir<\/td>\n<\/tr>\n<tr style=\"height: 17.60pt;\">\n<td class=\"et3\" style=\"height: 17.60pt;\" height=\"17\">Forme<\/td>\n<td class=\"et3\">Forme ronde<\/td>\n<\/tr>\n<tr style=\"height: 36.00pt;\">\n<td class=\"et4\" style=\"height: 36.00pt;\" height=\"36\">Couleur<\/td>\n<td class=\"et5\" style=\"width: 202.95pt;\" width=\"202\">Noir\/Blanc\/Bleu\/Gris\/Rose\/Vert\/Marron\/Kaki......<\/td>\n<\/tr>\n<tr style=\"height: 18.00pt;\">\n<td class=\"et3\" style=\"height: 18.00pt;\" height=\"18\">Dimension<\/td>\n<td class=\"et5\" style=\"width: 202.95pt;\" width=\"202\">38.5*38.5*10.5<\/td>\n<\/tr>\n<tr style=\"height: 17.60pt;\">\n<td class=\"et3\" style=\"height: 17.60pt;\" height=\"17\">N.W \/SET<\/td>\n<td class=\"et3\">10KGS\/PCS<\/td>\n<\/tr>\n<tr style=\"height: 17.60pt;\">\n<td class=\"et3\" style=\"height: 17.60pt;\" height=\"17\">MOQ<\/td>\n<td class=\"et3\">20pcs<\/td>\n<\/tr>\n<tr style=\"height: 17.60pt;\">\n<td class=\"et3\" style=\"height: 17.60pt;\" height=\"17\">Option personnalis\u00e9e<\/td>\n<td class=\"et3\">Couleur\/Pattenue\/Taille\/Logo\/Emballage<\/td>\n<\/tr>\n<\/tbody>\n<\/table>","protected":false},"featured_media":7101,"comment_status":"closed","ping_status":"closed","template":"","meta":{"_acf_changed":false},"product_brand":[],"product_cat":[50,55],"product_tag":[],"class_list":{"0":"post-7075","1":"product","2":"type-product","3":"status-publish","4":"has-post-thumbnail","6":"product_cat-wholesale-countertop-sinks","7":"product_cat-wholesale-matte-sinks","9":"first","10":"instock","11":"shipping-taxable","12":"product-type-simple"},"acf":[],"_links":{"self":[{"href":"https:\/\/www.ceramicbasin.com\/fr\/wp-json\/wp\/v2\/product\/7075","targetHints":{"allow":["GET"]}}],"collection":[{"href":"https:\/\/www.ceramicbasin.com\/fr\/wp-json\/wp\/v2\/product"}],"about":[{"href":"https:\/\/www.ceramicbasin.com\/fr\/wp-json\/wp\/v2\/types\/product"}],"replies":[{"embeddable":true,"href":"https:\/\/www.ceramicbasin.com\/fr\/wp-json\/wp\/v2\/comments?post=7075"}],"wp:featuredmedia":[{"embeddable":true,"href":"https:\/\/www.ceramicbasin.com\/fr\/wp-json\/wp\/v2\/media\/7101"}],"wp:attachment":[{"href":"https:\/\/www.ceramicbasin.com\/fr\/wp-json\/wp\/v2\/media?parent=7075"}],"wp:term":[{"taxonomy":"product_brand","embeddable":true,"href":"https:\/\/www.ceramicbasin.com\/fr\/wp-json\/wp\/v2\/product_brand?post=7075"},{"taxonomy":"product_cat","embeddable":true,"href":"https:\/\/www.ceramicbasin.com\/fr\/wp-json\/wp\/v2\/product_cat?post=7075"},{"taxonomy":"product_tag","embeddable":true,"href":"https:\/\/www.ceramicbasin.com\/fr\/wp-json\/wp\/v2\/product_tag?post=7075"}],"curies":[{"name":"wp","href":"https:\/\/api.w.org\/{rel}","templated":true}]}}