{"id":7082,"date":"2025-06-25T09:43:23","date_gmt":"2025-06-25T09:43:23","guid":{"rendered":"https:\/\/www.ceramicbasin.com\/?post_type=product&#038;p=7082"},"modified":"2025-06-27T09:44:26","modified_gmt":"2025-06-27T09:44:26","slug":"wholesale-vessel-sink-vanity","status":"publish","type":"product","link":"https:\/\/www.ceramicbasin.com\/fr\/produit\/wholesale-vessel-sink-vanity\/","title":{"rendered":"Lavabo moderne en gros, lavabo de salle de bain personnalis\u00e9 de haute qualit\u00e9 et de conception simple"},"content":{"rendered":"<div class=\"wp-block-columns is-layout-flex wp-container-core-columns-is-layout-9d6595d7 wp-block-columns-is-layout-flex\">\n<div class=\"wp-block-column is-layout-flow wp-block-column-is-layout-flow\">\n<h2 class=\"wp-block-heading\">Premium Wholesale Vessel Sink Vanity Features :<\/h2>\n\n\n\n<ul class=\"wp-block-list\">\n<li><strong>Texture mate : <\/strong>Le traitement de surface mat de ce lavabo de salle de bains sur mesure donne \u00e0 la vasque une touche de modernit\u00e9 et de d\u00e9licatesse. Il est facile \u00e0 nettoyer et convient aux familles modernes qui recherchent un style minimaliste.<\/li>\n\n\n\n<li>B<strong>Remise sur l'achat d'ulk :<\/strong>\u00a0Ce lavabo en c\u00e9ramique est bien accueilli par le march\u00e9 en raison de sa durabilit\u00e9, de sa couleur uniforme, de sa facilit\u00e9 de nettoyage et d'entretien, et de son co\u00fbt \u00e9lev\u00e9. Nous proposons des remises de gros pour les \u00e9viers en c\u00e9ramique afin de r\u00e9pondre aux besoins des projets commerciaux ou de la d\u00e9coration r\u00e9sidentielle \u00e0 grande \u00e9chelle.<\/li>\n\n\n\n<li><strong>\u00c9vier rond moderne et minimaliste :<\/strong> Ce meuble-lavabo en c\u00e9ramique pr\u00e9sente une silhouette \u00e9pur\u00e9e et contemporaine qui s'adapte \u00e0 la plupart des salles de bains, qu'il s'agisse d'une r\u00e9sidence r\u00e9cente ou d'un espace commercial haut de gamme.<\/li>\n\n\n\n<li><strong>Construction robuste en c\u00e9ramique : <\/strong>Ce lavabo de salle de bains personnalis\u00e9 est fabriqu\u00e9 en c\u00e9ramique durable. Non poreux, r\u00e9sistant aux rayures et \u00e0 la d\u00e9coloration, il r\u00e9siste \u00e0 l'usage quotidien pour des ann\u00e9es de beaut\u00e9 et de long\u00e9vit\u00e9.<\/li>\n<\/ul>\n<\/div>\n\n\n\n<div class=\"wp-block-column is-layout-flow wp-block-column-is-layout-flow\">\n<figure class=\"wp-block-image size-full\"><img fetchpriority=\"high\" decoding=\"async\" width=\"800\" height=\"800\" src=\"https:\/\/www.ceramicbasin.com\/wp-content\/uploads\/2025\/06\/modern-wholesale-vessel-sink-vanity-high-grade-custom-bathroom-sink-2.webp\" alt=\"modern-wholesale-vessel-sink-vanity-high-grade-custom-bathroom-sink-2\" class=\"wp-image-7095\" srcset=\"https:\/\/www.ceramicbasin.com\/wp-content\/uploads\/2025\/06\/modern-wholesale-vessel-sink-vanity-high-grade-custom-bathroom-sink-2.webp 800w, https:\/\/www.ceramicbasin.com\/wp-content\/uploads\/2025\/06\/modern-wholesale-vessel-sink-vanity-high-grade-custom-bathroom-sink-2-300x300.webp 300w, https:\/\/www.ceramicbasin.com\/wp-content\/uploads\/2025\/06\/modern-wholesale-vessel-sink-vanity-high-grade-custom-bathroom-sink-2-150x150.webp 150w, https:\/\/www.ceramicbasin.com\/wp-content\/uploads\/2025\/06\/modern-wholesale-vessel-sink-vanity-high-grade-custom-bathroom-sink-2-768x768.webp 768w, https:\/\/www.ceramicbasin.com\/wp-content\/uploads\/2025\/06\/modern-wholesale-vessel-sink-vanity-high-grade-custom-bathroom-sink-2-12x12.webp 12w, https:\/\/www.ceramicbasin.com\/wp-content\/uploads\/2025\/06\/modern-wholesale-vessel-sink-vanity-high-grade-custom-bathroom-sink-2-285x285.webp 285w, https:\/\/www.ceramicbasin.com\/wp-content\/uploads\/2025\/06\/modern-wholesale-vessel-sink-vanity-high-grade-custom-bathroom-sink-2-270x270.webp 270w, https:\/\/www.ceramicbasin.com\/wp-content\/uploads\/2025\/06\/modern-wholesale-vessel-sink-vanity-high-grade-custom-bathroom-sink-2-540x540.webp 540w, https:\/\/www.ceramicbasin.com\/wp-content\/uploads\/2025\/06\/modern-wholesale-vessel-sink-vanity-high-grade-custom-bathroom-sink-2-660x660.webp 660w\" sizes=\"(max-width: 800px) 100vw, 800px\" \/><\/figure>\n<\/div>\n<\/div>","protected":false},"excerpt":{"rendered":"<p>Nous sommes heureux de recevoir vos commandes pour l'\u00e9vier en gros. Cet \u00e9vier rond moderne combine simplicit\u00e9 et sophistication. Il est fabriqu\u00e9 en c\u00e9ramique de haute qualit\u00e9 et con\u00e7u pour une installation facile sur le comptoir. Id\u00e9al pour la vente en gros d'\u00e9viers de salle de bain, il peut \u00eatre enti\u00e8rement personnalis\u00e9 pour votre marque ou votre projet.<\/p>\n<table style=\"border-collapse: collapse; width: 311.02pt;\" border=\"0\" width=\"311\" cellspacing=\"0\" cellpadding=\"0\">\n<tbody>\n<tr style=\"height: 17.60pt;\">\n<td class=\"et3\" style=\"height: 17.60pt; width: 108.35pt;\" width=\"108\" height=\"17\">Fabricant<\/td>\n<td class=\"et3\" style=\"width: 202.95pt;\" width=\"202\">HanYu<\/td>\n<\/tr>\n<tr style=\"height: 17.60pt;\">\n<td class=\"et3\" style=\"height: 17.60pt;\" height=\"17\">Num\u00e9ro de mod\u00e8le.<\/td>\n<td class=\"et4\">HY-8008MW<\/td>\n<\/tr>\n<tr style=\"height: 17.60pt;\">\n<td class=\"et3\" style=\"height: 17.60pt;\" height=\"17\">Type<\/td>\n<td class=\"et3\">Cuvette mate, cuvette de comptoir<\/td>\n<\/tr>\n<tr style=\"height: 17.60pt;\">\n<td class=\"et3\" style=\"height: 17.60pt;\" height=\"17\">Forme<\/td>\n<td class=\"et3\">Forme ronde<\/td>\n<\/tr>\n<tr style=\"height: 36.00pt;\">\n<td class=\"et4\" style=\"height: 36.00pt;\" height=\"36\">Couleur<\/td>\n<td class=\"et5\" style=\"width: 202.95pt;\" width=\"202\">Noir\/Blanc\/Bleu\/Gris\/Rose\/Vert\/Marron\/Kaki......<\/td>\n<\/tr>\n<tr style=\"height: 18.00pt;\">\n<td class=\"et3\" style=\"height: 18.00pt;\" height=\"18\">Dimension<\/td>\n<td class=\"et5\" style=\"width: 202.95pt;\" width=\"202\">38.5*38.5*10.5<\/td>\n<\/tr>\n<tr style=\"height: 17.60pt;\">\n<td class=\"et3\" style=\"height: 17.60pt;\" height=\"17\">N.W \/SET<\/td>\n<td class=\"et3\">10KGS\/PCS<\/td>\n<\/tr>\n<tr style=\"height: 17.60pt;\">\n<td class=\"et3\" style=\"height: 17.60pt;\" height=\"17\">MOQ<\/td>\n<td class=\"et3\">20pcs<\/td>\n<\/tr>\n<tr style=\"height: 17.60pt;\">\n<td class=\"et3\" style=\"height: 17.60pt;\" height=\"17\">Option personnalis\u00e9e<\/td>\n<td class=\"et3\">Couleur\/Pattenue\/Taille\/Logo\/Emballage<\/td>\n<\/tr>\n<\/tbody>\n<\/table>","protected":false},"featured_media":7098,"comment_status":"closed","ping_status":"closed","template":"","meta":{"_acf_changed":false},"product_brand":[],"product_cat":[50,55],"product_tag":[],"class_list":{"0":"post-7082","1":"product","2":"type-product","3":"status-publish","4":"has-post-thumbnail","6":"product_cat-wholesale-countertop-sinks","7":"product_cat-wholesale-matte-sinks","9":"first","10":"instock","11":"shipping-taxable","12":"product-type-simple"},"acf":[],"_links":{"self":[{"href":"https:\/\/www.ceramicbasin.com\/fr\/wp-json\/wp\/v2\/product\/7082","targetHints":{"allow":["GET"]}}],"collection":[{"href":"https:\/\/www.ceramicbasin.com\/fr\/wp-json\/wp\/v2\/product"}],"about":[{"href":"https:\/\/www.ceramicbasin.com\/fr\/wp-json\/wp\/v2\/types\/product"}],"replies":[{"embeddable":true,"href":"https:\/\/www.ceramicbasin.com\/fr\/wp-json\/wp\/v2\/comments?post=7082"}],"wp:featuredmedia":[{"embeddable":true,"href":"https:\/\/www.ceramicbasin.com\/fr\/wp-json\/wp\/v2\/media\/7098"}],"wp:attachment":[{"href":"https:\/\/www.ceramicbasin.com\/fr\/wp-json\/wp\/v2\/media?parent=7082"}],"wp:term":[{"taxonomy":"product_brand","embeddable":true,"href":"https:\/\/www.ceramicbasin.com\/fr\/wp-json\/wp\/v2\/product_brand?post=7082"},{"taxonomy":"product_cat","embeddable":true,"href":"https:\/\/www.ceramicbasin.com\/fr\/wp-json\/wp\/v2\/product_cat?post=7082"},{"taxonomy":"product_tag","embeddable":true,"href":"https:\/\/www.ceramicbasin.com\/fr\/wp-json\/wp\/v2\/product_tag?post=7082"}],"curies":[{"name":"wp","href":"https:\/\/api.w.org\/{rel}","templated":true}]}}