{"id":7148,"date":"2025-07-07T07:45:57","date_gmt":"2025-07-07T07:45:57","guid":{"rendered":"https:\/\/www.ceramicbasin.com\/?post_type=product&#038;p=7148"},"modified":"2025-11-05T03:21:55","modified_gmt":"2025-11-05T03:21:55","slug":"custom-white-ceramic-bathroom-sink","status":"publish","type":"product","link":"https:\/\/www.ceramicbasin.com\/fr\/produit\/custom-white-ceramic-bathroom-sink\/","title":{"rendered":"Lavabo de salle de bain en c\u00e9ramique blanche, bassin carr\u00e9 Wholesale"},"content":{"rendered":"<div class=\"wp-block-columns is-layout-flex wp-container-core-columns-is-layout-9d6595d7 wp-block-columns-is-layout-flex\">\n<div class=\"wp-block-column is-layout-flow wp-block-column-is-layout-flow\">\n<h2 class=\"wp-block-heading\">Premium Custom White Ceramic Bathroom Sink Features :<\/h2>\n\n\n\n<ul class=\"wp-block-list\">\n<li><strong>Cr\u00e9ation de mode :<\/strong> Notre lavabo de salle de bain en c\u00e9ramique blanche au design personnalis\u00e9 a un aspect tr\u00e8s tendance avec des lignes douces, est con\u00e7u pour diff\u00e9rents styles de salle de bain et apporte beaut\u00e9 et gr\u00e2ce \u00e0 l'ensemble de l'espace.<\/li>\n\n\n\n<li><strong>Mat\u00e9riau c\u00e9ramique de premi\u00e8re qualit\u00e9 :<\/strong> Nos \u00e9viers de comptoir en vrac sont fabriqu\u00e9s en verre de premi\u00e8re qualit\u00e9, d'une grande transparence et d'une texture fine, ce qui leur conf\u00e8re d'excellentes performances visuelles et un sentiment de modernit\u00e9, tout en garantissant la stabilit\u00e9 et la beaut\u00e9 du produit.<\/li>\n\n\n\n<li><strong>Installation facile : <\/strong>Comme les lavabos de salle de bains en c\u00e9ramique blanche sont sp\u00e9cialement con\u00e7us pour \u00eatre install\u00e9s au-dessus du comptoir, ils sont faciles \u00e0 installer et constituent une option sans probl\u00e8me pour les nouvelles constructions et les r\u00e9novations de salles de bains.<\/li>\n\n\n\n<li><strong>Compatible avec divers robinets :<\/strong> La norme d'ouverture des \u00e9viers de comptoir carr\u00e9s s'adapte \u00e0 presque tous les types de robinets de lavabos de comptoir.<\/li>\n<\/ul>\n<\/div>\n\n\n\n<div class=\"wp-block-column is-layout-flow wp-block-column-is-layout-flow\">\n<figure class=\"wp-block-image size-full\"><img fetchpriority=\"high\" decoding=\"async\" width=\"884\" height=\"883\" src=\"https:\/\/www.ceramicbasin.com\/wp-content\/uploads\/2025\/07\/White-Color-Square-Ceramic-Art-Wash-Basin-Bathroom-Vanities-Counter-Top-Sink-2.webp\" alt=\"custom-white-ceramic-bathroom-sink-square-vanities-counter-top-sink-wholesale-2\" class=\"wp-image-7150\" srcset=\"https:\/\/www.ceramicbasin.com\/wp-content\/uploads\/2025\/07\/White-Color-Square-Ceramic-Art-Wash-Basin-Bathroom-Vanities-Counter-Top-Sink-2.webp 884w, https:\/\/www.ceramicbasin.com\/wp-content\/uploads\/2025\/07\/White-Color-Square-Ceramic-Art-Wash-Basin-Bathroom-Vanities-Counter-Top-Sink-2-300x300.webp 300w, https:\/\/www.ceramicbasin.com\/wp-content\/uploads\/2025\/07\/White-Color-Square-Ceramic-Art-Wash-Basin-Bathroom-Vanities-Counter-Top-Sink-2-150x150.webp 150w, https:\/\/www.ceramicbasin.com\/wp-content\/uploads\/2025\/07\/White-Color-Square-Ceramic-Art-Wash-Basin-Bathroom-Vanities-Counter-Top-Sink-2-768x767.webp 768w, https:\/\/www.ceramicbasin.com\/wp-content\/uploads\/2025\/07\/White-Color-Square-Ceramic-Art-Wash-Basin-Bathroom-Vanities-Counter-Top-Sink-2-12x12.webp 12w, https:\/\/www.ceramicbasin.com\/wp-content\/uploads\/2025\/07\/White-Color-Square-Ceramic-Art-Wash-Basin-Bathroom-Vanities-Counter-Top-Sink-2-285x285.webp 285w, https:\/\/www.ceramicbasin.com\/wp-content\/uploads\/2025\/07\/White-Color-Square-Ceramic-Art-Wash-Basin-Bathroom-Vanities-Counter-Top-Sink-2-270x270.webp 270w, https:\/\/www.ceramicbasin.com\/wp-content\/uploads\/2025\/07\/White-Color-Square-Ceramic-Art-Wash-Basin-Bathroom-Vanities-Counter-Top-Sink-2-540x540.webp 540w, https:\/\/www.ceramicbasin.com\/wp-content\/uploads\/2025\/07\/White-Color-Square-Ceramic-Art-Wash-Basin-Bathroom-Vanities-Counter-Top-Sink-2-660x660.webp 660w\" sizes=\"(max-width: 884px) 100vw, 884px\" \/><\/figure>\n<\/div>\n<\/div>\n\n\n\n<p><\/p>","protected":false},"excerpt":{"rendered":"<p>Nous vous invitons \u00e0 acheter notre \u00e9vier de salle de bain en c\u00e9ramique blanche. Fabriqu\u00e9 en c\u00e9ramique de qualit\u00e9 sup\u00e9rieure et d'aspect minimaliste et \u00e9pur\u00e9, cet \u00e9vier de comptoir est durable, facile \u00e0 installer et parfait pour les salles de bains modernes. C'est un choix id\u00e9al pour la d\u00e9coration de la salle de bains. Nous offrons des rabais de gros sur ce design populaire pour r\u00e9pondre aux besoins des projets commerciaux ou des grandes r\u00e9novations r\u00e9sidentielles.<\/p>\n<table style=\"border-collapse: collapse; width: 358.52pt;\" border=\"0\" width=\"478\" cellspacing=\"0\" cellpadding=\"0\">\n<tbody>\n<tr style=\"height: 17.25pt;\">\n<td class=\"et3\" style=\"height: 17.25pt; width: 125.00pt;\" width=\"166\" height=\"23\">Fabricant<\/td>\n<td class=\"et3\" style=\"width: 234.15pt;\" width=\"312\">HanYu<\/td>\n<\/tr>\n<tr style=\"height: 17.25pt;\">\n<td class=\"et3\" style=\"height: 17.25pt;\" height=\"23\">Num\u00e9ro de mod\u00e8le.<\/td>\n<td class=\"et4\">HY-403<\/td>\n<\/tr>\n<tr style=\"height: 17.25pt;\">\n<td class=\"et3\" style=\"height: 17.25pt;\" height=\"23\">Type<\/td>\n<td class=\"et5\" style=\"width: 234.15pt;\" width=\"312\">Eviers de comptoir<\/td>\n<\/tr>\n<tr style=\"height: 18.00pt;\">\n<td class=\"et3\" style=\"height: 18.00pt;\" height=\"24\">Forme<\/td>\n<td class=\"et3\">Forme carr\u00e9e<\/td>\n<\/tr>\n<tr style=\"height: 34.50pt;\">\n<td class=\"et4\" style=\"height: 34.50pt;\" height=\"46\">Couleur<\/td>\n<td class=\"et5\" style=\"width: 234.15pt;\" width=\"312\">noir\/blanc\/bleu\/gris\/rose\/vert\/marron\/kaki<\/td>\n<\/tr>\n<tr style=\"height: 18.00pt;\">\n<td class=\"et3\" style=\"height: 18.00pt;\" height=\"24\">Dimension<\/td>\n<td class=\"et5\" style=\"width: 234.15pt;\" width=\"312\">\n<p>46*46*15.5<\/p>\n<\/td>\n<\/tr>\n<tr style=\"height: 17.25pt;\">\n<td class=\"et3\" style=\"height: 17.25pt;\" height=\"23\">N.W \/SET<\/td>\n<td class=\"et3\">14.5KGS\/PCS<\/td>\n<\/tr>\n<tr style=\"height: 17.25pt;\">\n<td class=\"et3\" style=\"height: 17.25pt;\" height=\"23\">MOQ<\/td>\n<td class=\"et3\">20pcs<\/td>\n<\/tr>\n<tr style=\"height: 17.25pt;\">\n<td class=\"et3\" style=\"height: 17.25pt;\" height=\"23\">Option personnalis\u00e9e<\/td>\n<td class=\"et3\">Couleur\/Pattenue\/Taille\/Logo\/Emballage<\/td>\n<\/tr>\n<\/tbody>\n<\/table>","protected":false},"featured_media":7155,"comment_status":"closed","ping_status":"closed","template":"","meta":{"_acf_changed":false},"product_brand":[],"product_cat":[50],"product_tag":[],"class_list":{"0":"post-7148","1":"product","2":"type-product","3":"status-publish","4":"has-post-thumbnail","6":"product_cat-wholesale-countertop-sinks","8":"first","9":"instock","10":"shipping-taxable","11":"product-type-simple"},"acf":[],"_links":{"self":[{"href":"https:\/\/www.ceramicbasin.com\/fr\/wp-json\/wp\/v2\/product\/7148","targetHints":{"allow":["GET"]}}],"collection":[{"href":"https:\/\/www.ceramicbasin.com\/fr\/wp-json\/wp\/v2\/product"}],"about":[{"href":"https:\/\/www.ceramicbasin.com\/fr\/wp-json\/wp\/v2\/types\/product"}],"replies":[{"embeddable":true,"href":"https:\/\/www.ceramicbasin.com\/fr\/wp-json\/wp\/v2\/comments?post=7148"}],"wp:featuredmedia":[{"embeddable":true,"href":"https:\/\/www.ceramicbasin.com\/fr\/wp-json\/wp\/v2\/media\/7155"}],"wp:attachment":[{"href":"https:\/\/www.ceramicbasin.com\/fr\/wp-json\/wp\/v2\/media?parent=7148"}],"wp:term":[{"taxonomy":"product_brand","embeddable":true,"href":"https:\/\/www.ceramicbasin.com\/fr\/wp-json\/wp\/v2\/product_brand?post=7148"},{"taxonomy":"product_cat","embeddable":true,"href":"https:\/\/www.ceramicbasin.com\/fr\/wp-json\/wp\/v2\/product_cat?post=7148"},{"taxonomy":"product_tag","embeddable":true,"href":"https:\/\/www.ceramicbasin.com\/fr\/wp-json\/wp\/v2\/product_tag?post=7148"}],"curies":[{"name":"wp","href":"https:\/\/api.w.org\/{rel}","templated":true}]}}