{"id":7165,"date":"2025-07-07T10:45:14","date_gmt":"2025-07-07T10:45:14","guid":{"rendered":"https:\/\/www.ceramicbasin.com\/?post_type=product&#038;p=7165"},"modified":"2025-11-03T07:38:11","modified_gmt":"2025-11-03T07:38:11","slug":"wall-hung-bathroom-sink-wholesale-2","status":"publish","type":"product","link":"https:\/\/www.ceramicbasin.com\/fr\/produit\/wall-hung-bathroom-sink-wholesale-2\/","title":{"rendered":"Evier de salle de bain suspendu Wholesale With Towel Shelf Design"},"content":{"rendered":"<div class=\"wp-block-columns is-layout-flex wp-container-core-columns-is-layout-9d6595d7 wp-block-columns-is-layout-flex\">\n<div class=\"wp-block-column is-layout-flow wp-block-column-is-layout-flow\">\n<h2 class=\"wp-block-heading\">Premium Wall Hung Bathroom Sink Wholesale Caract\u00e9ristiques :<\/h2>\n\n\n\n<ul class=\"wp-block-list\">\n<li><strong>Conception artistique :<\/strong> Le lavabo de salle de bains sur mesure allie luxe et beaut\u00e9 artistique. Le style rectangulaire est \u00e0 la mode et raffin\u00e9. Il poss\u00e8de une forme unique et des d\u00e9tails minutieux, ce qui donne une impression d'ornementation artistique contemporaine \u00e0 l'espace de la salle de bains.<\/li>\n\n\n\n<li><strong>Type de montage mural :<\/strong> Notre \u00e9vier de salle de bains suspendu est un mod\u00e8le d'installation murale, qui ne prend pas de place au sol et convient aux salles de bains de petite et moyenne taille, aux h\u00f4tels et aux salles d'affaires.<\/li>\n\n\n\n<li><strong>Porte-serviettes fonctionnel :<\/strong> Notre \u00e9vier de salle de bains suspendu au mur avec porte-serviettes int\u00e9gr\u00e9 int\u00e8gre les fonctions de lavage des mains et de stockage en parfaite harmonie, am\u00e9liorant ainsi la fonctionnalit\u00e9 et l'hygi\u00e8ne de la salle de bains.<\/li>\n\n\n\n<li><strong>Excellente c\u00e9ramique :<\/strong> L'\u00e9vier de salle de bains fabriqu\u00e9 sur mesure est produit par cuisson c\u00e9ramique \u00e0 haute temp\u00e9rature, la surface est dense et lisse, anti-t\u00e2ches, facile \u00e0 entretenir et d'une longue dur\u00e9e de vie.<\/li>\n<\/ul>\n<\/div>\n\n\n\n<div class=\"wp-block-column is-layout-flow wp-block-column-is-layout-flow\">\n<figure class=\"wp-block-image size-full\"><img fetchpriority=\"high\" decoding=\"async\" width=\"1024\" height=\"1024\" src=\"https:\/\/www.ceramicbasin.com\/wp-content\/uploads\/2025\/07\/China-Factory-Small-Wall-Hung-Rectangular-Basin-With-Towel-Shelf-Luxury-Artistic-Ceramic-Custom-Bathroom-Sink-5.webp\" alt=\"\u00e9vier-salle-de-bain-mural-avec-tablette-\u00e0-serviettes-c\u00e9ramique-personnalis\u00e9e-\u00e9vier-salle-de-bain-5\" class=\"wp-image-7170\" srcset=\"https:\/\/www.ceramicbasin.com\/wp-content\/uploads\/2025\/07\/China-Factory-Small-Wall-Hung-Rectangular-Basin-With-Towel-Shelf-Luxury-Artistic-Ceramic-Custom-Bathroom-Sink-5.webp 1024w, https:\/\/www.ceramicbasin.com\/wp-content\/uploads\/2025\/07\/China-Factory-Small-Wall-Hung-Rectangular-Basin-With-Towel-Shelf-Luxury-Artistic-Ceramic-Custom-Bathroom-Sink-5-300x300.webp 300w, https:\/\/www.ceramicbasin.com\/wp-content\/uploads\/2025\/07\/China-Factory-Small-Wall-Hung-Rectangular-Basin-With-Towel-Shelf-Luxury-Artistic-Ceramic-Custom-Bathroom-Sink-5-150x150.webp 150w, https:\/\/www.ceramicbasin.com\/wp-content\/uploads\/2025\/07\/China-Factory-Small-Wall-Hung-Rectangular-Basin-With-Towel-Shelf-Luxury-Artistic-Ceramic-Custom-Bathroom-Sink-5-768x768.webp 768w, https:\/\/www.ceramicbasin.com\/wp-content\/uploads\/2025\/07\/China-Factory-Small-Wall-Hung-Rectangular-Basin-With-Towel-Shelf-Luxury-Artistic-Ceramic-Custom-Bathroom-Sink-5-12x12.webp 12w, https:\/\/www.ceramicbasin.com\/wp-content\/uploads\/2025\/07\/China-Factory-Small-Wall-Hung-Rectangular-Basin-With-Towel-Shelf-Luxury-Artistic-Ceramic-Custom-Bathroom-Sink-5-285x285.webp 285w, https:\/\/www.ceramicbasin.com\/wp-content\/uploads\/2025\/07\/China-Factory-Small-Wall-Hung-Rectangular-Basin-With-Towel-Shelf-Luxury-Artistic-Ceramic-Custom-Bathroom-Sink-5-270x270.webp 270w, https:\/\/www.ceramicbasin.com\/wp-content\/uploads\/2025\/07\/China-Factory-Small-Wall-Hung-Rectangular-Basin-With-Towel-Shelf-Luxury-Artistic-Ceramic-Custom-Bathroom-Sink-5-540x540.webp 540w, https:\/\/www.ceramicbasin.com\/wp-content\/uploads\/2025\/07\/China-Factory-Small-Wall-Hung-Rectangular-Basin-With-Towel-Shelf-Luxury-Artistic-Ceramic-Custom-Bathroom-Sink-5-660x660.webp 660w\" sizes=\"(max-width: 1024px) 100vw, 1024px\" \/><\/figure>\n<\/div>\n<\/div>","protected":false},"excerpt":{"rendered":"<p>Nous vous invitons \u00e0 contacter Hanyu pour acheter le m\u00e9lange parfait de luxe et de fonction avec notre \u00e9vier de salle de bain suspendu en gros. Dot\u00e9 d'un design artistique et d'une \u00e9tag\u00e8re \u00e0 serviettes int\u00e9gr\u00e9e, ce lavabo de salle de bain personnalis\u00e9 et peu encombrant est id\u00e9al pour les salles de bain modernes, les h\u00f4tels et les espaces commerciaux. La vente en gros et la personnalisation sont disponibles !<\/p>\n<table style=\"border-collapse: collapse; width: 358.52pt;\" border=\"0\" width=\"478\" cellspacing=\"0\" cellpadding=\"0\">\n<tbody>\n<tr style=\"height: 17.25pt;\">\n<td class=\"et3\" style=\"height: 17.25pt; width: 125.00pt;\" width=\"166\" height=\"23\">Fabricant<\/td>\n<td class=\"et3\" style=\"width: 234.15pt;\" width=\"312\">HanYu<\/td>\n<\/tr>\n<tr style=\"height: 17.25pt;\">\n<td class=\"et3\" style=\"height: 17.25pt;\" height=\"23\">Num\u00e9ro de mod\u00e8le.<\/td>\n<td class=\"et4\">HY-8135-S2\/46<\/td>\n<\/tr>\n<tr style=\"height: 17.25pt;\">\n<td class=\"et3\" style=\"height: 17.25pt;\" height=\"23\">Type<\/td>\n<td class=\"et5\" style=\"width: 234.15pt;\" width=\"312\">Eviers suspendus<\/td>\n<\/tr>\n<tr style=\"height: 18.00pt;\">\n<td class=\"et3\" style=\"height: 18.00pt;\" height=\"24\">Forme<\/td>\n<td class=\"et3\">Forme rectangulaire<\/td>\n<\/tr>\n<tr style=\"height: 34.50pt;\">\n<td class=\"et4\" style=\"height: 34.50pt;\" height=\"46\">Couleur<\/td>\n<td class=\"et5\" style=\"width: 234.15pt;\" width=\"312\">noir\/blanc\/bleu\/gris\/rose\/vert\/marron\/kaki<\/td>\n<\/tr>\n<tr style=\"height: 18.00pt;\">\n<td class=\"et3\" style=\"height: 18.00pt;\" height=\"24\">Dimension<\/td>\n<td class=\"et5\" style=\"width: 234.15pt;\" width=\"312\">51*36*22.5<\/td>\n<\/tr>\n<tr style=\"height: 17.25pt;\">\n<td class=\"et3\" style=\"height: 17.25pt;\" height=\"23\">N.W \/SET<\/td>\n<td class=\"et3\">14KGS\/PCS<\/td>\n<\/tr>\n<tr style=\"height: 17.25pt;\">\n<td class=\"et3\" style=\"height: 17.25pt;\" height=\"23\">MOQ<\/td>\n<td class=\"et3\">20pcs<\/td>\n<\/tr>\n<tr style=\"height: 17.25pt;\">\n<td class=\"et3\" style=\"height: 17.25pt;\" height=\"23\">Option personnalis\u00e9e<\/td>\n<td class=\"et3\">Couleur\/Pattenue\/Taille\/Logo\/Emballage<\/td>\n<\/tr>\n<\/tbody>\n<\/table>","protected":false},"featured_media":7166,"comment_status":"closed","ping_status":"closed","template":"","meta":{"_acf_changed":false},"product_brand":[],"product_cat":[57],"product_tag":[],"class_list":{"0":"post-7165","1":"product","2":"type-product","3":"status-publish","4":"has-post-thumbnail","6":"product_cat-wholesale-wall-mounted-sinks","8":"first","9":"instock","10":"shipping-taxable","11":"product-type-simple"},"acf":[],"_links":{"self":[{"href":"https:\/\/www.ceramicbasin.com\/fr\/wp-json\/wp\/v2\/product\/7165","targetHints":{"allow":["GET"]}}],"collection":[{"href":"https:\/\/www.ceramicbasin.com\/fr\/wp-json\/wp\/v2\/product"}],"about":[{"href":"https:\/\/www.ceramicbasin.com\/fr\/wp-json\/wp\/v2\/types\/product"}],"replies":[{"embeddable":true,"href":"https:\/\/www.ceramicbasin.com\/fr\/wp-json\/wp\/v2\/comments?post=7165"}],"wp:featuredmedia":[{"embeddable":true,"href":"https:\/\/www.ceramicbasin.com\/fr\/wp-json\/wp\/v2\/media\/7166"}],"wp:attachment":[{"href":"https:\/\/www.ceramicbasin.com\/fr\/wp-json\/wp\/v2\/media?parent=7165"}],"wp:term":[{"taxonomy":"product_brand","embeddable":true,"href":"https:\/\/www.ceramicbasin.com\/fr\/wp-json\/wp\/v2\/product_brand?post=7165"},{"taxonomy":"product_cat","embeddable":true,"href":"https:\/\/www.ceramicbasin.com\/fr\/wp-json\/wp\/v2\/product_cat?post=7165"},{"taxonomy":"product_tag","embeddable":true,"href":"https:\/\/www.ceramicbasin.com\/fr\/wp-json\/wp\/v2\/product_tag?post=7165"}],"curies":[{"name":"wp","href":"https:\/\/api.w.org\/{rel}","templated":true}]}}