{"id":7172,"date":"2025-07-07T08:41:00","date_gmt":"2025-07-07T08:41:00","guid":{"rendered":"https:\/\/www.ceramicbasin.com\/?post_type=product&#038;p=7172"},"modified":"2025-11-03T07:40:10","modified_gmt":"2025-11-03T07:40:10","slug":"small-wall-mounted-basin-wholesale","status":"publish","type":"product","link":"https:\/\/www.ceramicbasin.com\/fr\/produit\/small-wall-mounted-basin-wholesale\/","title":{"rendered":"Petit lavabo mural en gros avec porte-serviettes Design"},"content":{"rendered":"<div class=\"wp-block-columns is-layout-flex wp-container-core-columns-is-layout-9d6595d7 wp-block-columns-is-layout-flex\">\n<div class=\"wp-block-column is-layout-flow wp-block-column-is-layout-flow\">\n<h2 class=\"wp-block-heading\">Premium Small Wall Mounted Basin Wholesale Caract\u00e9ristiques :<\/h2>\n\n\n\n<ul class=\"wp-block-list\">\n<li><strong>Conception sp\u00e9ciale du porte-serviettes :<\/strong>\u00a0Ce petit lavabo mural est dot\u00e9 d'un \u00e9l\u00e9gant porte-serviettes et de lignes douces. Il ajoute une touche de douceur et de modernit\u00e9 \u00e0 l'espace, \u00e9conomise d'autres porte-serviettes et permet \u00e0 la salle de bains de s\u00e9cher davantage.<\/li>\n\n\n\n<li><strong>Installation murale : <\/strong>Le mod\u00e8le mural est peu encombrant et facile \u00e0 nettoyer. Les bols en c\u00e9ramique personnalis\u00e9s sont particuli\u00e8rement adapt\u00e9s aux petites salles de bains modernes, apportant ordre et modernit\u00e9 \u00e0 l'ensemble de la pi\u00e8ce.<\/li>\n\n\n\n<li><strong>Traitement de l'\u00e9mail facile \u00e0 nettoyer :<\/strong> L'ext\u00e9rieur de ce petit bassin mural est recouvert d'un \u00e9mail sp\u00e9cial, facile \u00e0 nettoyer, lisse et doux, sur lequel les taches adh\u00e8rent difficilement et qui est facile \u00e0 nettoyer.<\/li>\n\n\n\n<li><strong>Achat en gros avec remise : <\/strong>En tant que fabricant et fournisseur professionnel de bassins en c\u00e9ramique, nous proposons des prix de gros tr\u00e8s int\u00e9ressants, qui conviennent aux grands projets de d\u00e9coration tels que les h\u00f4tels, les appartements, les bureaux, etc.<\/li>\n<\/ul>\n<\/div>\n\n\n\n<div class=\"wp-block-column is-layout-flow wp-block-column-is-layout-flow\">\n<figure class=\"wp-block-image size-full\"><img fetchpriority=\"high\" decoding=\"async\" width=\"1024\" height=\"1024\" src=\"https:\/\/www.ceramicbasin.com\/wp-content\/uploads\/2025\/07\/White-Ceramic-Rectangular-Hand-Wash-Wall-Mounted-China-Design-Vessel-Bathroom-Hanging-Towel-Basin-5.webp\" alt=\"petit-vasque-mural-vasque-en-gros-rectangulaire-personnalis\u00e9-avec-serviette-de-salle-de-bain-5\" class=\"wp-image-7177\" srcset=\"https:\/\/www.ceramicbasin.com\/wp-content\/uploads\/2025\/07\/White-Ceramic-Rectangular-Hand-Wash-Wall-Mounted-China-Design-Vessel-Bathroom-Hanging-Towel-Basin-5.webp 1024w, https:\/\/www.ceramicbasin.com\/wp-content\/uploads\/2025\/07\/White-Ceramic-Rectangular-Hand-Wash-Wall-Mounted-China-Design-Vessel-Bathroom-Hanging-Towel-Basin-5-300x300.webp 300w, https:\/\/www.ceramicbasin.com\/wp-content\/uploads\/2025\/07\/White-Ceramic-Rectangular-Hand-Wash-Wall-Mounted-China-Design-Vessel-Bathroom-Hanging-Towel-Basin-5-150x150.webp 150w, https:\/\/www.ceramicbasin.com\/wp-content\/uploads\/2025\/07\/White-Ceramic-Rectangular-Hand-Wash-Wall-Mounted-China-Design-Vessel-Bathroom-Hanging-Towel-Basin-5-768x768.webp 768w, https:\/\/www.ceramicbasin.com\/wp-content\/uploads\/2025\/07\/White-Ceramic-Rectangular-Hand-Wash-Wall-Mounted-China-Design-Vessel-Bathroom-Hanging-Towel-Basin-5-12x12.webp 12w, https:\/\/www.ceramicbasin.com\/wp-content\/uploads\/2025\/07\/White-Ceramic-Rectangular-Hand-Wash-Wall-Mounted-China-Design-Vessel-Bathroom-Hanging-Towel-Basin-5-285x285.webp 285w, https:\/\/www.ceramicbasin.com\/wp-content\/uploads\/2025\/07\/White-Ceramic-Rectangular-Hand-Wash-Wall-Mounted-China-Design-Vessel-Bathroom-Hanging-Towel-Basin-5-270x270.webp 270w, https:\/\/www.ceramicbasin.com\/wp-content\/uploads\/2025\/07\/White-Ceramic-Rectangular-Hand-Wash-Wall-Mounted-China-Design-Vessel-Bathroom-Hanging-Towel-Basin-5-540x540.webp 540w, https:\/\/www.ceramicbasin.com\/wp-content\/uploads\/2025\/07\/White-Ceramic-Rectangular-Hand-Wash-Wall-Mounted-China-Design-Vessel-Bathroom-Hanging-Towel-Basin-5-660x660.webp 660w\" sizes=\"(max-width: 1024px) 100vw, 1024px\" \/><\/figure>\n<\/div>\n<\/div>\n\n\n\n<p><\/p>","protected":false},"excerpt":{"rendered":"<p>N'h\u00e9sitez pas \u00e0 acheter en gros nos petites vasques murales. Les vasques en c\u00e9ramique \u00e0 suspendre en gros ont une forme rectangulaire \u00e9pur\u00e9e et sont dot\u00e9es d'un porte-serviettes int\u00e9gr\u00e9. Ce lavabo en c\u00e9ramique personnalis\u00e9 convient aux petites pi\u00e8ces. La vente en gros et la personnalisation sont les bienvenues !<\/p>\n<table style=\"border-collapse: collapse; width: 358.52pt;\" border=\"0\" width=\"478\" cellspacing=\"0\" cellpadding=\"0\">\n<tbody>\n<tr style=\"height: 17.25pt;\">\n<td class=\"et3\" style=\"height: 17.25pt; width: 125.00pt;\" width=\"166\" height=\"23\">Fabricant<\/td>\n<td class=\"et3\" style=\"width: 234.15pt;\" width=\"312\">HanYu<\/td>\n<\/tr>\n<tr style=\"height: 17.25pt;\">\n<td class=\"et3\" style=\"height: 17.25pt;\" height=\"23\">Num\u00e9ro de mod\u00e8le.<\/td>\n<td class=\"et4\">HY-8136-S2\/55<\/td>\n<\/tr>\n<tr style=\"height: 17.25pt;\">\n<td class=\"et3\" style=\"height: 17.25pt;\" height=\"23\">Type<\/td>\n<td class=\"et5\" style=\"width: 234.15pt;\" width=\"312\">Eviers suspendus<\/td>\n<\/tr>\n<tr style=\"height: 18.00pt;\">\n<td class=\"et3\" style=\"height: 18.00pt;\" height=\"24\">Forme<\/td>\n<td class=\"et3\">Forme rectangulaire<\/td>\n<\/tr>\n<tr style=\"height: 34.50pt;\">\n<td class=\"et4\" style=\"height: 34.50pt;\" height=\"46\">Couleur<\/td>\n<td class=\"et5\" style=\"width: 234.15pt;\" width=\"312\">noir\/blanc\/bleu\/gris\/rose\/vert\/marron\/kaki<\/td>\n<\/tr>\n<tr style=\"height: 18.00pt;\">\n<td class=\"et3\" style=\"height: 18.00pt;\" height=\"24\">Dimension<\/td>\n<td class=\"et5\" style=\"width: 234.15pt;\" width=\"312\">60.5*36*23.3<\/td>\n<\/tr>\n<tr style=\"height: 17.25pt;\">\n<td class=\"et3\" style=\"height: 17.25pt;\" height=\"23\">N.W \/SET<\/td>\n<td class=\"et3\">16KGS\/PCS<\/td>\n<\/tr>\n<tr style=\"height: 17.25pt;\">\n<td class=\"et3\" style=\"height: 17.25pt;\" height=\"23\">MOQ<\/td>\n<td class=\"et3\">20pcs<\/td>\n<\/tr>\n<tr style=\"height: 17.25pt;\">\n<td class=\"et3\" style=\"height: 17.25pt;\" height=\"23\">Option personnalis\u00e9e<\/td>\n<td class=\"et3\">Couleur\/Pattenue\/Taille\/Logo\/Emballage<\/td>\n<\/tr>\n<\/tbody>\n<\/table>","protected":false},"featured_media":7176,"comment_status":"closed","ping_status":"closed","template":"","meta":{"_acf_changed":false},"product_brand":[],"product_cat":[57],"product_tag":[],"class_list":{"0":"post-7172","1":"product","2":"type-product","3":"status-publish","4":"has-post-thumbnail","6":"product_cat-wholesale-wall-mounted-sinks","8":"first","9":"instock","10":"shipping-taxable","11":"product-type-simple"},"acf":[],"_links":{"self":[{"href":"https:\/\/www.ceramicbasin.com\/fr\/wp-json\/wp\/v2\/product\/7172","targetHints":{"allow":["GET"]}}],"collection":[{"href":"https:\/\/www.ceramicbasin.com\/fr\/wp-json\/wp\/v2\/product"}],"about":[{"href":"https:\/\/www.ceramicbasin.com\/fr\/wp-json\/wp\/v2\/types\/product"}],"replies":[{"embeddable":true,"href":"https:\/\/www.ceramicbasin.com\/fr\/wp-json\/wp\/v2\/comments?post=7172"}],"wp:featuredmedia":[{"embeddable":true,"href":"https:\/\/www.ceramicbasin.com\/fr\/wp-json\/wp\/v2\/media\/7176"}],"wp:attachment":[{"href":"https:\/\/www.ceramicbasin.com\/fr\/wp-json\/wp\/v2\/media?parent=7172"}],"wp:term":[{"taxonomy":"product_brand","embeddable":true,"href":"https:\/\/www.ceramicbasin.com\/fr\/wp-json\/wp\/v2\/product_brand?post=7172"},{"taxonomy":"product_cat","embeddable":true,"href":"https:\/\/www.ceramicbasin.com\/fr\/wp-json\/wp\/v2\/product_cat?post=7172"},{"taxonomy":"product_tag","embeddable":true,"href":"https:\/\/www.ceramicbasin.com\/fr\/wp-json\/wp\/v2\/product_tag?post=7172"}],"curies":[{"name":"wp","href":"https:\/\/api.w.org\/{rel}","templated":true}]}}