{"id":7194,"date":"2025-07-11T09:24:20","date_gmt":"2025-07-11T09:24:20","guid":{"rendered":"https:\/\/www.ceramicbasin.com\/?post_type=product&#038;p=7194"},"modified":"2025-07-17T09:25:29","modified_gmt":"2025-07-17T09:25:29","slug":"large-ceramic-sink-wholesale","status":"publish","type":"product","link":"https:\/\/www.ceramicbasin.com\/fr\/produit\/large-ceramic-sink-wholesale\/","title":{"rendered":"Grand \u00e9vier en c\u00e9ramique grossiste, lavabos de comptoir grossiste"},"content":{"rendered":"<div class=\"wp-block-columns is-layout-flex wp-container-core-columns-is-layout-9d6595d7 wp-block-columns-is-layout-flex\">\n<div class=\"wp-block-column is-layout-flow wp-block-column-is-layout-flow\">\n<h2 class=\"wp-block-heading\">Premium Large Ceramic Sink Wholesale Caract\u00e9ristiques :<\/h2>\n\n\n\n<ul class=\"wp-block-list\">\n<li><strong>Style moderne : <\/strong>Le grand \u00e9vier en c\u00e9ramique est de style moderne et contemporain, adapt\u00e9 \u00e0 plusieurs styles de salle de bains, et il fournit une apparence nouvelle et \u00e9l\u00e9gante, parfaite pour une application dans les r\u00e9sidences de luxe, les h\u00f4tels, les espaces commerciaux et la d\u00e9coration d'int\u00e9rieur.<\/li>\n\n\n\n<li><strong>S'installe facilement : <\/strong>Ces lavabos en c\u00e9ramique sont con\u00e7us pour \u00eatre install\u00e9s au-dessus du comptoir et sont simples \u00e0 installer, ce qui constitue une solution facile pour les nouvelles constructions et les r\u00e9novations de salles de bains.<\/li>\n\n\n\n<li><strong>Doux et moelleux : <\/strong>Notre grand \u00e9vier en c\u00e9ramique offre une finition lisse et douce, facile \u00e0 nettoyer et capable de supporter les frottements et les taches dus \u00e0 l'usure quotidienne, pour rester dans un \u00e9tat optimal pendant des d\u00e9cennies.<\/li>\n\n\n\n<li><strong>Service de soutien \u00e0 la personnalisation :<\/strong> Nos lavabos de comptoir en gros offrent un service de personnalisation de la couleur, de la taille, du motif et du logo pour r\u00e9pondre aux besoins personnalis\u00e9s des propri\u00e9taires de marques et des clients de projets.<\/li>\n<\/ul>\n<\/div>\n\n\n\n<div class=\"wp-block-column is-layout-flow wp-block-column-is-layout-flow\">\n<figure class=\"wp-block-image size-full\"><img fetchpriority=\"high\" decoding=\"async\" width=\"735\" height=\"909\" src=\"https:\/\/www.ceramicbasin.com\/wp-content\/uploads\/2025\/07\/large-ceramic-sink-wholesale-countertop-wash-basins-wholesale-5.webp\" alt=\"grand-\u00e9vier en c\u00e9ramique-lavabo en gros-lavabo de comptoir-lavabo en gros-5\" class=\"wp-image-7230\" srcset=\"https:\/\/www.ceramicbasin.com\/wp-content\/uploads\/2025\/07\/large-ceramic-sink-wholesale-countertop-wash-basins-wholesale-5.webp 735w, https:\/\/www.ceramicbasin.com\/wp-content\/uploads\/2025\/07\/large-ceramic-sink-wholesale-countertop-wash-basins-wholesale-5-243x300.webp 243w, https:\/\/www.ceramicbasin.com\/wp-content\/uploads\/2025\/07\/large-ceramic-sink-wholesale-countertop-wash-basins-wholesale-5-10x12.webp 10w, https:\/\/www.ceramicbasin.com\/wp-content\/uploads\/2025\/07\/large-ceramic-sink-wholesale-countertop-wash-basins-wholesale-5-285x352.webp 285w, https:\/\/www.ceramicbasin.com\/wp-content\/uploads\/2025\/07\/large-ceramic-sink-wholesale-countertop-wash-basins-wholesale-5-534x660.webp 534w, https:\/\/www.ceramicbasin.com\/wp-content\/uploads\/2025\/07\/large-ceramic-sink-wholesale-countertop-wash-basins-wholesale-5-121x150.webp 121w\" sizes=\"(max-width: 735px) 100vw, 735px\" \/><\/figure>\n<\/div>\n<\/div>\n\n\n\n<p><\/p>","protected":false},"excerpt":{"rendered":"<p>Bienvenue sur le site d'achat en gros d'\u00e9viers en c\u00e9ramique de grande taille. Nos \u00e9viers en c\u00e9ramique personnalis\u00e9s concilient parfaitement fonctionnalit\u00e9 et beaut\u00e9, offrant de vastes surfaces de lavage pour r\u00e9pondre aux diff\u00e9rentes exigences de conception des salles de bains modernes. Pour les nouvelles maisons ou les espaces commerciaux haut de gamme, ces \u00e9viers offrent un attrait visuel unique et une durabilit\u00e9 durable \u00e0 votre salle de bains.<\/p>\n<table style=\"border-collapse: collapse; width: 358.52pt;\" border=\"0\" width=\"478\" cellspacing=\"0\" cellpadding=\"0\">\n<tbody>\n<tr style=\"height: 17.25pt;\">\n<td class=\"et3\" style=\"height: 17.25pt; width: 125.00pt;\" width=\"166\" height=\"23\">Fabricant<\/td>\n<td class=\"et3\" style=\"width: 234.15pt;\" width=\"312\">HanYu<\/td>\n<\/tr>\n<tr style=\"height: 17.25pt;\">\n<td class=\"et3\" style=\"height: 17.25pt;\" height=\"23\">Num\u00e9ro de mod\u00e8le.<\/td>\n<td class=\"et4\">HY-8057<\/td>\n<\/tr>\n<tr style=\"height: 17.25pt;\">\n<td class=\"et3\" style=\"height: 17.25pt;\" height=\"23\">Type<\/td>\n<td class=\"et5\" style=\"width: 234.15pt;\" width=\"312\">Eviers de comptoir<\/td>\n<\/tr>\n<tr style=\"height: 18.00pt;\">\n<td class=\"et3\" style=\"height: 18.00pt;\" height=\"24\">Forme<\/td>\n<td class=\"et3\">Forme ovale<\/td>\n<\/tr>\n<tr style=\"height: 34.50pt;\">\n<td class=\"et4\" style=\"height: 34.50pt;\" height=\"46\">Couleur<\/td>\n<td class=\"et5\" style=\"width: 234.15pt;\" width=\"312\">noir\/blanc\/bleu\/gris\/rose\/vert\/marron\/kaki<\/td>\n<\/tr>\n<tr style=\"height: 18.00pt;\">\n<td class=\"et3\" style=\"height: 18.00pt;\" height=\"24\">Dimension<\/td>\n<td class=\"et5\" style=\"width: 234.15pt;\" width=\"312\">80.5*40.5*13.5<\/td>\n<\/tr>\n<tr style=\"height: 17.25pt;\">\n<td class=\"et3\" style=\"height: 17.25pt;\" height=\"23\">N.W \/SET<\/td>\n<td class=\"et3\">18KGS\/PCS<\/td>\n<\/tr>\n<tr style=\"height: 17.25pt;\">\n<td class=\"et3\" style=\"height: 17.25pt;\" height=\"23\">MOQ<\/td>\n<td class=\"et3\">20pcs<\/td>\n<\/tr>\n<tr style=\"height: 17.25pt;\">\n<td class=\"et3\" style=\"height: 17.25pt;\" height=\"23\">Option personnalis\u00e9e<\/td>\n<td class=\"et3\">Couleur\/Pattenue\/Taille\/Logo\/Emballage<\/td>\n<\/tr>\n<\/tbody>\n<\/table>","protected":false},"featured_media":7226,"comment_status":"closed","ping_status":"closed","template":"","meta":{"_acf_changed":false},"product_brand":[],"product_cat":[50],"product_tag":[],"class_list":{"0":"post-7194","1":"product","2":"type-product","3":"status-publish","4":"has-post-thumbnail","6":"product_cat-wholesale-countertop-sinks","8":"first","9":"instock","10":"shipping-taxable","11":"product-type-simple"},"acf":[],"_links":{"self":[{"href":"https:\/\/www.ceramicbasin.com\/fr\/wp-json\/wp\/v2\/product\/7194","targetHints":{"allow":["GET"]}}],"collection":[{"href":"https:\/\/www.ceramicbasin.com\/fr\/wp-json\/wp\/v2\/product"}],"about":[{"href":"https:\/\/www.ceramicbasin.com\/fr\/wp-json\/wp\/v2\/types\/product"}],"replies":[{"embeddable":true,"href":"https:\/\/www.ceramicbasin.com\/fr\/wp-json\/wp\/v2\/comments?post=7194"}],"wp:featuredmedia":[{"embeddable":true,"href":"https:\/\/www.ceramicbasin.com\/fr\/wp-json\/wp\/v2\/media\/7226"}],"wp:attachment":[{"href":"https:\/\/www.ceramicbasin.com\/fr\/wp-json\/wp\/v2\/media?parent=7194"}],"wp:term":[{"taxonomy":"product_brand","embeddable":true,"href":"https:\/\/www.ceramicbasin.com\/fr\/wp-json\/wp\/v2\/product_brand?post=7194"},{"taxonomy":"product_cat","embeddable":true,"href":"https:\/\/www.ceramicbasin.com\/fr\/wp-json\/wp\/v2\/product_cat?post=7194"},{"taxonomy":"product_tag","embeddable":true,"href":"https:\/\/www.ceramicbasin.com\/fr\/wp-json\/wp\/v2\/product_tag?post=7194"}],"curies":[{"name":"wp","href":"https:\/\/api.w.org\/{rel}","templated":true}]}}