{"id":7201,"date":"2025-07-11T09:41:37","date_gmt":"2025-07-11T09:41:37","guid":{"rendered":"https:\/\/www.ceramicbasin.com\/?post_type=product&#038;p=7201"},"modified":"2025-11-05T03:17:34","modified_gmt":"2025-11-05T03:17:34","slug":"customized-oval-countertop-sink","status":"publish","type":"product","link":"https:\/\/www.ceramicbasin.com\/fr\/produit\/customized-oval-countertop-sink\/","title":{"rendered":"Evier ovale de comptoir personnalis\u00e9, Evier en c\u00e9ramique en vrac, vente en gros"},"content":{"rendered":"<div class=\"wp-block-columns is-layout-flex wp-container-core-columns-is-layout-9d6595d7 wp-block-columns-is-layout-flex\">\n<div class=\"wp-block-column is-layout-flow wp-block-column-is-layout-flow\">\n<h2 class=\"wp-block-heading\">Premium Customized Oval Countertop Sink Features :<\/h2>\n\n\n\n<ul class=\"wp-block-list\">\n<li><strong>Mat\u00e9riau c\u00e9ramique de qualit\u00e9 : <\/strong>L'\u00e9vier de comptoir ovale personnalis\u00e9 utilise une technologie c\u00e9ramique avanc\u00e9e, pr\u00e9sente une surface lisse, est durable et propre, garantissant une dur\u00e9e de vie prolong\u00e9e sans subir d'usure.<\/li>\n\n\n\n<li><strong>Mod\u00e8le ovale original :<\/strong> L'\u00e9vier en gros en c\u00e9ramique pr\u00e9sente un design ovale sophistiqu\u00e9 et moderne, qui s'int\u00e8gre parfaitement dans divers d\u00e9cors de salle de bains et assure une beaut\u00e9 globale.<\/li>\n\n\n\n<li><strong>Conception \u00e0 trou unique : <\/strong>L'\u00e9vier de comptoir ovale personnalis\u00e9 comporte un trou de robinet, compatible avec la plupart des robinets de salle de bains, avec une apparence fonctionnelle moderne et une installation simple.<\/li>\n\n\n\n<li><strong>Excellente r\u00e9sistance aux taches :<\/strong> La technologie de traitement de surface des \u00e9viers en c\u00e9ramique de gros est caract\u00e9ris\u00e9e par une r\u00e9sistance sup\u00e9rieure aux taches et des propri\u00e9t\u00e9s antibact\u00e9riennes, ce qui garantit l'hygi\u00e8ne et r\u00e9duit les temps de nettoyage.<\/li>\n<\/ul>\n<\/div>\n\n\n\n<div class=\"wp-block-column is-layout-flow wp-block-column-is-layout-flow\">\n<figure class=\"wp-block-image size-full\"><img fetchpriority=\"high\" decoding=\"async\" width=\"731\" height=\"927\" src=\"https:\/\/www.ceramicbasin.com\/wp-content\/uploads\/2025\/07\/Single-hole-wholesales-sink-5.webp\" alt=\"\u00e9vier de comptoir ovale personnalis\u00e9 - \u00e9vier en c\u00e9ramique monotrou - vente en gros - 5\" class=\"wp-image-7202\" srcset=\"https:\/\/www.ceramicbasin.com\/wp-content\/uploads\/2025\/07\/Single-hole-wholesales-sink-5.webp 731w, https:\/\/www.ceramicbasin.com\/wp-content\/uploads\/2025\/07\/Single-hole-wholesales-sink-5-237x300.webp 237w, https:\/\/www.ceramicbasin.com\/wp-content\/uploads\/2025\/07\/Single-hole-wholesales-sink-5-9x12.webp 9w, https:\/\/www.ceramicbasin.com\/wp-content\/uploads\/2025\/07\/Single-hole-wholesales-sink-5-285x361.webp 285w, https:\/\/www.ceramicbasin.com\/wp-content\/uploads\/2025\/07\/Single-hole-wholesales-sink-5-520x660.webp 520w, https:\/\/www.ceramicbasin.com\/wp-content\/uploads\/2025\/07\/Single-hole-wholesales-sink-5-118x150.webp 118w\" sizes=\"(max-width: 731px) 100vw, 731px\" \/><\/figure>\n<\/div>\n<\/div>","protected":false},"excerpt":{"rendered":"<p>Cet \u00e9vier de comptoir ovale personnalis\u00e9 de haute qualit\u00e9 est une combinaison parfaite de performances exceptionnelles et de beaut\u00e9 \u00e9tonnante. Fabriqu\u00e9 en c\u00e9ramique durable, il r\u00e9siste aux taches et est facile \u00e0 nettoyer. Le design \u00e0 trou unique est facile \u00e0 installer et s'int\u00e8gre bien \u00e0 divers styles. Id\u00e9al pour les h\u00f4tels de luxe, les r\u00e9sidences priv\u00e9es et bien plus encore, il est possible de le personnaliser en gros.<\/p>\n<table style=\"border-collapse: collapse; width: 358.52pt;\" border=\"0\" width=\"478\" cellspacing=\"0\" cellpadding=\"0\">\n<tbody>\n<tr style=\"height: 17.25pt;\">\n<td class=\"et3\" style=\"height: 17.25pt; width: 125.00pt;\" width=\"166\" height=\"23\">Fabricant<\/td>\n<td class=\"et3\" style=\"width: 234.15pt;\" width=\"312\">HanYu<\/td>\n<\/tr>\n<tr style=\"height: 17.25pt;\">\n<td class=\"et3\" style=\"height: 17.25pt;\" height=\"23\">Num\u00e9ro de mod\u00e8le.<\/td>\n<td class=\"et4\">HY-8058<\/td>\n<\/tr>\n<tr style=\"height: 17.25pt;\">\n<td class=\"et3\" style=\"height: 17.25pt;\" height=\"23\">Type<\/td>\n<td class=\"et5\" style=\"width: 234.15pt;\" width=\"312\">\u00e9viers blancs<\/td>\n<\/tr>\n<tr style=\"height: 18.00pt;\">\n<td class=\"et3\" style=\"height: 18.00pt;\" height=\"24\">Forme\u00a0\u00a0<\/td>\n<td class=\"et3\">\u00a0Forme ovale<\/td>\n<\/tr>\n<tr style=\"height: 34.50pt;\">\n<td class=\"et4\" style=\"height: 34.50pt;\" height=\"46\">Couleur<\/td>\n<td class=\"et5\" style=\"width: 234.15pt;\" width=\"312\">noir\/blanc\/bleu\/gris\/rose\/vert\/marron\/kaki<\/td>\n<\/tr>\n<tr style=\"height: 18.00pt;\">\n<td class=\"et3\" style=\"height: 18.00pt;\" height=\"24\">Dimension<\/td>\n<td class=\"et5\" style=\"width: 234.15pt;\" width=\"312\">80.5*40.5*13.5<\/td>\n<\/tr>\n<tr style=\"height: 17.25pt;\">\n<td class=\"et3\" style=\"height: 17.25pt;\" height=\"23\">N.W \/SET<\/td>\n<td class=\"et3\">18KGS\/PCS<\/td>\n<\/tr>\n<tr style=\"height: 17.25pt;\">\n<td class=\"et3\" style=\"height: 17.25pt;\" height=\"23\">MOQ<\/td>\n<td class=\"et3\">20pcs<\/td>\n<\/tr>\n<tr style=\"height: 17.25pt;\">\n<td class=\"et3\" style=\"height: 17.25pt;\" height=\"23\">Option personnalis\u00e9e<\/td>\n<td class=\"et3\">Couleur\/Pattenue\/Taille\/Logo\/Emballage<\/td>\n<\/tr>\n<\/tbody>\n<\/table>","protected":false},"featured_media":7203,"comment_status":"closed","ping_status":"closed","template":"","meta":{"_acf_changed":false},"product_brand":[],"product_cat":[50],"product_tag":[],"class_list":{"0":"post-7201","1":"product","2":"type-product","3":"status-publish","4":"has-post-thumbnail","6":"product_cat-wholesale-countertop-sinks","8":"first","9":"instock","10":"shipping-taxable","11":"product-type-simple"},"acf":[],"_links":{"self":[{"href":"https:\/\/www.ceramicbasin.com\/fr\/wp-json\/wp\/v2\/product\/7201","targetHints":{"allow":["GET"]}}],"collection":[{"href":"https:\/\/www.ceramicbasin.com\/fr\/wp-json\/wp\/v2\/product"}],"about":[{"href":"https:\/\/www.ceramicbasin.com\/fr\/wp-json\/wp\/v2\/types\/product"}],"replies":[{"embeddable":true,"href":"https:\/\/www.ceramicbasin.com\/fr\/wp-json\/wp\/v2\/comments?post=7201"}],"wp:featuredmedia":[{"embeddable":true,"href":"https:\/\/www.ceramicbasin.com\/fr\/wp-json\/wp\/v2\/media\/7203"}],"wp:attachment":[{"href":"https:\/\/www.ceramicbasin.com\/fr\/wp-json\/wp\/v2\/media?parent=7201"}],"wp:term":[{"taxonomy":"product_brand","embeddable":true,"href":"https:\/\/www.ceramicbasin.com\/fr\/wp-json\/wp\/v2\/product_brand?post=7201"},{"taxonomy":"product_cat","embeddable":true,"href":"https:\/\/www.ceramicbasin.com\/fr\/wp-json\/wp\/v2\/product_cat?post=7201"},{"taxonomy":"product_tag","embeddable":true,"href":"https:\/\/www.ceramicbasin.com\/fr\/wp-json\/wp\/v2\/product_tag?post=7201"}],"curies":[{"name":"wp","href":"https:\/\/api.w.org\/{rel}","templated":true}]}}